{"id":6349,"date":"2019-07-24T17:07:49","date_gmt":"2019-07-24T17:07:49","guid":{"rendered":"https:\/\/paperandkraft.com\/shop\/?post_type=product&#038;p=6349"},"modified":"2021-12-14T17:00:44","modified_gmt":"2021-12-14T17:00:44","slug":"faire-part-naissance-kraft-jungle","status":"publish","type":"product","link":"https:\/\/paperandkraft.com\/shop\/produit\/faire-part-naissance-kraft-jungle\/","title":{"rendered":"Jungle"},"content":{"rendered":"<p>Voici un faire-part de naissance tr\u00e8s original sur le th\u00e8me de la jungle et des animaux sauvages. Avec son jaguar sur la couverture, il reprend tous les codes d&#8217;une ambiance tr\u00e8s tropical et joyeuse. Quoi de mieux pour annoncer la naissance de votre b\u00e9b\u00e9 ?<\/p>\n","protected":false},"excerpt":{"rendered":"<p style=\"text-align: center;\"><a href=\"https:\/\/paperandkraft.com\/shop\/votre-maquette-naissance-gratuite\/?nom_du_modele=Jungle%20Naissance\" target=\"blank\" class=\"button primary is-primary expand\" >\n\t\t<span>Je pref\u00e8re que Paper &amp; Kraft me fasse la maquette<\/span>\n\t<\/a>\n\n","protected":false},"featured_media":19346,"comment_status":"open","ping_status":"closed","template":"","meta":{"_acf_changed":false,"inline_featured_image":false},"product_brand":[],"product_cat":[222,224,172,66,67,63,194,110],"product_tag":[],"class_list":{"0":"post-6349","1":"product","2":"type-product","3":"status-publish","4":"has-post-thumbnail","6":"product_cat-carte-de-naissance","7":"product_cat-faire-part-naissance-fait-main","8":"product_cat-faire-part-naissance-animaux","9":"product_cat-faire-part-naissance-garcon","10":"product_cat-faire-part-naissance-fille","11":"product_cat-faire-part-little-gaia","12":"product_cat-faire-part-naissance-nature","13":"product_cat-faire-part-naissance-original","15":"first","16":"instock","17":"featured","18":"taxable","19":"shipping-taxable","20":"purchasable","21":"product-type-simple"},"acf":[],"yoast_head":"<!-- This site is optimized with the Yoast SEO Premium plugin v24.6 (Yoast SEO v27.4) - https:\/\/yoast.com\/product\/yoast-seo-premium-wordpress\/ -->\n<title>Faire-part naissance jaguar, animaux de la jungle - Paperandkraft<\/title>\n<meta name=\"description\" content=\"Un faire-part de naissance en kraft sur le th\u00e8me de la jungle de sa faune sauvage. Koala, perroquet tigre, puma, jaguar retrouvez toute l&#039;imagerie de la jungle dans ce magnifique faire-part en papier recycl\u00e9\" \/>\n<meta name=\"robots\" content=\"index, follow, max-snippet:-1, max-image-preview:large, max-video-preview:-1\" \/>\n<link rel=\"canonical\" href=\"https:\/\/paperandkraft.com\/shop\/produit\/faire-part-naissance-kraft-jungle\/\" \/>\n<meta property=\"og:locale\" content=\"fr_FR\" \/>\n<meta property=\"og:type\" content=\"article\" \/>\n<meta property=\"og:title\" content=\"Jungle\" \/>\n<meta property=\"og:url\" content=\"https:\/\/paperandkraft.com\/shop\/produit\/faire-part-naissance-kraft-jungle\/\" \/>\n<meta property=\"og:site_name\" content=\"PaperAndKraft\" \/>\n<meta property=\"article:publisher\" content=\"https:\/\/www.facebook.com\/paperandkraft\" \/>\n<meta property=\"article:modified_time\" content=\"2021-12-14T17:00:44+00:00\" \/>\n<meta property=\"og:image\" content=\"https:\/\/paperandkraft.com\/shop\/wp-content\/uploads\/2019\/07\/faire-part-naissance-kraft-en-papier-recylce\u0301-theme-jungle.jpg\" \/>\n\t<meta property=\"og:image:width\" content=\"1000\" \/>\n\t<meta property=\"og:image:height\" content=\"1000\" \/>\n\t<meta property=\"og:image:type\" content=\"image\/jpeg\" \/>\n<meta name=\"twitter:card\" content=\"summary_large_image\" \/>\n<meta name=\"twitter:label1\" content=\"Prix\" \/>\n\t<meta name=\"twitter:data1\" content=\"3.50&euro;\" \/>\n\t<meta name=\"twitter:label2\" content=\"Disponibilit\u00e9\" \/>\n\t<meta name=\"twitter:data2\" content=\"En stock\" \/>\n<meta property=\"product:price:amount\" content=\"3.50\" \/>\n<meta property=\"product:price:currency\" content=\"EUR\" \/>\n<meta property=\"og:availability\" content=\"instock\" \/>\n<meta property=\"product:availability\" content=\"instock\" \/>\n<meta property=\"product:condition\" content=\"new\" \/>\n<!-- \/ Yoast SEO Premium plugin. -->","yoast_head_json":{"title":"Faire-part naissance jaguar, animaux de la jungle - Paperandkraft","description":"Un faire-part de naissance en kraft sur le th\u00e8me de la jungle de sa faune sauvage. Koala, perroquet tigre, puma, jaguar retrouvez toute l'imagerie de la jungle dans ce magnifique faire-part en papier recycl\u00e9","robots":{"index":"index","follow":"follow","max-snippet":"max-snippet:-1","max-image-preview":"max-image-preview:large","max-video-preview":"max-video-preview:-1"},"canonical":"https:\/\/paperandkraft.com\/shop\/produit\/faire-part-naissance-kraft-jungle\/","og_locale":"fr_FR","og_type":"article","og_title":"Jungle","og_url":"https:\/\/paperandkraft.com\/shop\/produit\/faire-part-naissance-kraft-jungle\/","og_site_name":"PaperAndKraft","article_publisher":"https:\/\/www.facebook.com\/paperandkraft","article_modified_time":"2021-12-14T17:00:44+00:00","og_image":[{"width":1000,"height":1000,"url":"https:\/\/paperandkraft.com\/shop\/wp-content\/uploads\/2019\/07\/faire-part-naissance-kraft-en-papier-recylce\u0301-theme-jungle.jpg","type":"image\/jpeg"}],"twitter_card":"summary_large_image","twitter_misc":{"Prix":"3.50&euro;","Disponibilit\u00e9":"En stock"},"schema":{"@context":"https:\/\/schema.org","@graph":[{"@type":"WebPage","@id":"https:\/\/paperandkraft.com\/shop\/produit\/faire-part-naissance-kraft-jungle\/","url":"https:\/\/paperandkraft.com\/shop\/produit\/faire-part-naissance-kraft-jungle\/","name":"Faire-part naissance jaguar, animaux de la jungle - Paperandkraft","isPartOf":{"@id":"https:\/\/paperandkraft.com\/shop\/#website"},"primaryImageOfPage":{"@id":"https:\/\/paperandkraft.com\/shop\/produit\/faire-part-naissance-kraft-jungle\/#primaryimage"},"image":{"@id":"https:\/\/paperandkraft.com\/shop\/produit\/faire-part-naissance-kraft-jungle\/#primaryimage"},"thumbnailUrl":"https:\/\/paperandkraft.com\/shop\/wp-content\/uploads\/2019\/07\/faire-part-naissance-kraft-en-papier-recylce\u0301-theme-jungle.jpg","datePublished":"2019-07-24T17:07:49+00:00","dateModified":"2021-12-14T17:00:44+00:00","description":"Un faire-part de naissance en kraft sur le th\u00e8me de la jungle de sa faune sauvage. Koala, perroquet tigre, puma, jaguar retrouvez toute l'imagerie de la jungle dans ce magnifique faire-part en papier recycl\u00e9","breadcrumb":{"@id":"https:\/\/paperandkraft.com\/shop\/produit\/faire-part-naissance-kraft-jungle\/#breadcrumb"},"inLanguage":"fr-FR","potentialAction":[{"@type":"ReadAction","target":["https:\/\/paperandkraft.com\/shop\/produit\/faire-part-naissance-kraft-jungle\/"]}]},{"@type":"ImageObject","inLanguage":"fr-FR","@id":"https:\/\/paperandkraft.com\/shop\/produit\/faire-part-naissance-kraft-jungle\/#primaryimage","url":"https:\/\/paperandkraft.com\/shop\/wp-content\/uploads\/2019\/07\/faire-part-naissance-kraft-en-papier-recylce\u0301-theme-jungle.jpg","contentUrl":"https:\/\/paperandkraft.com\/shop\/wp-content\/uploads\/2019\/07\/faire-part-naissance-kraft-en-papier-recylce\u0301-theme-jungle.jpg","width":1000,"height":1000,"caption":"Faire-part de naissance en papier recycl\u00e9 jungle"},{"@type":"BreadcrumbList","@id":"https:\/\/paperandkraft.com\/shop\/produit\/faire-part-naissance-kraft-jungle\/#breadcrumb","itemListElement":[{"@type":"ListItem","position":1,"name":"Accueil","item":"https:\/\/paperandkraft.com\/shop\/"},{"@type":"ListItem","position":2,"name":"Boutique","item":"https:\/\/paperandkraft.com\/shop\/boutique\/"},{"@type":"ListItem","position":3,"name":"Jungle"}]},{"@type":"WebSite","@id":"https:\/\/paperandkraft.com\/shop\/#website","url":"https:\/\/paperandkraft.com\/shop\/","name":"PaperAndKraft","description":"Faire-part de mariage et naissance en papier recycl\u00e9","publisher":{"@id":"https:\/\/paperandkraft.com\/shop\/#organization"},"potentialAction":[{"@type":"SearchAction","target":{"@type":"EntryPoint","urlTemplate":"https:\/\/paperandkraft.com\/shop\/?s={search_term_string}"},"query-input":{"@type":"PropertyValueSpecification","valueRequired":true,"valueName":"search_term_string"}}],"inLanguage":"fr-FR"},{"@type":"Organization","@id":"https:\/\/paperandkraft.com\/shop\/#organization","name":"Paper And Kraft : Faire-Part","url":"https:\/\/paperandkraft.com\/shop\/","logo":{"@type":"ImageObject","inLanguage":"fr-FR","@id":"https:\/\/paperandkraft.com\/shop\/#\/schema\/logo\/image\/","url":"https:\/\/paperandkraft.com\/shop\/wp-content\/uploads\/2020\/03\/logo-2020-noir-1.png","contentUrl":"https:\/\/paperandkraft.com\/shop\/wp-content\/uploads\/2020\/03\/logo-2020-noir-1.png","width":350,"height":76,"caption":"Paper And Kraft : Faire-Part"},"image":{"@id":"https:\/\/paperandkraft.com\/shop\/#\/schema\/logo\/image\/"},"sameAs":["https:\/\/www.facebook.com\/paperandkraft","https:\/\/www.instagram.com\/paper_and_kraft\/","https:\/\/www.pinterest.fr\/paperandkraft\/"]}]},"product_price_amount":"3.50","product_price_currency":"EUR","og_availability":"instock","product_availability":"instock","product_condition":"new"},"_links":{"self":[{"href":"https:\/\/paperandkraft.com\/shop\/wp-json\/wp\/v2\/product\/6349","targetHints":{"allow":["GET"]}}],"collection":[{"href":"https:\/\/paperandkraft.com\/shop\/wp-json\/wp\/v2\/product"}],"about":[{"href":"https:\/\/paperandkraft.com\/shop\/wp-json\/wp\/v2\/types\/product"}],"replies":[{"embeddable":true,"href":"https:\/\/paperandkraft.com\/shop\/wp-json\/wp\/v2\/comments?post=6349"}],"wp:featuredmedia":[{"embeddable":true,"href":"https:\/\/paperandkraft.com\/shop\/wp-json\/wp\/v2\/media\/19346"}],"wp:attachment":[{"href":"https:\/\/paperandkraft.com\/shop\/wp-json\/wp\/v2\/media?parent=6349"}],"wp:term":[{"taxonomy":"product_brand","embeddable":true,"href":"https:\/\/paperandkraft.com\/shop\/wp-json\/wp\/v2\/product_brand?post=6349"},{"taxonomy":"product_cat","embeddable":true,"href":"https:\/\/paperandkraft.com\/shop\/wp-json\/wp\/v2\/product_cat?post=6349"},{"taxonomy":"product_tag","embeddable":true,"href":"https:\/\/paperandkraft.com\/shop\/wp-json\/wp\/v2\/product_tag?post=6349"}],"curies":[{"name":"wp","href":"https:\/\/api.w.org\/{rel}","templated":true}]}}