{"id":5982,"date":"2019-07-17T15:24:45","date_gmt":"2019-07-17T15:24:45","guid":{"rendered":"https:\/\/paperandkraft.com\/shop\/?post_type=product&#038;p=5982"},"modified":"2022-02-16T23:22:17","modified_gmt":"2022-02-16T23:22:17","slug":"faire-part-naissance-kraft-etoiles-dor","status":"publish","type":"product","link":"https:\/\/paperandkraft.com\/shop\/produit\/faire-part-naissance-kraft-etoiles-dor\/","title":{"rendered":"Etoiles d&#8217;Or"},"content":{"rendered":"<p style=\"text-align: center;\">Un tr\u00e8s joli Faire-part de naissance en papier kraft sur le th\u00e8me des \u00e9toiles et constellations !! Parce que la naissance de votre b\u00e9b\u00e9 est un jour unique. Soignez son arriv\u00e9 avec un faire-part naissance unique en papier recycl\u00e9 et original par sa personnalisation. Laissez\u00a0 aller votre imagination et nous ferons le plus beau des faire-part ! Bleu, rouge, rose, vert, &#8230; Nous pouvons d\u00e9cliner les couleurs comme vous le souhaitez pour que votre faire-part soit exceptionnel.<\/p>\n<p>&nbsp;<\/p>\n<p style=\"text-align: center;\">\n","protected":false},"excerpt":{"rendered":"<p style=\"text-align: center;\"><a href=\"https:\/\/paperandkraft.com\/shop\/votre-maquette-naissance-gratuite\/?nom_du_modele=Etoiles%20d&#039;Or\" target=\"blank\" class=\"button primary is-primary expand\" >\n\t\t<span>Je pref\u00e8re que Paper &amp; Kraft me fasse la maquette<\/span>\n\t<\/a>\n\n","protected":false},"featured_media":17321,"comment_status":"open","ping_status":"closed","template":"","meta":{"_acf_changed":false,"inline_featured_image":false},"product_brand":[],"product_cat":[223,224,69,67,63,194,110],"product_tag":[],"class_list":{"0":"post-5982","1":"product","2":"type-product","3":"status-publish","4":"has-post-thumbnail","6":"product_cat-annonce-naissance","7":"product_cat-faire-part-naissance-fait-main","8":"product_cat-jumeauxjumelles","9":"product_cat-faire-part-naissance-fille","10":"product_cat-faire-part-little-gaia","11":"product_cat-faire-part-naissance-nature","12":"product_cat-faire-part-naissance-original","14":"first","15":"instock","16":"featured","17":"taxable","18":"shipping-taxable","19":"purchasable","20":"product-type-simple"},"acf":[],"yoast_head":"<!-- This site is optimized with the Yoast SEO Premium plugin v24.6 (Yoast SEO v27.2) - https:\/\/yoast.com\/product\/yoast-seo-premium-wordpress\/ -->\n<title>Faire-part naissance \u00e9toiles, or et dor\u00e9 - paperandkraft<\/title>\n<meta name=\"description\" content=\"Un faire-part de naissance en kraft sur le th\u00e8me des \u00e9toiles et des constellations. Des couleurs dor\u00e9es ou argent\u00e9es, ce faire-part propose aussi la couleur. vous souhaitez plus original, n\u2019importe quelle couleur sera tr\u00e8s bien :)\" \/>\n<meta name=\"robots\" content=\"index, follow, max-snippet:-1, max-image-preview:large, max-video-preview:-1\" \/>\n<link rel=\"canonical\" href=\"https:\/\/paperandkraft.com\/shop\/produit\/faire-part-naissance-kraft-etoiles-dor\/\" \/>\n<meta property=\"og:locale\" content=\"fr_FR\" \/>\n<meta property=\"og:type\" content=\"article\" \/>\n<meta property=\"og:title\" content=\"Etoiles d&#039;Or\" \/>\n<meta property=\"og:url\" content=\"https:\/\/paperandkraft.com\/shop\/produit\/faire-part-naissance-kraft-etoiles-dor\/\" \/>\n<meta property=\"og:site_name\" content=\"PaperAndKraft\" \/>\n<meta property=\"article:publisher\" content=\"https:\/\/www.facebook.com\/paperandkraft\" \/>\n<meta property=\"article:modified_time\" content=\"2022-02-16T23:22:17+00:00\" \/>\n<meta property=\"og:image\" content=\"https:\/\/paperandkraft.com\/shop\/wp-content\/uploads\/2019\/07\/faire-part-de-naissance-etoiles.jpg\" \/>\n\t<meta property=\"og:image:width\" content=\"700\" \/>\n\t<meta property=\"og:image:height\" content=\"1245\" \/>\n\t<meta property=\"og:image:type\" content=\"image\/jpeg\" \/>\n<meta name=\"twitter:card\" content=\"summary_large_image\" \/>\n<meta name=\"twitter:label1\" content=\"Prix\" \/>\n\t<meta name=\"twitter:data1\" content=\"3.50&euro;\" \/>\n\t<meta name=\"twitter:label2\" content=\"Disponibilit\u00e9\" \/>\n\t<meta name=\"twitter:data2\" content=\"En stock\" \/>\n<meta property=\"product:price:amount\" content=\"3.50\" \/>\n<meta property=\"product:price:currency\" content=\"EUR\" \/>\n<meta property=\"og:availability\" content=\"instock\" \/>\n<meta property=\"product:availability\" content=\"instock\" \/>\n<meta property=\"product:condition\" content=\"new\" \/>\n<!-- \/ Yoast SEO Premium plugin. -->","yoast_head_json":{"title":"Faire-part naissance \u00e9toiles, or et dor\u00e9 - paperandkraft","description":"Un faire-part de naissance en kraft sur le th\u00e8me des \u00e9toiles et des constellations. Des couleurs dor\u00e9es ou argent\u00e9es, ce faire-part propose aussi la couleur. vous souhaitez plus original, n\u2019importe quelle couleur sera tr\u00e8s bien :)","robots":{"index":"index","follow":"follow","max-snippet":"max-snippet:-1","max-image-preview":"max-image-preview:large","max-video-preview":"max-video-preview:-1"},"canonical":"https:\/\/paperandkraft.com\/shop\/produit\/faire-part-naissance-kraft-etoiles-dor\/","og_locale":"fr_FR","og_type":"article","og_title":"Etoiles d'Or","og_url":"https:\/\/paperandkraft.com\/shop\/produit\/faire-part-naissance-kraft-etoiles-dor\/","og_site_name":"PaperAndKraft","article_publisher":"https:\/\/www.facebook.com\/paperandkraft","article_modified_time":"2022-02-16T23:22:17+00:00","og_image":[{"width":700,"height":1245,"url":"https:\/\/paperandkraft.com\/shop\/wp-content\/uploads\/2019\/07\/faire-part-de-naissance-etoiles.jpg","type":"image\/jpeg"}],"twitter_card":"summary_large_image","twitter_misc":{"Prix":"3.50&euro;","Disponibilit\u00e9":"En stock"},"schema":{"@context":"https:\/\/schema.org","@graph":[{"@type":"WebPage","@id":"https:\/\/paperandkraft.com\/shop\/produit\/faire-part-naissance-kraft-etoiles-dor\/","url":"https:\/\/paperandkraft.com\/shop\/produit\/faire-part-naissance-kraft-etoiles-dor\/","name":"Faire-part naissance \u00e9toiles, or et dor\u00e9 - paperandkraft","isPartOf":{"@id":"https:\/\/paperandkraft.com\/shop\/#website"},"primaryImageOfPage":{"@id":"https:\/\/paperandkraft.com\/shop\/produit\/faire-part-naissance-kraft-etoiles-dor\/#primaryimage"},"image":{"@id":"https:\/\/paperandkraft.com\/shop\/produit\/faire-part-naissance-kraft-etoiles-dor\/#primaryimage"},"thumbnailUrl":"https:\/\/paperandkraft.com\/shop\/wp-content\/uploads\/2019\/07\/faire-part-de-naissance-etoiles.jpg","datePublished":"2019-07-17T15:24:45+00:00","dateModified":"2022-02-16T23:22:17+00:00","description":"Un faire-part de naissance en kraft sur le th\u00e8me des \u00e9toiles et des constellations. Des couleurs dor\u00e9es ou argent\u00e9es, ce faire-part propose aussi la couleur. vous souhaitez plus original, n\u2019importe quelle couleur sera tr\u00e8s bien :)","breadcrumb":{"@id":"https:\/\/paperandkraft.com\/shop\/produit\/faire-part-naissance-kraft-etoiles-dor\/#breadcrumb"},"inLanguage":"fr-FR","potentialAction":[{"@type":"ReadAction","target":["https:\/\/paperandkraft.com\/shop\/produit\/faire-part-naissance-kraft-etoiles-dor\/"]}]},{"@type":"ImageObject","inLanguage":"fr-FR","@id":"https:\/\/paperandkraft.com\/shop\/produit\/faire-part-naissance-kraft-etoiles-dor\/#primaryimage","url":"https:\/\/paperandkraft.com\/shop\/wp-content\/uploads\/2019\/07\/faire-part-de-naissance-etoiles.jpg","contentUrl":"https:\/\/paperandkraft.com\/shop\/wp-content\/uploads\/2019\/07\/faire-part-de-naissance-etoiles.jpg","width":700,"height":1245,"caption":"faire-par tde naissance en papier kraft \u00e9toiles"},{"@type":"BreadcrumbList","@id":"https:\/\/paperandkraft.com\/shop\/produit\/faire-part-naissance-kraft-etoiles-dor\/#breadcrumb","itemListElement":[{"@type":"ListItem","position":1,"name":"Accueil","item":"https:\/\/paperandkraft.com\/shop\/"},{"@type":"ListItem","position":2,"name":"Boutique","item":"https:\/\/paperandkraft.com\/shop\/boutique\/"},{"@type":"ListItem","position":3,"name":"Etoiles d&#8217;Or"}]},{"@type":"WebSite","@id":"https:\/\/paperandkraft.com\/shop\/#website","url":"https:\/\/paperandkraft.com\/shop\/","name":"PaperAndKraft","description":"Faire-part de mariage et naissance en papier recycl\u00e9","publisher":{"@id":"https:\/\/paperandkraft.com\/shop\/#organization"},"potentialAction":[{"@type":"SearchAction","target":{"@type":"EntryPoint","urlTemplate":"https:\/\/paperandkraft.com\/shop\/?s={search_term_string}"},"query-input":{"@type":"PropertyValueSpecification","valueRequired":true,"valueName":"search_term_string"}}],"inLanguage":"fr-FR"},{"@type":"Organization","@id":"https:\/\/paperandkraft.com\/shop\/#organization","name":"Paper And Kraft : Faire-Part","url":"https:\/\/paperandkraft.com\/shop\/","logo":{"@type":"ImageObject","inLanguage":"fr-FR","@id":"https:\/\/paperandkraft.com\/shop\/#\/schema\/logo\/image\/","url":"https:\/\/paperandkraft.com\/shop\/wp-content\/uploads\/2020\/03\/logo-2020-noir-1.png","contentUrl":"https:\/\/paperandkraft.com\/shop\/wp-content\/uploads\/2020\/03\/logo-2020-noir-1.png","width":350,"height":76,"caption":"Paper And Kraft : Faire-Part"},"image":{"@id":"https:\/\/paperandkraft.com\/shop\/#\/schema\/logo\/image\/"},"sameAs":["https:\/\/www.facebook.com\/paperandkraft","https:\/\/www.instagram.com\/paper_and_kraft\/","https:\/\/www.pinterest.fr\/paperandkraft\/"]}]},"product_price_amount":"3.50","product_price_currency":"EUR","og_availability":"instock","product_availability":"instock","product_condition":"new"},"_links":{"self":[{"href":"https:\/\/paperandkraft.com\/shop\/wp-json\/wp\/v2\/product\/5982","targetHints":{"allow":["GET"]}}],"collection":[{"href":"https:\/\/paperandkraft.com\/shop\/wp-json\/wp\/v2\/product"}],"about":[{"href":"https:\/\/paperandkraft.com\/shop\/wp-json\/wp\/v2\/types\/product"}],"replies":[{"embeddable":true,"href":"https:\/\/paperandkraft.com\/shop\/wp-json\/wp\/v2\/comments?post=5982"}],"wp:featuredmedia":[{"embeddable":true,"href":"https:\/\/paperandkraft.com\/shop\/wp-json\/wp\/v2\/media\/17321"}],"wp:attachment":[{"href":"https:\/\/paperandkraft.com\/shop\/wp-json\/wp\/v2\/media?parent=5982"}],"wp:term":[{"taxonomy":"product_brand","embeddable":true,"href":"https:\/\/paperandkraft.com\/shop\/wp-json\/wp\/v2\/product_brand?post=5982"},{"taxonomy":"product_cat","embeddable":true,"href":"https:\/\/paperandkraft.com\/shop\/wp-json\/wp\/v2\/product_cat?post=5982"},{"taxonomy":"product_tag","embeddable":true,"href":"https:\/\/paperandkraft.com\/shop\/wp-json\/wp\/v2\/product_tag?post=5982"}],"curies":[{"name":"wp","href":"https:\/\/api.w.org\/{rel}","templated":true}]}}