{"id":342,"date":"2015-09-24T16:49:37","date_gmt":"2015-09-24T16:49:37","guid":{"rendered":"http:\/\/paperandkraft.com\/shop\/?product=orsay"},"modified":"2021-08-11T19:56:13","modified_gmt":"2021-08-11T19:56:13","slug":"orsay","status":"publish","type":"product","link":"https:\/\/paperandkraft.com\/shop\/produit\/orsay\/","title":{"rendered":"Faire-part mariage Versailles"},"content":{"rendered":"<p>Faire-part de mariage tr\u00e8s classique en ivoire iris\u00e9. Sobri\u00e9t\u00e9, luxe et \u00e9l\u00e9gance. Choisissez une typographie belle, travaill\u00e9e et \u00e0 l&#8217;aide de votre texte nous vous proposerons l&#8217;invitation luxe de vos r\u00eaves.<\/p>\n","protected":false},"excerpt":{"rendered":"<p>Vous vous mariez dans un ch\u00e2teau ? Luxe et \u00e9l\u00e9gance seront leth\u00e8me de votre c\u00e9r\u00e9monie ? Alors ce faire-part d&#8217;un classicisme assum\u00e9 est fait pour vous.<\/p>\n","protected":false},"featured_media":16370,"comment_status":"open","ping_status":"closed","template":"","meta":{"_acf_changed":false,"inline_featured_image":false},"product_brand":[],"product_cat":[62],"product_tag":[],"class_list":{"0":"post-342","1":"product","2":"type-product","3":"status-publish","4":"has-post-thumbnail","6":"product_cat-faire-part-mariage-theme-chic","8":"first","9":"instock","10":"taxable","11":"shipping-taxable","12":"purchasable","13":"product-type-simple"},"acf":[],"yoast_head":"<!-- This site is optimized with the Yoast SEO Premium plugin v24.6 (Yoast SEO v27.2) - https:\/\/yoast.com\/product\/yoast-seo-premium-wordpress\/ -->\n<title>Faire-part de mariage Versailles - Paperandkraft.com<\/title>\n<meta name=\"description\" content=\"Faire-part de mariage tr\u00e8s classique en ivoire iris\u00e9. Sobri\u00e9t\u00e9, luxe et \u00e9l\u00e9gance. Choisissez une typographie belle, travaill\u00e9e et \u00e0 l&#039;aide de votre texte nous vous proposerons l&#039;invitation luxe de vos r\u00eaves.\" \/>\n<meta name=\"robots\" content=\"index, follow, max-snippet:-1, max-image-preview:large, max-video-preview:-1\" \/>\n<link rel=\"canonical\" href=\"https:\/\/paperandkraft.com\/shop\/produit\/orsay\/\" \/>\n<meta property=\"og:locale\" content=\"fr_FR\" \/>\n<meta property=\"og:type\" content=\"article\" \/>\n<meta property=\"og:title\" content=\"Faire-part mariage Versailles\" \/>\n<meta property=\"og:description\" content=\"Vous vous mariez dans un ch\u00e2teau ? Luxe et \u00e9l\u00e9gance seront leth\u00e8me de votre c\u00e9r\u00e9monie ? Alors ce faire-part d&#039;un classicisme assum\u00e9 est fait pour vous.\" \/>\n<meta property=\"og:url\" content=\"https:\/\/paperandkraft.com\/shop\/produit\/orsay\/\" \/>\n<meta property=\"og:site_name\" content=\"PaperAndKraft\" \/>\n<meta property=\"article:publisher\" content=\"https:\/\/www.facebook.com\/paperandkraft\" \/>\n<meta property=\"article:modified_time\" content=\"2021-08-11T19:56:13+00:00\" \/>\n<meta property=\"og:image\" content=\"https:\/\/paperandkraft.com\/shop\/wp-content\/uploads\/2020\/03\/faire-part-mariage-classique.jpg\" \/>\n\t<meta property=\"og:image:width\" content=\"700\" \/>\n\t<meta property=\"og:image:height\" content=\"500\" \/>\n\t<meta property=\"og:image:type\" content=\"image\/jpeg\" \/>\n<meta name=\"twitter:card\" content=\"summary_large_image\" \/>\n<meta name=\"twitter:label1\" content=\"Prix\" \/>\n\t<meta name=\"twitter:data1\" content=\"3.50&euro;\" \/>\n\t<meta name=\"twitter:label2\" content=\"Disponibilit\u00e9\" \/>\n\t<meta name=\"twitter:data2\" content=\"En stock\" \/>\n<meta property=\"product:price:amount\" content=\"3.50\" \/>\n<meta property=\"product:price:currency\" content=\"EUR\" \/>\n<meta property=\"og:availability\" content=\"instock\" \/>\n<meta property=\"product:availability\" content=\"instock\" \/>\n<meta property=\"product:condition\" content=\"new\" \/>\n<!-- \/ Yoast SEO Premium plugin. -->","yoast_head_json":{"title":"Faire-part de mariage Versailles - Paperandkraft.com","description":"Faire-part de mariage tr\u00e8s classique en ivoire iris\u00e9. Sobri\u00e9t\u00e9, luxe et \u00e9l\u00e9gance. Choisissez une typographie belle, travaill\u00e9e et \u00e0 l'aide de votre texte nous vous proposerons l'invitation luxe de vos r\u00eaves.","robots":{"index":"index","follow":"follow","max-snippet":"max-snippet:-1","max-image-preview":"max-image-preview:large","max-video-preview":"max-video-preview:-1"},"canonical":"https:\/\/paperandkraft.com\/shop\/produit\/orsay\/","og_locale":"fr_FR","og_type":"article","og_title":"Faire-part mariage Versailles","og_description":"Vous vous mariez dans un ch\u00e2teau ? Luxe et \u00e9l\u00e9gance seront leth\u00e8me de votre c\u00e9r\u00e9monie ? Alors ce faire-part d'un classicisme assum\u00e9 est fait pour vous.","og_url":"https:\/\/paperandkraft.com\/shop\/produit\/orsay\/","og_site_name":"PaperAndKraft","article_publisher":"https:\/\/www.facebook.com\/paperandkraft","article_modified_time":"2021-08-11T19:56:13+00:00","og_image":[{"width":700,"height":500,"url":"https:\/\/paperandkraft.com\/shop\/wp-content\/uploads\/2020\/03\/faire-part-mariage-classique.jpg","type":"image\/jpeg"}],"twitter_card":"summary_large_image","twitter_misc":{"Prix":"3.50&euro;","Disponibilit\u00e9":"En stock"},"schema":{"@context":"https:\/\/schema.org","@graph":[{"@type":"WebPage","@id":"https:\/\/paperandkraft.com\/shop\/produit\/orsay\/","url":"https:\/\/paperandkraft.com\/shop\/produit\/orsay\/","name":"Faire-part de mariage Versailles - Paperandkraft.com","isPartOf":{"@id":"https:\/\/paperandkraft.com\/shop\/#website"},"primaryImageOfPage":{"@id":"https:\/\/paperandkraft.com\/shop\/produit\/orsay\/#primaryimage"},"image":{"@id":"https:\/\/paperandkraft.com\/shop\/produit\/orsay\/#primaryimage"},"thumbnailUrl":"https:\/\/paperandkraft.com\/shop\/wp-content\/uploads\/2020\/03\/faire-part-mariage-classique.jpg","datePublished":"2015-09-24T16:49:37+00:00","dateModified":"2021-08-11T19:56:13+00:00","description":"Faire-part de mariage tr\u00e8s classique en ivoire iris\u00e9. Sobri\u00e9t\u00e9, luxe et \u00e9l\u00e9gance. Choisissez une typographie belle, travaill\u00e9e et \u00e0 l'aide de votre texte nous vous proposerons l'invitation luxe de vos r\u00eaves.","breadcrumb":{"@id":"https:\/\/paperandkraft.com\/shop\/produit\/orsay\/#breadcrumb"},"inLanguage":"fr-FR","potentialAction":[{"@type":"ReadAction","target":["https:\/\/paperandkraft.com\/shop\/produit\/orsay\/"]}]},{"@type":"ImageObject","inLanguage":"fr-FR","@id":"https:\/\/paperandkraft.com\/shop\/produit\/orsay\/#primaryimage","url":"https:\/\/paperandkraft.com\/shop\/wp-content\/uploads\/2020\/03\/faire-part-mariage-classique.jpg","contentUrl":"https:\/\/paperandkraft.com\/shop\/wp-content\/uploads\/2020\/03\/faire-part-mariage-classique.jpg","width":700,"height":500},{"@type":"BreadcrumbList","@id":"https:\/\/paperandkraft.com\/shop\/produit\/orsay\/#breadcrumb","itemListElement":[{"@type":"ListItem","position":1,"name":"Accueil","item":"https:\/\/paperandkraft.com\/shop\/"},{"@type":"ListItem","position":2,"name":"Boutique","item":"https:\/\/paperandkraft.com\/shop\/boutique\/"},{"@type":"ListItem","position":3,"name":"Faire-part mariage Versailles"}]},{"@type":"WebSite","@id":"https:\/\/paperandkraft.com\/shop\/#website","url":"https:\/\/paperandkraft.com\/shop\/","name":"PaperAndKraft","description":"Faire-part de mariage et naissance en papier recycl\u00e9","publisher":{"@id":"https:\/\/paperandkraft.com\/shop\/#organization"},"potentialAction":[{"@type":"SearchAction","target":{"@type":"EntryPoint","urlTemplate":"https:\/\/paperandkraft.com\/shop\/?s={search_term_string}"},"query-input":{"@type":"PropertyValueSpecification","valueRequired":true,"valueName":"search_term_string"}}],"inLanguage":"fr-FR"},{"@type":"Organization","@id":"https:\/\/paperandkraft.com\/shop\/#organization","name":"Paper And Kraft : Faire-Part","url":"https:\/\/paperandkraft.com\/shop\/","logo":{"@type":"ImageObject","inLanguage":"fr-FR","@id":"https:\/\/paperandkraft.com\/shop\/#\/schema\/logo\/image\/","url":"https:\/\/paperandkraft.com\/shop\/wp-content\/uploads\/2020\/03\/logo-2020-noir-1.png","contentUrl":"https:\/\/paperandkraft.com\/shop\/wp-content\/uploads\/2020\/03\/logo-2020-noir-1.png","width":350,"height":76,"caption":"Paper And Kraft : Faire-Part"},"image":{"@id":"https:\/\/paperandkraft.com\/shop\/#\/schema\/logo\/image\/"},"sameAs":["https:\/\/www.facebook.com\/paperandkraft","https:\/\/www.instagram.com\/paper_and_kraft\/","https:\/\/www.pinterest.fr\/paperandkraft\/"]}]},"product_price_amount":"3.50","product_price_currency":"EUR","og_availability":"instock","product_availability":"instock","product_condition":"new"},"_links":{"self":[{"href":"https:\/\/paperandkraft.com\/shop\/wp-json\/wp\/v2\/product\/342","targetHints":{"allow":["GET"]}}],"collection":[{"href":"https:\/\/paperandkraft.com\/shop\/wp-json\/wp\/v2\/product"}],"about":[{"href":"https:\/\/paperandkraft.com\/shop\/wp-json\/wp\/v2\/types\/product"}],"replies":[{"embeddable":true,"href":"https:\/\/paperandkraft.com\/shop\/wp-json\/wp\/v2\/comments?post=342"}],"wp:featuredmedia":[{"embeddable":true,"href":"https:\/\/paperandkraft.com\/shop\/wp-json\/wp\/v2\/media\/16370"}],"wp:attachment":[{"href":"https:\/\/paperandkraft.com\/shop\/wp-json\/wp\/v2\/media?parent=342"}],"wp:term":[{"taxonomy":"product_brand","embeddable":true,"href":"https:\/\/paperandkraft.com\/shop\/wp-json\/wp\/v2\/product_brand?post=342"},{"taxonomy":"product_cat","embeddable":true,"href":"https:\/\/paperandkraft.com\/shop\/wp-json\/wp\/v2\/product_cat?post=342"},{"taxonomy":"product_tag","embeddable":true,"href":"https:\/\/paperandkraft.com\/shop\/wp-json\/wp\/v2\/product_tag?post=342"}],"curies":[{"name":"wp","href":"https:\/\/api.w.org\/{rel}","templated":true}]}}