{"id":29,"date":"2015-07-23T09:46:02","date_gmt":"2015-07-23T09:46:02","guid":{"rendered":"http:\/\/paperandkraft.com\/shop\/?post_type=product&#038;p=29"},"modified":"2023-12-14T15:12:09","modified_gmt":"2023-12-14T14:12:09","slug":"faire-part-mariage-kraft-season","status":"publish","type":"product","link":"https:\/\/paperandkraft.com\/shop\/produit\/faire-part-mariage-kraft-season\/","title":{"rendered":"Faire-part mariage champ\u00eatre Season"},"content":{"rendered":"<h4><strong>Le plaisir simple de la campagne vous a-t-il pouss\u00e9 \u00e0 organiser un mariage simple et bucolique ?<\/strong><\/h4>\n<p><strong>Si le th\u00e8me de votre mariage tourne autour de la campagne<\/strong>, avec toute son <strong>\u00e9l\u00e9gance<\/strong>, <strong>le mod\u00e8le Season vous conviendra parfaitement<\/strong>. Le devant du faire-part est imprim\u00e9 sur du papier kraft de haute qualit\u00e9, il met ainsi en lumi\u00e8re une belle l\u2019illustration sobre et chic repr\u00e9sentant un arbre printanier.<\/p>\n<p>Tr\u00e8s recherch\u00e9 ces derni\u00e8res ann\u00e9es le <strong>th\u00e8me mariage champ\u00eatre chic<\/strong> puise ici toute sa quintessence.<br \/>\nAvec son design bucolique et pastoral, vos invit\u00e9s d\u00e9coderont facilement le th\u00e8me de votre mariage. Les 2 feuillets que nous mettrons en page suivant vos d\u00e9sirs et votre texte ne sont pas en reste. En effet chacune des pages qui composent ce faire-part tr\u00e8s lumineux sont \u00e9gay\u00e9es par des symboles qui renvoient tr\u00e8s clairement \u00e0 la nature et ses joies simples. Petits arbustes par\u00e9s de verts en filigrane ou bien illustration mise en avant sauront d\u00e9corer votre invitation pour annoncer un mariage parfaitement simple et rustique !<\/p>\n<p>&nbsp;<\/p>\n<h4><strong>Pourquoi Commander le faire-part mariage Season pour votre mariage th\u00e8me champ\u00eatre chic ?<\/strong><\/h4>\n<p>La nature est un univers de choix pour organiser une c\u00e9r\u00e9monie comme votre mariage. Pour annoncer cet \u00e9v\u00e9nement \u00e0 vos amis et \u00e0 votre famille il vous faut une invitation chic et rustique \u00e0 la fois, qui vous ressemble mais qui exhale un parfum de nature et de bien-\u00eatre, comme quand vous vous promenez dans une prairie fleurie&#8230;<\/p>\n<p>il vous faut un faire-part qui raconte votre histoire : 2 amoureux qui se disent oui au milieu d&#8217;une clairi\u00e8re entour\u00e9e d&#8217;arbres centenaires.<\/p>\n<p>Season est le faire-part qu&#8217;il vous faut, car il est simple, \u00e9pur\u00e9 et il d\u00e9gage une douceur printani\u00e8re qui donnera le ton \u00e0 votre mariage.<\/p>\n<p>Le faire-part kraft est compos\u00e9 est d\u2019<strong>une couverture finement soign\u00e9e et deux feuillets internes pour votre texte d&#8217;annonce. <\/strong><\/p>\n<p>Mais cela ne s\u2019arr\u00eate pas l\u00e0 puisque les mariages ne sont pas tous pareils. Si vous voulez ajouter d\u2019autres options ou si les deux feuillets ne suffisent pas, <strong>nous pouvons ajouter des pages suppl\u00e9mentaires. N<\/strong>ous vous donnons carte blanche sur ce que vous voulez ins\u00e9rer dans le faire-part.<\/p>\n<p>Chez Paper and Kraft nous <strong>personnalisons le faire-part selon vos d\u00e9sirs et vos propres mots<\/strong>. <strong>Tout cela sera d\u00e9cor\u00e9 par une illustration choisie et d\u00e9velopp\u00e9e par des designers et graphistes professionnels.<\/strong><\/p>\n<p>&nbsp;<\/p>\n<h4><strong>Un mariage heureux, bucolique et \u00e9cologique !<\/strong><\/h4>\n<p>Nous importons beaucoup d\u2019importance aux th\u00e8mes que nous abordons dans nos diff\u00e9rents faire-part, le th\u00e8me champ\u00eatre est tr\u00e8s sp\u00e9cial pour nous car il est en parfait harmonie avec nos convictions \u00e9cologiques.<\/p>\n<p><strong>Sachez que Paper and Kraft est une entreprise \u00e9coresponsable<\/strong>, veillant \u00e0 la protection de l\u2019environnement. <strong>En effet, des centaines d\u2019arbres sont sauv\u00e9s chaque ann\u00e9e gr\u00e2ce \u00e0 l\u2019utilisation de papiers 100% recycl\u00e9s<\/strong>. Participez au mouvement en passant votre commande chez Paper and Kraft. La douceur du papier Kraft ajoutera une touche d\u2019\u00e9l\u00e9gance \u00e0 votre th\u00e8me.<\/p>\n","protected":false},"excerpt":{"rendered":"<p style=\"text-align: center;\"><a href=\"https:\/\/paperandkraft.com\/shop\/votre-maquette-mariage-gratuite\/?nom_du_modele=Season\" target=\"blank\" class=\"button secondary is-secondary is-medium hide-for-small\" >\n\t\t<span>Je demande ma maquette gratuite<\/span>\n\t<\/a>\n\n<a href=\"https:\/\/paperandkraft.com\/shop\/votre-maquette-mariage-gratuite\/?nom_du_modele=Season\" target=\"_blank\" class=\"button secondary is-medium expand sticky-footer-button show-for-small\" rel=\"noopener\" >\n\t\t<span>Je demande<br \/>\nma maquette gratuite<\/span>\n\t<\/a>\n\n","protected":false},"featured_media":16314,"comment_status":"open","ping_status":"closed","template":"","meta":{"_acf_changed":false,"inline_featured_image":false},"product_brand":[],"product_cat":[230,227,228,14,26,114],"product_tag":[],"class_list":{"0":"post-29","1":"product","2":"type-product","3":"status-publish","4":"has-post-thumbnail","6":"product_cat-faire-part-creatif-mariage","7":"product_cat-faire-part-mariage-boheme","8":"product_cat-faire-part-mariage-nature","9":"product_cat-faire-part-mariage-theme-champetre","10":"product_cat-faire-part-mariage-kraft","11":"product_cat-collection-atelier","13":"first","14":"instock","15":"taxable","16":"shipping-taxable","17":"purchasable","18":"product-type-simple"},"acf":[],"yoast_head":"<!-- This site is optimized with the Yoast SEO Premium plugin v24.6 (Yoast SEO v27.4) - https:\/\/yoast.com\/product\/yoast-seo-premium-wordpress\/ -->\n<title>Faire-part mariage arbres centenaires - Paperandkraft.com<\/title>\n<meta name=\"description\" content=\"Le faire-part mariage th\u00e8me champ\u00eatre zen de vos r\u00eaves imprim\u00e9 sur du papier kraft haute qualit\u00e9 en papier recycl\u00e9. Annoncez votre mariage sous le signe de la nature avec Paper and Kraft\" \/>\n<meta name=\"robots\" content=\"index, follow, max-snippet:-1, max-image-preview:large, max-video-preview:-1\" \/>\n<link rel=\"canonical\" href=\"https:\/\/paperandkraft.com\/shop\/produit\/faire-part-mariage-kraft-season\/\" \/>\n<meta property=\"og:locale\" content=\"fr_FR\" \/>\n<meta property=\"og:type\" content=\"article\" \/>\n<meta property=\"og:title\" content=\"Faire-part mariage champ\u00eatre Season\" \/>\n<meta property=\"og:url\" content=\"https:\/\/paperandkraft.com\/shop\/produit\/faire-part-mariage-kraft-season\/\" \/>\n<meta property=\"og:site_name\" content=\"PaperAndKraft\" \/>\n<meta property=\"article:publisher\" content=\"https:\/\/www.facebook.com\/paperandkraft\" \/>\n<meta property=\"article:modified_time\" content=\"2023-12-14T14:12:09+00:00\" \/>\n<meta property=\"og:image\" content=\"https:\/\/paperandkraft.com\/shop\/wp-content\/uploads\/2020\/03\/faire-part-mariage-ne-papier-kraft-theme-champetre-1.jpg\" \/>\n\t<meta property=\"og:image:width\" content=\"700\" \/>\n\t<meta property=\"og:image:height\" content=\"700\" \/>\n\t<meta property=\"og:image:type\" content=\"image\/jpeg\" \/>\n<meta name=\"twitter:card\" content=\"summary_large_image\" \/>\n<meta name=\"twitter:label1\" content=\"Prix\" \/>\n\t<meta name=\"twitter:data1\" content=\"6.00&euro;\" \/>\n\t<meta name=\"twitter:label2\" content=\"Disponibilit\u00e9\" \/>\n\t<meta name=\"twitter:data2\" content=\"En stock\" \/>\n<meta property=\"product:price:amount\" content=\"6.00\" \/>\n<meta property=\"product:price:currency\" content=\"EUR\" \/>\n<meta property=\"og:availability\" content=\"instock\" \/>\n<meta property=\"product:availability\" content=\"instock\" \/>\n<meta property=\"product:condition\" content=\"new\" \/>\n<!-- \/ Yoast SEO Premium plugin. -->","yoast_head_json":{"title":"Faire-part mariage arbres centenaires - Paperandkraft.com","description":"Le faire-part mariage th\u00e8me champ\u00eatre zen de vos r\u00eaves imprim\u00e9 sur du papier kraft haute qualit\u00e9 en papier recycl\u00e9. Annoncez votre mariage sous le signe de la nature avec Paper and Kraft","robots":{"index":"index","follow":"follow","max-snippet":"max-snippet:-1","max-image-preview":"max-image-preview:large","max-video-preview":"max-video-preview:-1"},"canonical":"https:\/\/paperandkraft.com\/shop\/produit\/faire-part-mariage-kraft-season\/","og_locale":"fr_FR","og_type":"article","og_title":"Faire-part mariage champ\u00eatre Season","og_url":"https:\/\/paperandkraft.com\/shop\/produit\/faire-part-mariage-kraft-season\/","og_site_name":"PaperAndKraft","article_publisher":"https:\/\/www.facebook.com\/paperandkraft","article_modified_time":"2023-12-14T14:12:09+00:00","og_image":[{"width":700,"height":700,"url":"https:\/\/paperandkraft.com\/shop\/wp-content\/uploads\/2020\/03\/faire-part-mariage-ne-papier-kraft-theme-champetre-1.jpg","type":"image\/jpeg"}],"twitter_card":"summary_large_image","twitter_misc":{"Prix":"6.00&euro;","Disponibilit\u00e9":"En stock"},"schema":{"@context":"https:\/\/schema.org","@graph":[{"@type":"WebPage","@id":"https:\/\/paperandkraft.com\/shop\/produit\/faire-part-mariage-kraft-season\/","url":"https:\/\/paperandkraft.com\/shop\/produit\/faire-part-mariage-kraft-season\/","name":"Faire-part mariage arbres centenaires - Paperandkraft.com","isPartOf":{"@id":"https:\/\/paperandkraft.com\/shop\/#website"},"primaryImageOfPage":{"@id":"https:\/\/paperandkraft.com\/shop\/produit\/faire-part-mariage-kraft-season\/#primaryimage"},"image":{"@id":"https:\/\/paperandkraft.com\/shop\/produit\/faire-part-mariage-kraft-season\/#primaryimage"},"thumbnailUrl":"https:\/\/paperandkraft.com\/shop\/wp-content\/uploads\/2020\/03\/faire-part-mariage-ne-papier-kraft-theme-champetre-1.jpg","datePublished":"2015-07-23T09:46:02+00:00","dateModified":"2023-12-14T14:12:09+00:00","description":"Le faire-part mariage th\u00e8me champ\u00eatre zen de vos r\u00eaves imprim\u00e9 sur du papier kraft haute qualit\u00e9 en papier recycl\u00e9. Annoncez votre mariage sous le signe de la nature avec Paper and Kraft","breadcrumb":{"@id":"https:\/\/paperandkraft.com\/shop\/produit\/faire-part-mariage-kraft-season\/#breadcrumb"},"inLanguage":"fr-FR","potentialAction":[{"@type":"ReadAction","target":["https:\/\/paperandkraft.com\/shop\/produit\/faire-part-mariage-kraft-season\/"]}]},{"@type":"ImageObject","inLanguage":"fr-FR","@id":"https:\/\/paperandkraft.com\/shop\/produit\/faire-part-mariage-kraft-season\/#primaryimage","url":"https:\/\/paperandkraft.com\/shop\/wp-content\/uploads\/2020\/03\/faire-part-mariage-ne-papier-kraft-theme-champetre-1.jpg","contentUrl":"https:\/\/paperandkraft.com\/shop\/wp-content\/uploads\/2020\/03\/faire-part-mariage-ne-papier-kraft-theme-champetre-1.jpg","width":700,"height":700},{"@type":"BreadcrumbList","@id":"https:\/\/paperandkraft.com\/shop\/produit\/faire-part-mariage-kraft-season\/#breadcrumb","itemListElement":[{"@type":"ListItem","position":1,"name":"Accueil","item":"https:\/\/paperandkraft.com\/shop\/"},{"@type":"ListItem","position":2,"name":"Boutique","item":"https:\/\/paperandkraft.com\/shop\/boutique\/"},{"@type":"ListItem","position":3,"name":"Faire-part mariage champ\u00eatre Season"}]},{"@type":"WebSite","@id":"https:\/\/paperandkraft.com\/shop\/#website","url":"https:\/\/paperandkraft.com\/shop\/","name":"PaperAndKraft","description":"Faire-part de mariage et naissance en papier recycl\u00e9","publisher":{"@id":"https:\/\/paperandkraft.com\/shop\/#organization"},"potentialAction":[{"@type":"SearchAction","target":{"@type":"EntryPoint","urlTemplate":"https:\/\/paperandkraft.com\/shop\/?s={search_term_string}"},"query-input":{"@type":"PropertyValueSpecification","valueRequired":true,"valueName":"search_term_string"}}],"inLanguage":"fr-FR"},{"@type":"Organization","@id":"https:\/\/paperandkraft.com\/shop\/#organization","name":"Paper And Kraft : Faire-Part","url":"https:\/\/paperandkraft.com\/shop\/","logo":{"@type":"ImageObject","inLanguage":"fr-FR","@id":"https:\/\/paperandkraft.com\/shop\/#\/schema\/logo\/image\/","url":"https:\/\/paperandkraft.com\/shop\/wp-content\/uploads\/2020\/03\/logo-2020-noir-1.png","contentUrl":"https:\/\/paperandkraft.com\/shop\/wp-content\/uploads\/2020\/03\/logo-2020-noir-1.png","width":350,"height":76,"caption":"Paper And Kraft : Faire-Part"},"image":{"@id":"https:\/\/paperandkraft.com\/shop\/#\/schema\/logo\/image\/"},"sameAs":["https:\/\/www.facebook.com\/paperandkraft","https:\/\/www.instagram.com\/paper_and_kraft\/","https:\/\/www.pinterest.fr\/paperandkraft\/"]}]},"product_price_amount":"6.00","product_price_currency":"EUR","og_availability":"instock","product_availability":"instock","product_condition":"new"},"_links":{"self":[{"href":"https:\/\/paperandkraft.com\/shop\/wp-json\/wp\/v2\/product\/29","targetHints":{"allow":["GET"]}}],"collection":[{"href":"https:\/\/paperandkraft.com\/shop\/wp-json\/wp\/v2\/product"}],"about":[{"href":"https:\/\/paperandkraft.com\/shop\/wp-json\/wp\/v2\/types\/product"}],"replies":[{"embeddable":true,"href":"https:\/\/paperandkraft.com\/shop\/wp-json\/wp\/v2\/comments?post=29"}],"wp:featuredmedia":[{"embeddable":true,"href":"https:\/\/paperandkraft.com\/shop\/wp-json\/wp\/v2\/media\/16314"}],"wp:attachment":[{"href":"https:\/\/paperandkraft.com\/shop\/wp-json\/wp\/v2\/media?parent=29"}],"wp:term":[{"taxonomy":"product_brand","embeddable":true,"href":"https:\/\/paperandkraft.com\/shop\/wp-json\/wp\/v2\/product_brand?post=29"},{"taxonomy":"product_cat","embeddable":true,"href":"https:\/\/paperandkraft.com\/shop\/wp-json\/wp\/v2\/product_cat?post=29"},{"taxonomy":"product_tag","embeddable":true,"href":"https:\/\/paperandkraft.com\/shop\/wp-json\/wp\/v2\/product_tag?post=29"}],"curies":[{"name":"wp","href":"https:\/\/api.w.org\/{rel}","templated":true}]}}