{"id":2738,"date":"2018-01-30T10:29:53","date_gmt":"2018-01-30T10:29:53","guid":{"rendered":"https:\/\/paperandkraft.com\/shop\/?post_type=product&#038;p=2738"},"modified":"2021-08-09T17:58:08","modified_gmt":"2021-08-09T17:58:08","slug":"echantillon-faire-part-mariage","status":"publish","type":"product","link":"https:\/\/paperandkraft.com\/shop\/produit\/echantillon-faire-part-mariage\/","title":{"rendered":"Echantillon faire-part mariage"},"content":{"rendered":"<p>Commandez un \u00e9chantillon de nos faire-part de mariage<\/p>\n<p>Et vous d\u00e9couvrirez la qualit\u00e9 de notre papier \u00e9coresponsable, l&#8217;impression et de nos mises en pages originales et design !<\/p>\n<p>Et comment le personnaliser selon vos envies.<\/p>\n","protected":false},"excerpt":{"rendered":"<p>Commandez un \u00e9chantillon de nos faire-part de mariage. Vous pourrez ainsi vous rendre compte de la finesse de nos papiers, la qualit\u00e9 de nos impressions, et l&#8217;originalit\u00e9 et le design de nos mises en pages.<\/p>\n<p><span style=\"color: #034557;\"><b>ATTENTION LES \u00c9CHANTILLONS\u00a0SONT DES FAIRE-PART D\u00c9J\u00c0\u00a0PRE-IMPRIMES. AUCUNE\u00a0 PERSONNALISATION N&#8217;EST POSSIBLE.<\/b><\/span><\/p>\n","protected":false},"featured_media":16637,"comment_status":"open","ping_status":"closed","template":"","meta":{"_acf_changed":false,"inline_featured_image":false},"product_brand":[],"product_cat":[181],"product_tag":[],"class_list":{"0":"post-2738","1":"product","2":"type-product","3":"status-publish","4":"has-post-thumbnail","6":"product_cat-uncategorized","8":"first","9":"instock","10":"taxable","11":"shipping-taxable","12":"purchasable","13":"product-type-simple"},"acf":[],"yoast_head":"<!-- This site is optimized with the Yoast SEO Premium plugin v24.6 (Yoast SEO v27.4) - https:\/\/yoast.com\/product\/yoast-seo-premium-wordpress\/ -->\n<title>\u00e9chantillon faire-part de mariage - paperandkraft.com<\/title>\n<meta name=\"description\" content=\"Commandez un \u00e9chantillon de nos faire-part mariage pour d\u00e9couvrir la qualit\u00e9 du papier, de l&#039;impression et de nos mises en pages originales et design !\" \/>\n<meta name=\"robots\" content=\"index, follow, max-snippet:-1, max-image-preview:large, max-video-preview:-1\" \/>\n<link rel=\"canonical\" href=\"https:\/\/paperandkraft.com\/shop\/produit\/echantillon-faire-part-mariage\/\" \/>\n<meta property=\"og:locale\" content=\"fr_FR\" \/>\n<meta property=\"og:type\" content=\"article\" \/>\n<meta property=\"og:title\" content=\"Echantillon faire-part mariage\" \/>\n<meta property=\"og:description\" content=\"Commandez un \u00e9chantillon de nos faire-part de mariage. Vous pourrez ainsi vous rendre compte de la finesse de nos papiers, la qualit\u00e9 de nos impressions, et l&#039;originalit\u00e9 et le design de nos mises en pages.  ATTENTION LES \u00c9CHANTILLONS\u00a0SONT DES FAIRE-PART D\u00c9J\u00c0\u00a0PRE-IMPRIMES. AUCUNE\u00a0 PERSONNALISATION N&#039;EST POSSIBLE.\" \/>\n<meta property=\"og:url\" content=\"https:\/\/paperandkraft.com\/shop\/produit\/echantillon-faire-part-mariage\/\" \/>\n<meta property=\"og:site_name\" content=\"PaperAndKraft\" \/>\n<meta property=\"article:publisher\" content=\"https:\/\/www.facebook.com\/paperandkraft\" \/>\n<meta property=\"article:modified_time\" content=\"2021-08-09T17:58:08+00:00\" \/>\n<meta property=\"og:image\" content=\"https:\/\/paperandkraft.com\/shop\/wp-content\/uploads\/2020\/03\/rozine-006.jpg\" \/>\n\t<meta property=\"og:image:width\" content=\"505\" \/>\n\t<meta property=\"og:image:height\" content=\"505\" \/>\n\t<meta property=\"og:image:type\" content=\"image\/jpeg\" \/>\n<meta name=\"twitter:card\" content=\"summary_large_image\" \/>\n<meta name=\"twitter:label1\" content=\"Prix\" \/>\n\t<meta name=\"twitter:data1\" content=\"5.00&euro;\" \/>\n\t<meta name=\"twitter:label2\" content=\"Disponibilit\u00e9\" \/>\n\t<meta name=\"twitter:data2\" content=\"En stock\" \/>\n<meta property=\"product:price:amount\" content=\"5.00\" \/>\n<meta property=\"product:price:currency\" content=\"EUR\" \/>\n<meta property=\"og:availability\" content=\"instock\" \/>\n<meta property=\"product:availability\" content=\"instock\" \/>\n<meta property=\"product:condition\" content=\"new\" \/>\n<!-- \/ Yoast SEO Premium plugin. -->","yoast_head_json":{"title":"\u00e9chantillon faire-part de mariage - paperandkraft.com","description":"Commandez un \u00e9chantillon de nos faire-part mariage pour d\u00e9couvrir la qualit\u00e9 du papier, de l'impression et de nos mises en pages originales et design !","robots":{"index":"index","follow":"follow","max-snippet":"max-snippet:-1","max-image-preview":"max-image-preview:large","max-video-preview":"max-video-preview:-1"},"canonical":"https:\/\/paperandkraft.com\/shop\/produit\/echantillon-faire-part-mariage\/","og_locale":"fr_FR","og_type":"article","og_title":"Echantillon faire-part mariage","og_description":"Commandez un \u00e9chantillon de nos faire-part de mariage. Vous pourrez ainsi vous rendre compte de la finesse de nos papiers, la qualit\u00e9 de nos impressions, et l'originalit\u00e9 et le design de nos mises en pages.  ATTENTION LES \u00c9CHANTILLONS\u00a0SONT DES FAIRE-PART D\u00c9J\u00c0\u00a0PRE-IMPRIMES. AUCUNE\u00a0 PERSONNALISATION N'EST POSSIBLE.","og_url":"https:\/\/paperandkraft.com\/shop\/produit\/echantillon-faire-part-mariage\/","og_site_name":"PaperAndKraft","article_publisher":"https:\/\/www.facebook.com\/paperandkraft","article_modified_time":"2021-08-09T17:58:08+00:00","og_image":[{"width":505,"height":505,"url":"https:\/\/paperandkraft.com\/shop\/wp-content\/uploads\/2020\/03\/rozine-006.jpg","type":"image\/jpeg"}],"twitter_card":"summary_large_image","twitter_misc":{"Prix":"5.00&euro;","Disponibilit\u00e9":"En stock"},"schema":{"@context":"https:\/\/schema.org","@graph":[{"@type":"WebPage","@id":"https:\/\/paperandkraft.com\/shop\/produit\/echantillon-faire-part-mariage\/","url":"https:\/\/paperandkraft.com\/shop\/produit\/echantillon-faire-part-mariage\/","name":"\u00e9chantillon faire-part de mariage - paperandkraft.com","isPartOf":{"@id":"https:\/\/paperandkraft.com\/shop\/#website"},"primaryImageOfPage":{"@id":"https:\/\/paperandkraft.com\/shop\/produit\/echantillon-faire-part-mariage\/#primaryimage"},"image":{"@id":"https:\/\/paperandkraft.com\/shop\/produit\/echantillon-faire-part-mariage\/#primaryimage"},"thumbnailUrl":"https:\/\/paperandkraft.com\/shop\/wp-content\/uploads\/2020\/03\/rozine-006.jpg","datePublished":"2018-01-30T10:29:53+00:00","dateModified":"2021-08-09T17:58:08+00:00","description":"Commandez un \u00e9chantillon de nos faire-part mariage pour d\u00e9couvrir la qualit\u00e9 du papier, de l'impression et de nos mises en pages originales et design !","breadcrumb":{"@id":"https:\/\/paperandkraft.com\/shop\/produit\/echantillon-faire-part-mariage\/#breadcrumb"},"inLanguage":"fr-FR","potentialAction":[{"@type":"ReadAction","target":["https:\/\/paperandkraft.com\/shop\/produit\/echantillon-faire-part-mariage\/"]}]},{"@type":"ImageObject","inLanguage":"fr-FR","@id":"https:\/\/paperandkraft.com\/shop\/produit\/echantillon-faire-part-mariage\/#primaryimage","url":"https:\/\/paperandkraft.com\/shop\/wp-content\/uploads\/2020\/03\/rozine-006.jpg","contentUrl":"https:\/\/paperandkraft.com\/shop\/wp-content\/uploads\/2020\/03\/rozine-006.jpg","width":505,"height":505},{"@type":"BreadcrumbList","@id":"https:\/\/paperandkraft.com\/shop\/produit\/echantillon-faire-part-mariage\/#breadcrumb","itemListElement":[{"@type":"ListItem","position":1,"name":"Accueil","item":"https:\/\/paperandkraft.com\/shop\/"},{"@type":"ListItem","position":2,"name":"Boutique","item":"https:\/\/paperandkraft.com\/shop\/boutique\/"},{"@type":"ListItem","position":3,"name":"Echantillon faire-part mariage"}]},{"@type":"WebSite","@id":"https:\/\/paperandkraft.com\/shop\/#website","url":"https:\/\/paperandkraft.com\/shop\/","name":"PaperAndKraft","description":"Faire-part de mariage et naissance en papier recycl\u00e9","publisher":{"@id":"https:\/\/paperandkraft.com\/shop\/#organization"},"potentialAction":[{"@type":"SearchAction","target":{"@type":"EntryPoint","urlTemplate":"https:\/\/paperandkraft.com\/shop\/?s={search_term_string}"},"query-input":{"@type":"PropertyValueSpecification","valueRequired":true,"valueName":"search_term_string"}}],"inLanguage":"fr-FR"},{"@type":"Organization","@id":"https:\/\/paperandkraft.com\/shop\/#organization","name":"Paper And Kraft : Faire-Part","url":"https:\/\/paperandkraft.com\/shop\/","logo":{"@type":"ImageObject","inLanguage":"fr-FR","@id":"https:\/\/paperandkraft.com\/shop\/#\/schema\/logo\/image\/","url":"https:\/\/paperandkraft.com\/shop\/wp-content\/uploads\/2020\/03\/logo-2020-noir-1.png","contentUrl":"https:\/\/paperandkraft.com\/shop\/wp-content\/uploads\/2020\/03\/logo-2020-noir-1.png","width":350,"height":76,"caption":"Paper And Kraft : Faire-Part"},"image":{"@id":"https:\/\/paperandkraft.com\/shop\/#\/schema\/logo\/image\/"},"sameAs":["https:\/\/www.facebook.com\/paperandkraft","https:\/\/www.instagram.com\/paper_and_kraft\/","https:\/\/www.pinterest.fr\/paperandkraft\/"]}]},"product_price_amount":"5.00","product_price_currency":"EUR","og_availability":"instock","product_availability":"instock","product_condition":"new"},"_links":{"self":[{"href":"https:\/\/paperandkraft.com\/shop\/wp-json\/wp\/v2\/product\/2738","targetHints":{"allow":["GET"]}}],"collection":[{"href":"https:\/\/paperandkraft.com\/shop\/wp-json\/wp\/v2\/product"}],"about":[{"href":"https:\/\/paperandkraft.com\/shop\/wp-json\/wp\/v2\/types\/product"}],"replies":[{"embeddable":true,"href":"https:\/\/paperandkraft.com\/shop\/wp-json\/wp\/v2\/comments?post=2738"}],"wp:featuredmedia":[{"embeddable":true,"href":"https:\/\/paperandkraft.com\/shop\/wp-json\/wp\/v2\/media\/16637"}],"wp:attachment":[{"href":"https:\/\/paperandkraft.com\/shop\/wp-json\/wp\/v2\/media?parent=2738"}],"wp:term":[{"taxonomy":"product_brand","embeddable":true,"href":"https:\/\/paperandkraft.com\/shop\/wp-json\/wp\/v2\/product_brand?post=2738"},{"taxonomy":"product_cat","embeddable":true,"href":"https:\/\/paperandkraft.com\/shop\/wp-json\/wp\/v2\/product_cat?post=2738"},{"taxonomy":"product_tag","embeddable":true,"href":"https:\/\/paperandkraft.com\/shop\/wp-json\/wp\/v2\/product_tag?post=2738"}],"curies":[{"name":"wp","href":"https:\/\/api.w.org\/{rel}","templated":true}]}}