{"id":2729,"date":"2018-01-26T10:49:46","date_gmt":"2018-01-26T10:49:46","guid":{"rendered":"https:\/\/paperandkraft.com\/shop\/?post_type=product&#038;p=2729"},"modified":"2024-06-25T20:36:02","modified_gmt":"2024-06-25T19:36:02","slug":"echantillon-faire-part-naissance","status":"publish","type":"product","link":"https:\/\/paperandkraft.com\/shop\/produit\/echantillon-faire-part-naissance\/","title":{"rendered":"Echantillon faire-part naissance Pr\u00e9-imprim\u00e9"},"content":{"rendered":"<p>Commandez un \u00e9chantillon de nos faire-part de mariage<\/p>\n<p>Et vous d\u00e9couvrirez la qualit\u00e9 de notre papier \u00e9coresponsable, l&#8217;impression et de nos mises en pages originales et design !<\/p>\n<p>Et comment le personnaliser selon vos envies.<\/p>\n","protected":false},"excerpt":{"rendered":"<p>rendez-vous compte de la finesse de nos papiers, la qualit\u00e9 de nos impressions, et l&#8217;originalit\u00e9 et le design de nos mises en pages.<\/p>\n<p><span style=\"color: #034557;\"><b>ATTENTION LES \u00c9CHANTILLONS\u00a0SONT DES FAIRE-PART D\u00c9J\u00c0\u00a0PRE-IMPRIMES. AUCUNE\u00a0 PERSONNALISATION N&#8217;EST POSSIBLE.<\/b><\/span><\/p>\n","protected":false},"featured_media":16636,"comment_status":"open","ping_status":"closed","template":"","meta":{"_acf_changed":false,"inline_featured_image":false},"product_brand":[],"product_cat":[69,8,172,66,70,67,63,194,110],"product_tag":[],"class_list":{"0":"post-2729","1":"product","2":"type-product","3":"status-publish","4":"has-post-thumbnail","6":"product_cat-jumeauxjumelles","7":"product_cat-faire-part-de-naissance","8":"product_cat-faire-part-naissance-animaux","9":"product_cat-faire-part-naissance-garcon","10":"product_cat-faire-part-kids","11":"product_cat-faire-part-naissance-fille","12":"product_cat-faire-part-little-gaia","13":"product_cat-faire-part-naissance-nature","14":"product_cat-faire-part-naissance-original","16":"first","17":"instock","18":"sold-individually","19":"taxable","20":"shipping-taxable","21":"purchasable","22":"product-type-simple"},"acf":[],"yoast_head":"<!-- This site is optimized with the Yoast SEO Premium plugin v24.6 (Yoast SEO v27.4) - https:\/\/yoast.com\/product\/yoast-seo-premium-wordpress\/ -->\n<title>\u00e9chantillon faire-part naissance - paperandkraft.com<\/title>\n<meta name=\"description\" content=\"Commandez une \u00e9chantillon de nos faire-part de naissance. vous vous rendrez compte ainsi de la qualit\u00e9 du papier, de l&#039;impression et de nos mises en pages originales et design !\" \/>\n<meta name=\"robots\" content=\"index, follow, max-snippet:-1, max-image-preview:large, max-video-preview:-1\" \/>\n<link rel=\"canonical\" href=\"https:\/\/paperandkraft.com\/shop\/produit\/echantillon-faire-part-naissance\/\" \/>\n<meta property=\"og:locale\" content=\"fr_FR\" \/>\n<meta property=\"og:type\" content=\"article\" \/>\n<meta property=\"og:title\" content=\"Echantillon faire-part naissance Pr\u00e9-imprim\u00e9\" \/>\n<meta property=\"og:description\" content=\"rendez-vous compte de la finesse de nos papiers, la qualit\u00e9 de nos impressions, et l&#039;originalit\u00e9 et le design de nos mises en pages.  ATTENTION LES \u00c9CHANTILLONS\u00a0SONT DES FAIRE-PART D\u00c9J\u00c0\u00a0PRE-IMPRIMES. AUCUNE\u00a0 PERSONNALISATION N&#039;EST POSSIBLE.\" \/>\n<meta property=\"og:url\" content=\"https:\/\/paperandkraft.com\/shop\/produit\/echantillon-faire-part-naissance\/\" \/>\n<meta property=\"og:site_name\" content=\"PaperAndKraft\" \/>\n<meta property=\"article:publisher\" content=\"https:\/\/www.facebook.com\/paperandkraft\" \/>\n<meta property=\"article:modified_time\" content=\"2024-06-25T19:36:02+00:00\" \/>\n<meta property=\"og:image\" content=\"https:\/\/paperandkraft.com\/shop\/wp-content\/uploads\/2020\/03\/collection-little-erath.jpg\" \/>\n\t<meta property=\"og:image:width\" content=\"500\" \/>\n\t<meta property=\"og:image:height\" content=\"500\" \/>\n\t<meta property=\"og:image:type\" content=\"image\/jpeg\" \/>\n<meta name=\"twitter:card\" content=\"summary_large_image\" \/>\n<meta name=\"twitter:label1\" content=\"Prix\" \/>\n\t<meta name=\"twitter:data1\" content=\"3.50&euro;\" \/>\n\t<meta name=\"twitter:label2\" content=\"Disponibilit\u00e9\" \/>\n\t<meta name=\"twitter:data2\" content=\"En stock\" \/>\n<meta property=\"product:price:amount\" content=\"3.50\" \/>\n<meta property=\"product:price:currency\" content=\"EUR\" \/>\n<meta property=\"og:availability\" content=\"instock\" \/>\n<meta property=\"product:availability\" content=\"instock\" \/>\n<meta property=\"product:condition\" content=\"new\" \/>\n<!-- \/ Yoast SEO Premium plugin. -->","yoast_head_json":{"title":"\u00e9chantillon faire-part naissance - paperandkraft.com","description":"Commandez une \u00e9chantillon de nos faire-part de naissance. vous vous rendrez compte ainsi de la qualit\u00e9 du papier, de l'impression et de nos mises en pages originales et design !","robots":{"index":"index","follow":"follow","max-snippet":"max-snippet:-1","max-image-preview":"max-image-preview:large","max-video-preview":"max-video-preview:-1"},"canonical":"https:\/\/paperandkraft.com\/shop\/produit\/echantillon-faire-part-naissance\/","og_locale":"fr_FR","og_type":"article","og_title":"Echantillon faire-part naissance Pr\u00e9-imprim\u00e9","og_description":"rendez-vous compte de la finesse de nos papiers, la qualit\u00e9 de nos impressions, et l'originalit\u00e9 et le design de nos mises en pages.  ATTENTION LES \u00c9CHANTILLONS\u00a0SONT DES FAIRE-PART D\u00c9J\u00c0\u00a0PRE-IMPRIMES. AUCUNE\u00a0 PERSONNALISATION N'EST POSSIBLE.","og_url":"https:\/\/paperandkraft.com\/shop\/produit\/echantillon-faire-part-naissance\/","og_site_name":"PaperAndKraft","article_publisher":"https:\/\/www.facebook.com\/paperandkraft","article_modified_time":"2024-06-25T19:36:02+00:00","og_image":[{"width":500,"height":500,"url":"https:\/\/paperandkraft.com\/shop\/wp-content\/uploads\/2020\/03\/collection-little-erath.jpg","type":"image\/jpeg"}],"twitter_card":"summary_large_image","twitter_misc":{"Prix":"3.50&euro;","Disponibilit\u00e9":"En stock"},"schema":{"@context":"https:\/\/schema.org","@graph":[{"@type":"WebPage","@id":"https:\/\/paperandkraft.com\/shop\/produit\/echantillon-faire-part-naissance\/","url":"https:\/\/paperandkraft.com\/shop\/produit\/echantillon-faire-part-naissance\/","name":"\u00e9chantillon faire-part naissance - paperandkraft.com","isPartOf":{"@id":"https:\/\/paperandkraft.com\/shop\/#website"},"primaryImageOfPage":{"@id":"https:\/\/paperandkraft.com\/shop\/produit\/echantillon-faire-part-naissance\/#primaryimage"},"image":{"@id":"https:\/\/paperandkraft.com\/shop\/produit\/echantillon-faire-part-naissance\/#primaryimage"},"thumbnailUrl":"https:\/\/paperandkraft.com\/shop\/wp-content\/uploads\/2020\/03\/collection-little-erath.jpg","datePublished":"2018-01-26T10:49:46+00:00","dateModified":"2024-06-25T19:36:02+00:00","description":"Commandez une \u00e9chantillon de nos faire-part de naissance. vous vous rendrez compte ainsi de la qualit\u00e9 du papier, de l'impression et de nos mises en pages originales et design !","breadcrumb":{"@id":"https:\/\/paperandkraft.com\/shop\/produit\/echantillon-faire-part-naissance\/#breadcrumb"},"inLanguage":"fr-FR","potentialAction":[{"@type":"ReadAction","target":["https:\/\/paperandkraft.com\/shop\/produit\/echantillon-faire-part-naissance\/"]}]},{"@type":"ImageObject","inLanguage":"fr-FR","@id":"https:\/\/paperandkraft.com\/shop\/produit\/echantillon-faire-part-naissance\/#primaryimage","url":"https:\/\/paperandkraft.com\/shop\/wp-content\/uploads\/2020\/03\/collection-little-erath.jpg","contentUrl":"https:\/\/paperandkraft.com\/shop\/wp-content\/uploads\/2020\/03\/collection-little-erath.jpg","width":500,"height":500},{"@type":"BreadcrumbList","@id":"https:\/\/paperandkraft.com\/shop\/produit\/echantillon-faire-part-naissance\/#breadcrumb","itemListElement":[{"@type":"ListItem","position":1,"name":"Accueil","item":"https:\/\/paperandkraft.com\/shop\/"},{"@type":"ListItem","position":2,"name":"Boutique","item":"https:\/\/paperandkraft.com\/shop\/boutique\/"},{"@type":"ListItem","position":3,"name":"Echantillon faire-part naissance Pr\u00e9-imprim\u00e9"}]},{"@type":"WebSite","@id":"https:\/\/paperandkraft.com\/shop\/#website","url":"https:\/\/paperandkraft.com\/shop\/","name":"PaperAndKraft","description":"Faire-part de mariage et naissance en papier recycl\u00e9","publisher":{"@id":"https:\/\/paperandkraft.com\/shop\/#organization"},"potentialAction":[{"@type":"SearchAction","target":{"@type":"EntryPoint","urlTemplate":"https:\/\/paperandkraft.com\/shop\/?s={search_term_string}"},"query-input":{"@type":"PropertyValueSpecification","valueRequired":true,"valueName":"search_term_string"}}],"inLanguage":"fr-FR"},{"@type":"Organization","@id":"https:\/\/paperandkraft.com\/shop\/#organization","name":"Paper And Kraft : Faire-Part","url":"https:\/\/paperandkraft.com\/shop\/","logo":{"@type":"ImageObject","inLanguage":"fr-FR","@id":"https:\/\/paperandkraft.com\/shop\/#\/schema\/logo\/image\/","url":"https:\/\/paperandkraft.com\/shop\/wp-content\/uploads\/2020\/03\/logo-2020-noir-1.png","contentUrl":"https:\/\/paperandkraft.com\/shop\/wp-content\/uploads\/2020\/03\/logo-2020-noir-1.png","width":350,"height":76,"caption":"Paper And Kraft : Faire-Part"},"image":{"@id":"https:\/\/paperandkraft.com\/shop\/#\/schema\/logo\/image\/"},"sameAs":["https:\/\/www.facebook.com\/paperandkraft","https:\/\/www.instagram.com\/paper_and_kraft\/","https:\/\/www.pinterest.fr\/paperandkraft\/"]}]},"product_price_amount":"3.50","product_price_currency":"EUR","og_availability":"instock","product_availability":"instock","product_condition":"new"},"_links":{"self":[{"href":"https:\/\/paperandkraft.com\/shop\/wp-json\/wp\/v2\/product\/2729","targetHints":{"allow":["GET"]}}],"collection":[{"href":"https:\/\/paperandkraft.com\/shop\/wp-json\/wp\/v2\/product"}],"about":[{"href":"https:\/\/paperandkraft.com\/shop\/wp-json\/wp\/v2\/types\/product"}],"replies":[{"embeddable":true,"href":"https:\/\/paperandkraft.com\/shop\/wp-json\/wp\/v2\/comments?post=2729"}],"wp:featuredmedia":[{"embeddable":true,"href":"https:\/\/paperandkraft.com\/shop\/wp-json\/wp\/v2\/media\/16636"}],"wp:attachment":[{"href":"https:\/\/paperandkraft.com\/shop\/wp-json\/wp\/v2\/media?parent=2729"}],"wp:term":[{"taxonomy":"product_brand","embeddable":true,"href":"https:\/\/paperandkraft.com\/shop\/wp-json\/wp\/v2\/product_brand?post=2729"},{"taxonomy":"product_cat","embeddable":true,"href":"https:\/\/paperandkraft.com\/shop\/wp-json\/wp\/v2\/product_cat?post=2729"},{"taxonomy":"product_tag","embeddable":true,"href":"https:\/\/paperandkraft.com\/shop\/wp-json\/wp\/v2\/product_tag?post=2729"}],"curies":[{"name":"wp","href":"https:\/\/api.w.org\/{rel}","templated":true}]}}