{"id":271,"date":"2015-09-23T08:52:54","date_gmt":"2015-09-23T08:52:54","guid":{"rendered":"http:\/\/paperandkraft.com\/shop\/?product=windflowerliassez-votre-amo"},"modified":"2021-08-11T20:03:55","modified_gmt":"2021-08-11T20:03:55","slug":"faire-part-mariage-windflower","status":"publish","type":"product","link":"https:\/\/paperandkraft.com\/shop\/produit\/faire-part-mariage-windflower\/","title":{"rendered":"faire-part part mariage windflower"},"content":{"rendered":"<h4><strong>Est-ce que votre mariage sera organis\u00e9 sous le th\u00e8me des fleurs et de la nature\u00a0?<\/strong><\/h4>\n<p>Vous \u00eates \u00e9pris de simplicit\u00e9 et de nature, vous aimez sentir le parfum des fleurs aux printemps, vous aimez courir dans les champs et regarder pa\u00eetre les animaux dans les prairies verdoyantes de votre campagne. C\u2019est dans cet univers que vous d\u00e9sirez ardemment dire oui \u00e0 votre conjoint lors d\u2019une c\u00e9r\u00e9monie chic et sobre qui se tiendra tout naturellement dans la clairi\u00e8re du parc aux arbres centenaires de votre grand-m\u00e8re.<\/p>\n<p>La premi\u00e8re image de votre grand jour que vous enverrez \u00e0 vos invit\u00e9s sera le faire-part, il se doit d\u2019\u00eatre en harmonie avec votre d\u00e9sir de simplicit\u00e9 et naturel comme la couronne de fleur qui ceindra votre t\u00eate<\/p>\n<h4><strong>Pourquoi adopter le faire-part nature Winflower pour votre mariage\u00a0?<\/strong><\/h4>\n<p><strong>D\u00e9cor\u00e9 par la beaut\u00e9 du printemps et des fleurs des champs.<\/strong>\u00a0 La douceur de sa couverture en kraft exhale un parfum de printemps, la simplicit\u00e9 d\u2019un mariage champ\u00eatre et la beaut\u00e9 d\u2019une mari\u00e9e par\u00e9e de couleurs naturelles.<\/p>\n<p>Le mod\u00e8le est compos\u00e9 <strong>d\u2019une couverture et de deux feuillets internes. <\/strong>Le but de Paper and Kraft \u00e9tant de rendre votre faire-part unique, <strong>tout est possible quant \u00e0 la personnalisation que vous voulez apporter<\/strong>. \u00a0Nous vous proposerons une mise en page simple et \u00e9pur\u00e9e en fonction du texte que vous aurez imagin\u00e9. Nous l\u2019illustrerons avec les motifs du faire-part tr\u00e8s naturel et champ\u00eatre pour donner \u00e0 votre invitation une ambiance boh\u00e8me et une atmosph\u00e8re bucolique. Vous pouvez ajouter en option des feuillets suppl\u00e9mentaires, selon vos besoins.<\/p>\n<h4><strong>Pourquoi utiliser du papier recycl\u00e9 pour votre faire-part mariage \u00e0 la campagne ?<\/strong><\/h4>\n<p>Paper and Kraft a s\u00e9duit des milliers de couples depuis sa cr\u00e9ation, gr\u00e2ce \u00e0 la qualit\u00e9 de ses faire-part et sa philosophie. Aujourd\u2019hui, <strong>nous continuons d\u2019innover et de cr\u00e9er de nouvelles gammes de faire-part, afin de r\u00e9pondre \u00e0 une client\u00e8le de plus en plus exigeante, mais toujours dans une d\u00e9marche \u00e9cologique. <\/strong><\/p>\n<p><strong>Votre faire-part sera cr\u00e9\u00e9 \u00e0 partir du papier Kraft, qui offre une douceur in\u00e9dite aux yeux de vos invit\u00e9s. mais qui surtout est un papier 100% recycl\u00e9. <\/strong>Sachez qu\u2019en concevant des faire-part chez Paper and Kraft, vous contribuez grandement \u00e0 la <strong>protection de l\u2019environnement<\/strong>. Et puis comme le th\u00e8me de votre mariage touchera la nature, les fleurs et les oiseaux, Paper and Kraft vous donne l\u2019opportunit\u00e9 de donner \u00e0 votre mariage une image \u00e9coresponsable de participer au d\u00e9veloppement durable<strong>.<\/strong><\/p>\n<p>R\u00e9aliser vos faire-part avec nous vous donnera l\u2019opportunit\u00e9 d\u2019\u00eatre Green !<\/p>\n","protected":false},"excerpt":{"rendered":"<p style=\"text-align: center;\"><a href=\"https:\/\/paperandkraft.com\/shop\/votre-maquette-mariage-gratuite\/?nom_du_modele=Windflowers\" target=\"blank\" class=\"button secondary is-secondary is-medium hide-for-small\" >\n\t\t<span>Je demande ma maquette gratuite<\/span>\n\t<\/a>\n\n<a href=\"https:\/\/paperandkraft.com\/shop\/votre-maquette-mariage-gratuite\/?nom_du_modele=Windflowers\" target=\"_blank\" class=\"button secondary is-medium expand sticky-footer-button show-for-small\" rel=\"noopener\" >\n\t\t<span>Je demande<br \/>\nma maquette gratuite<\/span>\n\t<\/a>\n\n","protected":false},"featured_media":16368,"comment_status":"open","ping_status":"closed","template":"","meta":{"_acf_changed":false,"inline_featured_image":false},"product_brand":[],"product_cat":[231,227,228,14,26,114],"product_tag":[],"class_list":{"0":"post-271","1":"product","2":"type-product","3":"status-publish","4":"has-post-thumbnail","6":"product_cat-faire-part-mariage-bleu","7":"product_cat-faire-part-mariage-boheme","8":"product_cat-faire-part-mariage-nature","9":"product_cat-faire-part-mariage-theme-champetre","10":"product_cat-faire-part-mariage-kraft","11":"product_cat-collection-atelier","13":"first","14":"instock","15":"taxable","16":"shipping-taxable","17":"purchasable","18":"product-type-simple"},"acf":[],"yoast_head":"<!-- This site is optimized with the Yoast SEO Premium plugin v24.6 (Yoast SEO v27.5) - https:\/\/yoast.com\/product\/yoast-seo-premium-wordpress\/ -->\n<title>Faire-part mariage Fleurs et Oiseaux - Paperandkraft.com<\/title>\n<meta name=\"description\" content=\"Faire-part de mariage th\u00e8me champ\u00eatre chic avec une fleur de pissenlits dont les graines s&#039;envolent et se transforment en oiseaux. Faire-part compos\u00e9 d&#039;une couverture en kraft, 2 feuillets internes en v\u00e9lin blanc une enveloppe kraft et son \u00e9tiquette assortie\" \/>\n<meta name=\"robots\" content=\"index, follow, max-snippet:-1, max-image-preview:large, max-video-preview:-1\" \/>\n<link rel=\"canonical\" href=\"https:\/\/paperandkraft.com\/shop\/produit\/faire-part-mariage-windflower\/\" \/>\n<meta property=\"og:locale\" content=\"fr_FR\" \/>\n<meta property=\"og:type\" content=\"article\" \/>\n<meta property=\"og:title\" content=\"faire-part part mariage windflower\" \/>\n<meta property=\"og:url\" content=\"https:\/\/paperandkraft.com\/shop\/produit\/faire-part-mariage-windflower\/\" \/>\n<meta property=\"og:site_name\" content=\"PaperAndKraft\" \/>\n<meta property=\"article:publisher\" content=\"https:\/\/www.facebook.com\/paperandkraft\" \/>\n<meta property=\"article:modified_time\" content=\"2021-08-11T20:03:55+00:00\" \/>\n<meta property=\"og:image\" content=\"https:\/\/paperandkraft.com\/shop\/wp-content\/uploads\/2020\/03\/faire-part-mariage-ecoresposnable-theme-nature-2.jpg\" \/>\n\t<meta property=\"og:image:width\" content=\"700\" \/>\n\t<meta property=\"og:image:height\" content=\"700\" \/>\n\t<meta property=\"og:image:type\" content=\"image\/jpeg\" \/>\n<meta name=\"twitter:card\" content=\"summary_large_image\" \/>\n<meta name=\"twitter:label1\" content=\"Prix\" \/>\n\t<meta name=\"twitter:data1\" content=\"6.00&euro;\" \/>\n\t<meta name=\"twitter:label2\" content=\"Disponibilit\u00e9\" \/>\n\t<meta name=\"twitter:data2\" content=\"En stock\" \/>\n<meta property=\"product:price:amount\" content=\"6.00\" \/>\n<meta property=\"product:price:currency\" content=\"EUR\" \/>\n<meta property=\"og:availability\" content=\"instock\" \/>\n<meta property=\"product:availability\" content=\"instock\" \/>\n<meta property=\"product:condition\" content=\"new\" \/>\n<!-- \/ Yoast SEO Premium plugin. -->","yoast_head_json":{"title":"Faire-part mariage Fleurs et Oiseaux - Paperandkraft.com","description":"Faire-part de mariage th\u00e8me champ\u00eatre chic avec une fleur de pissenlits dont les graines s'envolent et se transforment en oiseaux. Faire-part compos\u00e9 d'une couverture en kraft, 2 feuillets internes en v\u00e9lin blanc une enveloppe kraft et son \u00e9tiquette assortie","robots":{"index":"index","follow":"follow","max-snippet":"max-snippet:-1","max-image-preview":"max-image-preview:large","max-video-preview":"max-video-preview:-1"},"canonical":"https:\/\/paperandkraft.com\/shop\/produit\/faire-part-mariage-windflower\/","og_locale":"fr_FR","og_type":"article","og_title":"faire-part part mariage windflower","og_url":"https:\/\/paperandkraft.com\/shop\/produit\/faire-part-mariage-windflower\/","og_site_name":"PaperAndKraft","article_publisher":"https:\/\/www.facebook.com\/paperandkraft","article_modified_time":"2021-08-11T20:03:55+00:00","og_image":[{"width":700,"height":700,"url":"https:\/\/paperandkraft.com\/shop\/wp-content\/uploads\/2020\/03\/faire-part-mariage-ecoresposnable-theme-nature-2.jpg","type":"image\/jpeg"}],"twitter_card":"summary_large_image","twitter_misc":{"Prix":"6.00&euro;","Disponibilit\u00e9":"En stock"},"schema":{"@context":"https:\/\/schema.org","@graph":[{"@type":"WebPage","@id":"https:\/\/paperandkraft.com\/shop\/produit\/faire-part-mariage-windflower\/","url":"https:\/\/paperandkraft.com\/shop\/produit\/faire-part-mariage-windflower\/","name":"Faire-part mariage Fleurs et Oiseaux - Paperandkraft.com","isPartOf":{"@id":"https:\/\/paperandkraft.com\/shop\/#website"},"primaryImageOfPage":{"@id":"https:\/\/paperandkraft.com\/shop\/produit\/faire-part-mariage-windflower\/#primaryimage"},"image":{"@id":"https:\/\/paperandkraft.com\/shop\/produit\/faire-part-mariage-windflower\/#primaryimage"},"thumbnailUrl":"https:\/\/paperandkraft.com\/shop\/wp-content\/uploads\/2020\/03\/faire-part-mariage-ecoresposnable-theme-nature-2.jpg","datePublished":"2015-09-23T08:52:54+00:00","dateModified":"2021-08-11T20:03:55+00:00","description":"Faire-part de mariage th\u00e8me champ\u00eatre chic avec une fleur de pissenlits dont les graines s'envolent et se transforment en oiseaux. Faire-part compos\u00e9 d'une couverture en kraft, 2 feuillets internes en v\u00e9lin blanc une enveloppe kraft et son \u00e9tiquette assortie","breadcrumb":{"@id":"https:\/\/paperandkraft.com\/shop\/produit\/faire-part-mariage-windflower\/#breadcrumb"},"inLanguage":"fr-FR","potentialAction":[{"@type":"ReadAction","target":["https:\/\/paperandkraft.com\/shop\/produit\/faire-part-mariage-windflower\/"]}]},{"@type":"ImageObject","inLanguage":"fr-FR","@id":"https:\/\/paperandkraft.com\/shop\/produit\/faire-part-mariage-windflower\/#primaryimage","url":"https:\/\/paperandkraft.com\/shop\/wp-content\/uploads\/2020\/03\/faire-part-mariage-ecoresposnable-theme-nature-2.jpg","contentUrl":"https:\/\/paperandkraft.com\/shop\/wp-content\/uploads\/2020\/03\/faire-part-mariage-ecoresposnable-theme-nature-2.jpg","width":700,"height":700},{"@type":"BreadcrumbList","@id":"https:\/\/paperandkraft.com\/shop\/produit\/faire-part-mariage-windflower\/#breadcrumb","itemListElement":[{"@type":"ListItem","position":1,"name":"Accueil","item":"https:\/\/paperandkraft.com\/shop\/"},{"@type":"ListItem","position":2,"name":"Boutique","item":"https:\/\/paperandkraft.com\/shop\/boutique\/"},{"@type":"ListItem","position":3,"name":"faire-part part mariage windflower"}]},{"@type":"WebSite","@id":"https:\/\/paperandkraft.com\/shop\/#website","url":"https:\/\/paperandkraft.com\/shop\/","name":"PaperAndKraft","description":"Faire-part de mariage et naissance en papier recycl\u00e9","publisher":{"@id":"https:\/\/paperandkraft.com\/shop\/#organization"},"potentialAction":[{"@type":"SearchAction","target":{"@type":"EntryPoint","urlTemplate":"https:\/\/paperandkraft.com\/shop\/?s={search_term_string}"},"query-input":{"@type":"PropertyValueSpecification","valueRequired":true,"valueName":"search_term_string"}}],"inLanguage":"fr-FR"},{"@type":"Organization","@id":"https:\/\/paperandkraft.com\/shop\/#organization","name":"Paper And Kraft : Faire-Part","url":"https:\/\/paperandkraft.com\/shop\/","logo":{"@type":"ImageObject","inLanguage":"fr-FR","@id":"https:\/\/paperandkraft.com\/shop\/#\/schema\/logo\/image\/","url":"https:\/\/paperandkraft.com\/shop\/wp-content\/uploads\/2020\/03\/logo-2020-noir-1.png","contentUrl":"https:\/\/paperandkraft.com\/shop\/wp-content\/uploads\/2020\/03\/logo-2020-noir-1.png","width":350,"height":76,"caption":"Paper And Kraft : Faire-Part"},"image":{"@id":"https:\/\/paperandkraft.com\/shop\/#\/schema\/logo\/image\/"},"sameAs":["https:\/\/www.facebook.com\/paperandkraft","https:\/\/www.instagram.com\/paper_and_kraft\/","https:\/\/www.pinterest.fr\/paperandkraft\/"]}]},"product_price_amount":"6.00","product_price_currency":"EUR","og_availability":"instock","product_availability":"instock","product_condition":"new"},"_links":{"self":[{"href":"https:\/\/paperandkraft.com\/shop\/wp-json\/wp\/v2\/product\/271","targetHints":{"allow":["GET"]}}],"collection":[{"href":"https:\/\/paperandkraft.com\/shop\/wp-json\/wp\/v2\/product"}],"about":[{"href":"https:\/\/paperandkraft.com\/shop\/wp-json\/wp\/v2\/types\/product"}],"replies":[{"embeddable":true,"href":"https:\/\/paperandkraft.com\/shop\/wp-json\/wp\/v2\/comments?post=271"}],"wp:featuredmedia":[{"embeddable":true,"href":"https:\/\/paperandkraft.com\/shop\/wp-json\/wp\/v2\/media\/16368"}],"wp:attachment":[{"href":"https:\/\/paperandkraft.com\/shop\/wp-json\/wp\/v2\/media?parent=271"}],"wp:term":[{"taxonomy":"product_brand","embeddable":true,"href":"https:\/\/paperandkraft.com\/shop\/wp-json\/wp\/v2\/product_brand?post=271"},{"taxonomy":"product_cat","embeddable":true,"href":"https:\/\/paperandkraft.com\/shop\/wp-json\/wp\/v2\/product_cat?post=271"},{"taxonomy":"product_tag","embeddable":true,"href":"https:\/\/paperandkraft.com\/shop\/wp-json\/wp\/v2\/product_tag?post=271"}],"curies":[{"name":"wp","href":"https:\/\/api.w.org\/{rel}","templated":true}]}}