{"id":264,"date":"2015-09-23T08:48:47","date_gmt":"2015-09-23T08:48:47","guid":{"rendered":"http:\/\/paperandkraft.com\/shop\/?product=transatlantique"},"modified":"2026-05-12T17:31:37","modified_gmt":"2026-05-12T16:31:37","slug":"faire-part-mariage-vintage-theme-voyage","status":"publish","type":"product","link":"https:\/\/paperandkraft.com\/shop\/produit\/faire-part-mariage-vintage-theme-voyage\/","title":{"rendered":"Faire-part mariage Transatlantique"},"content":{"rendered":"<p>Peut-\u00eatre plus simplement vous \u00eates 2 futurs mari\u00e9s qui ne r\u00eavent que d&#8217;une seule chose : s&#8217;\u00e9chapper du trin trin quotidien, m\u00e9tro boulot dodo et partir faire le tour du monde. Ce projet vous le r\u00e9aliserez apr\u00e8s le mariage, pour votre lune de miel. Il est donc \u00e9vident que le th\u00e8me que vous choisirez pour votre mariage sera le th\u00e8me voyage !<\/p>\n<p>Vous et votre conjoint avez d\u00e9j\u00e0 fait le tour du monde et vous avez des souvenirs dignes des plus grands explorateurs ou alors peut \u00eatre que c\u2019est un projet qui vous tient particuli\u00e8rement \u00e0 c\u0153ur.<\/p>\n<p><strong>le mod\u00e8le Transatlantique vous propose une illustration chic et \u00e9l\u00e9gante du tour du monde.\u00a0<\/strong><b>Sur la couverture un magnifique globe terrestre avec une caravelle, c\u00e9l\u00e8bre long courrier des ann\u00e9es 50, <\/b><span style=\"font-size: 14.4px;\"><b>projetant<\/b><\/span><b> son ombre donne le ton !<\/b> \u00a0Les autres pages du faire-part sont bord\u00e9es par les tr\u00e8s connues z\u00e9brures bleues et rouges comme dans les courriers a\u00e9ropostaux de la grande \u00e9poque des explorateurs, <b>ce qui donne un c\u00f4te r\u00e9tro et tr\u00e8s tendance \u00e0 l\u2019annonce de votre mariage.<\/b><\/p>\n<p>Ce faire-part se d\u00e9marquera de tous les autres par la <strong>douceur du papier Kraft<\/strong> utilis\u00e9 pour sa confection. Le<strong> faire-part sera compos\u00e9 d\u2019une couverture et de deux feuillets internes<\/strong>. Si vous voulez ajouter d\u2019autres options tel un coupon r\u00e9ponse, un plan ou bien une liste d\u2019h\u00f4tel. Si les 2 feuillets inclus ne suffisent pas, nous pouvons ajouter des pages suppl\u00e9mentaires.<\/p>\n<p>Chez Paper and Kraft nous nous engageons dans la protection de l\u2019environnement. Par cons\u00e9quent, votre faire-part sera con\u00e7u \u00e0 partir de <strong>papiers 100% recycl\u00e9s <\/strong>que nous choisissons avec soins. Notre d\u00e9marche \u00e9cologique, m\u00eame si elle parait futile nous tient \u00e0 c\u0153ur et nous esp\u00e9rons que comme nous vous opterez pour un mariage th\u00e8me voyage et vert !<\/p>\n","protected":false},"excerpt":{"rendered":"<p style=\"text-align: center;\"><a href=\"https:\/\/paperandkraft.com\/shop\/votre-maquette-mariage-gratuite\/?nom_du_modele=Transatlantique\" target=\"blank\" class=\"button secondary is-secondary is-medium hide-for-small\" >\n\t\t<span>Je demande ma maquette gratuite<\/span>\n\t<\/a>\n\n<a href=\"https:\/\/paperandkraft.com\/shop\/votre-maquette-mariage-gratuite\/?nom_du_modele=Transatlantique\" target=\"_blank\" class=\"button secondary is-medium expand sticky-footer-button show-for-small\" rel=\"noopener\" >\n\t\t<span>Je demande<br \/>\nma maquette gratuite<\/span>\n\t<\/a>\n\n","protected":false},"featured_media":17409,"comment_status":"open","ping_status":"closed","template":"","meta":{"_acf_changed":false,"inline_featured_image":false},"product_brand":[],"product_cat":[230,26,15,16,114],"product_tag":[],"class_list":{"0":"post-264","1":"product","2":"type-product","3":"status-publish","4":"has-post-thumbnail","6":"product_cat-faire-part-creatif-mariage","7":"product_cat-faire-part-mariage-kraft","8":"product_cat-faire-part-mariage-theme-voyage","9":"product_cat-faire-part-mariage-theme-vintage","10":"product_cat-collection-atelier","12":"first","13":"instock","14":"taxable","15":"shipping-taxable","16":"purchasable","17":"product-type-simple"},"acf":[],"yoast_head":"<!-- This site is optimized with the Yoast SEO Premium plugin v24.6 (Yoast SEO v27.5) - https:\/\/yoast.com\/product\/yoast-seo-premium-wordpress\/ -->\n<title>Faire-part mariage Transatlantique - Paperandkraft.com<\/title>\n<meta name=\"description\" content=\"Faire-part de mariage th\u00e8me Voyage et aventure en papier kraft 100% recycl\u00e9. D\u00e9finitivement original, venez d\u00e9couvrir son ambiance r\u00e9tro et son originalit\u00e9 !\" \/>\n<meta name=\"robots\" content=\"index, follow, max-snippet:-1, max-image-preview:large, max-video-preview:-1\" \/>\n<link rel=\"canonical\" href=\"https:\/\/paperandkraft.com\/shop\/produit\/faire-part-mariage-vintage-theme-voyage\/\" \/>\n<meta property=\"og:locale\" content=\"fr_FR\" \/>\n<meta property=\"og:type\" content=\"article\" \/>\n<meta property=\"og:title\" content=\"Faire-part mariage Transatlantique\" \/>\n<meta property=\"og:url\" content=\"https:\/\/paperandkraft.com\/shop\/produit\/faire-part-mariage-vintage-theme-voyage\/\" \/>\n<meta property=\"og:site_name\" content=\"PaperAndKraft\" \/>\n<meta property=\"article:publisher\" content=\"https:\/\/www.facebook.com\/paperandkraft\" \/>\n<meta property=\"article:modified_time\" content=\"2026-05-12T16:31:37+00:00\" \/>\n<meta property=\"og:image\" content=\"https:\/\/paperandkraft.com\/shop\/wp-content\/uploads\/2015\/09\/faire-part-mariage-theme-voyage-en-papier-recycl\u00e9-1.jpg\" \/>\n\t<meta property=\"og:image:width\" content=\"700\" \/>\n\t<meta property=\"og:image:height\" content=\"875\" \/>\n\t<meta property=\"og:image:type\" content=\"image\/jpeg\" \/>\n<meta name=\"twitter:card\" content=\"summary_large_image\" \/>\n<meta name=\"twitter:label1\" content=\"Prix\" \/>\n\t<meta name=\"twitter:data1\" content=\"6.00&euro;\" \/>\n\t<meta name=\"twitter:label2\" content=\"Disponibilit\u00e9\" \/>\n\t<meta name=\"twitter:data2\" content=\"En stock\" \/>\n<meta property=\"product:price:amount\" content=\"6.00\" \/>\n<meta property=\"product:price:currency\" content=\"EUR\" \/>\n<meta property=\"og:availability\" content=\"instock\" \/>\n<meta property=\"product:availability\" content=\"instock\" \/>\n<meta property=\"product:condition\" content=\"new\" \/>\n<!-- \/ Yoast SEO Premium plugin. -->","yoast_head_json":{"title":"Faire-part mariage Transatlantique - Paperandkraft.com","description":"Faire-part de mariage th\u00e8me Voyage et aventure en papier kraft 100% recycl\u00e9. D\u00e9finitivement original, venez d\u00e9couvrir son ambiance r\u00e9tro et son originalit\u00e9 !","robots":{"index":"index","follow":"follow","max-snippet":"max-snippet:-1","max-image-preview":"max-image-preview:large","max-video-preview":"max-video-preview:-1"},"canonical":"https:\/\/paperandkraft.com\/shop\/produit\/faire-part-mariage-vintage-theme-voyage\/","og_locale":"fr_FR","og_type":"article","og_title":"Faire-part mariage Transatlantique","og_url":"https:\/\/paperandkraft.com\/shop\/produit\/faire-part-mariage-vintage-theme-voyage\/","og_site_name":"PaperAndKraft","article_publisher":"https:\/\/www.facebook.com\/paperandkraft","article_modified_time":"2026-05-12T16:31:37+00:00","og_image":[{"width":700,"height":875,"url":"https:\/\/paperandkraft.com\/shop\/wp-content\/uploads\/2015\/09\/faire-part-mariage-theme-voyage-en-papier-recycl\u00e9-1.jpg","type":"image\/jpeg"}],"twitter_card":"summary_large_image","twitter_misc":{"Prix":"6.00&euro;","Disponibilit\u00e9":"En stock"},"schema":{"@context":"https:\/\/schema.org","@graph":[{"@type":"WebPage","@id":"https:\/\/paperandkraft.com\/shop\/produit\/faire-part-mariage-vintage-theme-voyage\/","url":"https:\/\/paperandkraft.com\/shop\/produit\/faire-part-mariage-vintage-theme-voyage\/","name":"Faire-part mariage Transatlantique - Paperandkraft.com","isPartOf":{"@id":"https:\/\/paperandkraft.com\/shop\/#website"},"primaryImageOfPage":{"@id":"https:\/\/paperandkraft.com\/shop\/produit\/faire-part-mariage-vintage-theme-voyage\/#primaryimage"},"image":{"@id":"https:\/\/paperandkraft.com\/shop\/produit\/faire-part-mariage-vintage-theme-voyage\/#primaryimage"},"thumbnailUrl":"https:\/\/paperandkraft.com\/shop\/wp-content\/uploads\/2015\/09\/faire-part-mariage-theme-voyage-en-papier-recycl\u00e9-1.jpg","datePublished":"2015-09-23T08:48:47+00:00","dateModified":"2026-05-12T16:31:37+00:00","description":"Faire-part de mariage th\u00e8me Voyage et aventure en papier kraft 100% recycl\u00e9. D\u00e9finitivement original, venez d\u00e9couvrir son ambiance r\u00e9tro et son originalit\u00e9 !","breadcrumb":{"@id":"https:\/\/paperandkraft.com\/shop\/produit\/faire-part-mariage-vintage-theme-voyage\/#breadcrumb"},"inLanguage":"fr-FR","potentialAction":[{"@type":"ReadAction","target":["https:\/\/paperandkraft.com\/shop\/produit\/faire-part-mariage-vintage-theme-voyage\/"]}]},{"@type":"ImageObject","inLanguage":"fr-FR","@id":"https:\/\/paperandkraft.com\/shop\/produit\/faire-part-mariage-vintage-theme-voyage\/#primaryimage","url":"https:\/\/paperandkraft.com\/shop\/wp-content\/uploads\/2015\/09\/faire-part-mariage-theme-voyage-en-papier-recycl\u00e9-1.jpg","contentUrl":"https:\/\/paperandkraft.com\/shop\/wp-content\/uploads\/2015\/09\/faire-part-mariage-theme-voyage-en-papier-recycl\u00e9-1.jpg","width":700,"height":875,"caption":"faire-par tde mariage kraft theme voyage"},{"@type":"BreadcrumbList","@id":"https:\/\/paperandkraft.com\/shop\/produit\/faire-part-mariage-vintage-theme-voyage\/#breadcrumb","itemListElement":[{"@type":"ListItem","position":1,"name":"Accueil","item":"https:\/\/paperandkraft.com\/shop\/"},{"@type":"ListItem","position":2,"name":"Boutique","item":"https:\/\/paperandkraft.com\/shop\/boutique\/"},{"@type":"ListItem","position":3,"name":"Faire-part mariage Transatlantique"}]},{"@type":"WebSite","@id":"https:\/\/paperandkraft.com\/shop\/#website","url":"https:\/\/paperandkraft.com\/shop\/","name":"PaperAndKraft","description":"Faire-part de mariage et naissance en papier recycl\u00e9","publisher":{"@id":"https:\/\/paperandkraft.com\/shop\/#organization"},"potentialAction":[{"@type":"SearchAction","target":{"@type":"EntryPoint","urlTemplate":"https:\/\/paperandkraft.com\/shop\/?s={search_term_string}"},"query-input":{"@type":"PropertyValueSpecification","valueRequired":true,"valueName":"search_term_string"}}],"inLanguage":"fr-FR"},{"@type":"Organization","@id":"https:\/\/paperandkraft.com\/shop\/#organization","name":"Paper And Kraft : Faire-Part","url":"https:\/\/paperandkraft.com\/shop\/","logo":{"@type":"ImageObject","inLanguage":"fr-FR","@id":"https:\/\/paperandkraft.com\/shop\/#\/schema\/logo\/image\/","url":"https:\/\/paperandkraft.com\/shop\/wp-content\/uploads\/2020\/03\/logo-2020-noir-1.png","contentUrl":"https:\/\/paperandkraft.com\/shop\/wp-content\/uploads\/2020\/03\/logo-2020-noir-1.png","width":350,"height":76,"caption":"Paper And Kraft : Faire-Part"},"image":{"@id":"https:\/\/paperandkraft.com\/shop\/#\/schema\/logo\/image\/"},"sameAs":["https:\/\/www.facebook.com\/paperandkraft","https:\/\/www.instagram.com\/paper_and_kraft\/","https:\/\/www.pinterest.fr\/paperandkraft\/"]}]},"product_price_amount":"6.00","product_price_currency":"EUR","og_availability":"instock","product_availability":"instock","product_condition":"new"},"_links":{"self":[{"href":"https:\/\/paperandkraft.com\/shop\/wp-json\/wp\/v2\/product\/264","targetHints":{"allow":["GET"]}}],"collection":[{"href":"https:\/\/paperandkraft.com\/shop\/wp-json\/wp\/v2\/product"}],"about":[{"href":"https:\/\/paperandkraft.com\/shop\/wp-json\/wp\/v2\/types\/product"}],"replies":[{"embeddable":true,"href":"https:\/\/paperandkraft.com\/shop\/wp-json\/wp\/v2\/comments?post=264"}],"wp:featuredmedia":[{"embeddable":true,"href":"https:\/\/paperandkraft.com\/shop\/wp-json\/wp\/v2\/media\/17409"}],"wp:attachment":[{"href":"https:\/\/paperandkraft.com\/shop\/wp-json\/wp\/v2\/media?parent=264"}],"wp:term":[{"taxonomy":"product_brand","embeddable":true,"href":"https:\/\/paperandkraft.com\/shop\/wp-json\/wp\/v2\/product_brand?post=264"},{"taxonomy":"product_cat","embeddable":true,"href":"https:\/\/paperandkraft.com\/shop\/wp-json\/wp\/v2\/product_cat?post=264"},{"taxonomy":"product_tag","embeddable":true,"href":"https:\/\/paperandkraft.com\/shop\/wp-json\/wp\/v2\/product_tag?post=264"}],"curies":[{"name":"wp","href":"https:\/\/api.w.org\/{rel}","templated":true}]}}