{"id":2604,"date":"2017-12-19T17:51:07","date_gmt":"2017-12-19T17:51:07","guid":{"rendered":"https:\/\/paperandkraft.com\/shop\/?post_type=product&#038;p=2604"},"modified":"2024-10-23T15:07:35","modified_gmt":"2024-10-23T14:07:35","slug":"faire-part-mariage-greennery","status":"publish","type":"product","link":"https:\/\/paperandkraft.com\/shop\/produit\/faire-part-mariage-greennery\/","title":{"rendered":"faire-part mariage Greenery"},"content":{"rendered":"<p>Notre \u00e9quipe de graphiste talentueux vous proposera une mise en page soign\u00e9e selon vos go\u00fbts. Ce faire-part de mariage champ\u00eatre chic est livr\u00e9 avec son enveloppe kraft.<\/p>\n<p>Dans le m\u00eame th\u00e8me vous pouvez commander les invitations pour le cocktail, pour le d\u00eener, pour le menu et les cartons r\u00e9ponses.<\/p>\n<p>A personnaliser selon vos envies<\/p>\n","protected":false},"excerpt":{"rendered":"<p>Faire-part de mariage th\u00e8me floral minimaliste imprim\u00e9 sur du papier v\u00e9lin recycl\u00e9. Compos\u00e9 d une carte simple illustr\u00e9e recto verso avec des de fines branches d\u2019eucalyptus pastelles. Sur le recto les pr\u00e9noms des futurs mari\u00e9s sont enlac\u00e9 dans la feuilles ce qui donne un effet de profondeur bluffant. travaill\u00e9e avec une typographie tr\u00e8s \u00e9l\u00e9gante ils invitent le destinataire de ce pr\u00e9cieux message \u00e0 retourner le carton pour d\u00e9couvrir l&#8217;annonce du mariage dans une mise ne page sobre et chic.<\/p>\n<p>&nbsp;<\/p>\n<p style=\"text-align: center;\"><div class=\"container section-title-container\" ><h3 class=\"section-title section-title-center\"><b aria-hidden=\"true\"><\/b><span class=\"section-title-main\" >TARIFS<\/span><b aria-hidden=\"true\"><\/b><\/h3><\/div>\n<div class=\"ywdpd-table-discounts-wrapper-sh\"><table id=\"ywdpd-table-discounts\" class=\"horizontal\">\n\t\t\t<tr class=\"quantity_row\">\n\t\t\t<th>Quantiti\u00e9<\/th>\n\t\t\t\t\t\t\t<td class=\"qty-info\" data-qtymin=\"1\"\n\t\t\t\t\tdata-qtymax=\"20\">\n\t\t\t\t\t1-20\n\t\t\t\t<\/td>\n\t\t\t\t\t\t\t<td class=\"qty-info\" data-qtymin=\"21\"\n\t\t\t\t\tdata-qtymax=\"30\">\n\t\t\t\t\t21-30\n\t\t\t\t<\/td>\n\t\t\t\t\t\t\t<td class=\"qty-info\" data-qtymin=\"41\"\n\t\t\t\t\tdata-qtymax=\"50\">\n\t\t\t\t\t41-50\n\t\t\t\t<\/td>\n\t\t\t\t\t\t\t<td class=\"qty-info\" data-qtymin=\"51\"\n\t\t\t\t\tdata-qtymax=\"60\">\n\t\t\t\t\t51-60\n\t\t\t\t<\/td>\n\t\t\t\t\t\t\t<td class=\"qty-info\" data-qtymin=\"61\"\n\t\t\t\t\tdata-qtymax=\"70\">\n\t\t\t\t\t61-70\n\t\t\t\t<\/td>\n\t\t\t\t\t\t\t<td class=\"qty-info\" data-qtymin=\"71\"\n\t\t\t\t\tdata-qtymax=\"80\">\n\t\t\t\t\t71-80\n\t\t\t\t<\/td>\n\t\t\t\t\t\t\t<td class=\"qty-info\" data-qtymin=\"81\"\n\t\t\t\t\tdata-qtymax=\"90\">\n\t\t\t\t\t81-90\n\t\t\t\t<\/td>\n\t\t\t\t\t\t\t<td class=\"qty-info\" data-qtymin=\"91\"\n\t\t\t\t\tdata-qtymax=\"100\">\n\t\t\t\t\t91-100\n\t\t\t\t<\/td>\n\t\t\t\t\t\t\t<td class=\"qty-info\" data-qtymin=\"101\"\n\t\t\t\t\tdata-qtymax=\"110\">\n\t\t\t\t\t101-110\n\t\t\t\t<\/td>\n\t\t\t\t\t\t\t<td class=\"qty-info\" data-qtymin=\"111\"\n\t\t\t\t\tdata-qtymax=\"120\">\n\t\t\t\t\t111-120\n\t\t\t\t<\/td>\n\t\t\t\t\t\t\t<td class=\"qty-info\" data-qtymin=\"121\"\n\t\t\t\t\tdata-qtymax=\"130\">\n\t\t\t\t\t121-130\n\t\t\t\t<\/td>\n\t\t\t\t\t\t\t<td class=\"qty-info\" data-qtymin=\"131\"\n\t\t\t\t\tdata-qtymax=\"140\">\n\t\t\t\t\t131-140\n\t\t\t\t<\/td>\n\t\t\t\t\t\t\t<td class=\"qty-info\" data-qtymin=\"141\"\n\t\t\t\t\tdata-qtymax=\"150\">\n\t\t\t\t\t141-150\n\t\t\t\t<\/td>\n\t\t\t\t\t\t\t<td class=\"qty-info\" data-qtymin=\"151\"\n\t\t\t\t\tdata-qtymax=\"160\">\n\t\t\t\t\t151-160\n\t\t\t\t<\/td>\n\t\t\t\t\t\t\t<td class=\"qty-info\" data-qtymin=\"161\"\n\t\t\t\t\tdata-qtymax=\"170\">\n\t\t\t\t\t161-170\n\t\t\t\t<\/td>\n\t\t\t\t\t\t\t<td class=\"qty-info\" data-qtymin=\"31\"\n\t\t\t\t\tdata-qtymax=\"40\">\n\t\t\t\t\t31-40\n\t\t\t\t<\/td>\n\t\t\t\t\t\t\t<td class=\"qty-info\" data-qtymin=\"171\"\n\t\t\t\t\tdata-qtymax=\"180\">\n\t\t\t\t\t171-180\n\t\t\t\t<\/td>\n\t\t\t\t\t\t\t<td class=\"qty-info\" data-qtymin=\"181\"\n\t\t\t\t\tdata-qtymax=\"190\">\n\t\t\t\t\t181-190\n\t\t\t\t<\/td>\n\t\t\t\t\t\t\t<td class=\"qty-info\" data-qtymin=\"191\"\n\t\t\t\t\tdata-qtymax=\"200\">\n\t\t\t\t\t191-200\n\t\t\t\t<\/td>\n\t\t\t\t\t\t\t<td class=\"qty-info\" data-qtymin=\"201\"\n\t\t\t\t\tdata-qtymax=\"230\">\n\t\t\t\t\t201-230\n\t\t\t\t<\/td>\n\t\t\t\t\t\t\t<td class=\"qty-info\" data-qtymin=\"231\"\n\t\t\t\t\tdata-qtymax=\"*\">\n\t\t\t\t\t231+\n\t\t\t\t<\/td>\n\t\t\t\t\t<\/tr>\n\t\t<tr class=\"price_row\">\n\t\t\t<th>Prix<\/th>\n\t\t\t\t\t\t\t<td data-qtymin=\"1\"\n\t\t\t\t\tdata-qtymax=\"20\"\n\t\t\t\t\tclass=\"qty-price-info\"><span class=\"woocommerce-Price-amount amount\"><bdi>4.00<span class=\"woocommerce-Price-currencySymbol\">&euro;<\/span><\/bdi><\/span>\t\t\t\t<\/td>\n\t\t\t\t\t\t\t<td data-qtymin=\"21\"\n\t\t\t\t\tdata-qtymax=\"30\"\n\t\t\t\t\tclass=\"qty-price-info\"><span class=\"woocommerce-Price-amount amount\"><bdi>3.00<span class=\"woocommerce-Price-currencySymbol\">&euro;<\/span><\/bdi><\/span>\t\t\t\t<\/td>\n\t\t\t\t\t\t\t<td data-qtymin=\"41\"\n\t\t\t\t\tdata-qtymax=\"50\"\n\t\t\t\t\tclass=\"qty-price-info\"><span class=\"woocommerce-Price-amount amount\"><bdi>2.90<span class=\"woocommerce-Price-currencySymbol\">&euro;<\/span><\/bdi><\/span>\t\t\t\t<\/td>\n\t\t\t\t\t\t\t<td data-qtymin=\"51\"\n\t\t\t\t\tdata-qtymax=\"60\"\n\t\t\t\t\tclass=\"qty-price-info\"><span class=\"woocommerce-Price-amount amount\"><bdi>2.80<span class=\"woocommerce-Price-currencySymbol\">&euro;<\/span><\/bdi><\/span>\t\t\t\t<\/td>\n\t\t\t\t\t\t\t<td data-qtymin=\"61\"\n\t\t\t\t\tdata-qtymax=\"70\"\n\t\t\t\t\tclass=\"qty-price-info\"><span class=\"woocommerce-Price-amount amount\"><bdi>2.70<span class=\"woocommerce-Price-currencySymbol\">&euro;<\/span><\/bdi><\/span>\t\t\t\t<\/td>\n\t\t\t\t\t\t\t<td data-qtymin=\"71\"\n\t\t\t\t\tdata-qtymax=\"80\"\n\t\t\t\t\tclass=\"qty-price-info\"><span class=\"woocommerce-Price-amount amount\"><bdi>2.60<span class=\"woocommerce-Price-currencySymbol\">&euro;<\/span><\/bdi><\/span>\t\t\t\t<\/td>\n\t\t\t\t\t\t\t<td data-qtymin=\"81\"\n\t\t\t\t\tdata-qtymax=\"90\"\n\t\t\t\t\tclass=\"qty-price-info\"><span class=\"woocommerce-Price-amount amount\"><bdi>2.50<span class=\"woocommerce-Price-currencySymbol\">&euro;<\/span><\/bdi><\/span>\t\t\t\t<\/td>\n\t\t\t\t\t\t\t<td data-qtymin=\"91\"\n\t\t\t\t\tdata-qtymax=\"100\"\n\t\t\t\t\tclass=\"qty-price-info\"><span class=\"woocommerce-Price-amount amount\"><bdi>2.50<span class=\"woocommerce-Price-currencySymbol\">&euro;<\/span><\/bdi><\/span>\t\t\t\t<\/td>\n\t\t\t\t\t\t\t<td data-qtymin=\"101\"\n\t\t\t\t\tdata-qtymax=\"110\"\n\t\t\t\t\tclass=\"qty-price-info\"><span class=\"woocommerce-Price-amount amount\"><bdi>2.50<span class=\"woocommerce-Price-currencySymbol\">&euro;<\/span><\/bdi><\/span>\t\t\t\t<\/td>\n\t\t\t\t\t\t\t<td data-qtymin=\"111\"\n\t\t\t\t\tdata-qtymax=\"120\"\n\t\t\t\t\tclass=\"qty-price-info\"><span class=\"woocommerce-Price-amount amount\"><bdi>2.50<span class=\"woocommerce-Price-currencySymbol\">&euro;<\/span><\/bdi><\/span>\t\t\t\t<\/td>\n\t\t\t\t\t\t\t<td data-qtymin=\"121\"\n\t\t\t\t\tdata-qtymax=\"130\"\n\t\t\t\t\tclass=\"qty-price-info\"><span class=\"woocommerce-Price-amount amount\"><bdi>2.40<span class=\"woocommerce-Price-currencySymbol\">&euro;<\/span><\/bdi><\/span>\t\t\t\t<\/td>\n\t\t\t\t\t\t\t<td data-qtymin=\"131\"\n\t\t\t\t\tdata-qtymax=\"140\"\n\t\t\t\t\tclass=\"qty-price-info\"><span class=\"woocommerce-Price-amount amount\"><bdi>2.30<span class=\"woocommerce-Price-currencySymbol\">&euro;<\/span><\/bdi><\/span>\t\t\t\t<\/td>\n\t\t\t\t\t\t\t<td data-qtymin=\"141\"\n\t\t\t\t\tdata-qtymax=\"150\"\n\t\t\t\t\tclass=\"qty-price-info\"><span class=\"woocommerce-Price-amount amount\"><bdi>2.20<span class=\"woocommerce-Price-currencySymbol\">&euro;<\/span><\/bdi><\/span>\t\t\t\t<\/td>\n\t\t\t\t\t\t\t<td data-qtymin=\"151\"\n\t\t\t\t\tdata-qtymax=\"160\"\n\t\t\t\t\tclass=\"qty-price-info\"><span class=\"woocommerce-Price-amount amount\"><bdi>2.10<span class=\"woocommerce-Price-currencySymbol\">&euro;<\/span><\/bdi><\/span>\t\t\t\t<\/td>\n\t\t\t\t\t\t\t<td data-qtymin=\"161\"\n\t\t\t\t\tdata-qtymax=\"170\"\n\t\t\t\t\tclass=\"qty-price-info\"><span class=\"woocommerce-Price-amount amount\"><bdi>2.00<span class=\"woocommerce-Price-currencySymbol\">&euro;<\/span><\/bdi><\/span>\t\t\t\t<\/td>\n\t\t\t\t\t\t\t<td data-qtymin=\"31\"\n\t\t\t\t\tdata-qtymax=\"40\"\n\t\t\t\t\tclass=\"qty-price-info\"><span class=\"woocommerce-Price-amount amount\"><bdi>2.90<span class=\"woocommerce-Price-currencySymbol\">&euro;<\/span><\/bdi><\/span>\t\t\t\t<\/td>\n\t\t\t\t\t\t\t<td data-qtymin=\"171\"\n\t\t\t\t\tdata-qtymax=\"180\"\n\t\t\t\t\tclass=\"qty-price-info\"><span class=\"woocommerce-Price-amount amount\"><bdi>1.90<span class=\"woocommerce-Price-currencySymbol\">&euro;<\/span><\/bdi><\/span>\t\t\t\t<\/td>\n\t\t\t\t\t\t\t<td data-qtymin=\"181\"\n\t\t\t\t\tdata-qtymax=\"190\"\n\t\t\t\t\tclass=\"qty-price-info\"><span class=\"woocommerce-Price-amount amount\"><bdi>1.85<span class=\"woocommerce-Price-currencySymbol\">&euro;<\/span><\/bdi><\/span>\t\t\t\t<\/td>\n\t\t\t\t\t\t\t<td data-qtymin=\"191\"\n\t\t\t\t\tdata-qtymax=\"200\"\n\t\t\t\t\tclass=\"qty-price-info\"><span class=\"woocommerce-Price-amount amount\"><bdi>1.70<span class=\"woocommerce-Price-currencySymbol\">&euro;<\/span><\/bdi><\/span>\t\t\t\t<\/td>\n\t\t\t\t\t\t\t<td data-qtymin=\"201\"\n\t\t\t\t\tdata-qtymax=\"230\"\n\t\t\t\t\tclass=\"qty-price-info\"><span class=\"woocommerce-Price-amount amount\"><bdi>1.65<span class=\"woocommerce-Price-currencySymbol\">&euro;<\/span><\/bdi><\/span>\t\t\t\t<\/td>\n\t\t\t\t\t\t\t<td data-qtymin=\"231\"\n\t\t\t\t\tdata-qtymax=\"*\"\n\t\t\t\t\tclass=\"qty-price-info\"><span class=\"woocommerce-Price-amount amount\"><bdi>1.60<span class=\"woocommerce-Price-currencySymbol\">&euro;<\/span><\/bdi><\/span>\t\t\t\t<\/td>\n\t\t\t\t\t<\/tr>\n\t<\/table>\n\n\n<\/div>\n<div class=\"row\"  id=\"row-594726495\">\n\n\n\t<div id=\"col-541168556\" class=\"col medium-4 small-12 large-4\"  >\n\t\t\t\t<div class=\"col-inner\"  >\n\t\t\t\n\t\t\t\n\n\n\t\t<\/div>\n\t\t\t\t\t<\/div>\n\n\t\n\n\t<div id=\"col-174420558\" class=\"col medium-4 small-12 large-4\"  >\n\t\t\t\t<div class=\"col-inner text-center\"  >\n\t\t\t\n\t\t\t\n\n<a href=\"https:\/\/paperandkraft.com\/shop\/votre-maquette-mariage-gratuite\/\" class=\"button white\" style=\"border-radius:8px;\">\n\t\t<span>DEmandez votre Maquette Gratuite<\/span>\n\t<\/a>\n\n\n\n\t\t<\/div>\n\t\t\t\t\t<\/div>\n\n\t\n\n\t<div id=\"col-2090165468\" class=\"col medium-4 small-12 large-4\"  >\n\t\t\t\t<div class=\"col-inner\"  >\n\t\t\t\n\t\t\t\n\n\n\t\t<\/div>\n\t\t\t\t\t<\/div>\n\n\t\n\n<\/div>\n","protected":false},"featured_media":16622,"comment_status":"open","ping_status":"closed","template":"","meta":{"_acf_changed":false,"inline_featured_image":false},"product_brand":[],"product_cat":[230,227,228,14,114],"product_tag":[],"class_list":{"0":"post-2604","1":"product","2":"type-product","3":"status-publish","4":"has-post-thumbnail","6":"product_cat-faire-part-creatif-mariage","7":"product_cat-faire-part-mariage-boheme","8":"product_cat-faire-part-mariage-nature","9":"product_cat-faire-part-mariage-theme-champetre","10":"product_cat-collection-atelier","12":"first","13":"instock","14":"taxable","15":"shipping-taxable","16":"purchasable","17":"product-type-simple"},"acf":[],"yoast_head":"<!-- This site is optimized with the Yoast SEO Premium plugin v24.6 (Yoast SEO v27.2) - https:\/\/yoast.com\/product\/yoast-seo-premium-wordpress\/ -->\n<title>Faire-part mariage th\u00e8me floral Greenery - Paperandkraft.com<\/title>\n<meta name=\"description\" content=\"Faire-part de mariage minimaliste avec de simples branches d&#039;eucalyptus, en papier recycl\u00e9 aux couleurs florales jouent avec les pr\u00e9noms\" \/>\n<meta name=\"robots\" content=\"index, follow, max-snippet:-1, max-image-preview:large, max-video-preview:-1\" \/>\n<link rel=\"canonical\" href=\"https:\/\/paperandkraft.com\/shop\/produit\/faire-part-mariage-greennery\/\" \/>\n<meta property=\"og:locale\" content=\"fr_FR\" \/>\n<meta property=\"og:type\" content=\"article\" \/>\n<meta property=\"og:title\" content=\"faire-part mariage Greenery\" \/>\n<meta property=\"og:description\" content=\"Faire-part de mariage th\u00e8me floral minimaliste imprim\u00e9 sur du papier v\u00e9lin recycl\u00e9. Compos\u00e9 d une carte simple illustr\u00e9e recto verso avec des de fines branches d\u2019eucalyptus pastelles. Sur le recto les pr\u00e9noms des futurs mari\u00e9s sont enlac\u00e9 dans la feuilles ce qui donne un effet de profondeur bluffant. travaill\u00e9e avec une typographie tr\u00e8s \u00e9l\u00e9gante ils invitent le destinataire de ce pr\u00e9cieux message \u00e0 retourner le carton pour d\u00e9couvrir l&#039;annonce du mariage dans une mise ne page sobre et chic.  &nbsp;\" \/>\n<meta property=\"og:url\" content=\"https:\/\/paperandkraft.com\/shop\/produit\/faire-part-mariage-greennery\/\" \/>\n<meta property=\"og:site_name\" content=\"PaperAndKraft\" \/>\n<meta property=\"article:publisher\" content=\"https:\/\/www.facebook.com\/paperandkraft\" \/>\n<meta property=\"article:modified_time\" content=\"2024-10-23T14:07:35+00:00\" \/>\n<meta property=\"og:image\" content=\"https:\/\/paperandkraft.com\/shop\/wp-content\/uploads\/2020\/03\/faire-part-green.jpg\" \/>\n\t<meta property=\"og:image:width\" content=\"894\" \/>\n\t<meta property=\"og:image:height\" content=\"717\" \/>\n\t<meta property=\"og:image:type\" content=\"image\/jpeg\" \/>\n<meta name=\"twitter:card\" content=\"summary_large_image\" \/>\n<meta name=\"twitter:label1\" content=\"Prix\" \/>\n\t<meta name=\"twitter:data1\" content=\"2.50&euro;\" \/>\n\t<meta name=\"twitter:label2\" content=\"Disponibilit\u00e9\" \/>\n\t<meta name=\"twitter:data2\" content=\"En stock\" \/>\n<meta property=\"product:price:amount\" content=\"2.50\" \/>\n<meta property=\"product:price:currency\" content=\"EUR\" \/>\n<meta property=\"og:availability\" content=\"instock\" \/>\n<meta property=\"product:availability\" content=\"instock\" \/>\n<meta property=\"product:condition\" content=\"new\" \/>\n<!-- \/ Yoast SEO Premium plugin. -->","yoast_head_json":{"title":"Faire-part mariage th\u00e8me floral Greenery - Paperandkraft.com","description":"Faire-part de mariage minimaliste avec de simples branches d'eucalyptus, en papier recycl\u00e9 aux couleurs florales jouent avec les pr\u00e9noms","robots":{"index":"index","follow":"follow","max-snippet":"max-snippet:-1","max-image-preview":"max-image-preview:large","max-video-preview":"max-video-preview:-1"},"canonical":"https:\/\/paperandkraft.com\/shop\/produit\/faire-part-mariage-greennery\/","og_locale":"fr_FR","og_type":"article","og_title":"faire-part mariage Greenery","og_description":"Faire-part de mariage th\u00e8me floral minimaliste imprim\u00e9 sur du papier v\u00e9lin recycl\u00e9. Compos\u00e9 d une carte simple illustr\u00e9e recto verso avec des de fines branches d\u2019eucalyptus pastelles. Sur le recto les pr\u00e9noms des futurs mari\u00e9s sont enlac\u00e9 dans la feuilles ce qui donne un effet de profondeur bluffant. travaill\u00e9e avec une typographie tr\u00e8s \u00e9l\u00e9gante ils invitent le destinataire de ce pr\u00e9cieux message \u00e0 retourner le carton pour d\u00e9couvrir l'annonce du mariage dans une mise ne page sobre et chic.  &nbsp;","og_url":"https:\/\/paperandkraft.com\/shop\/produit\/faire-part-mariage-greennery\/","og_site_name":"PaperAndKraft","article_publisher":"https:\/\/www.facebook.com\/paperandkraft","article_modified_time":"2024-10-23T14:07:35+00:00","og_image":[{"width":894,"height":717,"url":"https:\/\/paperandkraft.com\/shop\/wp-content\/uploads\/2020\/03\/faire-part-green.jpg","type":"image\/jpeg"}],"twitter_card":"summary_large_image","twitter_misc":{"Prix":"2.50&euro;","Disponibilit\u00e9":"En stock"},"schema":{"@context":"https:\/\/schema.org","@graph":[{"@type":"WebPage","@id":"https:\/\/paperandkraft.com\/shop\/produit\/faire-part-mariage-greennery\/","url":"https:\/\/paperandkraft.com\/shop\/produit\/faire-part-mariage-greennery\/","name":"Faire-part mariage th\u00e8me floral Greenery - Paperandkraft.com","isPartOf":{"@id":"https:\/\/paperandkraft.com\/shop\/#website"},"primaryImageOfPage":{"@id":"https:\/\/paperandkraft.com\/shop\/produit\/faire-part-mariage-greennery\/#primaryimage"},"image":{"@id":"https:\/\/paperandkraft.com\/shop\/produit\/faire-part-mariage-greennery\/#primaryimage"},"thumbnailUrl":"https:\/\/paperandkraft.com\/shop\/wp-content\/uploads\/2020\/03\/faire-part-green.jpg","datePublished":"2017-12-19T17:51:07+00:00","dateModified":"2024-10-23T14:07:35+00:00","description":"Faire-part de mariage minimaliste avec de simples branches d'eucalyptus, en papier recycl\u00e9 aux couleurs florales jouent avec les pr\u00e9noms","breadcrumb":{"@id":"https:\/\/paperandkraft.com\/shop\/produit\/faire-part-mariage-greennery\/#breadcrumb"},"inLanguage":"fr-FR","potentialAction":[{"@type":"ReadAction","target":["https:\/\/paperandkraft.com\/shop\/produit\/faire-part-mariage-greennery\/"]}]},{"@type":"ImageObject","inLanguage":"fr-FR","@id":"https:\/\/paperandkraft.com\/shop\/produit\/faire-part-mariage-greennery\/#primaryimage","url":"https:\/\/paperandkraft.com\/shop\/wp-content\/uploads\/2020\/03\/faire-part-green.jpg","contentUrl":"https:\/\/paperandkraft.com\/shop\/wp-content\/uploads\/2020\/03\/faire-part-green.jpg","width":894,"height":717},{"@type":"BreadcrumbList","@id":"https:\/\/paperandkraft.com\/shop\/produit\/faire-part-mariage-greennery\/#breadcrumb","itemListElement":[{"@type":"ListItem","position":1,"name":"Accueil","item":"https:\/\/paperandkraft.com\/shop\/"},{"@type":"ListItem","position":2,"name":"Boutique","item":"https:\/\/paperandkraft.com\/shop\/boutique\/"},{"@type":"ListItem","position":3,"name":"faire-part mariage Greenery"}]},{"@type":"WebSite","@id":"https:\/\/paperandkraft.com\/shop\/#website","url":"https:\/\/paperandkraft.com\/shop\/","name":"PaperAndKraft","description":"Faire-part de mariage et naissance en papier recycl\u00e9","publisher":{"@id":"https:\/\/paperandkraft.com\/shop\/#organization"},"potentialAction":[{"@type":"SearchAction","target":{"@type":"EntryPoint","urlTemplate":"https:\/\/paperandkraft.com\/shop\/?s={search_term_string}"},"query-input":{"@type":"PropertyValueSpecification","valueRequired":true,"valueName":"search_term_string"}}],"inLanguage":"fr-FR"},{"@type":"Organization","@id":"https:\/\/paperandkraft.com\/shop\/#organization","name":"Paper And Kraft : Faire-Part","url":"https:\/\/paperandkraft.com\/shop\/","logo":{"@type":"ImageObject","inLanguage":"fr-FR","@id":"https:\/\/paperandkraft.com\/shop\/#\/schema\/logo\/image\/","url":"https:\/\/paperandkraft.com\/shop\/wp-content\/uploads\/2020\/03\/logo-2020-noir-1.png","contentUrl":"https:\/\/paperandkraft.com\/shop\/wp-content\/uploads\/2020\/03\/logo-2020-noir-1.png","width":350,"height":76,"caption":"Paper And Kraft : Faire-Part"},"image":{"@id":"https:\/\/paperandkraft.com\/shop\/#\/schema\/logo\/image\/"},"sameAs":["https:\/\/www.facebook.com\/paperandkraft","https:\/\/www.instagram.com\/paper_and_kraft\/","https:\/\/www.pinterest.fr\/paperandkraft\/"]}]},"product_price_amount":"2.50","product_price_currency":"EUR","og_availability":"instock","product_availability":"instock","product_condition":"new"},"_links":{"self":[{"href":"https:\/\/paperandkraft.com\/shop\/wp-json\/wp\/v2\/product\/2604","targetHints":{"allow":["GET"]}}],"collection":[{"href":"https:\/\/paperandkraft.com\/shop\/wp-json\/wp\/v2\/product"}],"about":[{"href":"https:\/\/paperandkraft.com\/shop\/wp-json\/wp\/v2\/types\/product"}],"replies":[{"embeddable":true,"href":"https:\/\/paperandkraft.com\/shop\/wp-json\/wp\/v2\/comments?post=2604"}],"wp:featuredmedia":[{"embeddable":true,"href":"https:\/\/paperandkraft.com\/shop\/wp-json\/wp\/v2\/media\/16622"}],"wp:attachment":[{"href":"https:\/\/paperandkraft.com\/shop\/wp-json\/wp\/v2\/media?parent=2604"}],"wp:term":[{"taxonomy":"product_brand","embeddable":true,"href":"https:\/\/paperandkraft.com\/shop\/wp-json\/wp\/v2\/product_brand?post=2604"},{"taxonomy":"product_cat","embeddable":true,"href":"https:\/\/paperandkraft.com\/shop\/wp-json\/wp\/v2\/product_cat?post=2604"},{"taxonomy":"product_tag","embeddable":true,"href":"https:\/\/paperandkraft.com\/shop\/wp-json\/wp\/v2\/product_tag?post=2604"}],"curies":[{"name":"wp","href":"https:\/\/api.w.org\/{rel}","templated":true}]}}