{"id":2581,"date":"2018-08-13T18:23:15","date_gmt":"2018-08-13T18:23:15","guid":{"rendered":"https:\/\/paperandkraft.com\/shop\/?post_type=product&#038;p=2581"},"modified":"2024-03-16T00:24:25","modified_gmt":"2024-03-15T23:24:25","slug":"faire-part-leonard-le-renard","status":"publish","type":"product","link":"https:\/\/paperandkraft.com\/shop\/produit\/faire-part-leonard-le-renard\/","title":{"rendered":"Leonard le renard"},"content":{"rendered":"<p>On me l&#8217;a beaucoup demand\u00e9, alors voici la d\u00e9clinaison du faire-part Ernest le renard de la collection Kids pour la collection kraft : Leonard le renard est dans la place !!!, On retrouve donc notre joli renardeau enroul\u00e9 sur lui m\u00eame sur la couverture en papier kraft recycl\u00e9, 2 feuillets internes \u00e0 remplir comme vous le souhaitez : que du texte et des illustrations, ou le texte de pr\u00e9sentation du b\u00e9b\u00e9 et une photo trognon .. C&#8217;est vous le patron ! Notre \u00e9quipe se pliera comme \u00e0 son habitude en quatre afin que le faire-part qui annonce la plus belle chose de votre vie soit au plus pr\u00e8s de vos attentes.<\/p>\n","protected":false},"excerpt":{"rendered":"<p style=\"text-align: center;\"><a href=\"https:\/\/paperandkraft.com\/shop\/votre-maquette-naissance-gratuite\/?nom_du_modele=Leonard\" target=\"blank\" class=\"button primary is-primary expand\" >\n\t\t<span>Je pref\u00e8re que Paper &amp; Kraft me fasse la maquette<\/span>\n\t<\/a>\n\n","protected":false},"featured_media":17453,"comment_status":"open","ping_status":"closed","template":"","meta":{"_acf_changed":false,"inline_featured_image":false},"product_brand":[],"product_cat":[223,222,172,66,67,63,110],"product_tag":[],"class_list":{"0":"post-2581","1":"product","2":"type-product","3":"status-publish","4":"has-post-thumbnail","6":"product_cat-annonce-naissance","7":"product_cat-carte-de-naissance","8":"product_cat-faire-part-naissance-animaux","9":"product_cat-faire-part-naissance-garcon","10":"product_cat-faire-part-naissance-fille","11":"product_cat-faire-part-little-gaia","12":"product_cat-faire-part-naissance-original","14":"first","15":"instock","16":"taxable","17":"shipping-taxable","18":"purchasable","19":"product-type-simple"},"acf":[],"yoast_head":"<!-- This site is optimized with the Yoast SEO Premium plugin v24.6 (Yoast SEO v27.4) - https:\/\/yoast.com\/product\/yoast-seo-premium-wordpress\/ -->\n<title>Faire-part naissance l\u00e9onard le renard theme renardeau - Paperandkraft<\/title>\n<meta name=\"description\" content=\"Faire-part de naissance renard avec un mignon petit renardeau qui dort enroul\u00e9 sur lui m\u00eame. Laissez vous s\u00e9duire par ce faire-part de naissance th\u00e8me animaux tr\u00e8s bucolique et \u00e9cologique !\" \/>\n<meta name=\"robots\" content=\"index, follow, max-snippet:-1, max-image-preview:large, max-video-preview:-1\" \/>\n<link rel=\"canonical\" href=\"https:\/\/paperandkraft.com\/shop\/produit\/faire-part-leonard-le-renard\/\" \/>\n<meta property=\"og:locale\" content=\"fr_FR\" \/>\n<meta property=\"og:type\" content=\"article\" \/>\n<meta property=\"og:title\" content=\"Leonard le renard\" \/>\n<meta property=\"og:url\" content=\"https:\/\/paperandkraft.com\/shop\/produit\/faire-part-leonard-le-renard\/\" \/>\n<meta property=\"og:site_name\" content=\"PaperAndKraft\" \/>\n<meta property=\"article:publisher\" content=\"https:\/\/www.facebook.com\/paperandkraft\" \/>\n<meta property=\"article:modified_time\" content=\"2024-03-15T23:24:25+00:00\" \/>\n<meta property=\"og:image\" content=\"https:\/\/paperandkraft.com\/shop\/wp-content\/uploads\/2018\/08\/faire-part-de-naissance-renard.jpg\" \/>\n\t<meta property=\"og:image:width\" content=\"750\" \/>\n\t<meta property=\"og:image:height\" content=\"1334\" \/>\n\t<meta property=\"og:image:type\" content=\"image\/jpeg\" \/>\n<meta name=\"twitter:card\" content=\"summary_large_image\" \/>\n<meta name=\"twitter:label1\" content=\"Prix\" \/>\n\t<meta name=\"twitter:data1\" content=\"3.50&euro;\" \/>\n\t<meta name=\"twitter:label2\" content=\"Disponibilit\u00e9\" \/>\n\t<meta name=\"twitter:data2\" content=\"En stock\" \/>\n<meta property=\"product:price:amount\" content=\"3.50\" \/>\n<meta property=\"product:price:currency\" content=\"EUR\" \/>\n<meta property=\"og:availability\" content=\"instock\" \/>\n<meta property=\"product:availability\" content=\"instock\" \/>\n<meta property=\"product:condition\" content=\"new\" \/>\n<!-- \/ Yoast SEO Premium plugin. -->","yoast_head_json":{"title":"Faire-part naissance l\u00e9onard le renard theme renardeau - Paperandkraft","description":"Faire-part de naissance renard avec un mignon petit renardeau qui dort enroul\u00e9 sur lui m\u00eame. Laissez vous s\u00e9duire par ce faire-part de naissance th\u00e8me animaux tr\u00e8s bucolique et \u00e9cologique !","robots":{"index":"index","follow":"follow","max-snippet":"max-snippet:-1","max-image-preview":"max-image-preview:large","max-video-preview":"max-video-preview:-1"},"canonical":"https:\/\/paperandkraft.com\/shop\/produit\/faire-part-leonard-le-renard\/","og_locale":"fr_FR","og_type":"article","og_title":"Leonard le renard","og_url":"https:\/\/paperandkraft.com\/shop\/produit\/faire-part-leonard-le-renard\/","og_site_name":"PaperAndKraft","article_publisher":"https:\/\/www.facebook.com\/paperandkraft","article_modified_time":"2024-03-15T23:24:25+00:00","og_image":[{"width":750,"height":1334,"url":"https:\/\/paperandkraft.com\/shop\/wp-content\/uploads\/2018\/08\/faire-part-de-naissance-renard.jpg","type":"image\/jpeg"}],"twitter_card":"summary_large_image","twitter_misc":{"Prix":"3.50&euro;","Disponibilit\u00e9":"En stock"},"schema":{"@context":"https:\/\/schema.org","@graph":[{"@type":"WebPage","@id":"https:\/\/paperandkraft.com\/shop\/produit\/faire-part-leonard-le-renard\/","url":"https:\/\/paperandkraft.com\/shop\/produit\/faire-part-leonard-le-renard\/","name":"Faire-part naissance l\u00e9onard le renard theme renardeau - Paperandkraft","isPartOf":{"@id":"https:\/\/paperandkraft.com\/shop\/#website"},"primaryImageOfPage":{"@id":"https:\/\/paperandkraft.com\/shop\/produit\/faire-part-leonard-le-renard\/#primaryimage"},"image":{"@id":"https:\/\/paperandkraft.com\/shop\/produit\/faire-part-leonard-le-renard\/#primaryimage"},"thumbnailUrl":"https:\/\/paperandkraft.com\/shop\/wp-content\/uploads\/2018\/08\/faire-part-de-naissance-renard.jpg","datePublished":"2018-08-13T18:23:15+00:00","dateModified":"2024-03-15T23:24:25+00:00","description":"Faire-part de naissance renard avec un mignon petit renardeau qui dort enroul\u00e9 sur lui m\u00eame. Laissez vous s\u00e9duire par ce faire-part de naissance th\u00e8me animaux tr\u00e8s bucolique et \u00e9cologique !","breadcrumb":{"@id":"https:\/\/paperandkraft.com\/shop\/produit\/faire-part-leonard-le-renard\/#breadcrumb"},"inLanguage":"fr-FR","potentialAction":[{"@type":"ReadAction","target":["https:\/\/paperandkraft.com\/shop\/produit\/faire-part-leonard-le-renard\/"]}]},{"@type":"ImageObject","inLanguage":"fr-FR","@id":"https:\/\/paperandkraft.com\/shop\/produit\/faire-part-leonard-le-renard\/#primaryimage","url":"https:\/\/paperandkraft.com\/shop\/wp-content\/uploads\/2018\/08\/faire-part-de-naissance-renard.jpg","contentUrl":"https:\/\/paperandkraft.com\/shop\/wp-content\/uploads\/2018\/08\/faire-part-de-naissance-renard.jpg","width":750,"height":1334,"caption":"faire-part de naissance Renard"},{"@type":"BreadcrumbList","@id":"https:\/\/paperandkraft.com\/shop\/produit\/faire-part-leonard-le-renard\/#breadcrumb","itemListElement":[{"@type":"ListItem","position":1,"name":"Accueil","item":"https:\/\/paperandkraft.com\/shop\/"},{"@type":"ListItem","position":2,"name":"Boutique","item":"https:\/\/paperandkraft.com\/shop\/boutique\/"},{"@type":"ListItem","position":3,"name":"Leonard le renard"}]},{"@type":"WebSite","@id":"https:\/\/paperandkraft.com\/shop\/#website","url":"https:\/\/paperandkraft.com\/shop\/","name":"PaperAndKraft","description":"Faire-part de mariage et naissance en papier recycl\u00e9","publisher":{"@id":"https:\/\/paperandkraft.com\/shop\/#organization"},"potentialAction":[{"@type":"SearchAction","target":{"@type":"EntryPoint","urlTemplate":"https:\/\/paperandkraft.com\/shop\/?s={search_term_string}"},"query-input":{"@type":"PropertyValueSpecification","valueRequired":true,"valueName":"search_term_string"}}],"inLanguage":"fr-FR"},{"@type":"Organization","@id":"https:\/\/paperandkraft.com\/shop\/#organization","name":"Paper And Kraft : Faire-Part","url":"https:\/\/paperandkraft.com\/shop\/","logo":{"@type":"ImageObject","inLanguage":"fr-FR","@id":"https:\/\/paperandkraft.com\/shop\/#\/schema\/logo\/image\/","url":"https:\/\/paperandkraft.com\/shop\/wp-content\/uploads\/2020\/03\/logo-2020-noir-1.png","contentUrl":"https:\/\/paperandkraft.com\/shop\/wp-content\/uploads\/2020\/03\/logo-2020-noir-1.png","width":350,"height":76,"caption":"Paper And Kraft : Faire-Part"},"image":{"@id":"https:\/\/paperandkraft.com\/shop\/#\/schema\/logo\/image\/"},"sameAs":["https:\/\/www.facebook.com\/paperandkraft","https:\/\/www.instagram.com\/paper_and_kraft\/","https:\/\/www.pinterest.fr\/paperandkraft\/"]}]},"product_price_amount":"3.50","product_price_currency":"EUR","og_availability":"instock","product_availability":"instock","product_condition":"new"},"_links":{"self":[{"href":"https:\/\/paperandkraft.com\/shop\/wp-json\/wp\/v2\/product\/2581","targetHints":{"allow":["GET"]}}],"collection":[{"href":"https:\/\/paperandkraft.com\/shop\/wp-json\/wp\/v2\/product"}],"about":[{"href":"https:\/\/paperandkraft.com\/shop\/wp-json\/wp\/v2\/types\/product"}],"replies":[{"embeddable":true,"href":"https:\/\/paperandkraft.com\/shop\/wp-json\/wp\/v2\/comments?post=2581"}],"wp:featuredmedia":[{"embeddable":true,"href":"https:\/\/paperandkraft.com\/shop\/wp-json\/wp\/v2\/media\/17453"}],"wp:attachment":[{"href":"https:\/\/paperandkraft.com\/shop\/wp-json\/wp\/v2\/media?parent=2581"}],"wp:term":[{"taxonomy":"product_brand","embeddable":true,"href":"https:\/\/paperandkraft.com\/shop\/wp-json\/wp\/v2\/product_brand?post=2581"},{"taxonomy":"product_cat","embeddable":true,"href":"https:\/\/paperandkraft.com\/shop\/wp-json\/wp\/v2\/product_cat?post=2581"},{"taxonomy":"product_tag","embeddable":true,"href":"https:\/\/paperandkraft.com\/shop\/wp-json\/wp\/v2\/product_tag?post=2581"}],"curies":[{"name":"wp","href":"https:\/\/api.w.org\/{rel}","templated":true}]}}