{"id":258,"date":"2015-09-23T08:43:45","date_gmt":"2015-09-23T08:43:45","guid":{"rendered":"http:\/\/paperandkraft.com\/shop\/?product=tokyo"},"modified":"2024-12-20T17:11:20","modified_gmt":"2024-12-20T16:11:20","slug":"faire-part-mariage-kraft-theme-japon","status":"publish","type":"product","link":"https:\/\/paperandkraft.com\/shop\/produit\/faire-part-mariage-kraft-theme-japon\/","title":{"rendered":"Faire-part mariage kraft Tokyo"},"content":{"rendered":"<p><b>Vous souhaitez avoir une d\u00e9marche <\/b><span style=\"font-size: 14.4px;\"><b>\u00e9coresponsable<\/b><\/span><b> dans la conception de faire-part ?<\/b><\/p>\n<p><strong>Le mariage a une signification particuli\u00e8re aux yeux de chaque couple<\/strong>, c\u2019est une \u00e9tape fondamentale dans la vie de deux personnes. Sa r\u00e9ussite d\u00e9pend de l\u2019implication de chacun dans sa r\u00e9alisation. <strong>La cr\u00e9ation du faire-part est d\u00e9terminante dans la pr\u00e9paration du mariage<\/strong>. Il permet aux invit\u00e9s d&#8217;identifier votre le th\u00e8me. C\u2019est pour cela que Paper and Kraft vous propose les meilleurs mod\u00e8les de faire-part sur le march\u00e9.<\/p>\n<p>Si votre mariage <strong>veut adopter un th\u00e8me japonais, notamment la grande ville de Tokyo<\/strong> avec ses cerisiers du Japon, et son exotisme empli de traditions s\u00e9culaires et in\u00e9dites, <strong>le faire-part Tokyo est fait pour vous<\/strong>. Paper and Kraft saura mettre en valeur le th\u00e8me que vous avez choisi. Nous vous proposons une mise en page avec<strong> vos textes personnalis\u00e9s dans le faire-part. <\/strong>Votre magnifique faire-part sera compos\u00e9 de sa <strong>couverture en kraft<\/strong>, bien \u00e9videmment, mettant en avant le th\u00e8me de votre mariage et le mod\u00e8le choisi, <strong>ainsi que de deux feuillets internes<\/strong>. Comme votre mariage est un \u00e9v\u00e8nement unique, nous vous donnons la libert\u00e9 d\u2019ajouter des feuillets suppl\u00e9mentaires dans votre faire-part pour ajouter des informations sur le d\u00e9roulement de la journ\u00e9e par exemple. Compte tenu du fait que chaque mariage est unique, <strong>les possibilit\u00e9s sont nombreuses alors Paper and Kraft vous donne les pleins pouvoirs sur le choix des contenus.<\/strong><strong>\u00a0<\/strong><\/p>\n<p><strong>Paper and Kraft s\u2019engage en utilisant uniquement des papiers \u00e9cologiques pr\u00e9servant l\u2019environnement<\/strong>. De ce fait, tous les faire-part imprim\u00e9s par l\u2019entreprise sont obtenus \u00e0 partir de <strong>papiers recycl\u00e9s<\/strong>. <strong>Il est important de noter que le respect de ce processus n\u2019affecte en rien la qualit\u00e9 du produit.<\/strong> Au contraire, <strong>la douceur du papier kraft est tr\u00e8s appr\u00e9ci\u00e9e par nos clients.<\/strong><\/p>\n","protected":false},"excerpt":{"rendered":"<p style=\"text-align: center;\"><a href=\"https:\/\/paperandkraft.com\/shop\/votre-maquette-mariage-gratuite\/?nom_du_modele=Tokyo\" target=\"blank\" class=\"button secondary is-secondary is-medium hide-for-small\" >\n\t\t<span>Je demande ma maquette gratuite<\/span>\n\t<\/a>\n\n<a href=\"https:\/\/paperandkraft.com\/shop\/votre-maquette-mariage-gratuite\/?nom_du_modele=Tokyo\" target=\"_blank\" class=\"button secondary is-medium expand sticky-footer-button show-for-small\" rel=\"noopener\" >\n\t\t<span>Je demande<br \/>\nma maquette gratuite<\/span>\n\t<\/a>\n\n","protected":false},"featured_media":16363,"comment_status":"open","ping_status":"closed","template":"","meta":{"_acf_changed":false,"inline_featured_image":false},"product_brand":[],"product_cat":[228,229,14,62,26,15],"product_tag":[],"class_list":{"0":"post-258","1":"product","2":"type-product","3":"status-publish","4":"has-post-thumbnail","6":"product_cat-faire-part-mariage-nature","7":"product_cat-faire-part-mariage-rouge-et-blanc","8":"product_cat-faire-part-mariage-theme-champetre","9":"product_cat-faire-part-mariage-theme-chic","10":"product_cat-faire-part-mariage-kraft","11":"product_cat-faire-part-mariage-theme-voyage","13":"first","14":"instock","15":"taxable","16":"shipping-taxable","17":"purchasable","18":"product-type-simple"},"acf":[],"yoast_head":"<!-- This site is optimized with the Yoast SEO Premium plugin v24.6 (Yoast SEO v27.4) - https:\/\/yoast.com\/product\/yoast-seo-premium-wordpress\/ -->\n<title>Faire-part mariage japon th\u00e8me japonais - Paperandkraft.com<\/title>\n<meta name=\"description\" content=\"Magnifique faire-part de mariage en papier kraft illustr\u00e9 \u00e0 l&#039;encre de chine avec des branches de cerisier du Japon. Venez vite le d\u00e9couvrir\" \/>\n<meta name=\"robots\" content=\"index, follow, max-snippet:-1, max-image-preview:large, max-video-preview:-1\" \/>\n<link rel=\"canonical\" href=\"https:\/\/paperandkraft.com\/shop\/produit\/faire-part-mariage-kraft-theme-japon\/\" \/>\n<meta property=\"og:locale\" content=\"fr_FR\" \/>\n<meta property=\"og:type\" content=\"article\" \/>\n<meta property=\"og:title\" content=\"Faire-part mariage kraft Tokyo\" \/>\n<meta property=\"og:url\" content=\"https:\/\/paperandkraft.com\/shop\/produit\/faire-part-mariage-kraft-theme-japon\/\" \/>\n<meta property=\"og:site_name\" content=\"PaperAndKraft\" \/>\n<meta property=\"article:publisher\" content=\"https:\/\/www.facebook.com\/paperandkraft\" \/>\n<meta property=\"article:modified_time\" content=\"2024-12-20T16:11:20+00:00\" \/>\n<meta property=\"og:image\" content=\"https:\/\/paperandkraft.com\/shop\/wp-content\/uploads\/2020\/03\/faire-part-mariage-ecologique-en-papier-recycl\u00e9-theme-japon-theme-nature-2.jpg\" \/>\n\t<meta property=\"og:image:width\" content=\"700\" \/>\n\t<meta property=\"og:image:height\" content=\"700\" \/>\n\t<meta property=\"og:image:type\" content=\"image\/jpeg\" \/>\n<meta name=\"twitter:card\" content=\"summary_large_image\" \/>\n<meta name=\"twitter:label1\" content=\"Prix\" \/>\n\t<meta name=\"twitter:data1\" content=\"6.00&euro;\" \/>\n\t<meta name=\"twitter:label2\" content=\"Disponibilit\u00e9\" \/>\n\t<meta name=\"twitter:data2\" content=\"En stock\" \/>\n<meta property=\"product:price:amount\" content=\"6.00\" \/>\n<meta property=\"product:price:currency\" content=\"EUR\" \/>\n<meta property=\"og:availability\" content=\"instock\" \/>\n<meta property=\"product:availability\" content=\"instock\" \/>\n<meta property=\"product:condition\" content=\"new\" \/>\n<!-- \/ Yoast SEO Premium plugin. -->","yoast_head_json":{"title":"Faire-part mariage japon th\u00e8me japonais - Paperandkraft.com","description":"Magnifique faire-part de mariage en papier kraft illustr\u00e9 \u00e0 l'encre de chine avec des branches de cerisier du Japon. Venez vite le d\u00e9couvrir","robots":{"index":"index","follow":"follow","max-snippet":"max-snippet:-1","max-image-preview":"max-image-preview:large","max-video-preview":"max-video-preview:-1"},"canonical":"https:\/\/paperandkraft.com\/shop\/produit\/faire-part-mariage-kraft-theme-japon\/","og_locale":"fr_FR","og_type":"article","og_title":"Faire-part mariage kraft Tokyo","og_url":"https:\/\/paperandkraft.com\/shop\/produit\/faire-part-mariage-kraft-theme-japon\/","og_site_name":"PaperAndKraft","article_publisher":"https:\/\/www.facebook.com\/paperandkraft","article_modified_time":"2024-12-20T16:11:20+00:00","og_image":[{"width":700,"height":700,"url":"https:\/\/paperandkraft.com\/shop\/wp-content\/uploads\/2020\/03\/faire-part-mariage-ecologique-en-papier-recycl\u00e9-theme-japon-theme-nature-2.jpg","type":"image\/jpeg"}],"twitter_card":"summary_large_image","twitter_misc":{"Prix":"6.00&euro;","Disponibilit\u00e9":"En stock"},"schema":{"@context":"https:\/\/schema.org","@graph":[{"@type":"WebPage","@id":"https:\/\/paperandkraft.com\/shop\/produit\/faire-part-mariage-kraft-theme-japon\/","url":"https:\/\/paperandkraft.com\/shop\/produit\/faire-part-mariage-kraft-theme-japon\/","name":"Faire-part mariage japon th\u00e8me japonais - Paperandkraft.com","isPartOf":{"@id":"https:\/\/paperandkraft.com\/shop\/#website"},"primaryImageOfPage":{"@id":"https:\/\/paperandkraft.com\/shop\/produit\/faire-part-mariage-kraft-theme-japon\/#primaryimage"},"image":{"@id":"https:\/\/paperandkraft.com\/shop\/produit\/faire-part-mariage-kraft-theme-japon\/#primaryimage"},"thumbnailUrl":"https:\/\/paperandkraft.com\/shop\/wp-content\/uploads\/2020\/03\/faire-part-mariage-ecologique-en-papier-recycl\u00e9-theme-japon-theme-nature-2.jpg","datePublished":"2015-09-23T08:43:45+00:00","dateModified":"2024-12-20T16:11:20+00:00","description":"Magnifique faire-part de mariage en papier kraft illustr\u00e9 \u00e0 l'encre de chine avec des branches de cerisier du Japon. Venez vite le d\u00e9couvrir","breadcrumb":{"@id":"https:\/\/paperandkraft.com\/shop\/produit\/faire-part-mariage-kraft-theme-japon\/#breadcrumb"},"inLanguage":"fr-FR","potentialAction":[{"@type":"ReadAction","target":["https:\/\/paperandkraft.com\/shop\/produit\/faire-part-mariage-kraft-theme-japon\/"]}]},{"@type":"ImageObject","inLanguage":"fr-FR","@id":"https:\/\/paperandkraft.com\/shop\/produit\/faire-part-mariage-kraft-theme-japon\/#primaryimage","url":"https:\/\/paperandkraft.com\/shop\/wp-content\/uploads\/2020\/03\/faire-part-mariage-ecologique-en-papier-recycl\u00e9-theme-japon-theme-nature-2.jpg","contentUrl":"https:\/\/paperandkraft.com\/shop\/wp-content\/uploads\/2020\/03\/faire-part-mariage-ecologique-en-papier-recycl\u00e9-theme-japon-theme-nature-2.jpg","width":700,"height":700},{"@type":"BreadcrumbList","@id":"https:\/\/paperandkraft.com\/shop\/produit\/faire-part-mariage-kraft-theme-japon\/#breadcrumb","itemListElement":[{"@type":"ListItem","position":1,"name":"Accueil","item":"https:\/\/paperandkraft.com\/shop\/"},{"@type":"ListItem","position":2,"name":"Boutique","item":"https:\/\/paperandkraft.com\/shop\/boutique\/"},{"@type":"ListItem","position":3,"name":"Faire-part mariage kraft Tokyo"}]},{"@type":"WebSite","@id":"https:\/\/paperandkraft.com\/shop\/#website","url":"https:\/\/paperandkraft.com\/shop\/","name":"PaperAndKraft","description":"Faire-part de mariage et naissance en papier recycl\u00e9","publisher":{"@id":"https:\/\/paperandkraft.com\/shop\/#organization"},"potentialAction":[{"@type":"SearchAction","target":{"@type":"EntryPoint","urlTemplate":"https:\/\/paperandkraft.com\/shop\/?s={search_term_string}"},"query-input":{"@type":"PropertyValueSpecification","valueRequired":true,"valueName":"search_term_string"}}],"inLanguage":"fr-FR"},{"@type":"Organization","@id":"https:\/\/paperandkraft.com\/shop\/#organization","name":"Paper And Kraft : Faire-Part","url":"https:\/\/paperandkraft.com\/shop\/","logo":{"@type":"ImageObject","inLanguage":"fr-FR","@id":"https:\/\/paperandkraft.com\/shop\/#\/schema\/logo\/image\/","url":"https:\/\/paperandkraft.com\/shop\/wp-content\/uploads\/2020\/03\/logo-2020-noir-1.png","contentUrl":"https:\/\/paperandkraft.com\/shop\/wp-content\/uploads\/2020\/03\/logo-2020-noir-1.png","width":350,"height":76,"caption":"Paper And Kraft : Faire-Part"},"image":{"@id":"https:\/\/paperandkraft.com\/shop\/#\/schema\/logo\/image\/"},"sameAs":["https:\/\/www.facebook.com\/paperandkraft","https:\/\/www.instagram.com\/paper_and_kraft\/","https:\/\/www.pinterest.fr\/paperandkraft\/"]}]},"product_price_amount":"6.00","product_price_currency":"EUR","og_availability":"instock","product_availability":"instock","product_condition":"new"},"_links":{"self":[{"href":"https:\/\/paperandkraft.com\/shop\/wp-json\/wp\/v2\/product\/258","targetHints":{"allow":["GET"]}}],"collection":[{"href":"https:\/\/paperandkraft.com\/shop\/wp-json\/wp\/v2\/product"}],"about":[{"href":"https:\/\/paperandkraft.com\/shop\/wp-json\/wp\/v2\/types\/product"}],"replies":[{"embeddable":true,"href":"https:\/\/paperandkraft.com\/shop\/wp-json\/wp\/v2\/comments?post=258"}],"wp:featuredmedia":[{"embeddable":true,"href":"https:\/\/paperandkraft.com\/shop\/wp-json\/wp\/v2\/media\/16363"}],"wp:attachment":[{"href":"https:\/\/paperandkraft.com\/shop\/wp-json\/wp\/v2\/media?parent=258"}],"wp:term":[{"taxonomy":"product_brand","embeddable":true,"href":"https:\/\/paperandkraft.com\/shop\/wp-json\/wp\/v2\/product_brand?post=258"},{"taxonomy":"product_cat","embeddable":true,"href":"https:\/\/paperandkraft.com\/shop\/wp-json\/wp\/v2\/product_cat?post=258"},{"taxonomy":"product_tag","embeddable":true,"href":"https:\/\/paperandkraft.com\/shop\/wp-json\/wp\/v2\/product_tag?post=258"}],"curies":[{"name":"wp","href":"https:\/\/api.w.org\/{rel}","templated":true}]}}