{"id":249,"date":"2015-09-23T08:38:54","date_gmt":"2015-09-23T08:38:54","guid":{"rendered":"http:\/\/paperandkraft.com\/shop\/?product=script"},"modified":"2024-03-01T15:07:12","modified_gmt":"2024-03-01T14:07:12","slug":"faire-part-mariage-calligraphie","status":"publish","type":"product","link":"https:\/\/paperandkraft.com\/shop\/produit\/faire-part-mariage-calligraphie\/","title":{"rendered":"faire-part mariage calligraphie"},"content":{"rendered":"<p><strong>Voulez-vous vous d\u00e9marquer des autres mariages en adoptant un th\u00e8me classique et \u00e9l\u00e9gant\u00a0?<\/strong><\/p>\n<p>Plus qu\u2019un simple \u00e9v\u00e8nement, le mariage est la rencontre de deux familles, mais surtout, <strong>une \u00e9tape d\u00e9terminante dans la vie de deux personnes<\/strong>. Il ne faut pas oublier que la pr\u00e9paration d\u2019un mariage implique un effort physique, moral et surtout financier. <strong>Paper and Kraft est l\u00e0 pour vous assister, dans la conception et la r\u00e9alisation de vos faire-part.<\/strong><\/p>\n<p><strong>Si vous et votre conjoint(s) \u00eates fans de noir &amp; blanc, et souhaitez organiser votre mariage dans un environnement chic et \u00e9l\u00e9gant<\/strong>, <strong>le mod\u00e8le de faire-part Calligraphie<\/strong> est fait pour vous. Nous avons optez pour un choix des caract\u00e8res tout en rondeur et classicisme pour illustrer le cot\u00e9 chic et intemporel de ce faire-part. Avec notre assistance, votre faire-part sera <strong>con\u00e7u selon vos go\u00fbts<\/strong>. Nous travaillerons la mise en page avec votre <strong>texte personnalis\u00e9<\/strong> dans les deux feuillets du faire-part. <strong>Cette personnalisation sera effectu\u00e9e avec l\u2019\u00e9quipe de professionnels de Paper and Kraft afin d\u2019obtenir le r\u00e9sultat attendu, et bien plus encore<\/strong>. Et puis votre th\u00e8me sera mis en valeur gr\u00e2ce <strong>\u00e0 la couverture magnifique en papier kraft<\/strong>, <strong>ainsi que les deux feuillets internes que vous pourrez utiliser selon vos envies.<\/strong> De plus, comme votre mariage est un \u00e9v\u00e8nement unique, <strong>nous vous donnons la libert\u00e9 d\u2019ajouter des feuillets suppl\u00e9mentaires dans votre faire-part.<\/strong><\/p>\n<p>Paper and Kraft a r\u00e9ussi \u00e0 s\u00e9duire des dizaines de couples et continue de le faire. Ce qui fait la particularit\u00e9 de cette entreprise, <strong>c\u2019est son engagement \u00e0 respecter l\u2019environnement<\/strong>. Les faire-part sont con\u00e7us \u00e0 partir de <strong>papiers 100% recycl\u00e9s.<\/strong> La douceur du papier Kraft, m\u00e9lang\u00e9 au mod\u00e8le \u00ab\u00a0Calligraphie\u00a0\u00bb donnent une <strong>combinaison parfaite pour votre th\u00e8me<\/strong>.<\/p>\n","protected":false},"excerpt":{"rendered":"<p style=\"text-align: center;\"><a href=\"https:\/\/paperandkraft.com\/shop\/votre-maquette-mariage-gratuite\/?nom_du_modele=Calligraphie\" target=\"blank\" class=\"button secondary is-secondary is-medium hide-for-small\" >\n\t\t<span>Je demande ma maquette gratuite<\/span>\n\t<\/a>\n\n<a href=\"https:\/\/paperandkraft.com\/shop\/votre-maquette-mariage-gratuite\/?nom_du_modele=Calligraphie\" target=\"_blank\" class=\"button secondary is-medium expand sticky-footer-button show-for-small\" rel=\"noopener\" >\n\t\t<span>Je demande<br \/>\nma maquette gratuite<\/span>\n\t<\/a>\n\n","protected":false},"featured_media":16358,"comment_status":"open","ping_status":"closed","template":"","meta":{"_acf_changed":false,"inline_featured_image":false},"product_brand":[],"product_cat":[62,26,16,178],"product_tag":[],"class_list":{"0":"post-249","1":"product","2":"type-product","3":"status-publish","4":"has-post-thumbnail","6":"product_cat-faire-part-mariage-theme-chic","7":"product_cat-faire-part-mariage-kraft","8":"product_cat-faire-part-mariage-theme-vintage","9":"product_cat-faire-part-mariage-classique","11":"first","12":"instock","13":"taxable","14":"shipping-taxable","15":"purchasable","16":"product-type-simple"},"acf":[],"yoast_head":"<!-- This site is optimized with the Yoast SEO Premium plugin v24.6 (Yoast SEO v27.2) - https:\/\/yoast.com\/product\/yoast-seo-premium-wordpress\/ -->\n<title>Faire-part mariage calligraphie - Paperandkraft.com<\/title>\n<meta name=\"description\" content=\"A la fois contemporain et classique ce faire-part de mariage en papier kraft est \u00e0 d\u00e9couvrir pour tous ceux qui aiment les belles \u00e9critures classiques en monochrome et \u00e9pur\u00e9es.\" \/>\n<meta name=\"robots\" content=\"index, follow, max-snippet:-1, max-image-preview:large, max-video-preview:-1\" \/>\n<link rel=\"canonical\" href=\"https:\/\/paperandkraft.com\/shop\/produit\/faire-part-mariage-calligraphie\/\" \/>\n<meta property=\"og:locale\" content=\"fr_FR\" \/>\n<meta property=\"og:type\" content=\"article\" \/>\n<meta property=\"og:title\" content=\"faire-part mariage calligraphie\" \/>\n<meta property=\"og:url\" content=\"https:\/\/paperandkraft.com\/shop\/produit\/faire-part-mariage-calligraphie\/\" \/>\n<meta property=\"og:site_name\" content=\"PaperAndKraft\" \/>\n<meta property=\"article:publisher\" content=\"https:\/\/www.facebook.com\/paperandkraft\" \/>\n<meta property=\"article:modified_time\" content=\"2024-03-01T14:07:12+00:00\" \/>\n<meta property=\"og:image\" content=\"https:\/\/paperandkraft.com\/shop\/wp-content\/uploads\/2020\/03\/faire-part-mariage-classique-en-papier-recycl\u00e9-1.jpg\" \/>\n\t<meta property=\"og:image:width\" content=\"700\" \/>\n\t<meta property=\"og:image:height\" content=\"700\" \/>\n\t<meta property=\"og:image:type\" content=\"image\/jpeg\" \/>\n<meta name=\"twitter:card\" content=\"summary_large_image\" \/>\n<meta name=\"twitter:label1\" content=\"Prix\" \/>\n\t<meta name=\"twitter:data1\" content=\"6.00&euro;\" \/>\n\t<meta name=\"twitter:label2\" content=\"Disponibilit\u00e9\" \/>\n\t<meta name=\"twitter:data2\" content=\"En stock\" \/>\n<meta property=\"product:price:amount\" content=\"6.00\" \/>\n<meta property=\"product:price:currency\" content=\"EUR\" \/>\n<meta property=\"og:availability\" content=\"instock\" \/>\n<meta property=\"product:availability\" content=\"instock\" \/>\n<meta property=\"product:condition\" content=\"new\" \/>\n<!-- \/ Yoast SEO Premium plugin. -->","yoast_head_json":{"title":"Faire-part mariage calligraphie - Paperandkraft.com","description":"A la fois contemporain et classique ce faire-part de mariage en papier kraft est \u00e0 d\u00e9couvrir pour tous ceux qui aiment les belles \u00e9critures classiques en monochrome et \u00e9pur\u00e9es.","robots":{"index":"index","follow":"follow","max-snippet":"max-snippet:-1","max-image-preview":"max-image-preview:large","max-video-preview":"max-video-preview:-1"},"canonical":"https:\/\/paperandkraft.com\/shop\/produit\/faire-part-mariage-calligraphie\/","og_locale":"fr_FR","og_type":"article","og_title":"faire-part mariage calligraphie","og_url":"https:\/\/paperandkraft.com\/shop\/produit\/faire-part-mariage-calligraphie\/","og_site_name":"PaperAndKraft","article_publisher":"https:\/\/www.facebook.com\/paperandkraft","article_modified_time":"2024-03-01T14:07:12+00:00","og_image":[{"width":700,"height":700,"url":"https:\/\/paperandkraft.com\/shop\/wp-content\/uploads\/2020\/03\/faire-part-mariage-classique-en-papier-recycl\u00e9-1.jpg","type":"image\/jpeg"}],"twitter_card":"summary_large_image","twitter_misc":{"Prix":"6.00&euro;","Disponibilit\u00e9":"En stock"},"schema":{"@context":"https:\/\/schema.org","@graph":[{"@type":"WebPage","@id":"https:\/\/paperandkraft.com\/shop\/produit\/faire-part-mariage-calligraphie\/","url":"https:\/\/paperandkraft.com\/shop\/produit\/faire-part-mariage-calligraphie\/","name":"Faire-part mariage calligraphie - Paperandkraft.com","isPartOf":{"@id":"https:\/\/paperandkraft.com\/shop\/#website"},"primaryImageOfPage":{"@id":"https:\/\/paperandkraft.com\/shop\/produit\/faire-part-mariage-calligraphie\/#primaryimage"},"image":{"@id":"https:\/\/paperandkraft.com\/shop\/produit\/faire-part-mariage-calligraphie\/#primaryimage"},"thumbnailUrl":"https:\/\/paperandkraft.com\/shop\/wp-content\/uploads\/2020\/03\/faire-part-mariage-classique-en-papier-recycl\u00e9-1.jpg","datePublished":"2015-09-23T08:38:54+00:00","dateModified":"2024-03-01T14:07:12+00:00","description":"A la fois contemporain et classique ce faire-part de mariage en papier kraft est \u00e0 d\u00e9couvrir pour tous ceux qui aiment les belles \u00e9critures classiques en monochrome et \u00e9pur\u00e9es.","breadcrumb":{"@id":"https:\/\/paperandkraft.com\/shop\/produit\/faire-part-mariage-calligraphie\/#breadcrumb"},"inLanguage":"fr-FR","potentialAction":[{"@type":"ReadAction","target":["https:\/\/paperandkraft.com\/shop\/produit\/faire-part-mariage-calligraphie\/"]}]},{"@type":"ImageObject","inLanguage":"fr-FR","@id":"https:\/\/paperandkraft.com\/shop\/produit\/faire-part-mariage-calligraphie\/#primaryimage","url":"https:\/\/paperandkraft.com\/shop\/wp-content\/uploads\/2020\/03\/faire-part-mariage-classique-en-papier-recycl\u00e9-1.jpg","contentUrl":"https:\/\/paperandkraft.com\/shop\/wp-content\/uploads\/2020\/03\/faire-part-mariage-classique-en-papier-recycl\u00e9-1.jpg","width":700,"height":700},{"@type":"BreadcrumbList","@id":"https:\/\/paperandkraft.com\/shop\/produit\/faire-part-mariage-calligraphie\/#breadcrumb","itemListElement":[{"@type":"ListItem","position":1,"name":"Accueil","item":"https:\/\/paperandkraft.com\/shop\/"},{"@type":"ListItem","position":2,"name":"Boutique","item":"https:\/\/paperandkraft.com\/shop\/boutique\/"},{"@type":"ListItem","position":3,"name":"faire-part mariage calligraphie"}]},{"@type":"WebSite","@id":"https:\/\/paperandkraft.com\/shop\/#website","url":"https:\/\/paperandkraft.com\/shop\/","name":"PaperAndKraft","description":"Faire-part de mariage et naissance en papier recycl\u00e9","publisher":{"@id":"https:\/\/paperandkraft.com\/shop\/#organization"},"potentialAction":[{"@type":"SearchAction","target":{"@type":"EntryPoint","urlTemplate":"https:\/\/paperandkraft.com\/shop\/?s={search_term_string}"},"query-input":{"@type":"PropertyValueSpecification","valueRequired":true,"valueName":"search_term_string"}}],"inLanguage":"fr-FR"},{"@type":"Organization","@id":"https:\/\/paperandkraft.com\/shop\/#organization","name":"Paper And Kraft : Faire-Part","url":"https:\/\/paperandkraft.com\/shop\/","logo":{"@type":"ImageObject","inLanguage":"fr-FR","@id":"https:\/\/paperandkraft.com\/shop\/#\/schema\/logo\/image\/","url":"https:\/\/paperandkraft.com\/shop\/wp-content\/uploads\/2020\/03\/logo-2020-noir-1.png","contentUrl":"https:\/\/paperandkraft.com\/shop\/wp-content\/uploads\/2020\/03\/logo-2020-noir-1.png","width":350,"height":76,"caption":"Paper And Kraft : Faire-Part"},"image":{"@id":"https:\/\/paperandkraft.com\/shop\/#\/schema\/logo\/image\/"},"sameAs":["https:\/\/www.facebook.com\/paperandkraft","https:\/\/www.instagram.com\/paper_and_kraft\/","https:\/\/www.pinterest.fr\/paperandkraft\/"]}]},"product_price_amount":"6.00","product_price_currency":"EUR","og_availability":"instock","product_availability":"instock","product_condition":"new"},"_links":{"self":[{"href":"https:\/\/paperandkraft.com\/shop\/wp-json\/wp\/v2\/product\/249","targetHints":{"allow":["GET"]}}],"collection":[{"href":"https:\/\/paperandkraft.com\/shop\/wp-json\/wp\/v2\/product"}],"about":[{"href":"https:\/\/paperandkraft.com\/shop\/wp-json\/wp\/v2\/types\/product"}],"replies":[{"embeddable":true,"href":"https:\/\/paperandkraft.com\/shop\/wp-json\/wp\/v2\/comments?post=249"}],"wp:featuredmedia":[{"embeddable":true,"href":"https:\/\/paperandkraft.com\/shop\/wp-json\/wp\/v2\/media\/16358"}],"wp:attachment":[{"href":"https:\/\/paperandkraft.com\/shop\/wp-json\/wp\/v2\/media?parent=249"}],"wp:term":[{"taxonomy":"product_brand","embeddable":true,"href":"https:\/\/paperandkraft.com\/shop\/wp-json\/wp\/v2\/product_brand?post=249"},{"taxonomy":"product_cat","embeddable":true,"href":"https:\/\/paperandkraft.com\/shop\/wp-json\/wp\/v2\/product_cat?post=249"},{"taxonomy":"product_tag","embeddable":true,"href":"https:\/\/paperandkraft.com\/shop\/wp-json\/wp\/v2\/product_tag?post=249"}],"curies":[{"name":"wp","href":"https:\/\/api.w.org\/{rel}","templated":true}]}}