{"id":234,"date":"2015-09-23T08:20:15","date_gmt":"2015-09-23T08:20:15","guid":{"rendered":"http:\/\/paperandkraft.com\/shop\/?product=penduick"},"modified":"2021-08-11T20:36:43","modified_gmt":"2021-08-11T20:36:43","slug":"faire-part-mariage-penduick","status":"publish","type":"product","link":"https:\/\/paperandkraft.com\/shop\/produit\/faire-part-mariage-penduick\/","title":{"rendered":"faire-part mariage Penduick"},"content":{"rendered":"<h4>Le th\u00e8me de la mer et des oc\u00e9ans pour votre mariage.<\/h4>\n<p>Vous \u00eates le digne h\u00e9ritier de Jacques Tabarly ou des grands navigateurs du Vend\u00e9e-Globe. Vous aimez sentir les embruns sur votre visage et le vent s\u2019engouffrer dans les voiles. Parce que vous \u00eates un <strong>passionn\u00e9 des voyages<\/strong> et le craquement du bois d\u2019un vieux gr\u00e9ement vous appelle pour une exp\u00e9dition au long court \u00e0 travers les mers. Vous avez rencontr\u00e9 votre moiti\u00e9 lors d\u2019une r\u00e9gate au bord de l\u2019<strong>oc\u00e9an.\u00a0<\/strong><\/p>\n<p>Vous avez d\u00e9cid\u00e9 de vous marier sur le <strong>th\u00e8me de la mer<\/strong> <strong>et des Oc\u00e9ans<\/strong>. C\u2019est un th\u00e8me assez peu abord\u00e9 dans le monde du mariage et il est difficile de trouver le faire-part mariage qui incarnera le mieux cet univers \u2026<\/p>\n<p>Envie de vous \u00e9vader et <strong>partager la passion du voyage et de la mer avec vos invit\u00e9s<\/strong>. <strong>Le mod\u00e8le de faire-part Penduick vous conviendra parfaitement.<\/strong> Ce faire-part \u00e9voque r\u00e9ellement la passion du voyage en mer, notamment gr\u00e2ce \u00e0 l\u2019illustration en couverture du c\u00e9l\u00e8bre Pen Duick, le bateau d&#8217; Eric Tabarly. <strong>Votre th\u00e8me mariage mer sera mis en valeur <\/strong>tout au long de l\u2019invitation, sur les 2 pages qui accueilleront votre texte d\u2019annonce par un bateau et du bleu comme fil conducteur. Vous \u00eates libre d\u2019utiliser les deux feuillets internes selon vos envies : Imaginez votre texte et laissez-nous vous proposer une mise en page qui saura mettre en lumi\u00e8re votre annonce. Vos invit\u00e9s seront bluff\u00e9s par l\u2019originalit\u00e9 du faire-part avec sa couverture en papier kraft et le cot\u00e9 chic de la mise en page. Si vous voulez ajouter d\u2019autres options, <strong>nous pouvons ajouter des pages suppl\u00e9mentaires.<\/strong><\/p>\n<h4>Chez <strong>Paper and Kraft nous vous cr\u00e9ons le faire-part id\u00e9al, unique et surtout \u00e9cologique !<\/strong><\/h4>\n<p>Depuis le d\u00e9but de notre aventure nous nous engageons \u00e0<strong> imprimer nos faire-part sur des papiers 100% recycl\u00e9s et nous inscrire dans le d\u00e9veloppement durable<\/strong>. Ce <strong>respect de l\u2019environnement<\/strong> fait la particularit\u00e9 de Paper and Kraft.<\/p>\n","protected":false},"excerpt":{"rendered":"<p style=\"text-align: center;\"><a href=\"https:\/\/paperandkraft.com\/shop\/votre-maquette-mariage-gratuite\/?nom_du_modele=Pen%20Duick\" target=\"blank\" class=\"button secondary is-secondary is-medium hide-for-small\" >\n\t\t<span>Je demande ma maquette gratuite<\/span>\n\t<\/a>\n\n<a href=\"https:\/\/paperandkraft.com\/shop\/votre-maquette-mariage-gratuite\/?nom_du_modele=Pen%20Duick\" target=\"_blank\" class=\"button secondary is-medium expand sticky-footer-button show-for-small\" rel=\"noopener\" >\n\t\t<span>Je demande<br \/>\nma maquette gratuite<\/span>\n\t<\/a>\n\n","protected":false},"featured_media":16354,"comment_status":"open","ping_status":"closed","template":"","meta":{"_acf_changed":false,"inline_featured_image":false},"product_brand":[],"product_cat":[231,227,26,15],"product_tag":[],"class_list":{"0":"post-234","1":"product","2":"type-product","3":"status-publish","4":"has-post-thumbnail","6":"product_cat-faire-part-mariage-bleu","7":"product_cat-faire-part-mariage-boheme","8":"product_cat-faire-part-mariage-kraft","9":"product_cat-faire-part-mariage-theme-voyage","11":"first","12":"instock","13":"taxable","14":"shipping-taxable","15":"purchasable","16":"product-type-simple"},"acf":[],"yoast_head":"<!-- This site is optimized with the Yoast SEO Premium plugin v24.6 (Yoast SEO v27.4) - https:\/\/yoast.com\/product\/yoast-seo-premium-wordpress\/ -->\n<title>Faire-part mariage Penduick th\u00e8me mer et oc\u00e9an - Paperandkraft<\/title>\n<meta name=\"description\" content=\"Vous aimez la mer et les voyages, vous aimez les beaux voiliers, voici un faire-part de mariage en hommage aux vieux gr\u00e9ements et aux voyages au long court ! Pour tous les passionn\u00e9s de voile.\" \/>\n<meta name=\"robots\" content=\"index, follow, max-snippet:-1, max-image-preview:large, max-video-preview:-1\" \/>\n<link rel=\"canonical\" href=\"https:\/\/paperandkraft.com\/shop\/produit\/faire-part-mariage-penduick\/\" \/>\n<meta property=\"og:locale\" content=\"fr_FR\" \/>\n<meta property=\"og:type\" content=\"article\" \/>\n<meta property=\"og:title\" content=\"faire-part mariage Penduick\" \/>\n<meta property=\"og:url\" content=\"https:\/\/paperandkraft.com\/shop\/produit\/faire-part-mariage-penduick\/\" \/>\n<meta property=\"og:site_name\" content=\"PaperAndKraft\" \/>\n<meta property=\"article:publisher\" content=\"https:\/\/www.facebook.com\/paperandkraft\" \/>\n<meta property=\"article:modified_time\" content=\"2021-08-11T20:36:43+00:00\" \/>\n<meta property=\"og:image\" content=\"https:\/\/paperandkraft.com\/shop\/wp-content\/uploads\/2020\/03\/faire-part-mariage-ecoresponsable-theme-bateau-2.jpg\" \/>\n\t<meta property=\"og:image:width\" content=\"700\" \/>\n\t<meta property=\"og:image:height\" content=\"700\" \/>\n\t<meta property=\"og:image:type\" content=\"image\/jpeg\" \/>\n<meta name=\"twitter:card\" content=\"summary_large_image\" \/>\n<meta name=\"twitter:label1\" content=\"Prix\" \/>\n\t<meta name=\"twitter:data1\" content=\"6.00&euro;\" \/>\n\t<meta name=\"twitter:label2\" content=\"Disponibilit\u00e9\" \/>\n\t<meta name=\"twitter:data2\" content=\"En stock\" \/>\n<meta property=\"product:price:amount\" content=\"6.00\" \/>\n<meta property=\"product:price:currency\" content=\"EUR\" \/>\n<meta property=\"og:availability\" content=\"instock\" \/>\n<meta property=\"product:availability\" content=\"instock\" \/>\n<meta property=\"product:condition\" content=\"new\" \/>\n<!-- \/ Yoast SEO Premium plugin. -->","yoast_head_json":{"title":"Faire-part mariage Penduick th\u00e8me mer et oc\u00e9an - Paperandkraft","description":"Vous aimez la mer et les voyages, vous aimez les beaux voiliers, voici un faire-part de mariage en hommage aux vieux gr\u00e9ements et aux voyages au long court ! Pour tous les passionn\u00e9s de voile.","robots":{"index":"index","follow":"follow","max-snippet":"max-snippet:-1","max-image-preview":"max-image-preview:large","max-video-preview":"max-video-preview:-1"},"canonical":"https:\/\/paperandkraft.com\/shop\/produit\/faire-part-mariage-penduick\/","og_locale":"fr_FR","og_type":"article","og_title":"faire-part mariage Penduick","og_url":"https:\/\/paperandkraft.com\/shop\/produit\/faire-part-mariage-penduick\/","og_site_name":"PaperAndKraft","article_publisher":"https:\/\/www.facebook.com\/paperandkraft","article_modified_time":"2021-08-11T20:36:43+00:00","og_image":[{"width":700,"height":700,"url":"https:\/\/paperandkraft.com\/shop\/wp-content\/uploads\/2020\/03\/faire-part-mariage-ecoresponsable-theme-bateau-2.jpg","type":"image\/jpeg"}],"twitter_card":"summary_large_image","twitter_misc":{"Prix":"6.00&euro;","Disponibilit\u00e9":"En stock"},"schema":{"@context":"https:\/\/schema.org","@graph":[{"@type":"WebPage","@id":"https:\/\/paperandkraft.com\/shop\/produit\/faire-part-mariage-penduick\/","url":"https:\/\/paperandkraft.com\/shop\/produit\/faire-part-mariage-penduick\/","name":"Faire-part mariage Penduick th\u00e8me mer et oc\u00e9an - Paperandkraft","isPartOf":{"@id":"https:\/\/paperandkraft.com\/shop\/#website"},"primaryImageOfPage":{"@id":"https:\/\/paperandkraft.com\/shop\/produit\/faire-part-mariage-penduick\/#primaryimage"},"image":{"@id":"https:\/\/paperandkraft.com\/shop\/produit\/faire-part-mariage-penduick\/#primaryimage"},"thumbnailUrl":"https:\/\/paperandkraft.com\/shop\/wp-content\/uploads\/2020\/03\/faire-part-mariage-ecoresponsable-theme-bateau-2.jpg","datePublished":"2015-09-23T08:20:15+00:00","dateModified":"2021-08-11T20:36:43+00:00","description":"Vous aimez la mer et les voyages, vous aimez les beaux voiliers, voici un faire-part de mariage en hommage aux vieux gr\u00e9ements et aux voyages au long court ! Pour tous les passionn\u00e9s de voile.","breadcrumb":{"@id":"https:\/\/paperandkraft.com\/shop\/produit\/faire-part-mariage-penduick\/#breadcrumb"},"inLanguage":"fr-FR","potentialAction":[{"@type":"ReadAction","target":["https:\/\/paperandkraft.com\/shop\/produit\/faire-part-mariage-penduick\/"]}]},{"@type":"ImageObject","inLanguage":"fr-FR","@id":"https:\/\/paperandkraft.com\/shop\/produit\/faire-part-mariage-penduick\/#primaryimage","url":"https:\/\/paperandkraft.com\/shop\/wp-content\/uploads\/2020\/03\/faire-part-mariage-ecoresponsable-theme-bateau-2.jpg","contentUrl":"https:\/\/paperandkraft.com\/shop\/wp-content\/uploads\/2020\/03\/faire-part-mariage-ecoresponsable-theme-bateau-2.jpg","width":700,"height":700},{"@type":"BreadcrumbList","@id":"https:\/\/paperandkraft.com\/shop\/produit\/faire-part-mariage-penduick\/#breadcrumb","itemListElement":[{"@type":"ListItem","position":1,"name":"Accueil","item":"https:\/\/paperandkraft.com\/shop\/"},{"@type":"ListItem","position":2,"name":"Boutique","item":"https:\/\/paperandkraft.com\/shop\/boutique\/"},{"@type":"ListItem","position":3,"name":"faire-part mariage Penduick"}]},{"@type":"WebSite","@id":"https:\/\/paperandkraft.com\/shop\/#website","url":"https:\/\/paperandkraft.com\/shop\/","name":"PaperAndKraft","description":"Faire-part de mariage et naissance en papier recycl\u00e9","publisher":{"@id":"https:\/\/paperandkraft.com\/shop\/#organization"},"potentialAction":[{"@type":"SearchAction","target":{"@type":"EntryPoint","urlTemplate":"https:\/\/paperandkraft.com\/shop\/?s={search_term_string}"},"query-input":{"@type":"PropertyValueSpecification","valueRequired":true,"valueName":"search_term_string"}}],"inLanguage":"fr-FR"},{"@type":"Organization","@id":"https:\/\/paperandkraft.com\/shop\/#organization","name":"Paper And Kraft : Faire-Part","url":"https:\/\/paperandkraft.com\/shop\/","logo":{"@type":"ImageObject","inLanguage":"fr-FR","@id":"https:\/\/paperandkraft.com\/shop\/#\/schema\/logo\/image\/","url":"https:\/\/paperandkraft.com\/shop\/wp-content\/uploads\/2020\/03\/logo-2020-noir-1.png","contentUrl":"https:\/\/paperandkraft.com\/shop\/wp-content\/uploads\/2020\/03\/logo-2020-noir-1.png","width":350,"height":76,"caption":"Paper And Kraft : Faire-Part"},"image":{"@id":"https:\/\/paperandkraft.com\/shop\/#\/schema\/logo\/image\/"},"sameAs":["https:\/\/www.facebook.com\/paperandkraft","https:\/\/www.instagram.com\/paper_and_kraft\/","https:\/\/www.pinterest.fr\/paperandkraft\/"]}]},"product_price_amount":"6.00","product_price_currency":"EUR","og_availability":"instock","product_availability":"instock","product_condition":"new"},"_links":{"self":[{"href":"https:\/\/paperandkraft.com\/shop\/wp-json\/wp\/v2\/product\/234","targetHints":{"allow":["GET"]}}],"collection":[{"href":"https:\/\/paperandkraft.com\/shop\/wp-json\/wp\/v2\/product"}],"about":[{"href":"https:\/\/paperandkraft.com\/shop\/wp-json\/wp\/v2\/types\/product"}],"replies":[{"embeddable":true,"href":"https:\/\/paperandkraft.com\/shop\/wp-json\/wp\/v2\/comments?post=234"}],"wp:featuredmedia":[{"embeddable":true,"href":"https:\/\/paperandkraft.com\/shop\/wp-json\/wp\/v2\/media\/16354"}],"wp:attachment":[{"href":"https:\/\/paperandkraft.com\/shop\/wp-json\/wp\/v2\/media?parent=234"}],"wp:term":[{"taxonomy":"product_brand","embeddable":true,"href":"https:\/\/paperandkraft.com\/shop\/wp-json\/wp\/v2\/product_brand?post=234"},{"taxonomy":"product_cat","embeddable":true,"href":"https:\/\/paperandkraft.com\/shop\/wp-json\/wp\/v2\/product_cat?post=234"},{"taxonomy":"product_tag","embeddable":true,"href":"https:\/\/paperandkraft.com\/shop\/wp-json\/wp\/v2\/product_tag?post=234"}],"curies":[{"name":"wp","href":"https:\/\/api.w.org\/{rel}","templated":true}]}}