{"id":227,"date":"2015-09-23T08:14:05","date_gmt":"2015-09-23T08:14:05","guid":{"rendered":"http:\/\/paperandkraft.com\/shop\/?product=orsay-k"},"modified":"2022-02-19T08:05:06","modified_gmt":"2022-02-19T08:05:06","slug":"faire-part-mariage-kraft-orsay-k","status":"publish","type":"product","link":"https:\/\/paperandkraft.com\/shop\/produit\/faire-part-mariage-kraft-orsay-k\/","title":{"rendered":"Faire-part mariage Orsay K"},"content":{"rendered":"<h4><strong>Un faire-part plac\u00e9 sous le signe de l\u2019\u00e9l\u00e9gance et du glamour\u00a0?<\/strong><\/h4>\n<p><strong>Simplicit\u00e9, \u00e9l\u00e9gance et raffinement <\/strong>sont les ma\u00eetres mots d\u2019un mariage dont le th\u00e8me<strong> serait chic et glamour. <\/strong>Pour organiser un tel \u00e9v\u00e9nement, la premi\u00e8re \u00e9tape est de trouver le faire-part.<strong> Sobre, monochrome et tr\u00e8s \u00e9l\u00e9gant, notre faire-part mariage \u00ab\u00a0Orsay K\u00a0\u00bb<\/strong> saura r\u00e9pondre \u00e0 toutes vos attentes de votre mariage. A<strong>vec sa sobri\u00e9t\u00e9 et le cot\u00e9 moderne du minimalisme,<\/strong> Orsay K est un faire-part tr\u00e8s graphique et glamour avec pour seule illustration l\u2019utilisation tr\u00e8s originale de la typographie. En jouant avec le style d\u2019\u00e9criture, sa taille, son orientation et ses diff\u00e9rentes teintes, ce faire-part sort r\u00e9solument des sentiers battus. Nos<strong> comp\u00e9tences chez Paper and Kraft vous garantiront l\u2019obtention d\u2019un rendu unique<\/strong> sur le vaste march\u00e9 des faire-part.<\/p>\n<h4><strong>Est-ce que faire confiance \u00e0 Paper and Kraft est une option gagnante\u00a0?<\/strong><\/h4>\n<p><strong>Les faire-part offrent les premi\u00e8res informations capitales<\/strong> que vous voulez transmettre \u00e0 vos invit\u00e9s sur votre mariage. De ce fait, ils leur pr\u00e9sentent le th\u00e8me choisi pour le fameux \u00e9v\u00e8nement, ainsi que tous les d\u00e9tails qui vont avec celui-ci. <strong>La cr\u00e9ation d\u2019un faire-part est donc fondamentale<\/strong> si vous voulez que vos invit\u00e9s respectent le th\u00e8me choisi par vous et votre partenaire.<\/p>\n<p>Chez <strong>Paper and kraft<\/strong> vous avez le privil\u00e8ge de personnaliser votre faire-part. En effet nous vous proposons une mise en page unique en fonction de la longueur de votre texte et de vos d\u00e9sirs et nous la corrigeons autant de fois que n\u00e9cessaire car chez Paper and Kraft il n y a qu\u2019une seule r\u00e8gle : You are the boss ! De base, <strong>votre faire-part sera compos\u00e9 d\u2019une couverture en kraft brun et de deux pages recto internes<\/strong>. Si vous voulez ajouter d\u2019autres personnalisations, ou si votre mariage se d\u00e9roule sur plusieurs jours, plusieurs endroits ou d\u2019autres \u00e9v\u00e9nements suppl\u00e9mentaires, les deux feuillets ne suffiront certainement pas, alors <strong>nous pouvons ajouter des pages suppl\u00e9mentaires en option<\/strong>. Laissez vagabonder votre imagination et notre savoir-faire fera le reste afin que ce faire-part vous ressemble et \u00e9pate votre famille et vos proches ! Vous pouvez tout ins\u00e9rer dans votre faire-part. Avec l\u2019assistance de vrais professionnels, vous aurez l\u2019occasion de le personnaliser \u00e0 vos go\u00fbts. Le plus important est de vous satisfaire.<\/p>\n<h4><strong>Un mariage chic et \u00e9coresponsable\u00a0!<\/strong><\/h4>\n<p>Chez Paper and Kraft, nous nous d\u00e9marquons des autres entreprises par <strong>notre profond engagement dans la protection de l\u2019environnement. <\/strong>En effet, nous cr\u00e9ons nos \u00ab\u00a0faire-part verts\u00a0\u00bb uniquement \u00e0 partir de <strong>papiers 100% recycl\u00e9s<\/strong>. Cela offre une douceur remarquable au papier Kraft. <b>Admirez le design exclusif du mod\u00e8le \u00ab\u00a0Orsay K\u00a0\u00bb et faites de votre mariage, un \u00e9v\u00e9nement inoubliable.. et \u00c9cologique !.<\/b><\/p>\n","protected":false},"excerpt":{"rendered":"<p style=\"text-align: center;\"><a href=\"https:\/\/paperandkraft.com\/shop\/votre-maquette-mariage-gratuite\/?nom_du_modele=Orsay%20K\" target=\"blank\" class=\"button secondary is-secondary is-medium hide-for-small\" >\n\t\t<span>Je demande ma maquette gratuite<\/span>\n\t<\/a>\n\n<a href=\"https:\/\/paperandkraft.com\/shop\/votre-maquette-mariage-gratuite\/?nom_du_modele=Orsay%20K\" target=\"_blank\" class=\"button secondary is-medium expand sticky-footer-button show-for-small\" rel=\"noopener\" >\n\t\t<span>Je demande<br \/>\nma maquette gratuite<\/span>\n\t<\/a>\n\n","protected":false},"featured_media":16350,"comment_status":"open","ping_status":"closed","template":"","meta":{"_acf_changed":false,"inline_featured_image":false},"product_brand":[],"product_cat":[230,62,26],"product_tag":[],"class_list":{"0":"post-227","1":"product","2":"type-product","3":"status-publish","4":"has-post-thumbnail","6":"product_cat-faire-part-creatif-mariage","7":"product_cat-faire-part-mariage-theme-chic","8":"product_cat-faire-part-mariage-kraft","10":"first","11":"instock","12":"taxable","13":"shipping-taxable","14":"purchasable","15":"product-type-simple"},"acf":[],"yoast_head":"<!-- This site is optimized with the Yoast SEO Premium plugin v24.6 (Yoast SEO v27.4) - https:\/\/yoast.com\/product\/yoast-seo-premium-wordpress\/ -->\n<title>Faire-part mariage sobre et design Orsay K - Paperandkraft.com<\/title>\n<meta name=\"description\" content=\"Alliez sobri\u00e9t\u00e9, \u00e9l\u00e9gance , luxe et \u00e9cologie avec ce faire-part imprim\u00e9 sur du papier kraft 100% recycl\u00e9 !\" \/>\n<meta name=\"robots\" content=\"index, follow, max-snippet:-1, max-image-preview:large, max-video-preview:-1\" \/>\n<link rel=\"canonical\" href=\"https:\/\/paperandkraft.com\/shop\/produit\/faire-part-mariage-kraft-orsay-k\/\" \/>\n<meta property=\"og:locale\" content=\"fr_FR\" \/>\n<meta property=\"og:type\" content=\"article\" \/>\n<meta property=\"og:title\" content=\"Faire-part mariage Orsay K\" \/>\n<meta property=\"og:url\" content=\"https:\/\/paperandkraft.com\/shop\/produit\/faire-part-mariage-kraft-orsay-k\/\" \/>\n<meta property=\"og:site_name\" content=\"PaperAndKraft\" \/>\n<meta property=\"article:publisher\" content=\"https:\/\/www.facebook.com\/paperandkraft\" \/>\n<meta property=\"article:modified_time\" content=\"2022-02-19T08:05:06+00:00\" \/>\n<meta property=\"og:image\" content=\"https:\/\/paperandkraft.com\/shop\/wp-content\/uploads\/2020\/03\/faire-part-mariage-monochrome-chi-et-elegant-en-papier-kraft-1.jpg\" \/>\n\t<meta property=\"og:image:width\" content=\"700\" \/>\n\t<meta property=\"og:image:height\" content=\"700\" \/>\n\t<meta property=\"og:image:type\" content=\"image\/jpeg\" \/>\n<meta name=\"twitter:card\" content=\"summary_large_image\" \/>\n<meta name=\"twitter:label1\" content=\"Prix\" \/>\n\t<meta name=\"twitter:data1\" content=\"6.00&euro;\" \/>\n\t<meta name=\"twitter:label2\" content=\"Disponibilit\u00e9\" \/>\n\t<meta name=\"twitter:data2\" content=\"En stock\" \/>\n<meta property=\"product:price:amount\" content=\"6.00\" \/>\n<meta property=\"product:price:currency\" content=\"EUR\" \/>\n<meta property=\"og:availability\" content=\"instock\" \/>\n<meta property=\"product:availability\" content=\"instock\" \/>\n<meta property=\"product:condition\" content=\"new\" \/>\n<!-- \/ Yoast SEO Premium plugin. -->","yoast_head_json":{"title":"Faire-part mariage sobre et design Orsay K - Paperandkraft.com","description":"Alliez sobri\u00e9t\u00e9, \u00e9l\u00e9gance , luxe et \u00e9cologie avec ce faire-part imprim\u00e9 sur du papier kraft 100% recycl\u00e9 !","robots":{"index":"index","follow":"follow","max-snippet":"max-snippet:-1","max-image-preview":"max-image-preview:large","max-video-preview":"max-video-preview:-1"},"canonical":"https:\/\/paperandkraft.com\/shop\/produit\/faire-part-mariage-kraft-orsay-k\/","og_locale":"fr_FR","og_type":"article","og_title":"Faire-part mariage Orsay K","og_url":"https:\/\/paperandkraft.com\/shop\/produit\/faire-part-mariage-kraft-orsay-k\/","og_site_name":"PaperAndKraft","article_publisher":"https:\/\/www.facebook.com\/paperandkraft","article_modified_time":"2022-02-19T08:05:06+00:00","og_image":[{"width":700,"height":700,"url":"https:\/\/paperandkraft.com\/shop\/wp-content\/uploads\/2020\/03\/faire-part-mariage-monochrome-chi-et-elegant-en-papier-kraft-1.jpg","type":"image\/jpeg"}],"twitter_card":"summary_large_image","twitter_misc":{"Prix":"6.00&euro;","Disponibilit\u00e9":"En stock"},"schema":{"@context":"https:\/\/schema.org","@graph":[{"@type":"WebPage","@id":"https:\/\/paperandkraft.com\/shop\/produit\/faire-part-mariage-kraft-orsay-k\/","url":"https:\/\/paperandkraft.com\/shop\/produit\/faire-part-mariage-kraft-orsay-k\/","name":"Faire-part mariage sobre et design Orsay K - Paperandkraft.com","isPartOf":{"@id":"https:\/\/paperandkraft.com\/shop\/#website"},"primaryImageOfPage":{"@id":"https:\/\/paperandkraft.com\/shop\/produit\/faire-part-mariage-kraft-orsay-k\/#primaryimage"},"image":{"@id":"https:\/\/paperandkraft.com\/shop\/produit\/faire-part-mariage-kraft-orsay-k\/#primaryimage"},"thumbnailUrl":"https:\/\/paperandkraft.com\/shop\/wp-content\/uploads\/2020\/03\/faire-part-mariage-monochrome-chi-et-elegant-en-papier-kraft-1.jpg","datePublished":"2015-09-23T08:14:05+00:00","dateModified":"2022-02-19T08:05:06+00:00","description":"Alliez sobri\u00e9t\u00e9, \u00e9l\u00e9gance , luxe et \u00e9cologie avec ce faire-part imprim\u00e9 sur du papier kraft 100% recycl\u00e9 !","breadcrumb":{"@id":"https:\/\/paperandkraft.com\/shop\/produit\/faire-part-mariage-kraft-orsay-k\/#breadcrumb"},"inLanguage":"fr-FR","potentialAction":[{"@type":"ReadAction","target":["https:\/\/paperandkraft.com\/shop\/produit\/faire-part-mariage-kraft-orsay-k\/"]}]},{"@type":"ImageObject","inLanguage":"fr-FR","@id":"https:\/\/paperandkraft.com\/shop\/produit\/faire-part-mariage-kraft-orsay-k\/#primaryimage","url":"https:\/\/paperandkraft.com\/shop\/wp-content\/uploads\/2020\/03\/faire-part-mariage-monochrome-chi-et-elegant-en-papier-kraft-1.jpg","contentUrl":"https:\/\/paperandkraft.com\/shop\/wp-content\/uploads\/2020\/03\/faire-part-mariage-monochrome-chi-et-elegant-en-papier-kraft-1.jpg","width":700,"height":700},{"@type":"BreadcrumbList","@id":"https:\/\/paperandkraft.com\/shop\/produit\/faire-part-mariage-kraft-orsay-k\/#breadcrumb","itemListElement":[{"@type":"ListItem","position":1,"name":"Accueil","item":"https:\/\/paperandkraft.com\/shop\/"},{"@type":"ListItem","position":2,"name":"Boutique","item":"https:\/\/paperandkraft.com\/shop\/boutique\/"},{"@type":"ListItem","position":3,"name":"Faire-part mariage Orsay K"}]},{"@type":"WebSite","@id":"https:\/\/paperandkraft.com\/shop\/#website","url":"https:\/\/paperandkraft.com\/shop\/","name":"PaperAndKraft","description":"Faire-part de mariage et naissance en papier recycl\u00e9","publisher":{"@id":"https:\/\/paperandkraft.com\/shop\/#organization"},"potentialAction":[{"@type":"SearchAction","target":{"@type":"EntryPoint","urlTemplate":"https:\/\/paperandkraft.com\/shop\/?s={search_term_string}"},"query-input":{"@type":"PropertyValueSpecification","valueRequired":true,"valueName":"search_term_string"}}],"inLanguage":"fr-FR"},{"@type":"Organization","@id":"https:\/\/paperandkraft.com\/shop\/#organization","name":"Paper And Kraft : Faire-Part","url":"https:\/\/paperandkraft.com\/shop\/","logo":{"@type":"ImageObject","inLanguage":"fr-FR","@id":"https:\/\/paperandkraft.com\/shop\/#\/schema\/logo\/image\/","url":"https:\/\/paperandkraft.com\/shop\/wp-content\/uploads\/2020\/03\/logo-2020-noir-1.png","contentUrl":"https:\/\/paperandkraft.com\/shop\/wp-content\/uploads\/2020\/03\/logo-2020-noir-1.png","width":350,"height":76,"caption":"Paper And Kraft : Faire-Part"},"image":{"@id":"https:\/\/paperandkraft.com\/shop\/#\/schema\/logo\/image\/"},"sameAs":["https:\/\/www.facebook.com\/paperandkraft","https:\/\/www.instagram.com\/paper_and_kraft\/","https:\/\/www.pinterest.fr\/paperandkraft\/"]}]},"product_price_amount":"6.00","product_price_currency":"EUR","og_availability":"instock","product_availability":"instock","product_condition":"new"},"_links":{"self":[{"href":"https:\/\/paperandkraft.com\/shop\/wp-json\/wp\/v2\/product\/227","targetHints":{"allow":["GET"]}}],"collection":[{"href":"https:\/\/paperandkraft.com\/shop\/wp-json\/wp\/v2\/product"}],"about":[{"href":"https:\/\/paperandkraft.com\/shop\/wp-json\/wp\/v2\/types\/product"}],"replies":[{"embeddable":true,"href":"https:\/\/paperandkraft.com\/shop\/wp-json\/wp\/v2\/comments?post=227"}],"wp:featuredmedia":[{"embeddable":true,"href":"https:\/\/paperandkraft.com\/shop\/wp-json\/wp\/v2\/media\/16350"}],"wp:attachment":[{"href":"https:\/\/paperandkraft.com\/shop\/wp-json\/wp\/v2\/media?parent=227"}],"wp:term":[{"taxonomy":"product_brand","embeddable":true,"href":"https:\/\/paperandkraft.com\/shop\/wp-json\/wp\/v2\/product_brand?post=227"},{"taxonomy":"product_cat","embeddable":true,"href":"https:\/\/paperandkraft.com\/shop\/wp-json\/wp\/v2\/product_cat?post=227"},{"taxonomy":"product_tag","embeddable":true,"href":"https:\/\/paperandkraft.com\/shop\/wp-json\/wp\/v2\/product_tag?post=227"}],"curies":[{"name":"wp","href":"https:\/\/api.w.org\/{rel}","templated":true}]}}