{"id":220,"date":"2015-09-23T08:01:19","date_gmt":"2015-09-23T08:01:19","guid":{"rendered":"http:\/\/paperandkraft.com\/shop\/?product=montgolfiere"},"modified":"2022-02-16T00:15:12","modified_gmt":"2022-02-16T00:15:12","slug":"faire-par-mariage-kraft-montgolfiere","status":"publish","type":"product","link":"https:\/\/paperandkraft.com\/shop\/produit\/faire-par-mariage-kraft-montgolfiere\/","title":{"rendered":"Faire-part mariage kraft montgolfi\u00e8re"},"content":{"rendered":"<h4><strong>Le th\u00e8me du voyage sera-t-il votre choix pour votre mariage\u00a0?<\/strong><\/h4>\n<p><strong>La cr\u00e9ation d\u2019un faire-part unique peut \u00eatre on\u00e9reuse<\/strong>. <strong>Heureusement, gr\u00e2ce \u00e0 Paper and Kraft, vous aurez l\u2019occasion d\u2019obtenir un faire-part personnalisable, \u00e0 un prix plus qu\u2019abordable<\/strong>. Et puis comme <strong>le th\u00e8me de votre mariage concerne le voyage, avec un style vintage<\/strong>, nous avons imagin\u00e9 le mod\u00e8le de faire-part id\u00e9al pour vous\u00a0: <strong>le mod\u00e8le \u00ab\u00a0Montgolfi\u00e8re<\/strong>\u00a0\u00bb. Comme son nom l\u2019indique, l\u2019inscription et l\u2019illustration font <strong>passer le message instantan\u00e9ment \u00e0 vos invit\u00e9s<\/strong> et son cot\u00e9 merveilleusement r\u00e9tro avec cette montgolfi\u00e8re monochrome en font une invitation de choix pour un mariage c\u00e9l\u00e9brant votre c\u00f4t\u00e9 aventurier\u00a0! Outre le mod\u00e8le standard, qui est compos\u00e9 de la couverture en kraft et de deux pages \u00e0 remplir avec votre texte, <strong>vous aurez la possibilit\u00e9 d\u2019ajouter d\u2019autres pages si votre mariage dure plusieurs jours, ou si d\u2019autres d\u00e9tails doivent \u00eatre connus des invit\u00e9s.<\/strong><\/p>\n<h4><strong>Qu\u2019est-ce qui fait la particularit\u00e9 de Paper and Kraft\u00a0?<\/strong><\/h4>\n<p>Gr\u00e2ce au mariage, l\u2019histoire de deux personnes peut totalement basculer. Pour la majorit\u00e9 des couples, <strong>le mariage est l\u2019occasion de c\u00e9l\u00e9brer la r\u00e9ussite de toute une vie<\/strong>. C\u2019est pour cela qu\u2019une grande partie des personnes ayant d\u00e9cid\u00e9 de passer le cap inscrit cet \u00e9v\u00e9nement comme parmi les plus marquants de leur vie. Cependant, <strong>avant la c\u00e9r\u00e9monie proprement dite, il y a les pr\u00e9paratifs.<\/strong> Et pour les personnes qui \u0153uvrent dans ce domaine, c\u2019est l\u2019\u00e9tape cruciale, caract\u00e9risant la r\u00e9ussite du mariage. <strong>Contacter les professionnels est l\u2019option id\u00e9ale \u00e0 envisager si vous voulez assurer le succ\u00e8s de votre projet de mariage<\/strong>.<\/p>\n<p>Chez Paper and kraft vous \u00eates le boss ! Vous nous envoyez le texte et vos d\u00e9sirs et nous vous proposons une mise en page styl\u00e9e et originale. Nous mettons toute notre exp\u00e9rience \u00e0 votre service pour l\u2019embellir avec des illustrations r\u00e9tro et bien sur connot\u00e9es voyage ! Nous corrigeons nos propositions jusqu\u2019\u00e0 ce que le faire-part soit \u00e0 votre image car il sera la vitrine de votre mariage aupr\u00e8s de votre famille et vos amis !<\/p>\n<h4><strong>Mariage th\u00e8me voyage et \u00e9cologique\u00a0!<\/strong><\/h4>\n<p>Obtenir le faire-part id\u00e9al est \u00e0 port\u00e9e de main gr\u00e2ce \u00e0 Paper and Kraft. En plus d\u2019obtenir un rendu magnifique, <strong>vous soutenez \u00e9galement Paper and Kraft dans la lutte pour le respect et la pr\u00e9servation de l\u2019environnement.<\/strong> En effet, nous ne choisissons que <strong>des papiers 100% recycl\u00e9s<\/strong> dans la fabrication de nos faire-part. De plus, il faut non seulement que les papiers soient \u00e9coresponsables mais aussi beaux et de qualit\u00e9 car nous voulons ce qu\u2019 il y a de mieux pour votre mariage \u00a0et oui un faire-part peut \u00eatre beau tout en \u00e9tant respectueux de l\u2019environnement.<\/p>\n","protected":false},"excerpt":{"rendered":"<p style=\"text-align: center;\"><a href=\"https:\/\/paperandkraft.com\/shop\/votre-maquette-mariage-gratuite\/?nom_du_modele=Montgolfiere\" target=\"blank\" class=\"button secondary is-secondary is-medium hide-for-small\" >\n\t\t<span>Je demande ma maquette gratuite<\/span>\n\t<\/a>\n\n<a href=\"https:\/\/paperandkraft.com\/shop\/votre-maquette-mariage-gratuite\/?nom_du_modele=Montgolfiere\" target=\"_blank\" class=\"button secondary is-medium expand sticky-footer-button show-for-small\" rel=\"noopener\" >\n\t\t<span>Je demande<br \/>\nma maquette gratuite<\/span>\n\t<\/a>\n\n","protected":false},"featured_media":16344,"comment_status":"open","ping_status":"closed","template":"","meta":{"_acf_changed":false,"inline_featured_image":false},"product_brand":[],"product_cat":[230,227,26,15,16],"product_tag":[],"class_list":{"0":"post-220","1":"product","2":"type-product","3":"status-publish","4":"has-post-thumbnail","6":"product_cat-faire-part-creatif-mariage","7":"product_cat-faire-part-mariage-boheme","8":"product_cat-faire-part-mariage-kraft","9":"product_cat-faire-part-mariage-theme-voyage","10":"product_cat-faire-part-mariage-theme-vintage","12":"first","13":"instock","14":"taxable","15":"shipping-taxable","16":"purchasable","17":"product-type-simple"},"acf":[],"yoast_head":"<!-- This site is optimized with the Yoast SEO Premium plugin v24.6 (Yoast SEO v27.2) - https:\/\/yoast.com\/product\/yoast-seo-premium-wordpress\/ -->\n<title>Faire-part mariage Montgolfiere - Paperandkraft<\/title>\n<meta name=\"description\" content=\"Faire-part de mariage au th\u00e8me r\u00e9tro avec une montgolfi\u00e8re vintage sur la couverture\" \/>\n<meta name=\"robots\" content=\"index, follow, max-snippet:-1, max-image-preview:large, max-video-preview:-1\" \/>\n<link rel=\"canonical\" href=\"https:\/\/paperandkraft.com\/shop\/produit\/faire-par-mariage-kraft-montgolfiere\/\" \/>\n<meta property=\"og:locale\" content=\"fr_FR\" \/>\n<meta property=\"og:type\" content=\"article\" \/>\n<meta property=\"og:title\" content=\"Faire-part mariage kraft montgolfi\u00e8re\" \/>\n<meta property=\"og:url\" content=\"https:\/\/paperandkraft.com\/shop\/produit\/faire-par-mariage-kraft-montgolfiere\/\" \/>\n<meta property=\"og:site_name\" content=\"PaperAndKraft\" \/>\n<meta property=\"article:publisher\" content=\"https:\/\/www.facebook.com\/paperandkraft\" \/>\n<meta property=\"article:modified_time\" content=\"2022-02-16T00:15:12+00:00\" \/>\n<meta property=\"og:image\" content=\"https:\/\/paperandkraft.com\/shop\/wp-content\/uploads\/2020\/03\/faire-part-mariage-vintage-theme-voyage-1.jpg\" \/>\n\t<meta property=\"og:image:width\" content=\"700\" \/>\n\t<meta property=\"og:image:height\" content=\"700\" \/>\n\t<meta property=\"og:image:type\" content=\"image\/jpeg\" \/>\n<meta name=\"twitter:card\" content=\"summary_large_image\" \/>\n<meta name=\"twitter:label1\" content=\"Prix\" \/>\n\t<meta name=\"twitter:data1\" content=\"6.00&euro;\" \/>\n\t<meta name=\"twitter:label2\" content=\"Disponibilit\u00e9\" \/>\n\t<meta name=\"twitter:data2\" content=\"En stock\" \/>\n<meta property=\"product:price:amount\" content=\"6.00\" \/>\n<meta property=\"product:price:currency\" content=\"EUR\" \/>\n<meta property=\"og:availability\" content=\"instock\" \/>\n<meta property=\"product:availability\" content=\"instock\" \/>\n<meta property=\"product:condition\" content=\"new\" \/>\n<!-- \/ Yoast SEO Premium plugin. -->","yoast_head_json":{"title":"Faire-part mariage Montgolfiere - Paperandkraft","description":"Faire-part de mariage au th\u00e8me r\u00e9tro avec une montgolfi\u00e8re vintage sur la couverture","robots":{"index":"index","follow":"follow","max-snippet":"max-snippet:-1","max-image-preview":"max-image-preview:large","max-video-preview":"max-video-preview:-1"},"canonical":"https:\/\/paperandkraft.com\/shop\/produit\/faire-par-mariage-kraft-montgolfiere\/","og_locale":"fr_FR","og_type":"article","og_title":"Faire-part mariage kraft montgolfi\u00e8re","og_url":"https:\/\/paperandkraft.com\/shop\/produit\/faire-par-mariage-kraft-montgolfiere\/","og_site_name":"PaperAndKraft","article_publisher":"https:\/\/www.facebook.com\/paperandkraft","article_modified_time":"2022-02-16T00:15:12+00:00","og_image":[{"width":700,"height":700,"url":"https:\/\/paperandkraft.com\/shop\/wp-content\/uploads\/2020\/03\/faire-part-mariage-vintage-theme-voyage-1.jpg","type":"image\/jpeg"}],"twitter_card":"summary_large_image","twitter_misc":{"Prix":"6.00&euro;","Disponibilit\u00e9":"En stock"},"schema":{"@context":"https:\/\/schema.org","@graph":[{"@type":"WebPage","@id":"https:\/\/paperandkraft.com\/shop\/produit\/faire-par-mariage-kraft-montgolfiere\/","url":"https:\/\/paperandkraft.com\/shop\/produit\/faire-par-mariage-kraft-montgolfiere\/","name":"Faire-part mariage Montgolfiere - Paperandkraft","isPartOf":{"@id":"https:\/\/paperandkraft.com\/shop\/#website"},"primaryImageOfPage":{"@id":"https:\/\/paperandkraft.com\/shop\/produit\/faire-par-mariage-kraft-montgolfiere\/#primaryimage"},"image":{"@id":"https:\/\/paperandkraft.com\/shop\/produit\/faire-par-mariage-kraft-montgolfiere\/#primaryimage"},"thumbnailUrl":"https:\/\/paperandkraft.com\/shop\/wp-content\/uploads\/2020\/03\/faire-part-mariage-vintage-theme-voyage-1.jpg","datePublished":"2015-09-23T08:01:19+00:00","dateModified":"2022-02-16T00:15:12+00:00","description":"Faire-part de mariage au th\u00e8me r\u00e9tro avec une montgolfi\u00e8re vintage sur la couverture","breadcrumb":{"@id":"https:\/\/paperandkraft.com\/shop\/produit\/faire-par-mariage-kraft-montgolfiere\/#breadcrumb"},"inLanguage":"fr-FR","potentialAction":[{"@type":"ReadAction","target":["https:\/\/paperandkraft.com\/shop\/produit\/faire-par-mariage-kraft-montgolfiere\/"]}]},{"@type":"ImageObject","inLanguage":"fr-FR","@id":"https:\/\/paperandkraft.com\/shop\/produit\/faire-par-mariage-kraft-montgolfiere\/#primaryimage","url":"https:\/\/paperandkraft.com\/shop\/wp-content\/uploads\/2020\/03\/faire-part-mariage-vintage-theme-voyage-1.jpg","contentUrl":"https:\/\/paperandkraft.com\/shop\/wp-content\/uploads\/2020\/03\/faire-part-mariage-vintage-theme-voyage-1.jpg","width":700,"height":700},{"@type":"BreadcrumbList","@id":"https:\/\/paperandkraft.com\/shop\/produit\/faire-par-mariage-kraft-montgolfiere\/#breadcrumb","itemListElement":[{"@type":"ListItem","position":1,"name":"Accueil","item":"https:\/\/paperandkraft.com\/shop\/"},{"@type":"ListItem","position":2,"name":"Boutique","item":"https:\/\/paperandkraft.com\/shop\/boutique\/"},{"@type":"ListItem","position":3,"name":"Faire-part mariage kraft montgolfi\u00e8re"}]},{"@type":"WebSite","@id":"https:\/\/paperandkraft.com\/shop\/#website","url":"https:\/\/paperandkraft.com\/shop\/","name":"PaperAndKraft","description":"Faire-part de mariage et naissance en papier recycl\u00e9","publisher":{"@id":"https:\/\/paperandkraft.com\/shop\/#organization"},"potentialAction":[{"@type":"SearchAction","target":{"@type":"EntryPoint","urlTemplate":"https:\/\/paperandkraft.com\/shop\/?s={search_term_string}"},"query-input":{"@type":"PropertyValueSpecification","valueRequired":true,"valueName":"search_term_string"}}],"inLanguage":"fr-FR"},{"@type":"Organization","@id":"https:\/\/paperandkraft.com\/shop\/#organization","name":"Paper And Kraft : Faire-Part","url":"https:\/\/paperandkraft.com\/shop\/","logo":{"@type":"ImageObject","inLanguage":"fr-FR","@id":"https:\/\/paperandkraft.com\/shop\/#\/schema\/logo\/image\/","url":"https:\/\/paperandkraft.com\/shop\/wp-content\/uploads\/2020\/03\/logo-2020-noir-1.png","contentUrl":"https:\/\/paperandkraft.com\/shop\/wp-content\/uploads\/2020\/03\/logo-2020-noir-1.png","width":350,"height":76,"caption":"Paper And Kraft : Faire-Part"},"image":{"@id":"https:\/\/paperandkraft.com\/shop\/#\/schema\/logo\/image\/"},"sameAs":["https:\/\/www.facebook.com\/paperandkraft","https:\/\/www.instagram.com\/paper_and_kraft\/","https:\/\/www.pinterest.fr\/paperandkraft\/"]}]},"product_price_amount":"6.00","product_price_currency":"EUR","og_availability":"instock","product_availability":"instock","product_condition":"new"},"_links":{"self":[{"href":"https:\/\/paperandkraft.com\/shop\/wp-json\/wp\/v2\/product\/220","targetHints":{"allow":["GET"]}}],"collection":[{"href":"https:\/\/paperandkraft.com\/shop\/wp-json\/wp\/v2\/product"}],"about":[{"href":"https:\/\/paperandkraft.com\/shop\/wp-json\/wp\/v2\/types\/product"}],"replies":[{"embeddable":true,"href":"https:\/\/paperandkraft.com\/shop\/wp-json\/wp\/v2\/comments?post=220"}],"wp:featuredmedia":[{"embeddable":true,"href":"https:\/\/paperandkraft.com\/shop\/wp-json\/wp\/v2\/media\/16344"}],"wp:attachment":[{"href":"https:\/\/paperandkraft.com\/shop\/wp-json\/wp\/v2\/media?parent=220"}],"wp:term":[{"taxonomy":"product_brand","embeddable":true,"href":"https:\/\/paperandkraft.com\/shop\/wp-json\/wp\/v2\/product_brand?post=220"},{"taxonomy":"product_cat","embeddable":true,"href":"https:\/\/paperandkraft.com\/shop\/wp-json\/wp\/v2\/product_cat?post=220"},{"taxonomy":"product_tag","embeddable":true,"href":"https:\/\/paperandkraft.com\/shop\/wp-json\/wp\/v2\/product_tag?post=220"}],"curies":[{"name":"wp","href":"https:\/\/api.w.org\/{rel}","templated":true}]}}