{"id":2150,"date":"2017-09-23T10:42:44","date_gmt":"2017-09-23T10:42:44","guid":{"rendered":"https:\/\/paperandkraft.com\/shop\/?post_type=product&#038;p=2150"},"modified":"2021-08-09T18:54:28","modified_gmt":"2021-08-09T18:54:28","slug":"on-the-go","status":"publish","type":"product","link":"https:\/\/paperandkraft.com\/shop\/produit\/on-the-go\/","title":{"rendered":"Faire-part On The Go"},"content":{"rendered":"<p>Des illustrations d\u00e9licieusement vintages viennent parfaire le design original de ce faire-part th\u00e8me voyage : un avion qui fait le tour du monde d&#8217;un globe terrestre vintage, une s\u00e9rie de valise r\u00e9tro empil\u00e9es les unes sur les autres et une vieille illustration de publicit\u00e9 pour une croisi\u00e8re \u00e0 bord du France !<\/p>\n<p>Osez un texte original qui scotchera vos invit\u00e9s lorsqu&#8217;il recevront cette invitation pour votre mariage moderne et r\u00e9tro \u00e0 la fois. Les 4 volets du faire-part vous laissent libre de choisir un texte pour chaque \u00e9tapes de votre mariage : l&#8217;invitation \u00e0 la mairie et\/ou l&#8217;\u00e9glise, le partie cocktail, la partie d\u00eener et il vous reste un volet pour une r\u00e9ponse, une liste d&#8217;h\u00f4tel ou un autre rendez-vous (le brunch du lendemain par exemple).<\/p>\n<h3>A Personnaliser selon vos envies<\/h3>\n<p>Comme tous les faire-part mariage de Paper And Kraft, il est personnalisable : vous souhaitez un liseret d&#8217;une autre couleur ? Pas de probl\u00e8me, vous voulez bouger une illustration de place ? Pas de soucis. Nous travaillons avec votre texte, vos d\u00e9sirs et votre imagination \ud83d\ude42 Nous sommes l\u00e0 pour vous \u00e9couter et faire notre possible afin que ce faire-part vous ressemble.<\/p>\n","protected":false},"excerpt":{"rendered":"<p style=\"text-align: center;\"><a href=\"https:\/\/paperandkraft.com\/shop\/la-maquette-de-votre-faire-part-de-mariage-accordeon-gratuite\/?nom_du_modele=On%20The%20Go\" target=\"blank\" class=\"button secondary is-secondary is-medium hide-for-small\" >\n\t\t<span>Je demande ma maquette gratuite<\/span>\n\t<\/a>\n\n<a href=\"https:\/\/paperandkraft.com\/shop\/la-maquette-de-votre-faire-part-de-mariage-accordeon-gratuite\/?nom_du_modele=On%20The%20Go\" target=\"_blank\" class=\"button secondary is-medium expand sticky-footer-button show-for-small\" rel=\"noopener\" >\n\t\t<span>Je demande<br \/>\nma maquette gratuite<\/span>\n\t<\/a>\n\n","protected":false},"featured_media":16615,"comment_status":"open","ping_status":"closed","template":"","meta":{"_acf_changed":false,"inline_featured_image":false},"product_brand":[],"product_cat":[230,227,26,15,16,114],"product_tag":[],"class_list":{"0":"post-2150","1":"product","2":"type-product","3":"status-publish","4":"has-post-thumbnail","6":"product_cat-faire-part-creatif-mariage","7":"product_cat-faire-part-mariage-boheme","8":"product_cat-faire-part-mariage-kraft","9":"product_cat-faire-part-mariage-theme-voyage","10":"product_cat-faire-part-mariage-theme-vintage","11":"product_cat-collection-atelier","13":"first","14":"instock","15":"taxable","16":"shipping-taxable","17":"purchasable","18":"product-type-simple"},"acf":[],"yoast_head":"<!-- This site is optimized with the Yoast SEO Premium plugin v24.6 (Yoast SEO v27.2) - https:\/\/yoast.com\/product\/yoast-seo-premium-wordpress\/ -->\n<title>Faire-part mariage On The Go voyage - Paperandkraft.com<\/title>\n<meta name=\"description\" content=\"Pour les amoureux d&#039;aventure, faire-part tr\u00e8s original pli\u00e9 en 4 volets imprim\u00e9 sur du papier kraft recycl\u00e9 sur le th\u00e8me du voyage.\" \/>\n<meta name=\"robots\" content=\"index, follow, max-snippet:-1, max-image-preview:large, max-video-preview:-1\" \/>\n<link rel=\"canonical\" href=\"https:\/\/paperandkraft.com\/shop\/produit\/on-the-go\/\" \/>\n<meta property=\"og:locale\" content=\"fr_FR\" \/>\n<meta property=\"og:type\" content=\"article\" \/>\n<meta property=\"og:title\" content=\"Faire-part On The Go\" \/>\n<meta property=\"og:url\" content=\"https:\/\/paperandkraft.com\/shop\/produit\/on-the-go\/\" \/>\n<meta property=\"og:site_name\" content=\"PaperAndKraft\" \/>\n<meta property=\"article:publisher\" content=\"https:\/\/www.facebook.com\/paperandkraft\" \/>\n<meta property=\"article:modified_time\" content=\"2021-08-09T18:54:28+00:00\" \/>\n<meta property=\"og:image\" content=\"https:\/\/paperandkraft.com\/shop\/wp-content\/uploads\/2020\/03\/on-the-go.jpg\" \/>\n\t<meta property=\"og:image:width\" content=\"498\" \/>\n\t<meta property=\"og:image:height\" content=\"1000\" \/>\n\t<meta property=\"og:image:type\" content=\"image\/jpeg\" \/>\n<meta name=\"twitter:card\" content=\"summary_large_image\" \/>\n<meta name=\"twitter:label1\" content=\"Prix\" \/>\n\t<meta name=\"twitter:data1\" content=\"6.00&euro;\" \/>\n\t<meta name=\"twitter:label2\" content=\"Disponibilit\u00e9\" \/>\n\t<meta name=\"twitter:data2\" content=\"En stock\" \/>\n<meta property=\"product:price:amount\" content=\"6.00\" \/>\n<meta property=\"product:price:currency\" content=\"EUR\" \/>\n<meta property=\"og:availability\" content=\"instock\" \/>\n<meta property=\"product:availability\" content=\"instock\" \/>\n<meta property=\"product:condition\" content=\"new\" \/>\n<!-- \/ Yoast SEO Premium plugin. -->","yoast_head_json":{"title":"Faire-part mariage On The Go voyage - Paperandkraft.com","description":"Pour les amoureux d'aventure, faire-part tr\u00e8s original pli\u00e9 en 4 volets imprim\u00e9 sur du papier kraft recycl\u00e9 sur le th\u00e8me du voyage.","robots":{"index":"index","follow":"follow","max-snippet":"max-snippet:-1","max-image-preview":"max-image-preview:large","max-video-preview":"max-video-preview:-1"},"canonical":"https:\/\/paperandkraft.com\/shop\/produit\/on-the-go\/","og_locale":"fr_FR","og_type":"article","og_title":"Faire-part On The Go","og_url":"https:\/\/paperandkraft.com\/shop\/produit\/on-the-go\/","og_site_name":"PaperAndKraft","article_publisher":"https:\/\/www.facebook.com\/paperandkraft","article_modified_time":"2021-08-09T18:54:28+00:00","og_image":[{"width":498,"height":1000,"url":"https:\/\/paperandkraft.com\/shop\/wp-content\/uploads\/2020\/03\/on-the-go.jpg","type":"image\/jpeg"}],"twitter_card":"summary_large_image","twitter_misc":{"Prix":"6.00&euro;","Disponibilit\u00e9":"En stock"},"schema":{"@context":"https:\/\/schema.org","@graph":[{"@type":"WebPage","@id":"https:\/\/paperandkraft.com\/shop\/produit\/on-the-go\/","url":"https:\/\/paperandkraft.com\/shop\/produit\/on-the-go\/","name":"Faire-part mariage On The Go voyage - Paperandkraft.com","isPartOf":{"@id":"https:\/\/paperandkraft.com\/shop\/#website"},"primaryImageOfPage":{"@id":"https:\/\/paperandkraft.com\/shop\/produit\/on-the-go\/#primaryimage"},"image":{"@id":"https:\/\/paperandkraft.com\/shop\/produit\/on-the-go\/#primaryimage"},"thumbnailUrl":"https:\/\/paperandkraft.com\/shop\/wp-content\/uploads\/2020\/03\/on-the-go.jpg","datePublished":"2017-09-23T10:42:44+00:00","dateModified":"2021-08-09T18:54:28+00:00","description":"Pour les amoureux d'aventure, faire-part tr\u00e8s original pli\u00e9 en 4 volets imprim\u00e9 sur du papier kraft recycl\u00e9 sur le th\u00e8me du voyage.","breadcrumb":{"@id":"https:\/\/paperandkraft.com\/shop\/produit\/on-the-go\/#breadcrumb"},"inLanguage":"fr-FR","potentialAction":[{"@type":"ReadAction","target":["https:\/\/paperandkraft.com\/shop\/produit\/on-the-go\/"]}]},{"@type":"ImageObject","inLanguage":"fr-FR","@id":"https:\/\/paperandkraft.com\/shop\/produit\/on-the-go\/#primaryimage","url":"https:\/\/paperandkraft.com\/shop\/wp-content\/uploads\/2020\/03\/on-the-go.jpg","contentUrl":"https:\/\/paperandkraft.com\/shop\/wp-content\/uploads\/2020\/03\/on-the-go.jpg","width":498,"height":1000},{"@type":"BreadcrumbList","@id":"https:\/\/paperandkraft.com\/shop\/produit\/on-the-go\/#breadcrumb","itemListElement":[{"@type":"ListItem","position":1,"name":"Accueil","item":"https:\/\/paperandkraft.com\/shop\/"},{"@type":"ListItem","position":2,"name":"Boutique","item":"https:\/\/paperandkraft.com\/shop\/boutique\/"},{"@type":"ListItem","position":3,"name":"Faire-part On The Go"}]},{"@type":"WebSite","@id":"https:\/\/paperandkraft.com\/shop\/#website","url":"https:\/\/paperandkraft.com\/shop\/","name":"PaperAndKraft","description":"Faire-part de mariage et naissance en papier recycl\u00e9","publisher":{"@id":"https:\/\/paperandkraft.com\/shop\/#organization"},"potentialAction":[{"@type":"SearchAction","target":{"@type":"EntryPoint","urlTemplate":"https:\/\/paperandkraft.com\/shop\/?s={search_term_string}"},"query-input":{"@type":"PropertyValueSpecification","valueRequired":true,"valueName":"search_term_string"}}],"inLanguage":"fr-FR"},{"@type":"Organization","@id":"https:\/\/paperandkraft.com\/shop\/#organization","name":"Paper And Kraft : Faire-Part","url":"https:\/\/paperandkraft.com\/shop\/","logo":{"@type":"ImageObject","inLanguage":"fr-FR","@id":"https:\/\/paperandkraft.com\/shop\/#\/schema\/logo\/image\/","url":"https:\/\/paperandkraft.com\/shop\/wp-content\/uploads\/2020\/03\/logo-2020-noir-1.png","contentUrl":"https:\/\/paperandkraft.com\/shop\/wp-content\/uploads\/2020\/03\/logo-2020-noir-1.png","width":350,"height":76,"caption":"Paper And Kraft : Faire-Part"},"image":{"@id":"https:\/\/paperandkraft.com\/shop\/#\/schema\/logo\/image\/"},"sameAs":["https:\/\/www.facebook.com\/paperandkraft","https:\/\/www.instagram.com\/paper_and_kraft\/","https:\/\/www.pinterest.fr\/paperandkraft\/"]}]},"product_price_amount":"6.00","product_price_currency":"EUR","og_availability":"instock","product_availability":"instock","product_condition":"new"},"_links":{"self":[{"href":"https:\/\/paperandkraft.com\/shop\/wp-json\/wp\/v2\/product\/2150","targetHints":{"allow":["GET"]}}],"collection":[{"href":"https:\/\/paperandkraft.com\/shop\/wp-json\/wp\/v2\/product"}],"about":[{"href":"https:\/\/paperandkraft.com\/shop\/wp-json\/wp\/v2\/types\/product"}],"replies":[{"embeddable":true,"href":"https:\/\/paperandkraft.com\/shop\/wp-json\/wp\/v2\/comments?post=2150"}],"wp:featuredmedia":[{"embeddable":true,"href":"https:\/\/paperandkraft.com\/shop\/wp-json\/wp\/v2\/media\/16615"}],"wp:attachment":[{"href":"https:\/\/paperandkraft.com\/shop\/wp-json\/wp\/v2\/media?parent=2150"}],"wp:term":[{"taxonomy":"product_brand","embeddable":true,"href":"https:\/\/paperandkraft.com\/shop\/wp-json\/wp\/v2\/product_brand?post=2150"},{"taxonomy":"product_cat","embeddable":true,"href":"https:\/\/paperandkraft.com\/shop\/wp-json\/wp\/v2\/product_cat?post=2150"},{"taxonomy":"product_tag","embeddable":true,"href":"https:\/\/paperandkraft.com\/shop\/wp-json\/wp\/v2\/product_tag?post=2150"}],"curies":[{"name":"wp","href":"https:\/\/api.w.org\/{rel}","templated":true}]}}