{"id":213,"date":"2015-09-23T07:54:30","date_gmt":"2015-09-23T07:54:30","guid":{"rendered":"http:\/\/paperandkraft.com\/shop\/?product=love-is-in-the-air"},"modified":"2021-08-11T20:44:39","modified_gmt":"2021-08-11T20:44:39","slug":"faire-part-mariage-love-is-in-the-air","status":"publish","type":"product","link":"https:\/\/paperandkraft.com\/shop\/produit\/faire-part-mariage-love-is-in-the-air\/","title":{"rendered":"faire-part mariage Love is in the air"},"content":{"rendered":"<h4><strong>L\u2019univers \u00a0de votre mariage sera<\/strong> <strong>Romantique avec notre faire-part de mariage Love is in the air.<\/strong><\/h4>\n<p>Chez <strong>Paper and Kraft nous mettons ce qui est de meilleur en ce qui concerne la cr\u00e9ation de faire-part. <\/strong>Nous sommes \u00e0 l\u2019\u00e9coute de toutes vos demandes et <strong>concevons des faire-part uniques \u00e0 un prix imbattable<\/strong>. <strong>Le romantisme et l\u2019amour<\/strong> sont votre choix pour d\u00e9corer et c\u00e9l\u00e9brer votre mariage ? Nous avons cr\u00e9\u00e9 un mod\u00e8le de faire-part de mariage \u00e0 la fois tr\u00e8s romantique avec cet \u00e9l\u00e9gant c\u0153ur fait d\u2019arabesques entrem\u00eal\u00e9es, r\u00e9tro, avec l\u2019utilisation de papier recycl\u00e9 comme le papier kraft et tr\u00e8s nature avec ses 2 jolis oiseaux qui chantent (probablement une chanson d\u2019amour) en se regardant amoureusement.<\/p>\n<p>Portant le doux nom de <strong>Love is in the air <\/strong>(comme la c\u00e9l\u00e8bre chanson), ce faire-part de mariage po\u00e9tique vous laisse une grande place pour imaginer le texte qui annoncera \u00e0 vos futurs invit\u00e9s le d\u00e9roulement du grand jour. Nous<strong> personnaliserons par la suite<\/strong> \u00a0les feuillets de votre faire-part en y ajoutant des symboles propre \u00e0 votre th\u00e8me mais surtout en vous proposant une mise en page unique qui \u00e9patera vos invit\u00e9s. Votre faire-part sera compos\u00e9 initialement d\u2019une couverture en papier kraft brun doux comme de la soie, et de deux feuillets internes. <strong>Vous pouvez ajouter des pages suppl\u00e9mentaires si vous voulez informer vos invit\u00e9s d\u2019autres d\u00e9tails \u00e0 prendre en compte lors du jour J.<\/strong><\/p>\n<h4><strong>Est-ce que faire confiance \u00e0 Paper and Kraft est un choix gagnant\u00a0?<\/strong><\/h4>\n<p>Dans un couple, <strong>le mariage est consid\u00e9r\u00e9 comme un aboutissement et la d\u00e9monstration de l\u2019amour<\/strong>. Quand un couple d\u00e9cide de se marier, c\u2019est qu\u2019il est pr\u00eat \u00e0 franchir une \u00e9tape et \u00e0 se fixer de nouveaux objectifs. <strong>Cet \u00e9v\u00e8nement ne peut \u00eatre n\u00e9glig\u00e9, que ce soit pour les futurs mari\u00e9s, les familles ou les professionnels qui vont \u0153uvrer dans la pr\u00e9paration du grand jour<\/strong>. Nous vous accompagnons dans la r\u00e9alisation de ce qui sera la premi\u00e8re image de votre mariage te nous mettons tout notre savoir-faire afin que cette invitation soit \u00e0 votre image<\/p>\n<h4><strong>Votre mariage peut \u00eatre romantique et \u00e9colo \u00e0 la fois\u00a0!<\/strong><\/h4>\n<p>Paper and Kraft a connu un vrai succ\u00e8s aupr\u00e8s de nombreux clients et maintient son succ\u00e8s en place. L\u2019entreprise se d\u00e9marque des autres par son <strong>engagement dans sa d\u00e9marche \u00e9coresponsable et la protection de l\u2019environnement<\/strong>. Les faire-part sont con\u00e7us <strong>100% \u00e0 partir de papiers recycl\u00e9s<\/strong>. <strong>Si vous avez quelques restes d\u2019amour \u00e0 partager, donnez-les \u00e0 l\u2019environnement et passez vos commandes d\u00e8s maintenant<\/strong>.<\/p>\n","protected":false},"excerpt":{"rendered":"<p style=\"text-align: center;\"><a href=\"https:\/\/paperandkraft.com\/shop\/votre-maquette-mariage-gratuite\/?nom_du_modele=Love%20is%20in%20The%20Air\" target=\"blank\" class=\"button secondary is-secondary is-medium hide-for-small\" >\n\t\t<span>Je demande ma maquette gratuite<\/span>\n\t<\/a>\n\n<a href=\"https:\/\/paperandkraft.com\/shop\/votre-maquette-mariage-gratuite\/?nom_du_modele=Love%20is%20in%20the%20air\" target=\"_blank\" class=\"button secondary is-medium expand sticky-footer-button show-for-small\" rel=\"noopener\" >\n\t\t<span>Je demande<br \/>\nma maquette gratuite<\/span>\n\t<\/a>\n\n","protected":false},"featured_media":16340,"comment_status":"open","ping_status":"closed","template":"","meta":{"_acf_changed":false,"inline_featured_image":false},"product_brand":[],"product_cat":[230,227,229,14,26],"product_tag":[],"class_list":{"0":"post-213","1":"product","2":"type-product","3":"status-publish","4":"has-post-thumbnail","6":"product_cat-faire-part-creatif-mariage","7":"product_cat-faire-part-mariage-boheme","8":"product_cat-faire-part-mariage-rouge-et-blanc","9":"product_cat-faire-part-mariage-theme-champetre","10":"product_cat-faire-part-mariage-kraft","12":"first","13":"instock","14":"taxable","15":"shipping-taxable","16":"purchasable","17":"product-type-simple"},"acf":[],"yoast_head":"<!-- This site is optimized with the Yoast SEO Premium plugin v24.6 (Yoast SEO v27.2) - https:\/\/yoast.com\/product\/yoast-seo-premium-wordpress\/ -->\n<title>Faire-part de mariage C\u0153ur Love is in the air- Paperandkraft.com<\/title>\n<meta name=\"description\" content=\"L\u2019amour est un sentiment merveilleux. Paper and Kraft vous aide \u00e0 pr\u00e9parer le plus beau jour de votre vie en concevant un faire-part romantique, r\u00e9tro et nature.\" \/>\n<meta name=\"robots\" content=\"index, follow, max-snippet:-1, max-image-preview:large, max-video-preview:-1\" \/>\n<link rel=\"canonical\" href=\"https:\/\/paperandkraft.com\/shop\/produit\/faire-part-mariage-love-is-in-the-air\/\" \/>\n<meta property=\"og:locale\" content=\"fr_FR\" \/>\n<meta property=\"og:type\" content=\"article\" \/>\n<meta property=\"og:title\" content=\"faire-part mariage Love is in the air\" \/>\n<meta property=\"og:url\" content=\"https:\/\/paperandkraft.com\/shop\/produit\/faire-part-mariage-love-is-in-the-air\/\" \/>\n<meta property=\"og:site_name\" content=\"PaperAndKraft\" \/>\n<meta property=\"article:publisher\" content=\"https:\/\/www.facebook.com\/paperandkraft\" \/>\n<meta property=\"article:modified_time\" content=\"2021-08-11T20:44:39+00:00\" \/>\n<meta property=\"og:image\" content=\"https:\/\/paperandkraft.com\/shop\/wp-content\/uploads\/2020\/03\/faire-part-mariage-en-papier-kraft-avec-un-coeur-1.jpg\" \/>\n\t<meta property=\"og:image:width\" content=\"700\" \/>\n\t<meta property=\"og:image:height\" content=\"700\" \/>\n\t<meta property=\"og:image:type\" content=\"image\/jpeg\" \/>\n<meta name=\"twitter:card\" content=\"summary_large_image\" \/>\n<meta name=\"twitter:label1\" content=\"Prix\" \/>\n\t<meta name=\"twitter:data1\" content=\"6.00&euro;\" \/>\n\t<meta name=\"twitter:label2\" content=\"Disponibilit\u00e9\" \/>\n\t<meta name=\"twitter:data2\" content=\"En stock\" \/>\n<meta property=\"product:price:amount\" content=\"6.00\" \/>\n<meta property=\"product:price:currency\" content=\"EUR\" \/>\n<meta property=\"og:availability\" content=\"instock\" \/>\n<meta property=\"product:availability\" content=\"instock\" \/>\n<meta property=\"product:condition\" content=\"new\" \/>\n<!-- \/ Yoast SEO Premium plugin. -->","yoast_head_json":{"title":"Faire-part de mariage C\u0153ur Love is in the air- Paperandkraft.com","description":"L\u2019amour est un sentiment merveilleux. Paper and Kraft vous aide \u00e0 pr\u00e9parer le plus beau jour de votre vie en concevant un faire-part romantique, r\u00e9tro et nature.","robots":{"index":"index","follow":"follow","max-snippet":"max-snippet:-1","max-image-preview":"max-image-preview:large","max-video-preview":"max-video-preview:-1"},"canonical":"https:\/\/paperandkraft.com\/shop\/produit\/faire-part-mariage-love-is-in-the-air\/","og_locale":"fr_FR","og_type":"article","og_title":"faire-part mariage Love is in the air","og_url":"https:\/\/paperandkraft.com\/shop\/produit\/faire-part-mariage-love-is-in-the-air\/","og_site_name":"PaperAndKraft","article_publisher":"https:\/\/www.facebook.com\/paperandkraft","article_modified_time":"2021-08-11T20:44:39+00:00","og_image":[{"width":700,"height":700,"url":"https:\/\/paperandkraft.com\/shop\/wp-content\/uploads\/2020\/03\/faire-part-mariage-en-papier-kraft-avec-un-coeur-1.jpg","type":"image\/jpeg"}],"twitter_card":"summary_large_image","twitter_misc":{"Prix":"6.00&euro;","Disponibilit\u00e9":"En stock"},"schema":{"@context":"https:\/\/schema.org","@graph":[{"@type":"WebPage","@id":"https:\/\/paperandkraft.com\/shop\/produit\/faire-part-mariage-love-is-in-the-air\/","url":"https:\/\/paperandkraft.com\/shop\/produit\/faire-part-mariage-love-is-in-the-air\/","name":"Faire-part de mariage C\u0153ur Love is in the air- Paperandkraft.com","isPartOf":{"@id":"https:\/\/paperandkraft.com\/shop\/#website"},"primaryImageOfPage":{"@id":"https:\/\/paperandkraft.com\/shop\/produit\/faire-part-mariage-love-is-in-the-air\/#primaryimage"},"image":{"@id":"https:\/\/paperandkraft.com\/shop\/produit\/faire-part-mariage-love-is-in-the-air\/#primaryimage"},"thumbnailUrl":"https:\/\/paperandkraft.com\/shop\/wp-content\/uploads\/2020\/03\/faire-part-mariage-en-papier-kraft-avec-un-coeur-1.jpg","datePublished":"2015-09-23T07:54:30+00:00","dateModified":"2021-08-11T20:44:39+00:00","description":"L\u2019amour est un sentiment merveilleux. Paper and Kraft vous aide \u00e0 pr\u00e9parer le plus beau jour de votre vie en concevant un faire-part romantique, r\u00e9tro et nature.","breadcrumb":{"@id":"https:\/\/paperandkraft.com\/shop\/produit\/faire-part-mariage-love-is-in-the-air\/#breadcrumb"},"inLanguage":"fr-FR","potentialAction":[{"@type":"ReadAction","target":["https:\/\/paperandkraft.com\/shop\/produit\/faire-part-mariage-love-is-in-the-air\/"]}]},{"@type":"ImageObject","inLanguage":"fr-FR","@id":"https:\/\/paperandkraft.com\/shop\/produit\/faire-part-mariage-love-is-in-the-air\/#primaryimage","url":"https:\/\/paperandkraft.com\/shop\/wp-content\/uploads\/2020\/03\/faire-part-mariage-en-papier-kraft-avec-un-coeur-1.jpg","contentUrl":"https:\/\/paperandkraft.com\/shop\/wp-content\/uploads\/2020\/03\/faire-part-mariage-en-papier-kraft-avec-un-coeur-1.jpg","width":700,"height":700},{"@type":"BreadcrumbList","@id":"https:\/\/paperandkraft.com\/shop\/produit\/faire-part-mariage-love-is-in-the-air\/#breadcrumb","itemListElement":[{"@type":"ListItem","position":1,"name":"Accueil","item":"https:\/\/paperandkraft.com\/shop\/"},{"@type":"ListItem","position":2,"name":"Boutique","item":"https:\/\/paperandkraft.com\/shop\/boutique\/"},{"@type":"ListItem","position":3,"name":"faire-part mariage Love is in the air"}]},{"@type":"WebSite","@id":"https:\/\/paperandkraft.com\/shop\/#website","url":"https:\/\/paperandkraft.com\/shop\/","name":"PaperAndKraft","description":"Faire-part de mariage et naissance en papier recycl\u00e9","publisher":{"@id":"https:\/\/paperandkraft.com\/shop\/#organization"},"potentialAction":[{"@type":"SearchAction","target":{"@type":"EntryPoint","urlTemplate":"https:\/\/paperandkraft.com\/shop\/?s={search_term_string}"},"query-input":{"@type":"PropertyValueSpecification","valueRequired":true,"valueName":"search_term_string"}}],"inLanguage":"fr-FR"},{"@type":"Organization","@id":"https:\/\/paperandkraft.com\/shop\/#organization","name":"Paper And Kraft : Faire-Part","url":"https:\/\/paperandkraft.com\/shop\/","logo":{"@type":"ImageObject","inLanguage":"fr-FR","@id":"https:\/\/paperandkraft.com\/shop\/#\/schema\/logo\/image\/","url":"https:\/\/paperandkraft.com\/shop\/wp-content\/uploads\/2020\/03\/logo-2020-noir-1.png","contentUrl":"https:\/\/paperandkraft.com\/shop\/wp-content\/uploads\/2020\/03\/logo-2020-noir-1.png","width":350,"height":76,"caption":"Paper And Kraft : Faire-Part"},"image":{"@id":"https:\/\/paperandkraft.com\/shop\/#\/schema\/logo\/image\/"},"sameAs":["https:\/\/www.facebook.com\/paperandkraft","https:\/\/www.instagram.com\/paper_and_kraft\/","https:\/\/www.pinterest.fr\/paperandkraft\/"]}]},"product_price_amount":"6.00","product_price_currency":"EUR","og_availability":"instock","product_availability":"instock","product_condition":"new"},"_links":{"self":[{"href":"https:\/\/paperandkraft.com\/shop\/wp-json\/wp\/v2\/product\/213","targetHints":{"allow":["GET"]}}],"collection":[{"href":"https:\/\/paperandkraft.com\/shop\/wp-json\/wp\/v2\/product"}],"about":[{"href":"https:\/\/paperandkraft.com\/shop\/wp-json\/wp\/v2\/types\/product"}],"replies":[{"embeddable":true,"href":"https:\/\/paperandkraft.com\/shop\/wp-json\/wp\/v2\/comments?post=213"}],"wp:featuredmedia":[{"embeddable":true,"href":"https:\/\/paperandkraft.com\/shop\/wp-json\/wp\/v2\/media\/16340"}],"wp:attachment":[{"href":"https:\/\/paperandkraft.com\/shop\/wp-json\/wp\/v2\/media?parent=213"}],"wp:term":[{"taxonomy":"product_brand","embeddable":true,"href":"https:\/\/paperandkraft.com\/shop\/wp-json\/wp\/v2\/product_brand?post=213"},{"taxonomy":"product_cat","embeddable":true,"href":"https:\/\/paperandkraft.com\/shop\/wp-json\/wp\/v2\/product_cat?post=213"},{"taxonomy":"product_tag","embeddable":true,"href":"https:\/\/paperandkraft.com\/shop\/wp-json\/wp\/v2\/product_tag?post=213"}],"curies":[{"name":"wp","href":"https:\/\/api.w.org\/{rel}","templated":true}]}}