{"id":2123,"date":"2017-08-31T10:17:41","date_gmt":"2017-08-31T10:17:41","guid":{"rendered":"https:\/\/paperandkraft.com\/shop\/?post_type=product&#038;p=2123"},"modified":"2023-12-15T18:24:04","modified_gmt":"2023-12-15T17:24:04","slug":"invitation-pine-trees","status":"publish","type":"product","link":"https:\/\/paperandkraft.com\/shop\/produit\/invitation-pine-trees\/","title":{"rendered":"Invitation mariage Pine Trees"},"content":{"rendered":"<p>Conviez vos proches et amis \u00e0 votre mariage avec cette invitation mariage pour cocktail et d\u00eener sur le th\u00e8me montagne hiver avec sapins<\/p>\n<p>A personnaliser selon vos envies<\/p>\n","protected":false},"excerpt":{"rendered":"<p>Carton d&#8217;invitation\u00a0d\u00e9clin\u00e9 du faire-part pine trees, pour un mariage d hiver ou \u00e0 la montagne.<\/p>\n<p>Cette carte est la solution pour vous permettre de personnaliser vos invitations. .Ce bucolique carton d\u2019invitation de mariage th\u00e8me hiver &amp; nature , arbore, comme le faire-part dont il est d\u00e9clin\u00e9 un ravissant ensemble de sapins dans le vent, parfait pour accompagner un mariage champ\u00eatre. Ainsi, fonction des \u00e9v\u00e9nements pr\u00e9vus de la journ\u00e9e, auxquels vos proches sont invit\u00e9s, vous pourrez le pr\u00e9ciser sur ce carton et le glisser dans l\u2019enveloppe avec votre faire-part de mariage et vos destinataires seront imm\u00e9diatement plong\u00e9s dans l\u2019ambiance chaleureuse\u00a0de ce merveilleux jour et s\u2019empresseront\u00a0 de vous r\u00e9pondre par la positive. Il peut servir \u00e9galement de carton pour mettre une liste d&#8217;h\u00f4tel ou de chambres d&#8217;h\u00f4te proche de votre lieu de reception afin de faciliter la venue de vos invit\u00e9s ou bien y adosser un plan. Et comment allez vous inviter vos amis au brunch du lendemain ? en ajoutant ce carton d invitation \ud83d\ude42<\/p>\n","protected":false},"featured_media":16612,"comment_status":"open","ping_status":"closed","template":"","meta":{"_acf_changed":false,"inline_featured_image":false},"product_brand":[],"product_cat":[111],"product_tag":[],"class_list":{"0":"post-2123","1":"product","2":"type-product","3":"status-publish","4":"has-post-thumbnail","6":"product_cat-invitations","8":"first","9":"instock","10":"taxable","11":"shipping-taxable","12":"purchasable","13":"product-type-simple"},"acf":[],"yoast_head":"<!-- This site is optimized with the Yoast SEO Premium plugin v24.6 (Yoast SEO v27.5) - https:\/\/yoast.com\/product\/yoast-seo-premium-wordpress\/ -->\n<title>carton invitation th\u00e8me hiver et montagne - paperandkraft.com<\/title>\n<meta name=\"description\" content=\"Conviez vos proches et amis \u00e0 votre mariage avec cette invitation mariage pour cocktail et d\u00eener sur le th\u00e8me montagne hiver avec sapins\" \/>\n<meta name=\"robots\" content=\"index, follow, max-snippet:-1, max-image-preview:large, max-video-preview:-1\" \/>\n<link rel=\"canonical\" href=\"https:\/\/paperandkraft.com\/shop\/produit\/invitation-pine-trees\/\" \/>\n<meta property=\"og:locale\" content=\"fr_FR\" \/>\n<meta property=\"og:type\" content=\"article\" \/>\n<meta property=\"og:title\" content=\"Invitation mariage Pine Trees\" \/>\n<meta property=\"og:description\" content=\"Carton d&#039;invitation\u00a0d\u00e9clin\u00e9 du faire-part pine trees, pour un mariage d hiver ou \u00e0 la montagne.  Cette carte est la solution pour vous permettre de personnaliser vos invitations. .Ce bucolique carton d\u2019invitation de mariage th\u00e8me hiver &amp; nature , arbore, comme le faire-part dont il est d\u00e9clin\u00e9 un ravissant ensemble de sapins dans le vent, parfait pour accompagner un mariage champ\u00eatre. Ainsi, fonction des \u00e9v\u00e9nements pr\u00e9vus de la journ\u00e9e, auxquels vos proches sont invit\u00e9s, vous pourrez le pr\u00e9ciser sur ce carton et le glisser dans l\u2019enveloppe avec votre faire-part de mariage et vos destinataires seront imm\u00e9diatement plong\u00e9s dans l\u2019ambiance chaleureuse\u00a0de ce merveilleux jour et s\u2019empresseront\u00a0 de vous r\u00e9pondre par la positive. Il peut servir \u00e9galement de carton pour mettre une liste d&#039;h\u00f4tel ou de chambres d&#039;h\u00f4te proche de votre lieu de reception afin de faciliter la venue de vos invit\u00e9s ou bien y adosser un plan. Et comment allez vous inviter vos amis au brunch du lendemain ? en ajoutant ce carton d invitation :)\" \/>\n<meta property=\"og:url\" content=\"https:\/\/paperandkraft.com\/shop\/produit\/invitation-pine-trees\/\" \/>\n<meta property=\"og:site_name\" content=\"PaperAndKraft\" \/>\n<meta property=\"article:publisher\" content=\"https:\/\/www.facebook.com\/paperandkraft\" \/>\n<meta property=\"article:modified_time\" content=\"2023-12-15T17:24:04+00:00\" \/>\n<meta property=\"og:image\" content=\"https:\/\/paperandkraft.com\/shop\/wp-content\/uploads\/2020\/03\/PIne-trees-invit.jpg\" \/>\n\t<meta property=\"og:image:width\" content=\"1134\" \/>\n\t<meta property=\"og:image:height\" content=\"1134\" \/>\n\t<meta property=\"og:image:type\" content=\"image\/jpeg\" \/>\n<meta name=\"twitter:card\" content=\"summary_large_image\" \/>\n<meta name=\"twitter:label1\" content=\"Prix\" \/>\n\t<meta name=\"twitter:data1\" content=\"1.00&euro;\" \/>\n\t<meta name=\"twitter:label2\" content=\"Disponibilit\u00e9\" \/>\n\t<meta name=\"twitter:data2\" content=\"En stock\" \/>\n<meta property=\"product:price:amount\" content=\"1.00\" \/>\n<meta property=\"product:price:currency\" content=\"EUR\" \/>\n<meta property=\"og:availability\" content=\"instock\" \/>\n<meta property=\"product:availability\" content=\"instock\" \/>\n<meta property=\"product:condition\" content=\"new\" \/>\n<!-- \/ Yoast SEO Premium plugin. -->","yoast_head_json":{"title":"carton invitation th\u00e8me hiver et montagne - paperandkraft.com","description":"Conviez vos proches et amis \u00e0 votre mariage avec cette invitation mariage pour cocktail et d\u00eener sur le th\u00e8me montagne hiver avec sapins","robots":{"index":"index","follow":"follow","max-snippet":"max-snippet:-1","max-image-preview":"max-image-preview:large","max-video-preview":"max-video-preview:-1"},"canonical":"https:\/\/paperandkraft.com\/shop\/produit\/invitation-pine-trees\/","og_locale":"fr_FR","og_type":"article","og_title":"Invitation mariage Pine Trees","og_description":"Carton d'invitation\u00a0d\u00e9clin\u00e9 du faire-part pine trees, pour un mariage d hiver ou \u00e0 la montagne.  Cette carte est la solution pour vous permettre de personnaliser vos invitations. .Ce bucolique carton d\u2019invitation de mariage th\u00e8me hiver &amp; nature , arbore, comme le faire-part dont il est d\u00e9clin\u00e9 un ravissant ensemble de sapins dans le vent, parfait pour accompagner un mariage champ\u00eatre. Ainsi, fonction des \u00e9v\u00e9nements pr\u00e9vus de la journ\u00e9e, auxquels vos proches sont invit\u00e9s, vous pourrez le pr\u00e9ciser sur ce carton et le glisser dans l\u2019enveloppe avec votre faire-part de mariage et vos destinataires seront imm\u00e9diatement plong\u00e9s dans l\u2019ambiance chaleureuse\u00a0de ce merveilleux jour et s\u2019empresseront\u00a0 de vous r\u00e9pondre par la positive. Il peut servir \u00e9galement de carton pour mettre une liste d'h\u00f4tel ou de chambres d'h\u00f4te proche de votre lieu de reception afin de faciliter la venue de vos invit\u00e9s ou bien y adosser un plan. Et comment allez vous inviter vos amis au brunch du lendemain ? en ajoutant ce carton d invitation :)","og_url":"https:\/\/paperandkraft.com\/shop\/produit\/invitation-pine-trees\/","og_site_name":"PaperAndKraft","article_publisher":"https:\/\/www.facebook.com\/paperandkraft","article_modified_time":"2023-12-15T17:24:04+00:00","og_image":[{"width":1134,"height":1134,"url":"https:\/\/paperandkraft.com\/shop\/wp-content\/uploads\/2020\/03\/PIne-trees-invit.jpg","type":"image\/jpeg"}],"twitter_card":"summary_large_image","twitter_misc":{"Prix":"1.00&euro;","Disponibilit\u00e9":"En stock"},"schema":{"@context":"https:\/\/schema.org","@graph":[{"@type":"WebPage","@id":"https:\/\/paperandkraft.com\/shop\/produit\/invitation-pine-trees\/","url":"https:\/\/paperandkraft.com\/shop\/produit\/invitation-pine-trees\/","name":"carton invitation th\u00e8me hiver et montagne - paperandkraft.com","isPartOf":{"@id":"https:\/\/paperandkraft.com\/shop\/#website"},"primaryImageOfPage":{"@id":"https:\/\/paperandkraft.com\/shop\/produit\/invitation-pine-trees\/#primaryimage"},"image":{"@id":"https:\/\/paperandkraft.com\/shop\/produit\/invitation-pine-trees\/#primaryimage"},"thumbnailUrl":"https:\/\/paperandkraft.com\/shop\/wp-content\/uploads\/2020\/03\/PIne-trees-invit.jpg","datePublished":"2017-08-31T10:17:41+00:00","dateModified":"2023-12-15T17:24:04+00:00","description":"Conviez vos proches et amis \u00e0 votre mariage avec cette invitation mariage pour cocktail et d\u00eener sur le th\u00e8me montagne hiver avec sapins","breadcrumb":{"@id":"https:\/\/paperandkraft.com\/shop\/produit\/invitation-pine-trees\/#breadcrumb"},"inLanguage":"fr-FR","potentialAction":[{"@type":"ReadAction","target":["https:\/\/paperandkraft.com\/shop\/produit\/invitation-pine-trees\/"]}]},{"@type":"ImageObject","inLanguage":"fr-FR","@id":"https:\/\/paperandkraft.com\/shop\/produit\/invitation-pine-trees\/#primaryimage","url":"https:\/\/paperandkraft.com\/shop\/wp-content\/uploads\/2020\/03\/PIne-trees-invit.jpg","contentUrl":"https:\/\/paperandkraft.com\/shop\/wp-content\/uploads\/2020\/03\/PIne-trees-invit.jpg","width":1134,"height":1134},{"@type":"BreadcrumbList","@id":"https:\/\/paperandkraft.com\/shop\/produit\/invitation-pine-trees\/#breadcrumb","itemListElement":[{"@type":"ListItem","position":1,"name":"Accueil","item":"https:\/\/paperandkraft.com\/shop\/"},{"@type":"ListItem","position":2,"name":"Boutique","item":"https:\/\/paperandkraft.com\/shop\/boutique\/"},{"@type":"ListItem","position":3,"name":"Invitation mariage Pine Trees"}]},{"@type":"WebSite","@id":"https:\/\/paperandkraft.com\/shop\/#website","url":"https:\/\/paperandkraft.com\/shop\/","name":"PaperAndKraft","description":"Faire-part de mariage et naissance en papier recycl\u00e9","publisher":{"@id":"https:\/\/paperandkraft.com\/shop\/#organization"},"potentialAction":[{"@type":"SearchAction","target":{"@type":"EntryPoint","urlTemplate":"https:\/\/paperandkraft.com\/shop\/?s={search_term_string}"},"query-input":{"@type":"PropertyValueSpecification","valueRequired":true,"valueName":"search_term_string"}}],"inLanguage":"fr-FR"},{"@type":"Organization","@id":"https:\/\/paperandkraft.com\/shop\/#organization","name":"Paper And Kraft : Faire-Part","url":"https:\/\/paperandkraft.com\/shop\/","logo":{"@type":"ImageObject","inLanguage":"fr-FR","@id":"https:\/\/paperandkraft.com\/shop\/#\/schema\/logo\/image\/","url":"https:\/\/paperandkraft.com\/shop\/wp-content\/uploads\/2020\/03\/logo-2020-noir-1.png","contentUrl":"https:\/\/paperandkraft.com\/shop\/wp-content\/uploads\/2020\/03\/logo-2020-noir-1.png","width":350,"height":76,"caption":"Paper And Kraft : Faire-Part"},"image":{"@id":"https:\/\/paperandkraft.com\/shop\/#\/schema\/logo\/image\/"},"sameAs":["https:\/\/www.facebook.com\/paperandkraft","https:\/\/www.instagram.com\/paper_and_kraft\/","https:\/\/www.pinterest.fr\/paperandkraft\/"]}]},"product_price_amount":"1.00","product_price_currency":"EUR","og_availability":"instock","product_availability":"instock","product_condition":"new"},"_links":{"self":[{"href":"https:\/\/paperandkraft.com\/shop\/wp-json\/wp\/v2\/product\/2123","targetHints":{"allow":["GET"]}}],"collection":[{"href":"https:\/\/paperandkraft.com\/shop\/wp-json\/wp\/v2\/product"}],"about":[{"href":"https:\/\/paperandkraft.com\/shop\/wp-json\/wp\/v2\/types\/product"}],"replies":[{"embeddable":true,"href":"https:\/\/paperandkraft.com\/shop\/wp-json\/wp\/v2\/comments?post=2123"}],"wp:featuredmedia":[{"embeddable":true,"href":"https:\/\/paperandkraft.com\/shop\/wp-json\/wp\/v2\/media\/16612"}],"wp:attachment":[{"href":"https:\/\/paperandkraft.com\/shop\/wp-json\/wp\/v2\/media?parent=2123"}],"wp:term":[{"taxonomy":"product_brand","embeddable":true,"href":"https:\/\/paperandkraft.com\/shop\/wp-json\/wp\/v2\/product_brand?post=2123"},{"taxonomy":"product_cat","embeddable":true,"href":"https:\/\/paperandkraft.com\/shop\/wp-json\/wp\/v2\/product_cat?post=2123"},{"taxonomy":"product_tag","embeddable":true,"href":"https:\/\/paperandkraft.com\/shop\/wp-json\/wp\/v2\/product_tag?post=2123"}],"curies":[{"name":"wp","href":"https:\/\/api.w.org\/{rel}","templated":true}]}}