{"id":21177,"date":"2022-04-13T13:52:35","date_gmt":"2022-04-13T13:52:35","guid":{"rendered":"https:\/\/paperandkraft.com\/shop\/?post_type=product&#038;p=21177"},"modified":"2022-04-13T13:54:40","modified_gmt":"2022-04-13T13:54:40","slug":"faire-part-naissance-fille-aquarelle","status":"publish","type":"product","link":"https:\/\/paperandkraft.com\/shop\/produit\/faire-part-naissance-fille-aquarelle\/","title":{"rendered":"Juliette"},"content":{"rendered":"<p>Joli Faire-part de naissance ou bapt\u00eame tout en douceur avec ce fond coup de pinceau de gouache. Une grand photo de votre b\u00e9b\u00e9 en recto et un texte compl\u00e8tement personnalisable en verso .<\/p>\n<p>A personnaliser selon vos envies<\/p>\n","protected":false},"excerpt":{"rendered":"<a href=\"https:\/\/paperandkraft.com\/shop\/la-maquette-de-votre-faire-part-de-mariage-plie-gratuite\/?nom_du_modele=Juliette\" target=\"blank\" class=\"button primary is-primary expand\" >\n\t\t<span>Je pref\u00e8re que Paper &amp; Kraft me fasse la maquette<\/span>\n\t<\/a>\n\n","protected":false},"featured_media":21178,"comment_status":"open","ping_status":"closed","template":"","meta":{"_acf_changed":false,"inline_featured_image":false},"product_brand":[],"product_cat":[246],"product_tag":[],"class_list":{"0":"post-21177","1":"product","2":"type-product","3":"status-publish","4":"has-post-thumbnail","6":"product_cat-faire-part-naissance-simple-recto-verso","8":"first","9":"instock","10":"taxable","11":"shipping-taxable","12":"purchasable","13":"product-type-simple"},"acf":[],"yoast_head":"<!-- This site is optimized with the Yoast SEO Premium plugin v24.6 (Yoast SEO v27.2) - https:\/\/yoast.com\/product\/yoast-seo-premium-wordpress\/ -->\n<title>Faire-part naissance fille Aquarelle rose | PaperandKraft<\/title>\n<meta name=\"description\" content=\"Joli Faire-part de naissance tout en douceur avec ce fond ligne de gouache rose. Une grand photo de votre b\u00e9b\u00e9 en recto et un texte compl\u00e8tement personnalisable en verso avec des rappels des lignes de gouache\" \/>\n<meta name=\"robots\" content=\"index, follow, max-snippet:-1, max-image-preview:large, max-video-preview:-1\" \/>\n<link rel=\"canonical\" href=\"https:\/\/paperandkraft.com\/shop\/produit\/faire-part-naissance-fille-aquarelle\/\" \/>\n<meta property=\"og:locale\" content=\"fr_FR\" \/>\n<meta property=\"og:type\" content=\"article\" \/>\n<meta property=\"og:title\" content=\"Juliette\" \/>\n<meta property=\"og:description\" content=\"Joli Faire-part de naissance ou bapt\u00eame tout en douceur avec ce fond coup de pinceau de gouache. Une grand photo de votre b\u00e9b\u00e9 en recto et un texte\" \/>\n<meta property=\"og:url\" content=\"https:\/\/paperandkraft.com\/shop\/produit\/faire-part-naissance-fille-aquarelle\/\" \/>\n<meta property=\"og:site_name\" content=\"PaperAndKraft\" \/>\n<meta property=\"article:publisher\" content=\"https:\/\/www.facebook.com\/paperandkraft\" \/>\n<meta property=\"article:modified_time\" content=\"2022-04-13T13:54:40+00:00\" \/>\n<meta property=\"og:image\" content=\"https:\/\/paperandkraft.com\/shop\/wp-content\/uploads\/2022\/04\/FAIRE-PART-NAISSANCE-Juliette.jpg\" \/>\n\t<meta property=\"og:image:width\" content=\"1000\" \/>\n\t<meta property=\"og:image:height\" content=\"2079\" \/>\n\t<meta property=\"og:image:type\" content=\"image\/jpeg\" \/>\n<meta name=\"twitter:card\" content=\"summary_large_image\" \/>\n<meta name=\"twitter:label1\" content=\"Prix\" \/>\n\t<meta name=\"twitter:data1\" content=\"3.00&euro;\" \/>\n\t<meta name=\"twitter:label2\" content=\"Disponibilit\u00e9\" \/>\n\t<meta name=\"twitter:data2\" content=\"En stock\" \/>\n<meta property=\"product:price:amount\" content=\"3.00\" \/>\n<meta property=\"product:price:currency\" content=\"EUR\" \/>\n<meta property=\"og:availability\" content=\"instock\" \/>\n<meta property=\"product:availability\" content=\"instock\" \/>\n<meta property=\"product:condition\" content=\"new\" \/>\n<!-- \/ Yoast SEO Premium plugin. -->","yoast_head_json":{"title":"Faire-part naissance fille Aquarelle rose | PaperandKraft","description":"Joli Faire-part de naissance tout en douceur avec ce fond ligne de gouache rose. Une grand photo de votre b\u00e9b\u00e9 en recto et un texte compl\u00e8tement personnalisable en verso avec des rappels des lignes de gouache","robots":{"index":"index","follow":"follow","max-snippet":"max-snippet:-1","max-image-preview":"max-image-preview:large","max-video-preview":"max-video-preview:-1"},"canonical":"https:\/\/paperandkraft.com\/shop\/produit\/faire-part-naissance-fille-aquarelle\/","og_locale":"fr_FR","og_type":"article","og_title":"Juliette","og_description":"Joli Faire-part de naissance ou bapt\u00eame tout en douceur avec ce fond coup de pinceau de gouache. Une grand photo de votre b\u00e9b\u00e9 en recto et un texte","og_url":"https:\/\/paperandkraft.com\/shop\/produit\/faire-part-naissance-fille-aquarelle\/","og_site_name":"PaperAndKraft","article_publisher":"https:\/\/www.facebook.com\/paperandkraft","article_modified_time":"2022-04-13T13:54:40+00:00","og_image":[{"width":1000,"height":2079,"url":"https:\/\/paperandkraft.com\/shop\/wp-content\/uploads\/2022\/04\/FAIRE-PART-NAISSANCE-Juliette.jpg","type":"image\/jpeg"}],"twitter_card":"summary_large_image","twitter_misc":{"Prix":"3.00&euro;","Disponibilit\u00e9":"En stock"},"schema":{"@context":"https:\/\/schema.org","@graph":[{"@type":"WebPage","@id":"https:\/\/paperandkraft.com\/shop\/produit\/faire-part-naissance-fille-aquarelle\/","url":"https:\/\/paperandkraft.com\/shop\/produit\/faire-part-naissance-fille-aquarelle\/","name":"Faire-part naissance fille Aquarelle rose | PaperandKraft","isPartOf":{"@id":"https:\/\/paperandkraft.com\/shop\/#website"},"primaryImageOfPage":{"@id":"https:\/\/paperandkraft.com\/shop\/produit\/faire-part-naissance-fille-aquarelle\/#primaryimage"},"image":{"@id":"https:\/\/paperandkraft.com\/shop\/produit\/faire-part-naissance-fille-aquarelle\/#primaryimage"},"thumbnailUrl":"https:\/\/paperandkraft.com\/shop\/wp-content\/uploads\/2022\/04\/FAIRE-PART-NAISSANCE-Juliette.jpg","datePublished":"2022-04-13T13:52:35+00:00","dateModified":"2022-04-13T13:54:40+00:00","description":"Joli Faire-part de naissance tout en douceur avec ce fond ligne de gouache rose. Une grand photo de votre b\u00e9b\u00e9 en recto et un texte compl\u00e8tement personnalisable en verso avec des rappels des lignes de gouache","breadcrumb":{"@id":"https:\/\/paperandkraft.com\/shop\/produit\/faire-part-naissance-fille-aquarelle\/#breadcrumb"},"inLanguage":"fr-FR","potentialAction":[{"@type":"ReadAction","target":["https:\/\/paperandkraft.com\/shop\/produit\/faire-part-naissance-fille-aquarelle\/"]}]},{"@type":"ImageObject","inLanguage":"fr-FR","@id":"https:\/\/paperandkraft.com\/shop\/produit\/faire-part-naissance-fille-aquarelle\/#primaryimage","url":"https:\/\/paperandkraft.com\/shop\/wp-content\/uploads\/2022\/04\/FAIRE-PART-NAISSANCE-Juliette.jpg","contentUrl":"https:\/\/paperandkraft.com\/shop\/wp-content\/uploads\/2022\/04\/FAIRE-PART-NAISSANCE-Juliette.jpg","width":1000,"height":2079,"caption":"Faire-part naissance fille photo"},{"@type":"BreadcrumbList","@id":"https:\/\/paperandkraft.com\/shop\/produit\/faire-part-naissance-fille-aquarelle\/#breadcrumb","itemListElement":[{"@type":"ListItem","position":1,"name":"Accueil","item":"https:\/\/paperandkraft.com\/shop\/"},{"@type":"ListItem","position":2,"name":"Boutique","item":"https:\/\/paperandkraft.com\/shop\/boutique\/"},{"@type":"ListItem","position":3,"name":"Juliette"}]},{"@type":"WebSite","@id":"https:\/\/paperandkraft.com\/shop\/#website","url":"https:\/\/paperandkraft.com\/shop\/","name":"PaperAndKraft","description":"Faire-part de mariage et naissance en papier recycl\u00e9","publisher":{"@id":"https:\/\/paperandkraft.com\/shop\/#organization"},"potentialAction":[{"@type":"SearchAction","target":{"@type":"EntryPoint","urlTemplate":"https:\/\/paperandkraft.com\/shop\/?s={search_term_string}"},"query-input":{"@type":"PropertyValueSpecification","valueRequired":true,"valueName":"search_term_string"}}],"inLanguage":"fr-FR"},{"@type":"Organization","@id":"https:\/\/paperandkraft.com\/shop\/#organization","name":"Paper And Kraft : Faire-Part","url":"https:\/\/paperandkraft.com\/shop\/","logo":{"@type":"ImageObject","inLanguage":"fr-FR","@id":"https:\/\/paperandkraft.com\/shop\/#\/schema\/logo\/image\/","url":"https:\/\/paperandkraft.com\/shop\/wp-content\/uploads\/2020\/03\/logo-2020-noir-1.png","contentUrl":"https:\/\/paperandkraft.com\/shop\/wp-content\/uploads\/2020\/03\/logo-2020-noir-1.png","width":350,"height":76,"caption":"Paper And Kraft : Faire-Part"},"image":{"@id":"https:\/\/paperandkraft.com\/shop\/#\/schema\/logo\/image\/"},"sameAs":["https:\/\/www.facebook.com\/paperandkraft","https:\/\/www.instagram.com\/paper_and_kraft\/","https:\/\/www.pinterest.fr\/paperandkraft\/"]}]},"product_price_amount":"3.00","product_price_currency":"EUR","og_availability":"instock","product_availability":"instock","product_condition":"new"},"_links":{"self":[{"href":"https:\/\/paperandkraft.com\/shop\/wp-json\/wp\/v2\/product\/21177","targetHints":{"allow":["GET"]}}],"collection":[{"href":"https:\/\/paperandkraft.com\/shop\/wp-json\/wp\/v2\/product"}],"about":[{"href":"https:\/\/paperandkraft.com\/shop\/wp-json\/wp\/v2\/types\/product"}],"replies":[{"embeddable":true,"href":"https:\/\/paperandkraft.com\/shop\/wp-json\/wp\/v2\/comments?post=21177"}],"wp:featuredmedia":[{"embeddable":true,"href":"https:\/\/paperandkraft.com\/shop\/wp-json\/wp\/v2\/media\/21178"}],"wp:attachment":[{"href":"https:\/\/paperandkraft.com\/shop\/wp-json\/wp\/v2\/media?parent=21177"}],"wp:term":[{"taxonomy":"product_brand","embeddable":true,"href":"https:\/\/paperandkraft.com\/shop\/wp-json\/wp\/v2\/product_brand?post=21177"},{"taxonomy":"product_cat","embeddable":true,"href":"https:\/\/paperandkraft.com\/shop\/wp-json\/wp\/v2\/product_cat?post=21177"},{"taxonomy":"product_tag","embeddable":true,"href":"https:\/\/paperandkraft.com\/shop\/wp-json\/wp\/v2\/product_tag?post=21177"}],"curies":[{"name":"wp","href":"https:\/\/api.w.org\/{rel}","templated":true}]}}