{"id":2110,"date":"2017-08-31T09:49:33","date_gmt":"2017-08-31T09:49:33","guid":{"rendered":"https:\/\/paperandkraft.com\/shop\/?post_type=product&#038;p=2110"},"modified":"2023-04-21T14:22:40","modified_gmt":"2023-04-21T13:22:40","slug":"ernest","status":"publish","type":"product","link":"https:\/\/paperandkraft.com\/shop\/produit\/ernest\/","title":{"rendered":"Ernest"},"content":{"rendered":"<p>Votre faire-part de naissance animal renard est personnalisable. Les quatre pages vous permettent d\u2019ajouter autant de photos que vous le souhaitez.<\/p>\n<p>Ce faire-part de naissance est aussi adaptable pour la naissance de jumeaux.<\/p>\n<p>Puis laissez courir votre imagination et patatras sur le chemin le lapin saute \u00e0 pieds joints, le h\u00e9risson qui pique croise les mains. Patte \u00e0 patte et pas \u00e0 pas, qui donc est pass\u00e9 par l\u00e0 ? Patte \u00e0 patte et pas \u00e0 pas, mon petit doigt me le dira.<br \/>\nDans la neige et dans le froid le renard file tout droit, un renard mutin, tout de brun v\u00eatu, s\u2019est gliss\u00e9 jusqu\u2019\u00e0 vous sans \u00eatre vu, parmi les feuilles rouges et oranges, il annonce \u00e0 vos proches la naissance de votre petit ange.<\/p>\n<p>Ensuite en option les macarons viendront embellir vos envois en papier kraft fournies avec vos faire-part de naissance.<\/p>\n","protected":false},"excerpt":{"rendered":"<p style=\"text-align: center;\"><a href=\"https:\/\/paperandkraft.com\/shop\/votre-maquette-naissance-gratuite-2\/?nom_du_modele=Ernest\" target=\"blank\" class=\"button primary is-primary is-xx-large expand hide-for-small\" >\n\t\t<span>Je pr\u00e9f\u00e8re que Paper&amp;Kraft me fasse la maquette<\/span>\n\t<\/a>\n\n<p style=\"text-align: center;\">\n","protected":false},"featured_media":21149,"comment_status":"open","ping_status":"closed","template":"","meta":{"_acf_changed":false,"inline_featured_image":false},"product_brand":[],"product_cat":[172,66,70,67,110],"product_tag":[],"class_list":{"0":"post-2110","1":"product","2":"type-product","3":"status-publish","4":"has-post-thumbnail","6":"product_cat-faire-part-naissance-animaux","7":"product_cat-faire-part-naissance-garcon","8":"product_cat-faire-part-kids","9":"product_cat-faire-part-naissance-fille","10":"product_cat-faire-part-naissance-original","12":"first","13":"instock","14":"taxable","15":"shipping-taxable","16":"purchasable","17":"product-type-simple"},"acf":[],"yoast_head":"<!-- This site is optimized with the Yoast SEO Premium plugin v24.6 (Yoast SEO v27.4) - https:\/\/yoast.com\/product\/yoast-seo-premium-wordpress\/ -->\n<title>Faire-part naissance petit renard - Paperandkraft.com<\/title>\n<meta name=\"description\" content=\"Faire-part naissance avec un mignon petit renardeau sur la couverture et la famille renard au dos, personnalisable avec photo.\" \/>\n<meta name=\"robots\" content=\"index, follow, max-snippet:-1, max-image-preview:large, max-video-preview:-1\" \/>\n<link rel=\"canonical\" href=\"https:\/\/paperandkraft.com\/shop\/produit\/ernest\/\" \/>\n<meta property=\"og:locale\" content=\"fr_FR\" \/>\n<meta property=\"og:type\" content=\"article\" \/>\n<meta property=\"og:title\" content=\"Ernest\" \/>\n<meta property=\"og:url\" content=\"https:\/\/paperandkraft.com\/shop\/produit\/ernest\/\" \/>\n<meta property=\"og:site_name\" content=\"PaperAndKraft\" \/>\n<meta property=\"article:publisher\" content=\"https:\/\/www.facebook.com\/paperandkraft\" \/>\n<meta property=\"article:modified_time\" content=\"2023-04-21T13:22:40+00:00\" \/>\n<meta property=\"og:image\" content=\"https:\/\/paperandkraft.com\/shop\/wp-content\/uploads\/2022\/04\/faire-part-de-naissance-renard-stories.jpg\" \/>\n\t<meta property=\"og:image:width\" content=\"800\" \/>\n\t<meta property=\"og:image:height\" content=\"1200\" \/>\n\t<meta property=\"og:image:type\" content=\"image\/jpeg\" \/>\n<meta name=\"twitter:card\" content=\"summary_large_image\" \/>\n<meta name=\"twitter:label1\" content=\"Prix\" \/>\n\t<meta name=\"twitter:data1\" content=\"4.00&euro;\" \/>\n\t<meta name=\"twitter:label2\" content=\"Disponibilit\u00e9\" \/>\n\t<meta name=\"twitter:data2\" content=\"En stock\" \/>\n<meta property=\"product:price:amount\" content=\"4.00\" \/>\n<meta property=\"product:price:currency\" content=\"EUR\" \/>\n<meta property=\"og:availability\" content=\"instock\" \/>\n<meta property=\"product:availability\" content=\"instock\" \/>\n<meta property=\"product:condition\" content=\"new\" \/>\n<!-- \/ Yoast SEO Premium plugin. -->","yoast_head_json":{"title":"Faire-part naissance petit renard - Paperandkraft.com","description":"Faire-part naissance avec un mignon petit renardeau sur la couverture et la famille renard au dos, personnalisable avec photo.","robots":{"index":"index","follow":"follow","max-snippet":"max-snippet:-1","max-image-preview":"max-image-preview:large","max-video-preview":"max-video-preview:-1"},"canonical":"https:\/\/paperandkraft.com\/shop\/produit\/ernest\/","og_locale":"fr_FR","og_type":"article","og_title":"Ernest","og_url":"https:\/\/paperandkraft.com\/shop\/produit\/ernest\/","og_site_name":"PaperAndKraft","article_publisher":"https:\/\/www.facebook.com\/paperandkraft","article_modified_time":"2023-04-21T13:22:40+00:00","og_image":[{"width":800,"height":1200,"url":"https:\/\/paperandkraft.com\/shop\/wp-content\/uploads\/2022\/04\/faire-part-de-naissance-renard-stories.jpg","type":"image\/jpeg"}],"twitter_card":"summary_large_image","twitter_misc":{"Prix":"4.00&euro;","Disponibilit\u00e9":"En stock"},"schema":{"@context":"https:\/\/schema.org","@graph":[{"@type":"WebPage","@id":"https:\/\/paperandkraft.com\/shop\/produit\/ernest\/","url":"https:\/\/paperandkraft.com\/shop\/produit\/ernest\/","name":"Faire-part naissance petit renard - Paperandkraft.com","isPartOf":{"@id":"https:\/\/paperandkraft.com\/shop\/#website"},"primaryImageOfPage":{"@id":"https:\/\/paperandkraft.com\/shop\/produit\/ernest\/#primaryimage"},"image":{"@id":"https:\/\/paperandkraft.com\/shop\/produit\/ernest\/#primaryimage"},"thumbnailUrl":"https:\/\/paperandkraft.com\/shop\/wp-content\/uploads\/2022\/04\/faire-part-de-naissance-renard-stories.jpg","datePublished":"2017-08-31T09:49:33+00:00","dateModified":"2023-04-21T13:22:40+00:00","description":"Faire-part naissance avec un mignon petit renardeau sur la couverture et la famille renard au dos, personnalisable avec photo.","breadcrumb":{"@id":"https:\/\/paperandkraft.com\/shop\/produit\/ernest\/#breadcrumb"},"inLanguage":"fr-FR","potentialAction":[{"@type":"ReadAction","target":["https:\/\/paperandkraft.com\/shop\/produit\/ernest\/"]}]},{"@type":"ImageObject","inLanguage":"fr-FR","@id":"https:\/\/paperandkraft.com\/shop\/produit\/ernest\/#primaryimage","url":"https:\/\/paperandkraft.com\/shop\/wp-content\/uploads\/2022\/04\/faire-part-de-naissance-renard-stories.jpg","contentUrl":"https:\/\/paperandkraft.com\/shop\/wp-content\/uploads\/2022\/04\/faire-part-de-naissance-renard-stories.jpg","width":800,"height":1200,"caption":"faire-part de naissance renard"},{"@type":"BreadcrumbList","@id":"https:\/\/paperandkraft.com\/shop\/produit\/ernest\/#breadcrumb","itemListElement":[{"@type":"ListItem","position":1,"name":"Accueil","item":"https:\/\/paperandkraft.com\/shop\/"},{"@type":"ListItem","position":2,"name":"Boutique","item":"https:\/\/paperandkraft.com\/shop\/boutique\/"},{"@type":"ListItem","position":3,"name":"Ernest"}]},{"@type":"WebSite","@id":"https:\/\/paperandkraft.com\/shop\/#website","url":"https:\/\/paperandkraft.com\/shop\/","name":"PaperAndKraft","description":"Faire-part de mariage et naissance en papier recycl\u00e9","publisher":{"@id":"https:\/\/paperandkraft.com\/shop\/#organization"},"potentialAction":[{"@type":"SearchAction","target":{"@type":"EntryPoint","urlTemplate":"https:\/\/paperandkraft.com\/shop\/?s={search_term_string}"},"query-input":{"@type":"PropertyValueSpecification","valueRequired":true,"valueName":"search_term_string"}}],"inLanguage":"fr-FR"},{"@type":"Organization","@id":"https:\/\/paperandkraft.com\/shop\/#organization","name":"Paper And Kraft : Faire-Part","url":"https:\/\/paperandkraft.com\/shop\/","logo":{"@type":"ImageObject","inLanguage":"fr-FR","@id":"https:\/\/paperandkraft.com\/shop\/#\/schema\/logo\/image\/","url":"https:\/\/paperandkraft.com\/shop\/wp-content\/uploads\/2020\/03\/logo-2020-noir-1.png","contentUrl":"https:\/\/paperandkraft.com\/shop\/wp-content\/uploads\/2020\/03\/logo-2020-noir-1.png","width":350,"height":76,"caption":"Paper And Kraft : Faire-Part"},"image":{"@id":"https:\/\/paperandkraft.com\/shop\/#\/schema\/logo\/image\/"},"sameAs":["https:\/\/www.facebook.com\/paperandkraft","https:\/\/www.instagram.com\/paper_and_kraft\/","https:\/\/www.pinterest.fr\/paperandkraft\/"]}]},"product_price_amount":"4.00","product_price_currency":"EUR","og_availability":"instock","product_availability":"instock","product_condition":"new"},"_links":{"self":[{"href":"https:\/\/paperandkraft.com\/shop\/wp-json\/wp\/v2\/product\/2110","targetHints":{"allow":["GET"]}}],"collection":[{"href":"https:\/\/paperandkraft.com\/shop\/wp-json\/wp\/v2\/product"}],"about":[{"href":"https:\/\/paperandkraft.com\/shop\/wp-json\/wp\/v2\/types\/product"}],"replies":[{"embeddable":true,"href":"https:\/\/paperandkraft.com\/shop\/wp-json\/wp\/v2\/comments?post=2110"}],"wp:featuredmedia":[{"embeddable":true,"href":"https:\/\/paperandkraft.com\/shop\/wp-json\/wp\/v2\/media\/21149"}],"wp:attachment":[{"href":"https:\/\/paperandkraft.com\/shop\/wp-json\/wp\/v2\/media?parent=2110"}],"wp:term":[{"taxonomy":"product_brand","embeddable":true,"href":"https:\/\/paperandkraft.com\/shop\/wp-json\/wp\/v2\/product_brand?post=2110"},{"taxonomy":"product_cat","embeddable":true,"href":"https:\/\/paperandkraft.com\/shop\/wp-json\/wp\/v2\/product_cat?post=2110"},{"taxonomy":"product_tag","embeddable":true,"href":"https:\/\/paperandkraft.com\/shop\/wp-json\/wp\/v2\/product_tag?post=2110"}],"curies":[{"name":"wp","href":"https:\/\/api.w.org\/{rel}","templated":true}]}}