{"id":20978,"date":"2022-03-12T15:25:58","date_gmt":"2022-03-12T15:25:58","guid":{"rendered":"https:\/\/paperandkraft.com\/shop\/?post_type=product&#038;p=20978"},"modified":"2023-11-30T13:15:46","modified_gmt":"2023-11-30T12:15:46","slug":"invitation-mariage-lavande","status":"publish","type":"product","link":"https:\/\/paperandkraft.com\/shop\/produit\/invitation-mariage-lavande\/","title":{"rendered":"Invitation mariage Lavande"},"content":{"rendered":"<p>Conviez vos proches et amis \u00e0 votre mariage avec cette invitation mariage pour cocktail et d\u00eener sur le th\u00e8me de la lavande et du sud de la France<\/p>\n<p>A personnaliser selon vos envies<\/p>\n","protected":false},"excerpt":{"rendered":"<p>Carton d&#8217;invitation d\u00e9clin\u00e9 du faire-part lavande, pour un mariage en pleine d&#8217;\u00e9t\u00e9 qui fleur bon le sud de la France.<\/p>\n<p>Cette carte est la solution pour vous permettre de personnaliser vos invitations. .Ce bucolique carton d\u2019invitation de mariage nature et champ\u00eatre , arbore, comme le faire-part dont il est d\u00e9clin\u00e9 un ravissant ensemble de feuillage et couronnes parfait pour accompagner un mariage champ\u00eatre.<\/p>\n","protected":false},"featured_media":20979,"comment_status":"open","ping_status":"closed","template":"","meta":{"_acf_changed":false,"inline_featured_image":false},"product_brand":[],"product_cat":[111],"product_tag":[],"class_list":{"0":"post-20978","1":"product","2":"type-product","3":"status-publish","4":"has-post-thumbnail","6":"product_cat-invitations","8":"first","9":"instock","10":"taxable","11":"shipping-taxable","12":"purchasable","13":"product-type-simple"},"acf":[],"yoast_head":"<!-- This site is optimized with the Yoast SEO Premium plugin v24.6 (Yoast SEO v27.2) - https:\/\/yoast.com\/product\/yoast-seo-premium-wordpress\/ -->\n<title>carton invitation mariage brin de lavande - paperandkraft.com<\/title>\n<meta name=\"description\" content=\"Conviez vos proches et amis \u00e0 votre mariage avec cette invitation mariage pour cocktail et d\u00eener qui fleur bon le sud de la France et les champs de lavande\" \/>\n<meta name=\"robots\" content=\"index, follow, max-snippet:-1, max-image-preview:large, max-video-preview:-1\" \/>\n<link rel=\"canonical\" href=\"https:\/\/paperandkraft.com\/shop\/produit\/invitation-mariage-lavande\/\" \/>\n<meta property=\"og:locale\" content=\"fr_FR\" \/>\n<meta property=\"og:type\" content=\"article\" \/>\n<meta property=\"og:title\" content=\"Invitation mariage Lavande\" \/>\n<meta property=\"og:description\" content=\"Carton d&#039;invitation d\u00e9clin\u00e9 du faire-part lavande, pour un mariage en pleine d&#039;\u00e9t\u00e9 qui fleur bon le sud de la France.  Cette carte est la solution pour vous permettre de personnaliser vos invitations. .Ce bucolique carton d\u2019invitation de mariage nature et champ\u00eatre , arbore, comme le faire-part dont il est d\u00e9clin\u00e9 un ravissant ensemble de feuillage et couronnes parfait pour accompagner un mariage champ\u00eatre.\" \/>\n<meta property=\"og:url\" content=\"https:\/\/paperandkraft.com\/shop\/produit\/invitation-mariage-lavande\/\" \/>\n<meta property=\"og:site_name\" content=\"PaperAndKraft\" \/>\n<meta property=\"article:publisher\" content=\"https:\/\/www.facebook.com\/paperandkraft\" \/>\n<meta property=\"article:modified_time\" content=\"2023-11-30T12:15:46+00:00\" \/>\n<meta property=\"og:image\" content=\"https:\/\/paperandkraft.com\/shop\/wp-content\/uploads\/2022\/03\/invitation-lavande.jpg\" \/>\n\t<meta property=\"og:image:width\" content=\"1000\" \/>\n\t<meta property=\"og:image:height\" content=\"980\" \/>\n\t<meta property=\"og:image:type\" content=\"image\/jpeg\" \/>\n<meta name=\"twitter:card\" content=\"summary_large_image\" \/>\n<meta name=\"twitter:label1\" content=\"Prix\" \/>\n\t<meta name=\"twitter:data1\" content=\"1.00&euro;\" \/>\n\t<meta name=\"twitter:label2\" content=\"Disponibilit\u00e9\" \/>\n\t<meta name=\"twitter:data2\" content=\"En stock\" \/>\n<meta property=\"product:price:amount\" content=\"1.00\" \/>\n<meta property=\"product:price:currency\" content=\"EUR\" \/>\n<meta property=\"og:availability\" content=\"instock\" \/>\n<meta property=\"product:availability\" content=\"instock\" \/>\n<meta property=\"product:condition\" content=\"new\" \/>\n<!-- \/ Yoast SEO Premium plugin. -->","yoast_head_json":{"title":"carton invitation mariage brin de lavande - paperandkraft.com","description":"Conviez vos proches et amis \u00e0 votre mariage avec cette invitation mariage pour cocktail et d\u00eener qui fleur bon le sud de la France et les champs de lavande","robots":{"index":"index","follow":"follow","max-snippet":"max-snippet:-1","max-image-preview":"max-image-preview:large","max-video-preview":"max-video-preview:-1"},"canonical":"https:\/\/paperandkraft.com\/shop\/produit\/invitation-mariage-lavande\/","og_locale":"fr_FR","og_type":"article","og_title":"Invitation mariage Lavande","og_description":"Carton d'invitation d\u00e9clin\u00e9 du faire-part lavande, pour un mariage en pleine d'\u00e9t\u00e9 qui fleur bon le sud de la France.  Cette carte est la solution pour vous permettre de personnaliser vos invitations. .Ce bucolique carton d\u2019invitation de mariage nature et champ\u00eatre , arbore, comme le faire-part dont il est d\u00e9clin\u00e9 un ravissant ensemble de feuillage et couronnes parfait pour accompagner un mariage champ\u00eatre.","og_url":"https:\/\/paperandkraft.com\/shop\/produit\/invitation-mariage-lavande\/","og_site_name":"PaperAndKraft","article_publisher":"https:\/\/www.facebook.com\/paperandkraft","article_modified_time":"2023-11-30T12:15:46+00:00","og_image":[{"width":1000,"height":980,"url":"https:\/\/paperandkraft.com\/shop\/wp-content\/uploads\/2022\/03\/invitation-lavande.jpg","type":"image\/jpeg"}],"twitter_card":"summary_large_image","twitter_misc":{"Prix":"1.00&euro;","Disponibilit\u00e9":"En stock"},"schema":{"@context":"https:\/\/schema.org","@graph":[{"@type":"WebPage","@id":"https:\/\/paperandkraft.com\/shop\/produit\/invitation-mariage-lavande\/","url":"https:\/\/paperandkraft.com\/shop\/produit\/invitation-mariage-lavande\/","name":"carton invitation mariage brin de lavande - paperandkraft.com","isPartOf":{"@id":"https:\/\/paperandkraft.com\/shop\/#website"},"primaryImageOfPage":{"@id":"https:\/\/paperandkraft.com\/shop\/produit\/invitation-mariage-lavande\/#primaryimage"},"image":{"@id":"https:\/\/paperandkraft.com\/shop\/produit\/invitation-mariage-lavande\/#primaryimage"},"thumbnailUrl":"https:\/\/paperandkraft.com\/shop\/wp-content\/uploads\/2022\/03\/invitation-lavande.jpg","datePublished":"2022-03-12T15:25:58+00:00","dateModified":"2023-11-30T12:15:46+00:00","description":"Conviez vos proches et amis \u00e0 votre mariage avec cette invitation mariage pour cocktail et d\u00eener qui fleur bon le sud de la France et les champs de lavande","breadcrumb":{"@id":"https:\/\/paperandkraft.com\/shop\/produit\/invitation-mariage-lavande\/#breadcrumb"},"inLanguage":"fr-FR","potentialAction":[{"@type":"ReadAction","target":["https:\/\/paperandkraft.com\/shop\/produit\/invitation-mariage-lavande\/"]}]},{"@type":"ImageObject","inLanguage":"fr-FR","@id":"https:\/\/paperandkraft.com\/shop\/produit\/invitation-mariage-lavande\/#primaryimage","url":"https:\/\/paperandkraft.com\/shop\/wp-content\/uploads\/2022\/03\/invitation-lavande.jpg","contentUrl":"https:\/\/paperandkraft.com\/shop\/wp-content\/uploads\/2022\/03\/invitation-lavande.jpg","width":1000,"height":980,"caption":"invitation mariage lavande"},{"@type":"BreadcrumbList","@id":"https:\/\/paperandkraft.com\/shop\/produit\/invitation-mariage-lavande\/#breadcrumb","itemListElement":[{"@type":"ListItem","position":1,"name":"Accueil","item":"https:\/\/paperandkraft.com\/shop\/"},{"@type":"ListItem","position":2,"name":"Boutique","item":"https:\/\/paperandkraft.com\/shop\/boutique\/"},{"@type":"ListItem","position":3,"name":"Invitation mariage Lavande"}]},{"@type":"WebSite","@id":"https:\/\/paperandkraft.com\/shop\/#website","url":"https:\/\/paperandkraft.com\/shop\/","name":"PaperAndKraft","description":"Faire-part de mariage et naissance en papier recycl\u00e9","publisher":{"@id":"https:\/\/paperandkraft.com\/shop\/#organization"},"potentialAction":[{"@type":"SearchAction","target":{"@type":"EntryPoint","urlTemplate":"https:\/\/paperandkraft.com\/shop\/?s={search_term_string}"},"query-input":{"@type":"PropertyValueSpecification","valueRequired":true,"valueName":"search_term_string"}}],"inLanguage":"fr-FR"},{"@type":"Organization","@id":"https:\/\/paperandkraft.com\/shop\/#organization","name":"Paper And Kraft : Faire-Part","url":"https:\/\/paperandkraft.com\/shop\/","logo":{"@type":"ImageObject","inLanguage":"fr-FR","@id":"https:\/\/paperandkraft.com\/shop\/#\/schema\/logo\/image\/","url":"https:\/\/paperandkraft.com\/shop\/wp-content\/uploads\/2020\/03\/logo-2020-noir-1.png","contentUrl":"https:\/\/paperandkraft.com\/shop\/wp-content\/uploads\/2020\/03\/logo-2020-noir-1.png","width":350,"height":76,"caption":"Paper And Kraft : Faire-Part"},"image":{"@id":"https:\/\/paperandkraft.com\/shop\/#\/schema\/logo\/image\/"},"sameAs":["https:\/\/www.facebook.com\/paperandkraft","https:\/\/www.instagram.com\/paper_and_kraft\/","https:\/\/www.pinterest.fr\/paperandkraft\/"]}]},"product_price_amount":"1.00","product_price_currency":"EUR","og_availability":"instock","product_availability":"instock","product_condition":"new"},"_links":{"self":[{"href":"https:\/\/paperandkraft.com\/shop\/wp-json\/wp\/v2\/product\/20978","targetHints":{"allow":["GET"]}}],"collection":[{"href":"https:\/\/paperandkraft.com\/shop\/wp-json\/wp\/v2\/product"}],"about":[{"href":"https:\/\/paperandkraft.com\/shop\/wp-json\/wp\/v2\/types\/product"}],"replies":[{"embeddable":true,"href":"https:\/\/paperandkraft.com\/shop\/wp-json\/wp\/v2\/comments?post=20978"}],"wp:featuredmedia":[{"embeddable":true,"href":"https:\/\/paperandkraft.com\/shop\/wp-json\/wp\/v2\/media\/20979"}],"wp:attachment":[{"href":"https:\/\/paperandkraft.com\/shop\/wp-json\/wp\/v2\/media?parent=20978"}],"wp:term":[{"taxonomy":"product_brand","embeddable":true,"href":"https:\/\/paperandkraft.com\/shop\/wp-json\/wp\/v2\/product_brand?post=20978"},{"taxonomy":"product_cat","embeddable":true,"href":"https:\/\/paperandkraft.com\/shop\/wp-json\/wp\/v2\/product_cat?post=20978"},{"taxonomy":"product_tag","embeddable":true,"href":"https:\/\/paperandkraft.com\/shop\/wp-json\/wp\/v2\/product_tag?post=20978"}],"curies":[{"name":"wp","href":"https:\/\/api.w.org\/{rel}","templated":true}]}}