{"id":20971,"date":"2022-03-11T19:10:18","date_gmt":"2022-03-11T19:10:18","guid":{"rendered":"https:\/\/paperandkraft.com\/shop\/?post_type=product&#038;p=20971"},"modified":"2023-11-07T12:40:07","modified_gmt":"2023-11-07T11:40:07","slug":"faire-part-de-mariage-champetre-lavande","status":"publish","type":"product","link":"https:\/\/paperandkraft.com\/shop\/produit\/faire-part-de-mariage-champetre-lavande\/","title":{"rendered":"Lavande"},"content":{"rendered":"<p>Allier amour de la nature et respect de la terre avec ce faire-part de mariage 100% papier recycl\u00e9 champ\u00eatre chic<\/p>\n","protected":false},"excerpt":{"rendered":"<p style=\"text-align: center;\"><a href=\"https:\/\/paperandkraft.com\/shop\/la-maquette-de-votre-faire-part-de-mariage-plie-gratuite\/?nom_du_modele=lavande\" target=\"blank\" class=\"button primary is-primary expand\" >\n\t\t<span>Je pref\u00e8re que Paper &amp; Kraft me fasse la maquette<\/span>\n\t<\/a>\n\n","protected":false},"featured_media":20965,"comment_status":"open","ping_status":"closed","template":"","meta":{"_acf_changed":false,"inline_featured_image":false},"product_brand":[],"product_cat":[227,228,7,14,62,71,114],"product_tag":[],"class_list":{"0":"post-20971","1":"product","2":"type-product","3":"status-publish","4":"has-post-thumbnail","6":"product_cat-faire-part-mariage-boheme","7":"product_cat-faire-part-mariage-nature","8":"product_cat-faire-part-de-mariage","9":"product_cat-faire-part-mariage-theme-champetre","10":"product_cat-faire-part-mariage-theme-chic","11":"product_cat-faire-part-mariage-frais-colores","12":"product_cat-collection-atelier","14":"first","15":"instock","16":"featured","17":"taxable","18":"shipping-taxable","19":"purchasable","20":"product-type-simple"},"acf":[],"yoast_head":"<!-- This site is optimized with the Yoast SEO Premium plugin v24.6 (Yoast SEO v27.2) - https:\/\/yoast.com\/product\/yoast-seo-premium-wordpress\/ -->\n<title>faire-part mariage lavande champ\u00eatre chic - Paperandkraft<\/title>\n<meta name=\"description\" content=\"faire-part de mariage tres champ\u00eatre chic . La douceur du papier v\u00e9lin et son c\u00f4t\u00e9 r\u00e9solument eco responsable \u00e9merveilleront vos proches et invit\u00e9s\" \/>\n<meta name=\"robots\" content=\"index, follow, max-snippet:-1, max-image-preview:large, max-video-preview:-1\" \/>\n<link rel=\"canonical\" href=\"https:\/\/paperandkraft.com\/shop\/produit\/faire-part-de-mariage-champetre-lavande\/\" \/>\n<meta property=\"og:locale\" content=\"fr_FR\" \/>\n<meta property=\"og:type\" content=\"article\" \/>\n<meta property=\"og:title\" content=\"Lavande\" \/>\n<meta property=\"og:url\" content=\"https:\/\/paperandkraft.com\/shop\/produit\/faire-part-de-mariage-champetre-lavande\/\" \/>\n<meta property=\"og:site_name\" content=\"PaperAndKraft\" \/>\n<meta property=\"article:publisher\" content=\"https:\/\/www.facebook.com\/paperandkraft\" \/>\n<meta property=\"article:modified_time\" content=\"2023-11-07T11:40:07+00:00\" \/>\n<meta property=\"og:image\" content=\"https:\/\/paperandkraft.com\/shop\/wp-content\/uploads\/2022\/03\/faire-part-de-mariage-ferme-lavande.jpg\" \/>\n\t<meta property=\"og:image:width\" content=\"1000\" \/>\n\t<meta property=\"og:image:height\" content=\"980\" \/>\n\t<meta property=\"og:image:type\" content=\"image\/jpeg\" \/>\n<meta name=\"twitter:card\" content=\"summary_large_image\" \/>\n<meta name=\"twitter:label1\" content=\"Prix\" \/>\n\t<meta name=\"twitter:data1\" content=\"5.00&euro;\" \/>\n\t<meta name=\"twitter:label2\" content=\"Disponibilit\u00e9\" \/>\n\t<meta name=\"twitter:data2\" content=\"En stock\" \/>\n<meta property=\"product:price:amount\" content=\"5.00\" \/>\n<meta property=\"product:price:currency\" content=\"EUR\" \/>\n<meta property=\"og:availability\" content=\"instock\" \/>\n<meta property=\"product:availability\" content=\"instock\" \/>\n<meta property=\"product:condition\" content=\"new\" \/>\n<!-- \/ Yoast SEO Premium plugin. -->","yoast_head_json":{"title":"faire-part mariage lavande champ\u00eatre chic - Paperandkraft","description":"faire-part de mariage tres champ\u00eatre chic . La douceur du papier v\u00e9lin et son c\u00f4t\u00e9 r\u00e9solument eco responsable \u00e9merveilleront vos proches et invit\u00e9s","robots":{"index":"index","follow":"follow","max-snippet":"max-snippet:-1","max-image-preview":"max-image-preview:large","max-video-preview":"max-video-preview:-1"},"canonical":"https:\/\/paperandkraft.com\/shop\/produit\/faire-part-de-mariage-champetre-lavande\/","og_locale":"fr_FR","og_type":"article","og_title":"Lavande","og_url":"https:\/\/paperandkraft.com\/shop\/produit\/faire-part-de-mariage-champetre-lavande\/","og_site_name":"PaperAndKraft","article_publisher":"https:\/\/www.facebook.com\/paperandkraft","article_modified_time":"2023-11-07T11:40:07+00:00","og_image":[{"width":1000,"height":980,"url":"https:\/\/paperandkraft.com\/shop\/wp-content\/uploads\/2022\/03\/faire-part-de-mariage-ferme-lavande.jpg","type":"image\/jpeg"}],"twitter_card":"summary_large_image","twitter_misc":{"Prix":"5.00&euro;","Disponibilit\u00e9":"En stock"},"schema":{"@context":"https:\/\/schema.org","@graph":[{"@type":"WebPage","@id":"https:\/\/paperandkraft.com\/shop\/produit\/faire-part-de-mariage-champetre-lavande\/","url":"https:\/\/paperandkraft.com\/shop\/produit\/faire-part-de-mariage-champetre-lavande\/","name":"faire-part mariage lavande champ\u00eatre chic - Paperandkraft","isPartOf":{"@id":"https:\/\/paperandkraft.com\/shop\/#website"},"primaryImageOfPage":{"@id":"https:\/\/paperandkraft.com\/shop\/produit\/faire-part-de-mariage-champetre-lavande\/#primaryimage"},"image":{"@id":"https:\/\/paperandkraft.com\/shop\/produit\/faire-part-de-mariage-champetre-lavande\/#primaryimage"},"thumbnailUrl":"https:\/\/paperandkraft.com\/shop\/wp-content\/uploads\/2022\/03\/faire-part-de-mariage-ferme-lavande.jpg","datePublished":"2022-03-11T19:10:18+00:00","dateModified":"2023-11-07T11:40:07+00:00","description":"faire-part de mariage tres champ\u00eatre chic . La douceur du papier v\u00e9lin et son c\u00f4t\u00e9 r\u00e9solument eco responsable \u00e9merveilleront vos proches et invit\u00e9s","breadcrumb":{"@id":"https:\/\/paperandkraft.com\/shop\/produit\/faire-part-de-mariage-champetre-lavande\/#breadcrumb"},"inLanguage":"fr-FR","potentialAction":[{"@type":"ReadAction","target":["https:\/\/paperandkraft.com\/shop\/produit\/faire-part-de-mariage-champetre-lavande\/"]}]},{"@type":"ImageObject","inLanguage":"fr-FR","@id":"https:\/\/paperandkraft.com\/shop\/produit\/faire-part-de-mariage-champetre-lavande\/#primaryimage","url":"https:\/\/paperandkraft.com\/shop\/wp-content\/uploads\/2022\/03\/faire-part-de-mariage-ferme-lavande.jpg","contentUrl":"https:\/\/paperandkraft.com\/shop\/wp-content\/uploads\/2022\/03\/faire-part-de-mariage-ferme-lavande.jpg","width":1000,"height":980,"caption":"faire-part de mariage champetre lavande"},{"@type":"BreadcrumbList","@id":"https:\/\/paperandkraft.com\/shop\/produit\/faire-part-de-mariage-champetre-lavande\/#breadcrumb","itemListElement":[{"@type":"ListItem","position":1,"name":"Accueil","item":"https:\/\/paperandkraft.com\/shop\/"},{"@type":"ListItem","position":2,"name":"Boutique","item":"https:\/\/paperandkraft.com\/shop\/boutique\/"},{"@type":"ListItem","position":3,"name":"Lavande"}]},{"@type":"WebSite","@id":"https:\/\/paperandkraft.com\/shop\/#website","url":"https:\/\/paperandkraft.com\/shop\/","name":"PaperAndKraft","description":"Faire-part de mariage et naissance en papier recycl\u00e9","publisher":{"@id":"https:\/\/paperandkraft.com\/shop\/#organization"},"potentialAction":[{"@type":"SearchAction","target":{"@type":"EntryPoint","urlTemplate":"https:\/\/paperandkraft.com\/shop\/?s={search_term_string}"},"query-input":{"@type":"PropertyValueSpecification","valueRequired":true,"valueName":"search_term_string"}}],"inLanguage":"fr-FR"},{"@type":"Organization","@id":"https:\/\/paperandkraft.com\/shop\/#organization","name":"Paper And Kraft : Faire-Part","url":"https:\/\/paperandkraft.com\/shop\/","logo":{"@type":"ImageObject","inLanguage":"fr-FR","@id":"https:\/\/paperandkraft.com\/shop\/#\/schema\/logo\/image\/","url":"https:\/\/paperandkraft.com\/shop\/wp-content\/uploads\/2020\/03\/logo-2020-noir-1.png","contentUrl":"https:\/\/paperandkraft.com\/shop\/wp-content\/uploads\/2020\/03\/logo-2020-noir-1.png","width":350,"height":76,"caption":"Paper And Kraft : Faire-Part"},"image":{"@id":"https:\/\/paperandkraft.com\/shop\/#\/schema\/logo\/image\/"},"sameAs":["https:\/\/www.facebook.com\/paperandkraft","https:\/\/www.instagram.com\/paper_and_kraft\/","https:\/\/www.pinterest.fr\/paperandkraft\/"]}]},"product_price_amount":"5.00","product_price_currency":"EUR","og_availability":"instock","product_availability":"instock","product_condition":"new"},"_links":{"self":[{"href":"https:\/\/paperandkraft.com\/shop\/wp-json\/wp\/v2\/product\/20971","targetHints":{"allow":["GET"]}}],"collection":[{"href":"https:\/\/paperandkraft.com\/shop\/wp-json\/wp\/v2\/product"}],"about":[{"href":"https:\/\/paperandkraft.com\/shop\/wp-json\/wp\/v2\/types\/product"}],"replies":[{"embeddable":true,"href":"https:\/\/paperandkraft.com\/shop\/wp-json\/wp\/v2\/comments?post=20971"}],"wp:featuredmedia":[{"embeddable":true,"href":"https:\/\/paperandkraft.com\/shop\/wp-json\/wp\/v2\/media\/20965"}],"wp:attachment":[{"href":"https:\/\/paperandkraft.com\/shop\/wp-json\/wp\/v2\/media?parent=20971"}],"wp:term":[{"taxonomy":"product_brand","embeddable":true,"href":"https:\/\/paperandkraft.com\/shop\/wp-json\/wp\/v2\/product_brand?post=20971"},{"taxonomy":"product_cat","embeddable":true,"href":"https:\/\/paperandkraft.com\/shop\/wp-json\/wp\/v2\/product_cat?post=20971"},{"taxonomy":"product_tag","embeddable":true,"href":"https:\/\/paperandkraft.com\/shop\/wp-json\/wp\/v2\/product_tag?post=20971"}],"curies":[{"name":"wp","href":"https:\/\/api.w.org\/{rel}","templated":true}]}}