{"id":2094,"date":"2017-08-25T16:16:58","date_gmt":"2017-08-25T16:16:58","guid":{"rendered":"https:\/\/paperandkraft.com\/shop\/?post_type=product&#038;p=2094"},"modified":"2022-03-02T18:48:19","modified_gmt":"2022-03-02T18:48:19","slug":"lotus","status":"publish","type":"product","link":"https:\/\/paperandkraft.com\/shop\/produit\/lotus\/","title":{"rendered":"Lotus"},"content":{"rendered":"<p>Faire-part de mariage subtil, chic et frais avec un lotus en fleur aux couleurs pastels en papier champagne finement paillet\u00e9<\/p>\n<p>La\u00a0<a href=\"http:\/\/65degres.com\/65d\/produit\/lotus\/\">fleur de lotus<\/a>, est, dans les cultures asiatiques, un symbole de puret\u00e9, de beaut\u00e9 et de noblesse. Cette fleur a notamment la caract\u00e9ristique de s\u2019\u00e9panouir sur des \u00e9tendues d&#8217;eau, Avec sa couleur le plus souvent rose rouge orang\u00e9, la fleur de lotus incarne parfaitement la puret\u00e9 du mariage, et il \u00e9tait donc normale pour nous de nous servir de cette magnifique fleur pour en faire un faire-part unique sur le th\u00e8me de la nature.sur la couverture champagne finement paillet\u00e9e vous trouverez la douceur de cette fleur d un rose pastel, griffonn\u00e9e comme une esquisse\u00a0 laissant appara\u00eetre les pr\u00e9noms des futurs mari\u00e9s dans une typographie originale et moderne. une fois ouvert le lotus viendra soulign\u00e9 le texte que vous aurez imagin\u00e9 pour faire-part \u00e0 vos proches de votre mariage.<br \/>\nAinsi ce faire-part deviendra le votre, personnalis\u00e9 et unique. Une fois referm\u00e9, on retrouve une illustration de lotus venant comme une conclusion termin\u00e9e cette magnifique invitation au bonheur.<\/p>\n","protected":false},"excerpt":{"rendered":"<p style=\"text-align: center;\"><a href=\"https:\/\/paperandkraft.com\/shop\/votre-maquette-naissance-gratuite-2\/?nom_du_modele=Lotus\" target=\"blank\" class=\"button secondary is-secondary is-medium hide-for-small\" >\n\t\t<span>Je demande ma maquette gratuite<\/span>\n\t<\/a>\n\n<a href=\"https:\/\/paperandkraft.com\/shop\/votre-maquette-naissance-gratuite-2\/?nom_du_modele=Lotus\" target=\"_blank\" class=\"button secondary is-medium expand sticky-footer-button show-for-small\" rel=\"noopener\" >\n\t\t<span>Je demande<br \/>\nma maquette gratuite<\/span>\n\t<\/a>\n\n","protected":false},"featured_media":16600,"comment_status":"open","ping_status":"closed","template":"","meta":{"_acf_changed":false,"inline_featured_image":false},"product_brand":[],"product_cat":[230,227,228,229,14,71],"product_tag":[],"class_list":{"0":"post-2094","1":"product","2":"type-product","3":"status-publish","4":"has-post-thumbnail","6":"product_cat-faire-part-creatif-mariage","7":"product_cat-faire-part-mariage-boheme","8":"product_cat-faire-part-mariage-nature","9":"product_cat-faire-part-mariage-rouge-et-blanc","10":"product_cat-faire-part-mariage-theme-champetre","11":"product_cat-faire-part-mariage-frais-colores","13":"first","14":"instock","15":"taxable","16":"shipping-taxable","17":"purchasable","18":"product-type-simple"},"acf":[],"yoast_head":"<!-- This site is optimized with the Yoast SEO Premium plugin v24.6 (Yoast SEO v27.4) - https:\/\/yoast.com\/product\/yoast-seo-premium-wordpress\/ -->\n<title>Faire-part de mariage th\u00e8me lotus - Paperandkraft.com<\/title>\n<meta name=\"description\" content=\"Faire-part de mariage subtil, chic et frais avec un lotus en fleur aux couleurs pastels en papier champagne finement paillet\u00e9\" \/>\n<meta name=\"robots\" content=\"index, follow, max-snippet:-1, max-image-preview:large, max-video-preview:-1\" \/>\n<link rel=\"canonical\" href=\"https:\/\/paperandkraft.com\/shop\/produit\/lotus\/\" \/>\n<meta property=\"og:locale\" content=\"fr_FR\" \/>\n<meta property=\"og:type\" content=\"article\" \/>\n<meta property=\"og:title\" content=\"Lotus\" \/>\n<meta property=\"og:url\" content=\"https:\/\/paperandkraft.com\/shop\/produit\/lotus\/\" \/>\n<meta property=\"og:site_name\" content=\"PaperAndKraft\" \/>\n<meta property=\"article:publisher\" content=\"https:\/\/www.facebook.com\/paperandkraft\" \/>\n<meta property=\"article:modified_time\" content=\"2022-03-02T18:48:19+00:00\" \/>\n<meta property=\"og:image\" content=\"https:\/\/paperandkraft.com\/shop\/wp-content\/uploads\/2020\/03\/lotus-couv.jpg\" \/>\n\t<meta property=\"og:image:width\" content=\"1134\" \/>\n\t<meta property=\"og:image:height\" content=\"1134\" \/>\n\t<meta property=\"og:image:type\" content=\"image\/jpeg\" \/>\n<meta name=\"twitter:card\" content=\"summary_large_image\" \/>\n<meta name=\"twitter:label1\" content=\"Prix\" \/>\n\t<meta name=\"twitter:data1\" content=\"5.00&euro;\" \/>\n\t<meta name=\"twitter:label2\" content=\"Disponibilit\u00e9\" \/>\n\t<meta name=\"twitter:data2\" content=\"En stock\" \/>\n<meta property=\"product:price:amount\" content=\"5.00\" \/>\n<meta property=\"product:price:currency\" content=\"EUR\" \/>\n<meta property=\"og:availability\" content=\"instock\" \/>\n<meta property=\"product:availability\" content=\"instock\" \/>\n<meta property=\"product:condition\" content=\"new\" \/>\n<!-- \/ Yoast SEO Premium plugin. -->","yoast_head_json":{"title":"Faire-part de mariage th\u00e8me lotus - Paperandkraft.com","description":"Faire-part de mariage subtil, chic et frais avec un lotus en fleur aux couleurs pastels en papier champagne finement paillet\u00e9","robots":{"index":"index","follow":"follow","max-snippet":"max-snippet:-1","max-image-preview":"max-image-preview:large","max-video-preview":"max-video-preview:-1"},"canonical":"https:\/\/paperandkraft.com\/shop\/produit\/lotus\/","og_locale":"fr_FR","og_type":"article","og_title":"Lotus","og_url":"https:\/\/paperandkraft.com\/shop\/produit\/lotus\/","og_site_name":"PaperAndKraft","article_publisher":"https:\/\/www.facebook.com\/paperandkraft","article_modified_time":"2022-03-02T18:48:19+00:00","og_image":[{"width":1134,"height":1134,"url":"https:\/\/paperandkraft.com\/shop\/wp-content\/uploads\/2020\/03\/lotus-couv.jpg","type":"image\/jpeg"}],"twitter_card":"summary_large_image","twitter_misc":{"Prix":"5.00&euro;","Disponibilit\u00e9":"En stock"},"schema":{"@context":"https:\/\/schema.org","@graph":[{"@type":"WebPage","@id":"https:\/\/paperandkraft.com\/shop\/produit\/lotus\/","url":"https:\/\/paperandkraft.com\/shop\/produit\/lotus\/","name":"Faire-part de mariage th\u00e8me lotus - Paperandkraft.com","isPartOf":{"@id":"https:\/\/paperandkraft.com\/shop\/#website"},"primaryImageOfPage":{"@id":"https:\/\/paperandkraft.com\/shop\/produit\/lotus\/#primaryimage"},"image":{"@id":"https:\/\/paperandkraft.com\/shop\/produit\/lotus\/#primaryimage"},"thumbnailUrl":"https:\/\/paperandkraft.com\/shop\/wp-content\/uploads\/2020\/03\/lotus-couv.jpg","datePublished":"2017-08-25T16:16:58+00:00","dateModified":"2022-03-02T18:48:19+00:00","description":"Faire-part de mariage subtil, chic et frais avec un lotus en fleur aux couleurs pastels en papier champagne finement paillet\u00e9","breadcrumb":{"@id":"https:\/\/paperandkraft.com\/shop\/produit\/lotus\/#breadcrumb"},"inLanguage":"fr-FR","potentialAction":[{"@type":"ReadAction","target":["https:\/\/paperandkraft.com\/shop\/produit\/lotus\/"]}]},{"@type":"ImageObject","inLanguage":"fr-FR","@id":"https:\/\/paperandkraft.com\/shop\/produit\/lotus\/#primaryimage","url":"https:\/\/paperandkraft.com\/shop\/wp-content\/uploads\/2020\/03\/lotus-couv.jpg","contentUrl":"https:\/\/paperandkraft.com\/shop\/wp-content\/uploads\/2020\/03\/lotus-couv.jpg","width":1134,"height":1134},{"@type":"BreadcrumbList","@id":"https:\/\/paperandkraft.com\/shop\/produit\/lotus\/#breadcrumb","itemListElement":[{"@type":"ListItem","position":1,"name":"Accueil","item":"https:\/\/paperandkraft.com\/shop\/"},{"@type":"ListItem","position":2,"name":"Boutique","item":"https:\/\/paperandkraft.com\/shop\/boutique\/"},{"@type":"ListItem","position":3,"name":"Lotus"}]},{"@type":"WebSite","@id":"https:\/\/paperandkraft.com\/shop\/#website","url":"https:\/\/paperandkraft.com\/shop\/","name":"PaperAndKraft","description":"Faire-part de mariage et naissance en papier recycl\u00e9","publisher":{"@id":"https:\/\/paperandkraft.com\/shop\/#organization"},"potentialAction":[{"@type":"SearchAction","target":{"@type":"EntryPoint","urlTemplate":"https:\/\/paperandkraft.com\/shop\/?s={search_term_string}"},"query-input":{"@type":"PropertyValueSpecification","valueRequired":true,"valueName":"search_term_string"}}],"inLanguage":"fr-FR"},{"@type":"Organization","@id":"https:\/\/paperandkraft.com\/shop\/#organization","name":"Paper And Kraft : Faire-Part","url":"https:\/\/paperandkraft.com\/shop\/","logo":{"@type":"ImageObject","inLanguage":"fr-FR","@id":"https:\/\/paperandkraft.com\/shop\/#\/schema\/logo\/image\/","url":"https:\/\/paperandkraft.com\/shop\/wp-content\/uploads\/2020\/03\/logo-2020-noir-1.png","contentUrl":"https:\/\/paperandkraft.com\/shop\/wp-content\/uploads\/2020\/03\/logo-2020-noir-1.png","width":350,"height":76,"caption":"Paper And Kraft : Faire-Part"},"image":{"@id":"https:\/\/paperandkraft.com\/shop\/#\/schema\/logo\/image\/"},"sameAs":["https:\/\/www.facebook.com\/paperandkraft","https:\/\/www.instagram.com\/paper_and_kraft\/","https:\/\/www.pinterest.fr\/paperandkraft\/"]}]},"product_price_amount":"5.00","product_price_currency":"EUR","og_availability":"instock","product_availability":"instock","product_condition":"new"},"_links":{"self":[{"href":"https:\/\/paperandkraft.com\/shop\/wp-json\/wp\/v2\/product\/2094","targetHints":{"allow":["GET"]}}],"collection":[{"href":"https:\/\/paperandkraft.com\/shop\/wp-json\/wp\/v2\/product"}],"about":[{"href":"https:\/\/paperandkraft.com\/shop\/wp-json\/wp\/v2\/types\/product"}],"replies":[{"embeddable":true,"href":"https:\/\/paperandkraft.com\/shop\/wp-json\/wp\/v2\/comments?post=2094"}],"wp:featuredmedia":[{"embeddable":true,"href":"https:\/\/paperandkraft.com\/shop\/wp-json\/wp\/v2\/media\/16600"}],"wp:attachment":[{"href":"https:\/\/paperandkraft.com\/shop\/wp-json\/wp\/v2\/media?parent=2094"}],"wp:term":[{"taxonomy":"product_brand","embeddable":true,"href":"https:\/\/paperandkraft.com\/shop\/wp-json\/wp\/v2\/product_brand?post=2094"},{"taxonomy":"product_cat","embeddable":true,"href":"https:\/\/paperandkraft.com\/shop\/wp-json\/wp\/v2\/product_cat?post=2094"},{"taxonomy":"product_tag","embeddable":true,"href":"https:\/\/paperandkraft.com\/shop\/wp-json\/wp\/v2\/product_tag?post=2094"}],"curies":[{"name":"wp","href":"https:\/\/api.w.org\/{rel}","templated":true}]}}