{"id":2092,"date":"2017-08-25T16:10:55","date_gmt":"2017-08-25T16:10:55","guid":{"rendered":"https:\/\/paperandkraft.com\/shop\/?post_type=product&#038;p=2092"},"modified":"2021-08-09T19:36:57","modified_gmt":"2021-08-09T19:36:57","slug":"invitation-butterflies-on-a-wheel","status":"publish","type":"product","link":"https:\/\/paperandkraft.com\/shop\/produit\/invitation-butterflies-on-a-wheel\/","title":{"rendered":"invitation Mariage Butterflies"},"content":{"rendered":"<p>Faire-part de mariage champ\u00eatre avec une nu\u00e9e de papillons. Leur douceur pr\u00e9sente sur cette carte d&#8217;invitation touchera vos convives.<\/p>\n","protected":false},"excerpt":{"rendered":"<p style=\"text-align: center;\">D\u00e9clin\u00e9e du faire-part de mariage Butterflies on a wheel, cette invitation orn\u00e9e de jolis papillons de couleurs va vous aider \u00e0 orienter vos invit\u00e9s suivant les diff\u00e9rentes \u00e9tapes de votre journ\u00e9e. En effet cette carte d&#8217;invitation va vous permettre d&#8217;indiquer \u00e0 vos proche s&#8217;ils sont invit\u00e9s par exemples \u00e0 l ensemble de votre mariage, seulement \u00e0 la c\u00e9r\u00e9monie religieuse et le cocktail ou bien \u00e0 la soir\u00e9e dansante. Cette invitation peut aussi servir \u00e0 indiquer \u00e0 vos invit\u00e9s les diff\u00e9rents h\u00f4tels et chambre d&#8217;h\u00f4tes autour de votre lieu de r\u00e9ception facilitant ainsi\u00a0 l&#8217;organisation de leur venue. Mais\u00a0 vous pouvez aussi vous en servir pour y mettre un plan afin que vos proches puissent se rendre facilement \u00e0 votre magnifique journ\u00e9e de mariage.Comme toute la papeterie paperandkraft, cette carte d invitation est personnalisable gratuitement selon vos d\u00e9sir !<\/p>\n","protected":false},"featured_media":16599,"comment_status":"open","ping_status":"closed","template":"","meta":{"_acf_changed":false,"inline_featured_image":false},"product_brand":[],"product_cat":[111],"product_tag":[],"class_list":{"0":"post-2092","1":"product","2":"type-product","3":"status-publish","4":"has-post-thumbnail","6":"product_cat-invitations","8":"first","9":"instock","10":"taxable","11":"shipping-taxable","12":"purchasable","13":"product-type-simple"},"acf":[],"yoast_head":"<!-- This site is optimized with the Yoast SEO Premium plugin v24.6 (Yoast SEO v27.5) - https:\/\/yoast.com\/product\/yoast-seo-premium-wordpress\/ -->\n<title>Carton d&#039;invitation th\u00e8me papillon et nature - paperandkraft.com<\/title>\n<meta name=\"description\" content=\"Faire-part de mariage champ\u00eatre avec une nu\u00e9e de papillons. Leur douceur pr\u00e9sente sur cette carte d&#039;invitation touchera vos convives.\" \/>\n<meta name=\"robots\" content=\"index, follow, max-snippet:-1, max-image-preview:large, max-video-preview:-1\" \/>\n<link rel=\"canonical\" href=\"https:\/\/paperandkraft.com\/shop\/produit\/invitation-butterflies-on-a-wheel\/\" \/>\n<meta property=\"og:locale\" content=\"fr_FR\" \/>\n<meta property=\"og:type\" content=\"article\" \/>\n<meta property=\"og:title\" content=\"invitation Mariage Butterflies\" \/>\n<meta property=\"og:description\" content=\"D\u00e9clin\u00e9e du faire-part de mariage Butterflies on a wheel, cette invitation orn\u00e9e de jolis papillons de couleurs va vous aider \u00e0 orienter vos invit\u00e9s suivant les diff\u00e9rentes \u00e9tapes de votre journ\u00e9e. En effet cette carte d&#039;invitation va vous permettre d&#039;indiquer \u00e0 vos proche s&#039;ils sont invit\u00e9s par exemples \u00e0 l ensemble de votre mariage, seulement \u00e0 la c\u00e9r\u00e9monie religieuse et le cocktail ou bien \u00e0 la soir\u00e9e dansante. Cette invitation peut aussi servir \u00e0 indiquer \u00e0 vos invit\u00e9s les diff\u00e9rents h\u00f4tels et chambre d&#039;h\u00f4tes autour de votre lieu de r\u00e9ception facilitant ainsi\u00a0 l&#039;organisation de leur venue. Mais\u00a0 vous pouvez aussi vous en servir pour y mettre un plan afin que vos proches puissent se rendre facilement \u00e0 votre magnifique journ\u00e9e de mariage.Comme toute la papeterie paperandkraft, cette carte d invitation est personnalisable gratuitement selon vos d\u00e9sir !\" \/>\n<meta property=\"og:url\" content=\"https:\/\/paperandkraft.com\/shop\/produit\/invitation-butterflies-on-a-wheel\/\" \/>\n<meta property=\"og:site_name\" content=\"PaperAndKraft\" \/>\n<meta property=\"article:publisher\" content=\"https:\/\/www.facebook.com\/paperandkraft\" \/>\n<meta property=\"article:modified_time\" content=\"2021-08-09T19:36:57+00:00\" \/>\n<meta property=\"og:image\" content=\"https:\/\/paperandkraft.com\/shop\/wp-content\/uploads\/2020\/03\/morpho-2018-invit.jpg\" \/>\n\t<meta property=\"og:image:width\" content=\"1134\" \/>\n\t<meta property=\"og:image:height\" content=\"1134\" \/>\n\t<meta property=\"og:image:type\" content=\"image\/jpeg\" \/>\n<meta name=\"twitter:card\" content=\"summary_large_image\" \/>\n<meta name=\"twitter:label1\" content=\"Prix\" \/>\n\t<meta name=\"twitter:data1\" content=\"1.00&euro;\" \/>\n\t<meta name=\"twitter:label2\" content=\"Disponibilit\u00e9\" \/>\n\t<meta name=\"twitter:data2\" content=\"En stock\" \/>\n<meta property=\"product:price:amount\" content=\"1.00\" \/>\n<meta property=\"product:price:currency\" content=\"EUR\" \/>\n<meta property=\"og:availability\" content=\"instock\" \/>\n<meta property=\"product:availability\" content=\"instock\" \/>\n<meta property=\"product:condition\" content=\"new\" \/>\n<!-- \/ Yoast SEO Premium plugin. -->","yoast_head_json":{"title":"Carton d'invitation th\u00e8me papillon et nature - paperandkraft.com","description":"Faire-part de mariage champ\u00eatre avec une nu\u00e9e de papillons. Leur douceur pr\u00e9sente sur cette carte d'invitation touchera vos convives.","robots":{"index":"index","follow":"follow","max-snippet":"max-snippet:-1","max-image-preview":"max-image-preview:large","max-video-preview":"max-video-preview:-1"},"canonical":"https:\/\/paperandkraft.com\/shop\/produit\/invitation-butterflies-on-a-wheel\/","og_locale":"fr_FR","og_type":"article","og_title":"invitation Mariage Butterflies","og_description":"D\u00e9clin\u00e9e du faire-part de mariage Butterflies on a wheel, cette invitation orn\u00e9e de jolis papillons de couleurs va vous aider \u00e0 orienter vos invit\u00e9s suivant les diff\u00e9rentes \u00e9tapes de votre journ\u00e9e. En effet cette carte d'invitation va vous permettre d'indiquer \u00e0 vos proche s'ils sont invit\u00e9s par exemples \u00e0 l ensemble de votre mariage, seulement \u00e0 la c\u00e9r\u00e9monie religieuse et le cocktail ou bien \u00e0 la soir\u00e9e dansante. Cette invitation peut aussi servir \u00e0 indiquer \u00e0 vos invit\u00e9s les diff\u00e9rents h\u00f4tels et chambre d'h\u00f4tes autour de votre lieu de r\u00e9ception facilitant ainsi\u00a0 l'organisation de leur venue. Mais\u00a0 vous pouvez aussi vous en servir pour y mettre un plan afin que vos proches puissent se rendre facilement \u00e0 votre magnifique journ\u00e9e de mariage.Comme toute la papeterie paperandkraft, cette carte d invitation est personnalisable gratuitement selon vos d\u00e9sir !","og_url":"https:\/\/paperandkraft.com\/shop\/produit\/invitation-butterflies-on-a-wheel\/","og_site_name":"PaperAndKraft","article_publisher":"https:\/\/www.facebook.com\/paperandkraft","article_modified_time":"2021-08-09T19:36:57+00:00","og_image":[{"width":1134,"height":1134,"url":"https:\/\/paperandkraft.com\/shop\/wp-content\/uploads\/2020\/03\/morpho-2018-invit.jpg","type":"image\/jpeg"}],"twitter_card":"summary_large_image","twitter_misc":{"Prix":"1.00&euro;","Disponibilit\u00e9":"En stock"},"schema":{"@context":"https:\/\/schema.org","@graph":[{"@type":"WebPage","@id":"https:\/\/paperandkraft.com\/shop\/produit\/invitation-butterflies-on-a-wheel\/","url":"https:\/\/paperandkraft.com\/shop\/produit\/invitation-butterflies-on-a-wheel\/","name":"Carton d'invitation th\u00e8me papillon et nature - paperandkraft.com","isPartOf":{"@id":"https:\/\/paperandkraft.com\/shop\/#website"},"primaryImageOfPage":{"@id":"https:\/\/paperandkraft.com\/shop\/produit\/invitation-butterflies-on-a-wheel\/#primaryimage"},"image":{"@id":"https:\/\/paperandkraft.com\/shop\/produit\/invitation-butterflies-on-a-wheel\/#primaryimage"},"thumbnailUrl":"https:\/\/paperandkraft.com\/shop\/wp-content\/uploads\/2020\/03\/morpho-2018-invit.jpg","datePublished":"2017-08-25T16:10:55+00:00","dateModified":"2021-08-09T19:36:57+00:00","description":"Faire-part de mariage champ\u00eatre avec une nu\u00e9e de papillons. Leur douceur pr\u00e9sente sur cette carte d'invitation touchera vos convives.","breadcrumb":{"@id":"https:\/\/paperandkraft.com\/shop\/produit\/invitation-butterflies-on-a-wheel\/#breadcrumb"},"inLanguage":"fr-FR","potentialAction":[{"@type":"ReadAction","target":["https:\/\/paperandkraft.com\/shop\/produit\/invitation-butterflies-on-a-wheel\/"]}]},{"@type":"ImageObject","inLanguage":"fr-FR","@id":"https:\/\/paperandkraft.com\/shop\/produit\/invitation-butterflies-on-a-wheel\/#primaryimage","url":"https:\/\/paperandkraft.com\/shop\/wp-content\/uploads\/2020\/03\/morpho-2018-invit.jpg","contentUrl":"https:\/\/paperandkraft.com\/shop\/wp-content\/uploads\/2020\/03\/morpho-2018-invit.jpg","width":1134,"height":1134},{"@type":"BreadcrumbList","@id":"https:\/\/paperandkraft.com\/shop\/produit\/invitation-butterflies-on-a-wheel\/#breadcrumb","itemListElement":[{"@type":"ListItem","position":1,"name":"Accueil","item":"https:\/\/paperandkraft.com\/shop\/"},{"@type":"ListItem","position":2,"name":"Boutique","item":"https:\/\/paperandkraft.com\/shop\/boutique\/"},{"@type":"ListItem","position":3,"name":"invitation Mariage Butterflies"}]},{"@type":"WebSite","@id":"https:\/\/paperandkraft.com\/shop\/#website","url":"https:\/\/paperandkraft.com\/shop\/","name":"PaperAndKraft","description":"Faire-part de mariage et naissance en papier recycl\u00e9","publisher":{"@id":"https:\/\/paperandkraft.com\/shop\/#organization"},"potentialAction":[{"@type":"SearchAction","target":{"@type":"EntryPoint","urlTemplate":"https:\/\/paperandkraft.com\/shop\/?s={search_term_string}"},"query-input":{"@type":"PropertyValueSpecification","valueRequired":true,"valueName":"search_term_string"}}],"inLanguage":"fr-FR"},{"@type":"Organization","@id":"https:\/\/paperandkraft.com\/shop\/#organization","name":"Paper And Kraft : Faire-Part","url":"https:\/\/paperandkraft.com\/shop\/","logo":{"@type":"ImageObject","inLanguage":"fr-FR","@id":"https:\/\/paperandkraft.com\/shop\/#\/schema\/logo\/image\/","url":"https:\/\/paperandkraft.com\/shop\/wp-content\/uploads\/2020\/03\/logo-2020-noir-1.png","contentUrl":"https:\/\/paperandkraft.com\/shop\/wp-content\/uploads\/2020\/03\/logo-2020-noir-1.png","width":350,"height":76,"caption":"Paper And Kraft : Faire-Part"},"image":{"@id":"https:\/\/paperandkraft.com\/shop\/#\/schema\/logo\/image\/"},"sameAs":["https:\/\/www.facebook.com\/paperandkraft","https:\/\/www.instagram.com\/paper_and_kraft\/","https:\/\/www.pinterest.fr\/paperandkraft\/"]}]},"product_price_amount":"1.00","product_price_currency":"EUR","og_availability":"instock","product_availability":"instock","product_condition":"new"},"_links":{"self":[{"href":"https:\/\/paperandkraft.com\/shop\/wp-json\/wp\/v2\/product\/2092","targetHints":{"allow":["GET"]}}],"collection":[{"href":"https:\/\/paperandkraft.com\/shop\/wp-json\/wp\/v2\/product"}],"about":[{"href":"https:\/\/paperandkraft.com\/shop\/wp-json\/wp\/v2\/types\/product"}],"replies":[{"embeddable":true,"href":"https:\/\/paperandkraft.com\/shop\/wp-json\/wp\/v2\/comments?post=2092"}],"wp:featuredmedia":[{"embeddable":true,"href":"https:\/\/paperandkraft.com\/shop\/wp-json\/wp\/v2\/media\/16599"}],"wp:attachment":[{"href":"https:\/\/paperandkraft.com\/shop\/wp-json\/wp\/v2\/media?parent=2092"}],"wp:term":[{"taxonomy":"product_brand","embeddable":true,"href":"https:\/\/paperandkraft.com\/shop\/wp-json\/wp\/v2\/product_brand?post=2092"},{"taxonomy":"product_cat","embeddable":true,"href":"https:\/\/paperandkraft.com\/shop\/wp-json\/wp\/v2\/product_cat?post=2092"},{"taxonomy":"product_tag","embeddable":true,"href":"https:\/\/paperandkraft.com\/shop\/wp-json\/wp\/v2\/product_tag?post=2092"}],"curies":[{"name":"wp","href":"https:\/\/api.w.org\/{rel}","templated":true}]}}