{"id":2088,"date":"2017-08-25T16:03:54","date_gmt":"2017-08-25T16:03:54","guid":{"rendered":"https:\/\/paperandkraft.com\/shop\/?post_type=product&#038;p=2088"},"modified":"2022-03-02T18:47:54","modified_gmt":"2022-03-02T18:47:54","slug":"butterflies-on-a-wheel","status":"publish","type":"product","link":"https:\/\/paperandkraft.com\/shop\/produit\/butterflies-on-a-wheel\/","title":{"rendered":"Butterflies On A wheel"},"content":{"rendered":"<p>Faire-part mariage moderne imprim\u00e9 sur du papier champagne paillet\u00e9 avec des papillons personnalisables sur la couverture, th\u00e8me champ\u00eatre<\/p>\n<p>les oiseaux chantent, le soleil illumine nos journ\u00e9es, les arbres bourgeonnent, les fleurs colorent la nature, les animaux sont amoureux et les Papillons virevoltent dans le ciel bleu.<\/p>\n<p>Ce faire-part de mariage est une ode au printemps et \u00e0 ses couleurs chatoyantes. Orn\u00e9 d&#8217;un joli bouquet de papillons de couleurs sur la couverture paillet\u00e9e ce faire-part de mariage est parfait pour un mariage th\u00e8me champ\u00eatre. Les papillons pr\u00e9sents sur la couverture sont d\u00e9clinables dans n&#8217;importe quelle teinte afin qu&#8217;ils se marient avec la couleur de votre th\u00e8me. vos pr\u00e9noms viennent parfaire le design \u00e9pur\u00e9 de ce faire-part. Une fois ouvert, vous pourrez mettre le texte que vous aurez imagin\u00e9 comme bon vous semble. notre \u00e9quipe vous proposera une mise en page originale qui tiendra compte de la longueur de votre texte et du style de caract\u00e8re que vous aurez choisis. Nos jolies illustrations de papillons viendront \u00e9quilibr\u00e9s la mise en page afin que le faire-part soit sublime et vous ressemble.\u00a0 Le dos du faire-part est aussi personnalisable comme le reste des volets et comme vous le souhaitez. Une jolie petite illustration viendra rappeler le th\u00e8me du faire-part<\/p>\n","protected":false},"excerpt":{"rendered":"<p style=\"text-align: center;\"><a href=\"https:\/\/paperandkraft.com\/shop\/votre-maquette-naissance-gratuite-2\/?nom_du_modele=Butterflies%20On%20a%20Wheel\" target=\"blank\" class=\"button secondary is-secondary is-medium hide-for-small\" >\n\t\t<span>Je demande ma maquette gratuite<\/span>\n\t<\/a>\n\n<a href=\"https:\/\/paperandkraft.com\/shop\/votre-maquette-naissance-gratuite-2\/?nom_du_modele=Butterflies%20On%20A%20Wheel\" target=\"_blank\" class=\"button secondary is-medium expand sticky-footer-button show-for-small\" rel=\"noopener\" >\n\t\t<span>Je demande<br \/>\nma maquette gratuite<\/span>\n\t<\/a>\n\n","protected":false},"featured_media":16597,"comment_status":"open","ping_status":"closed","template":"","meta":{"_acf_changed":false,"inline_featured_image":false},"product_brand":[],"product_cat":[227,228,229,14,71],"product_tag":[],"class_list":{"0":"post-2088","1":"product","2":"type-product","3":"status-publish","4":"has-post-thumbnail","6":"product_cat-faire-part-mariage-boheme","7":"product_cat-faire-part-mariage-nature","8":"product_cat-faire-part-mariage-rouge-et-blanc","9":"product_cat-faire-part-mariage-theme-champetre","10":"product_cat-faire-part-mariage-frais-colores","12":"first","13":"instock","14":"taxable","15":"shipping-taxable","16":"purchasable","17":"product-type-simple"},"acf":[],"yoast_head":"<!-- This site is optimized with the Yoast SEO Premium plugin v24.6 (Yoast SEO v27.4) - https:\/\/yoast.com\/product\/yoast-seo-premium-wordpress\/ -->\n<title>Faire-part de mariage papillons - Paperandkraft.com<\/title>\n<meta name=\"description\" content=\"Faire-part mariage moderne imprim\u00e9 sur du papier champagne paillet\u00e9 avec des papillons personnalisables sur la couverture, th\u00e8me champ\u00eatre\" \/>\n<meta name=\"robots\" content=\"index, follow, max-snippet:-1, max-image-preview:large, max-video-preview:-1\" \/>\n<link rel=\"canonical\" href=\"https:\/\/paperandkraft.com\/shop\/produit\/butterflies-on-a-wheel\/\" \/>\n<meta property=\"og:locale\" content=\"fr_FR\" \/>\n<meta property=\"og:type\" content=\"article\" \/>\n<meta property=\"og:title\" content=\"Butterflies On A wheel\" \/>\n<meta property=\"og:url\" content=\"https:\/\/paperandkraft.com\/shop\/produit\/butterflies-on-a-wheel\/\" \/>\n<meta property=\"og:site_name\" content=\"PaperAndKraft\" \/>\n<meta property=\"article:publisher\" content=\"https:\/\/www.facebook.com\/paperandkraft\" \/>\n<meta property=\"article:modified_time\" content=\"2022-03-02T18:47:54+00:00\" \/>\n<meta property=\"og:image\" content=\"https:\/\/paperandkraft.com\/shop\/wp-content\/uploads\/2020\/03\/morpho-2018-pink-couv.jpg\" \/>\n\t<meta property=\"og:image:width\" content=\"1134\" \/>\n\t<meta property=\"og:image:height\" content=\"1134\" \/>\n\t<meta property=\"og:image:type\" content=\"image\/jpeg\" \/>\n<meta name=\"twitter:card\" content=\"summary_large_image\" \/>\n<meta name=\"twitter:label1\" content=\"Prix\" \/>\n\t<meta name=\"twitter:data1\" content=\"5.00&euro;\" \/>\n\t<meta name=\"twitter:label2\" content=\"Disponibilit\u00e9\" \/>\n\t<meta name=\"twitter:data2\" content=\"En stock\" \/>\n<meta property=\"product:price:amount\" content=\"5.00\" \/>\n<meta property=\"product:price:currency\" content=\"EUR\" \/>\n<meta property=\"og:availability\" content=\"instock\" \/>\n<meta property=\"product:availability\" content=\"instock\" \/>\n<meta property=\"product:condition\" content=\"new\" \/>\n<!-- \/ Yoast SEO Premium plugin. -->","yoast_head_json":{"title":"Faire-part de mariage papillons - Paperandkraft.com","description":"Faire-part mariage moderne imprim\u00e9 sur du papier champagne paillet\u00e9 avec des papillons personnalisables sur la couverture, th\u00e8me champ\u00eatre","robots":{"index":"index","follow":"follow","max-snippet":"max-snippet:-1","max-image-preview":"max-image-preview:large","max-video-preview":"max-video-preview:-1"},"canonical":"https:\/\/paperandkraft.com\/shop\/produit\/butterflies-on-a-wheel\/","og_locale":"fr_FR","og_type":"article","og_title":"Butterflies On A wheel","og_url":"https:\/\/paperandkraft.com\/shop\/produit\/butterflies-on-a-wheel\/","og_site_name":"PaperAndKraft","article_publisher":"https:\/\/www.facebook.com\/paperandkraft","article_modified_time":"2022-03-02T18:47:54+00:00","og_image":[{"width":1134,"height":1134,"url":"https:\/\/paperandkraft.com\/shop\/wp-content\/uploads\/2020\/03\/morpho-2018-pink-couv.jpg","type":"image\/jpeg"}],"twitter_card":"summary_large_image","twitter_misc":{"Prix":"5.00&euro;","Disponibilit\u00e9":"En stock"},"schema":{"@context":"https:\/\/schema.org","@graph":[{"@type":"WebPage","@id":"https:\/\/paperandkraft.com\/shop\/produit\/butterflies-on-a-wheel\/","url":"https:\/\/paperandkraft.com\/shop\/produit\/butterflies-on-a-wheel\/","name":"Faire-part de mariage papillons - Paperandkraft.com","isPartOf":{"@id":"https:\/\/paperandkraft.com\/shop\/#website"},"primaryImageOfPage":{"@id":"https:\/\/paperandkraft.com\/shop\/produit\/butterflies-on-a-wheel\/#primaryimage"},"image":{"@id":"https:\/\/paperandkraft.com\/shop\/produit\/butterflies-on-a-wheel\/#primaryimage"},"thumbnailUrl":"https:\/\/paperandkraft.com\/shop\/wp-content\/uploads\/2020\/03\/morpho-2018-pink-couv.jpg","datePublished":"2017-08-25T16:03:54+00:00","dateModified":"2022-03-02T18:47:54+00:00","description":"Faire-part mariage moderne imprim\u00e9 sur du papier champagne paillet\u00e9 avec des papillons personnalisables sur la couverture, th\u00e8me champ\u00eatre","breadcrumb":{"@id":"https:\/\/paperandkraft.com\/shop\/produit\/butterflies-on-a-wheel\/#breadcrumb"},"inLanguage":"fr-FR","potentialAction":[{"@type":"ReadAction","target":["https:\/\/paperandkraft.com\/shop\/produit\/butterflies-on-a-wheel\/"]}]},{"@type":"ImageObject","inLanguage":"fr-FR","@id":"https:\/\/paperandkraft.com\/shop\/produit\/butterflies-on-a-wheel\/#primaryimage","url":"https:\/\/paperandkraft.com\/shop\/wp-content\/uploads\/2020\/03\/morpho-2018-pink-couv.jpg","contentUrl":"https:\/\/paperandkraft.com\/shop\/wp-content\/uploads\/2020\/03\/morpho-2018-pink-couv.jpg","width":1134,"height":1134},{"@type":"BreadcrumbList","@id":"https:\/\/paperandkraft.com\/shop\/produit\/butterflies-on-a-wheel\/#breadcrumb","itemListElement":[{"@type":"ListItem","position":1,"name":"Accueil","item":"https:\/\/paperandkraft.com\/shop\/"},{"@type":"ListItem","position":2,"name":"Boutique","item":"https:\/\/paperandkraft.com\/shop\/boutique\/"},{"@type":"ListItem","position":3,"name":"Butterflies On A wheel"}]},{"@type":"WebSite","@id":"https:\/\/paperandkraft.com\/shop\/#website","url":"https:\/\/paperandkraft.com\/shop\/","name":"PaperAndKraft","description":"Faire-part de mariage et naissance en papier recycl\u00e9","publisher":{"@id":"https:\/\/paperandkraft.com\/shop\/#organization"},"potentialAction":[{"@type":"SearchAction","target":{"@type":"EntryPoint","urlTemplate":"https:\/\/paperandkraft.com\/shop\/?s={search_term_string}"},"query-input":{"@type":"PropertyValueSpecification","valueRequired":true,"valueName":"search_term_string"}}],"inLanguage":"fr-FR"},{"@type":"Organization","@id":"https:\/\/paperandkraft.com\/shop\/#organization","name":"Paper And Kraft : Faire-Part","url":"https:\/\/paperandkraft.com\/shop\/","logo":{"@type":"ImageObject","inLanguage":"fr-FR","@id":"https:\/\/paperandkraft.com\/shop\/#\/schema\/logo\/image\/","url":"https:\/\/paperandkraft.com\/shop\/wp-content\/uploads\/2020\/03\/logo-2020-noir-1.png","contentUrl":"https:\/\/paperandkraft.com\/shop\/wp-content\/uploads\/2020\/03\/logo-2020-noir-1.png","width":350,"height":76,"caption":"Paper And Kraft : Faire-Part"},"image":{"@id":"https:\/\/paperandkraft.com\/shop\/#\/schema\/logo\/image\/"},"sameAs":["https:\/\/www.facebook.com\/paperandkraft","https:\/\/www.instagram.com\/paper_and_kraft\/","https:\/\/www.pinterest.fr\/paperandkraft\/"]}]},"product_price_amount":"5.00","product_price_currency":"EUR","og_availability":"instock","product_availability":"instock","product_condition":"new"},"_links":{"self":[{"href":"https:\/\/paperandkraft.com\/shop\/wp-json\/wp\/v2\/product\/2088","targetHints":{"allow":["GET"]}}],"collection":[{"href":"https:\/\/paperandkraft.com\/shop\/wp-json\/wp\/v2\/product"}],"about":[{"href":"https:\/\/paperandkraft.com\/shop\/wp-json\/wp\/v2\/types\/product"}],"replies":[{"embeddable":true,"href":"https:\/\/paperandkraft.com\/shop\/wp-json\/wp\/v2\/comments?post=2088"}],"wp:featuredmedia":[{"embeddable":true,"href":"https:\/\/paperandkraft.com\/shop\/wp-json\/wp\/v2\/media\/16597"}],"wp:attachment":[{"href":"https:\/\/paperandkraft.com\/shop\/wp-json\/wp\/v2\/media?parent=2088"}],"wp:term":[{"taxonomy":"product_brand","embeddable":true,"href":"https:\/\/paperandkraft.com\/shop\/wp-json\/wp\/v2\/product_brand?post=2088"},{"taxonomy":"product_cat","embeddable":true,"href":"https:\/\/paperandkraft.com\/shop\/wp-json\/wp\/v2\/product_cat?post=2088"},{"taxonomy":"product_tag","embeddable":true,"href":"https:\/\/paperandkraft.com\/shop\/wp-json\/wp\/v2\/product_tag?post=2088"}],"curies":[{"name":"wp","href":"https:\/\/api.w.org\/{rel}","templated":true}]}}