{"id":2056,"date":"2017-08-22T15:13:54","date_gmt":"2017-08-22T15:13:54","guid":{"rendered":"https:\/\/paperandkraft.com\/shop\/?post_type=product&#038;p=2056"},"modified":"2024-02-26T03:11:21","modified_gmt":"2024-02-26T02:11:21","slug":"faire-part-mariage-kraft-paris","status":"publish","type":"product","link":"https:\/\/paperandkraft.com\/shop\/produit\/faire-part-mariage-kraft-paris\/","title":{"rendered":"Faire-part mariage Paris"},"content":{"rendered":"<h4><strong>Est-ce que vous voulez adopter le th\u00e8me urbain pour votre mariage\u00a0?<\/strong><\/h4>\n<p>Vous \u00eates n\u00e9 dans cette ville remplie d\u2019histoires, de contes, et de l\u00e9gendes. A la fois Chic et tr\u00e8s populaire notre belle cit\u00e9, la bien nomm\u00e9e capitale des lumi\u00e8res, est un \u00e9crin fabuleux pour se dire un grand Oui. Les jardins du Luxembourg, Auteuil, les guinguettes du quai Saint Martin, ou encore le c\u00f4t\u00e9 branchouille du Marais, autant d\u2019endroits pour autant d\u2019histoires d\u2019amour\u2026 Organisez un mariage incroyable avec comme toile de fond Paris et la tour Eiffel comme t\u00e9moin \u2026<\/p>\n<h4><strong>Pourquoi choisir le faire-part mariage Paris pour votre annonce ?<\/strong><\/h4>\n<p>Les faire-part donnent le premier aper\u00e7u de ce que vous voulez accomplir pendant votre mariage \u00e0 vos invit\u00e9s. Aussi, <strong>ils mettent en avant le th\u00e8me que vous voulez adopter,<\/strong> et la mani\u00e8re dont il sera mis en valeur. <b>Les faire-part prennent donc une place capitale dans l\u2019\u00e9laboration et la r\u00e9alisation de cet \u00e9v\u00e9nement unique.<\/b> Si votre couple veut r\u00e9aliser son mariage, en adoptant comme th\u00e8me <strong>la Ville lumi\u00e8re<\/strong> et des amours, ceci est fait pour vous.<\/p>\n<p><strong>Le mod\u00e8le de faire-part \u00ab\u00a0Paris\u00a0\u00bb est parfait si le th\u00e8me de votre mariage tourne autour de ce domaine<\/strong>. D\u00e9licieusement <strong>vintage et retro<\/strong> ce faire-part sera con\u00e7u en suivant des proc\u00e9d\u00e9s veillant \u00e0 offrir un rendu unique. <strong>Nous personnaliserons votre faire-part ensemble afin d\u2019obtenir le r\u00e9sultat attendu, et bien plus encore<\/strong>.<\/p>\n<p>Sur les feuillets int\u00e9rieurs laissez votre imagination vous guider et cr\u00e9er les textes qui d\u00e9voileront au grand jour votre mariage ! Notre \u00e9quipe de graphistes viendra le mettre en page selon vos aspirations et l\u2019agr\u00e9mentera de jolies illustrations r\u00e9tro sur le th\u00e8me de Paris. Jouez avec les 2 feuillets que propose ce faire-part afin de raconter le d\u00e9roul\u00e9 de votre journ\u00e9e.<\/p>\n<p>Et puis votre th\u00e8me sera mis en valeur gr\u00e2ce <strong>\u00e0 la couverture magnifique<\/strong><strong>.<\/strong> De plus, comme votre mariage est un \u00e9v\u00e9nement unique, <strong>nous vous donnons la libert\u00e9 d\u2019ajouter des feuillets suppl\u00e9mentaires dans votre faire-part.<\/strong><\/p>\n<h4><strong>Un mariage Urbain, mais \u00e9coresponsable<\/strong><\/h4>\n<p>Il est plus que fondamental de noter que Paper and Kraft <strong>con\u00e7oit ses faire-part \u00e0 partir de papiers recycl\u00e9s<\/strong>. Cela apporte <strong>une touche de douceur au papier Kraft<\/strong>. Succombez au <strong>design unique, chic et \u00e9l\u00e9gant, avec une l\u00e9g\u00e8re touche de r\u00e9tro, du mod\u00e8le de faire-part \u00ab\u00a0Paris\u00a0\u00bb.<\/strong> Faites de votre mariage, un \u00e9v\u00e9nement que vos invit\u00e9s n\u2019oublieront jamais.<\/p>\n<p>&nbsp;<\/p>\n","protected":false},"excerpt":{"rendered":"<p style=\"text-align: center;\"><a href=\"https:\/\/paperandkraft.com\/shop\/votre-maquette-mariage-gratuite\/?nom_du_modele=Paris\" target=\"blank\" class=\"button secondary is-secondary is-medium hide-for-small\" >\n\t\t<span>Je demande ma maquette gratuite<\/span>\n\t<\/a>\n\n<a href=\"https:\/\/paperandkraft.com\/shop\/votre-maquette-mariage-gratuite\/?nom_du_modele=Paris\" target=\"_blank\" class=\"button secondary is-medium expand sticky-footer-button show-for-small\" rel=\"noopener\" >\n\t\t<span>Je demande<br \/>\nma maquette gratuite<\/span>\n\t<\/a>\n\n","protected":false},"featured_media":16589,"comment_status":"open","ping_status":"closed","template":"","meta":{"_acf_changed":false,"inline_featured_image":false},"product_brand":[],"product_cat":[230,227,62,26,15,16,114],"product_tag":[],"class_list":{"0":"post-2056","1":"product","2":"type-product","3":"status-publish","4":"has-post-thumbnail","6":"product_cat-faire-part-creatif-mariage","7":"product_cat-faire-part-mariage-boheme","8":"product_cat-faire-part-mariage-theme-chic","9":"product_cat-faire-part-mariage-kraft","10":"product_cat-faire-part-mariage-theme-voyage","11":"product_cat-faire-part-mariage-theme-vintage","12":"product_cat-collection-atelier","14":"first","15":"instock","16":"taxable","17":"shipping-taxable","18":"purchasable","19":"product-type-simple"},"acf":[],"yoast_head":"<!-- This site is optimized with the Yoast SEO Premium plugin v24.6 (Yoast SEO v27.4) - https:\/\/yoast.com\/product\/yoast-seo-premium-wordpress\/ -->\n<title>Faire-part Mariage Paris, tour Eiffel parisien - Paperandkraft<\/title>\n<meta name=\"description\" content=\"Un faire-part de mariage urbain et d\u00e9licieusement r\u00e9tro pour les amoureux de Paris, ville des lumi\u00e8res. Retrouvez les monuments magiques de notre capitale pour un mariage Parisien !\" \/>\n<meta name=\"robots\" content=\"index, follow, max-snippet:-1, max-image-preview:large, max-video-preview:-1\" \/>\n<link rel=\"canonical\" href=\"https:\/\/paperandkraft.com\/shop\/produit\/faire-part-mariage-kraft-paris\/\" \/>\n<meta property=\"og:locale\" content=\"fr_FR\" \/>\n<meta property=\"og:type\" content=\"article\" \/>\n<meta property=\"og:title\" content=\"Faire-part mariage Paris\" \/>\n<meta property=\"og:url\" content=\"https:\/\/paperandkraft.com\/shop\/produit\/faire-part-mariage-kraft-paris\/\" \/>\n<meta property=\"og:site_name\" content=\"PaperAndKraft\" \/>\n<meta property=\"article:publisher\" content=\"https:\/\/www.facebook.com\/paperandkraft\" \/>\n<meta property=\"article:modified_time\" content=\"2024-02-26T02:11:21+00:00\" \/>\n<meta property=\"og:image\" content=\"https:\/\/paperandkraft.com\/shop\/wp-content\/uploads\/2020\/03\/faire-part-mariage-ecoresponsable-en-papier-recycl\u00e9-theme-paris-2.jpg\" \/>\n\t<meta property=\"og:image:width\" content=\"700\" \/>\n\t<meta property=\"og:image:height\" content=\"700\" \/>\n\t<meta property=\"og:image:type\" content=\"image\/jpeg\" \/>\n<meta name=\"twitter:card\" content=\"summary_large_image\" \/>\n<meta name=\"twitter:label1\" content=\"Prix\" \/>\n\t<meta name=\"twitter:data1\" content=\"6.00&euro;\" \/>\n\t<meta name=\"twitter:label2\" content=\"Disponibilit\u00e9\" \/>\n\t<meta name=\"twitter:data2\" content=\"En stock\" \/>\n<meta property=\"product:price:amount\" content=\"6.00\" \/>\n<meta property=\"product:price:currency\" content=\"EUR\" \/>\n<meta property=\"og:availability\" content=\"instock\" \/>\n<meta property=\"product:availability\" content=\"instock\" \/>\n<meta property=\"product:condition\" content=\"new\" \/>\n<!-- \/ Yoast SEO Premium plugin. -->","yoast_head_json":{"title":"Faire-part Mariage Paris, tour Eiffel parisien - Paperandkraft","description":"Un faire-part de mariage urbain et d\u00e9licieusement r\u00e9tro pour les amoureux de Paris, ville des lumi\u00e8res. Retrouvez les monuments magiques de notre capitale pour un mariage Parisien !","robots":{"index":"index","follow":"follow","max-snippet":"max-snippet:-1","max-image-preview":"max-image-preview:large","max-video-preview":"max-video-preview:-1"},"canonical":"https:\/\/paperandkraft.com\/shop\/produit\/faire-part-mariage-kraft-paris\/","og_locale":"fr_FR","og_type":"article","og_title":"Faire-part mariage Paris","og_url":"https:\/\/paperandkraft.com\/shop\/produit\/faire-part-mariage-kraft-paris\/","og_site_name":"PaperAndKraft","article_publisher":"https:\/\/www.facebook.com\/paperandkraft","article_modified_time":"2024-02-26T02:11:21+00:00","og_image":[{"width":700,"height":700,"url":"https:\/\/paperandkraft.com\/shop\/wp-content\/uploads\/2020\/03\/faire-part-mariage-ecoresponsable-en-papier-recycl\u00e9-theme-paris-2.jpg","type":"image\/jpeg"}],"twitter_card":"summary_large_image","twitter_misc":{"Prix":"6.00&euro;","Disponibilit\u00e9":"En stock"},"schema":{"@context":"https:\/\/schema.org","@graph":[{"@type":"WebPage","@id":"https:\/\/paperandkraft.com\/shop\/produit\/faire-part-mariage-kraft-paris\/","url":"https:\/\/paperandkraft.com\/shop\/produit\/faire-part-mariage-kraft-paris\/","name":"Faire-part Mariage Paris, tour Eiffel parisien - Paperandkraft","isPartOf":{"@id":"https:\/\/paperandkraft.com\/shop\/#website"},"primaryImageOfPage":{"@id":"https:\/\/paperandkraft.com\/shop\/produit\/faire-part-mariage-kraft-paris\/#primaryimage"},"image":{"@id":"https:\/\/paperandkraft.com\/shop\/produit\/faire-part-mariage-kraft-paris\/#primaryimage"},"thumbnailUrl":"https:\/\/paperandkraft.com\/shop\/wp-content\/uploads\/2020\/03\/faire-part-mariage-ecoresponsable-en-papier-recycl\u00e9-theme-paris-2.jpg","datePublished":"2017-08-22T15:13:54+00:00","dateModified":"2024-02-26T02:11:21+00:00","description":"Un faire-part de mariage urbain et d\u00e9licieusement r\u00e9tro pour les amoureux de Paris, ville des lumi\u00e8res. Retrouvez les monuments magiques de notre capitale pour un mariage Parisien !","breadcrumb":{"@id":"https:\/\/paperandkraft.com\/shop\/produit\/faire-part-mariage-kraft-paris\/#breadcrumb"},"inLanguage":"fr-FR","potentialAction":[{"@type":"ReadAction","target":["https:\/\/paperandkraft.com\/shop\/produit\/faire-part-mariage-kraft-paris\/"]}]},{"@type":"ImageObject","inLanguage":"fr-FR","@id":"https:\/\/paperandkraft.com\/shop\/produit\/faire-part-mariage-kraft-paris\/#primaryimage","url":"https:\/\/paperandkraft.com\/shop\/wp-content\/uploads\/2020\/03\/faire-part-mariage-ecoresponsable-en-papier-recycl\u00e9-theme-paris-2.jpg","contentUrl":"https:\/\/paperandkraft.com\/shop\/wp-content\/uploads\/2020\/03\/faire-part-mariage-ecoresponsable-en-papier-recycl\u00e9-theme-paris-2.jpg","width":700,"height":700},{"@type":"BreadcrumbList","@id":"https:\/\/paperandkraft.com\/shop\/produit\/faire-part-mariage-kraft-paris\/#breadcrumb","itemListElement":[{"@type":"ListItem","position":1,"name":"Accueil","item":"https:\/\/paperandkraft.com\/shop\/"},{"@type":"ListItem","position":2,"name":"Boutique","item":"https:\/\/paperandkraft.com\/shop\/boutique\/"},{"@type":"ListItem","position":3,"name":"Faire-part mariage Paris"}]},{"@type":"WebSite","@id":"https:\/\/paperandkraft.com\/shop\/#website","url":"https:\/\/paperandkraft.com\/shop\/","name":"PaperAndKraft","description":"Faire-part de mariage et naissance en papier recycl\u00e9","publisher":{"@id":"https:\/\/paperandkraft.com\/shop\/#organization"},"potentialAction":[{"@type":"SearchAction","target":{"@type":"EntryPoint","urlTemplate":"https:\/\/paperandkraft.com\/shop\/?s={search_term_string}"},"query-input":{"@type":"PropertyValueSpecification","valueRequired":true,"valueName":"search_term_string"}}],"inLanguage":"fr-FR"},{"@type":"Organization","@id":"https:\/\/paperandkraft.com\/shop\/#organization","name":"Paper And Kraft : Faire-Part","url":"https:\/\/paperandkraft.com\/shop\/","logo":{"@type":"ImageObject","inLanguage":"fr-FR","@id":"https:\/\/paperandkraft.com\/shop\/#\/schema\/logo\/image\/","url":"https:\/\/paperandkraft.com\/shop\/wp-content\/uploads\/2020\/03\/logo-2020-noir-1.png","contentUrl":"https:\/\/paperandkraft.com\/shop\/wp-content\/uploads\/2020\/03\/logo-2020-noir-1.png","width":350,"height":76,"caption":"Paper And Kraft : Faire-Part"},"image":{"@id":"https:\/\/paperandkraft.com\/shop\/#\/schema\/logo\/image\/"},"sameAs":["https:\/\/www.facebook.com\/paperandkraft","https:\/\/www.instagram.com\/paper_and_kraft\/","https:\/\/www.pinterest.fr\/paperandkraft\/"]}]},"product_price_amount":"6.00","product_price_currency":"EUR","og_availability":"instock","product_availability":"instock","product_condition":"new"},"_links":{"self":[{"href":"https:\/\/paperandkraft.com\/shop\/wp-json\/wp\/v2\/product\/2056","targetHints":{"allow":["GET"]}}],"collection":[{"href":"https:\/\/paperandkraft.com\/shop\/wp-json\/wp\/v2\/product"}],"about":[{"href":"https:\/\/paperandkraft.com\/shop\/wp-json\/wp\/v2\/types\/product"}],"replies":[{"embeddable":true,"href":"https:\/\/paperandkraft.com\/shop\/wp-json\/wp\/v2\/comments?post=2056"}],"wp:featuredmedia":[{"embeddable":true,"href":"https:\/\/paperandkraft.com\/shop\/wp-json\/wp\/v2\/media\/16589"}],"wp:attachment":[{"href":"https:\/\/paperandkraft.com\/shop\/wp-json\/wp\/v2\/media?parent=2056"}],"wp:term":[{"taxonomy":"product_brand","embeddable":true,"href":"https:\/\/paperandkraft.com\/shop\/wp-json\/wp\/v2\/product_brand?post=2056"},{"taxonomy":"product_cat","embeddable":true,"href":"https:\/\/paperandkraft.com\/shop\/wp-json\/wp\/v2\/product_cat?post=2056"},{"taxonomy":"product_tag","embeddable":true,"href":"https:\/\/paperandkraft.com\/shop\/wp-json\/wp\/v2\/product_tag?post=2056"}],"curies":[{"name":"wp","href":"https:\/\/api.w.org\/{rel}","templated":true}]}}