{"id":20498,"date":"2021-10-21T15:59:45","date_gmt":"2021-10-21T15:59:45","guid":{"rendered":"https:\/\/paperandkraft.com\/shop\/?post_type=product&#038;p=20498"},"modified":"2024-02-12T18:26:53","modified_gmt":"2024-02-12T17:26:53","slug":"le-bateau-volant","status":"publish","type":"product","link":"https:\/\/paperandkraft.com\/shop\/produit\/le-bateau-volant\/","title":{"rendered":"Le b\u00e2teau volant"},"content":{"rendered":"<div class=\"su-youtube su-u-responsive-media-yes\"><iframe loading=\"lazy\" width=\"600\" height=\"400\" src=\"https:\/\/www.youtube.com\/embed\/5EkGcsB9qRo?autohide=2&amp;autoplay=1&amp;mute=1&amp;controls=1&amp;fs=1&amp;loop=1&amp;modestbranding=0&amp;playlist=5EkGcsB9qRo&amp;rel=0&amp;showinfo=1&amp;theme=dark&amp;wmode=&amp;playsinline=0\" frameborder=\"0\" allowfullscreen allow=\"autoplay; encrypted-media; picture-in-picture\" title=\"\"><\/iframe><\/div>\n<p>Partager le bonheur de la naissance de votre petit avec toute votre famille gr\u00e2ce a ce faire-part de naissance marque page le bateau volant. En plus d \u00eatre tr\u00e8s joli\u00a0 il\u00a0 permettra \u00e0 votre proche de garder le pr\u00e9cieux souvenir de sa naissance gr\u00e2ce au marque page d\u00e9tachable de garder .<\/p>\n<p>Eco-responsable car imprim\u00e9 sur du papier recycl\u00e9, laissez vous guider par notre outil de personnalisation en ligne afin de faire de ce faire-part de naissance un objet unique.<\/p>\n","protected":false},"excerpt":{"rendered":"<p>Partager le bonheur de la naissance de votre petit avec toute votre famille gr\u00e2ce a ce faire-part de naissance marque page le bateau volant. En plus d \u00eatre tr\u00e8s joli\u00a0 il\u00a0 permettra \u00e0 votre proche de garder le pr\u00e9cieux souvenir de sa naissance gr\u00e2ce au marque page d\u00e9tachable de garder . Eco-responsable car imprim\u00e9 sur [&#8230;]\n","protected":false},"featured_media":20500,"comment_status":"open","ping_status":"closed","template":"","meta":{"_acf_changed":false,"inline_featured_image":false},"product_brand":[],"product_cat":[222,225,8,70,220],"product_tag":[],"class_list":{"0":"post-20498","1":"product","2":"type-product","3":"status-publish","4":"has-post-thumbnail","6":"product_cat-carte-de-naissance","7":"product_cat-faire-part-naissance-mixte","8":"product_cat-faire-part-de-naissance","9":"product_cat-faire-part-kids","10":"product_cat-faire-part-naissance-photo","12":"first","13":"instock","14":"featured","15":"taxable","16":"shipping-taxable","17":"purchasable","18":"product-type-simple"},"acf":[],"yoast_head":"<!-- This site is optimized with the Yoast SEO Premium plugin v24.6 (Yoast SEO v27.5) - https:\/\/yoast.com\/product\/yoast-seo-premium-wordpress\/ -->\n<title>faire-part naissance marque page le bateau volant - Paperandkraft.com<\/title>\n<meta name=\"description\" content=\"Vous souhaitez que votre famille proche puisse emmen\u00e9 votre petit bout partout avec eux et en m\u00eame temps leur annoncer la nouvelle de sa naissance ? Racontez avec po\u00e9sie et tendresse la naissance de cette nouvelle vie avec ce faire-part de naissance marque page\" \/>\n<meta name=\"robots\" content=\"index, follow, max-snippet:-1, max-image-preview:large, max-video-preview:-1\" \/>\n<link rel=\"canonical\" href=\"https:\/\/paperandkraft.com\/shop\/produit\/le-bateau-volant\/\" \/>\n<meta property=\"og:locale\" content=\"fr_FR\" \/>\n<meta property=\"og:type\" content=\"article\" \/>\n<meta property=\"og:title\" content=\"Le b\u00e2teau volant\" \/>\n<meta property=\"og:description\" content=\"Partager le bonheur de la naissance de votre petit avec toute votre famille gr\u00e2ce a ce faire-part de naissance marque page le bateau volant. En plus d\" \/>\n<meta property=\"og:url\" content=\"https:\/\/paperandkraft.com\/shop\/produit\/le-bateau-volant\/\" \/>\n<meta property=\"og:site_name\" content=\"PaperAndKraft\" \/>\n<meta property=\"article:publisher\" content=\"https:\/\/www.facebook.com\/paperandkraft\" \/>\n<meta property=\"article:modified_time\" content=\"2024-02-12T17:26:53+00:00\" \/>\n<meta property=\"og:image\" content=\"https:\/\/paperandkraft.com\/shop\/wp-content\/uploads\/2021\/10\/faire-part-naissance-le-bateau-volant-1.jpg\" \/>\n\t<meta property=\"og:image:width\" content=\"1000\" \/>\n\t<meta property=\"og:image:height\" content=\"1132\" \/>\n\t<meta property=\"og:image:type\" content=\"image\/jpeg\" \/>\n<meta name=\"twitter:card\" content=\"summary_large_image\" \/>\n<meta name=\"twitter:label1\" content=\"Prix\" \/>\n\t<meta name=\"twitter:data1\" content=\"5.00&euro;\" \/>\n\t<meta name=\"twitter:label2\" content=\"Disponibilit\u00e9\" \/>\n\t<meta name=\"twitter:data2\" content=\"En stock\" \/>\n<meta property=\"product:price:amount\" content=\"5.00\" \/>\n<meta property=\"product:price:currency\" content=\"EUR\" \/>\n<meta property=\"og:availability\" content=\"instock\" \/>\n<meta property=\"product:availability\" content=\"instock\" \/>\n<meta property=\"product:condition\" content=\"new\" \/>\n<!-- \/ Yoast SEO Premium plugin. -->","yoast_head_json":{"title":"faire-part naissance marque page le bateau volant - Paperandkraft.com","description":"Vous souhaitez que votre famille proche puisse emmen\u00e9 votre petit bout partout avec eux et en m\u00eame temps leur annoncer la nouvelle de sa naissance ? Racontez avec po\u00e9sie et tendresse la naissance de cette nouvelle vie avec ce faire-part de naissance marque page","robots":{"index":"index","follow":"follow","max-snippet":"max-snippet:-1","max-image-preview":"max-image-preview:large","max-video-preview":"max-video-preview:-1"},"canonical":"https:\/\/paperandkraft.com\/shop\/produit\/le-bateau-volant\/","og_locale":"fr_FR","og_type":"article","og_title":"Le b\u00e2teau volant","og_description":"Partager le bonheur de la naissance de votre petit avec toute votre famille gr\u00e2ce a ce faire-part de naissance marque page le bateau volant. En plus d","og_url":"https:\/\/paperandkraft.com\/shop\/produit\/le-bateau-volant\/","og_site_name":"PaperAndKraft","article_publisher":"https:\/\/www.facebook.com\/paperandkraft","article_modified_time":"2024-02-12T17:26:53+00:00","og_image":[{"width":1000,"height":1132,"url":"https:\/\/paperandkraft.com\/shop\/wp-content\/uploads\/2021\/10\/faire-part-naissance-le-bateau-volant-1.jpg","type":"image\/jpeg"}],"twitter_card":"summary_large_image","twitter_misc":{"Prix":"5.00&euro;","Disponibilit\u00e9":"En stock"},"schema":{"@context":"https:\/\/schema.org","@graph":[{"@type":"WebPage","@id":"https:\/\/paperandkraft.com\/shop\/produit\/le-bateau-volant\/","url":"https:\/\/paperandkraft.com\/shop\/produit\/le-bateau-volant\/","name":"faire-part naissance marque page le bateau volant - Paperandkraft.com","isPartOf":{"@id":"https:\/\/paperandkraft.com\/shop\/#website"},"primaryImageOfPage":{"@id":"https:\/\/paperandkraft.com\/shop\/produit\/le-bateau-volant\/#primaryimage"},"image":{"@id":"https:\/\/paperandkraft.com\/shop\/produit\/le-bateau-volant\/#primaryimage"},"thumbnailUrl":"https:\/\/paperandkraft.com\/shop\/wp-content\/uploads\/2021\/10\/faire-part-naissance-le-bateau-volant-1.jpg","datePublished":"2021-10-21T15:59:45+00:00","dateModified":"2024-02-12T17:26:53+00:00","description":"Vous souhaitez que votre famille proche puisse emmen\u00e9 votre petit bout partout avec eux et en m\u00eame temps leur annoncer la nouvelle de sa naissance ? Racontez avec po\u00e9sie et tendresse la naissance de cette nouvelle vie avec ce faire-part de naissance marque page","breadcrumb":{"@id":"https:\/\/paperandkraft.com\/shop\/produit\/le-bateau-volant\/#breadcrumb"},"inLanguage":"fr-FR","potentialAction":[{"@type":"ReadAction","target":["https:\/\/paperandkraft.com\/shop\/produit\/le-bateau-volant\/"]}]},{"@type":"ImageObject","inLanguage":"fr-FR","@id":"https:\/\/paperandkraft.com\/shop\/produit\/le-bateau-volant\/#primaryimage","url":"https:\/\/paperandkraft.com\/shop\/wp-content\/uploads\/2021\/10\/faire-part-naissance-le-bateau-volant-1.jpg","contentUrl":"https:\/\/paperandkraft.com\/shop\/wp-content\/uploads\/2021\/10\/faire-part-naissance-le-bateau-volant-1.jpg","width":1000,"height":1132,"caption":"faire-part de naissance marque page le bateau volant"},{"@type":"BreadcrumbList","@id":"https:\/\/paperandkraft.com\/shop\/produit\/le-bateau-volant\/#breadcrumb","itemListElement":[{"@type":"ListItem","position":1,"name":"Accueil","item":"https:\/\/paperandkraft.com\/shop\/"},{"@type":"ListItem","position":2,"name":"Boutique","item":"https:\/\/paperandkraft.com\/shop\/boutique\/"},{"@type":"ListItem","position":3,"name":"Le b\u00e2teau volant"}]},{"@type":"WebSite","@id":"https:\/\/paperandkraft.com\/shop\/#website","url":"https:\/\/paperandkraft.com\/shop\/","name":"PaperAndKraft","description":"Faire-part de mariage et naissance en papier recycl\u00e9","publisher":{"@id":"https:\/\/paperandkraft.com\/shop\/#organization"},"potentialAction":[{"@type":"SearchAction","target":{"@type":"EntryPoint","urlTemplate":"https:\/\/paperandkraft.com\/shop\/?s={search_term_string}"},"query-input":{"@type":"PropertyValueSpecification","valueRequired":true,"valueName":"search_term_string"}}],"inLanguage":"fr-FR"},{"@type":"Organization","@id":"https:\/\/paperandkraft.com\/shop\/#organization","name":"Paper And Kraft : Faire-Part","url":"https:\/\/paperandkraft.com\/shop\/","logo":{"@type":"ImageObject","inLanguage":"fr-FR","@id":"https:\/\/paperandkraft.com\/shop\/#\/schema\/logo\/image\/","url":"https:\/\/paperandkraft.com\/shop\/wp-content\/uploads\/2020\/03\/logo-2020-noir-1.png","contentUrl":"https:\/\/paperandkraft.com\/shop\/wp-content\/uploads\/2020\/03\/logo-2020-noir-1.png","width":350,"height":76,"caption":"Paper And Kraft : Faire-Part"},"image":{"@id":"https:\/\/paperandkraft.com\/shop\/#\/schema\/logo\/image\/"},"sameAs":["https:\/\/www.facebook.com\/paperandkraft","https:\/\/www.instagram.com\/paper_and_kraft\/","https:\/\/www.pinterest.fr\/paperandkraft\/"]}]},"product_price_amount":"5.00","product_price_currency":"EUR","og_availability":"instock","product_availability":"instock","product_condition":"new"},"_links":{"self":[{"href":"https:\/\/paperandkraft.com\/shop\/wp-json\/wp\/v2\/product\/20498","targetHints":{"allow":["GET"]}}],"collection":[{"href":"https:\/\/paperandkraft.com\/shop\/wp-json\/wp\/v2\/product"}],"about":[{"href":"https:\/\/paperandkraft.com\/shop\/wp-json\/wp\/v2\/types\/product"}],"replies":[{"embeddable":true,"href":"https:\/\/paperandkraft.com\/shop\/wp-json\/wp\/v2\/comments?post=20498"}],"wp:featuredmedia":[{"embeddable":true,"href":"https:\/\/paperandkraft.com\/shop\/wp-json\/wp\/v2\/media\/20500"}],"wp:attachment":[{"href":"https:\/\/paperandkraft.com\/shop\/wp-json\/wp\/v2\/media?parent=20498"}],"wp:term":[{"taxonomy":"product_brand","embeddable":true,"href":"https:\/\/paperandkraft.com\/shop\/wp-json\/wp\/v2\/product_brand?post=20498"},{"taxonomy":"product_cat","embeddable":true,"href":"https:\/\/paperandkraft.com\/shop\/wp-json\/wp\/v2\/product_cat?post=20498"},{"taxonomy":"product_tag","embeddable":true,"href":"https:\/\/paperandkraft.com\/shop\/wp-json\/wp\/v2\/product_tag?post=20498"}],"curies":[{"name":"wp","href":"https:\/\/api.w.org\/{rel}","templated":true}]}}