{"id":204,"date":"2015-09-21T12:36:23","date_gmt":"2015-09-21T12:36:23","guid":{"rendered":"http:\/\/paperandkraft.com\/shop\/?product=horses"},"modified":"2022-02-25T05:35:28","modified_gmt":"2022-02-25T05:35:28","slug":"faire-part-mariage-kraft-horses","status":"publish","type":"product","link":"https:\/\/paperandkraft.com\/shop\/produit\/faire-part-mariage-kraft-horses\/","title":{"rendered":"Faire-part mariage Horses"},"content":{"rendered":"<h4><strong>Est-ce que vous allez choisir le th\u00e8me des chevaux pour le plus beau jour de votre vie\u00a0?<\/strong><\/h4>\n<p><strong>\u201cL&#8217;air du paradis est celui qui souffle entre les oreilles d&#8217;un\u00a0cheval\u201d <\/strong>cette citation tr\u00e8s connu des \u00e9quitants vous correspond parfaitement parce que vos \u00eates amoureux des chevaux depuis tout petit. Votre amour a grandi en m\u00eame temps que celui pour ces b\u00eates poilues si g\u00e9n\u00e9reuses, et vous ne pouvez plus vous en pass\u00e9.<\/p>\n<p>Vous avez d\u00e9cid\u00e9 d\u2019arriv\u00e9e pour la c\u00e9r\u00e9monie de votre mariage \u00e0 bord d\u2019une magnifique cal\u00e8che tir\u00e9es par de majestueux percherons ou en selle sur des chevaux ib\u00e9riques\u2026 votre f\u00eate aura lieu dans un c\u00e9l\u00e8bre haras normand et votre d\u00e9co sera faite de selles, de cuir et d\u2019odeurs de chevaux.<\/p>\n<p>Plus de doute vous avez bien choisi le th\u00e8me des chevaux et de l\u2019\u00e9quitation pour vous marier\u00a0!<\/p>\n<h4><strong>Pourquoi commander le faire-part mariage kraft Horses pour annoncer votre mariage ?<\/strong><\/h4>\n<p><strong>Si vous \u00eates \u00e0 la recherche du faire-part id\u00e9al mettant en avant le monde de l\u2019\u00e9quitation, vous avez sonn\u00e9 \u00e0 la bonne porte<\/strong>. Bien que la pratique du cheval soit tr\u00e8s r\u00e9pandue. L\u2019utiliser comme th\u00e8me mariage l\u2019est en revanche beaucoup moins. Chez Paper and kraft nous sommes tr\u00e8s proche de la nature et nous aimons, non, nous adorons les chevaux alors il nous paressait indispensable de cr\u00e9er une histoire d\u2019amour autour de ce th\u00e8me !<\/p>\n<p>Passionn\u00e9 d&#8217;\u00e9quitation et de l&#8217;univers du cheval, Venez d\u00e9couvrir un faire-part de mariage vraiment original. En plus de vous proposer le mod\u00e8le <strong>Horses,<\/strong> <strong>nous vous donnons \u00e9galement l\u2019occasion de le personnaliser en composant vous-m\u00eame le texte<\/strong>.<\/p>\n<p>De base, <strong>votre faire-part sera compos\u00e9 d\u2019une couverture en kraft, avec 2 nobles chevaux d\u00e9licatement dessin\u00e9s \u00e0 la plume, et de deux feuillets internes illustr\u00e9s par d\u2019autres repr\u00e9sentations de nos fid\u00e8les amis \u00e9quins \u00e0 composer comme vous le souhaitez<\/strong>.<\/p>\n<p>Si vous voulez ajouter d\u2019autres d\u00e9tails ou si les deux feuillets ne suffisent pas, <strong>nous pouvons ajouter des pages suppl\u00e9mentaires<\/strong>. Vous pouvez tout ins\u00e9rer dans votre faire-part. Avec l\u2019assistance de vrais professionnels, vous aurez l\u2019occasion de le personnaliser \u00e0 vos go\u00fbts. <strong>Paper and Kraft est \u00e0 l\u2019\u00e9coute de vos demandes et partage la passion du cheval avec vous et vos invit\u00e9s. <\/strong><\/p>\n<h4><strong>Pourquoi pas un mariage \u00e9quin et \u00e9colo\u00a0?<\/strong><\/h4>\n<p><strong>Chez Paper and Kraft nous essayons \u00e0 notre fa\u00e7on de participer au d\u00e9veloppement durable et \u00e9coresponsable<\/strong>. Nous n\u2019utilisons que des <strong>papiers recycl\u00e9s dans la confection <\/strong>de nos invitations. En contactant Paper and Kraft dans la cr\u00e9ation de vos faire-part, <strong>vous allez contribuer \u00e9galement \u00e0 la pr\u00e9servation des arbres<\/strong>. D\u2019ailleurs, la douceur du papier Kraft donne une signification particuli\u00e8re \u00e0 votre faire-part. Commandez d\u00e8s maintenant\u00a0!<\/p>\n","protected":false},"excerpt":{"rendered":"<p style=\"text-align: center;\"><a href=\"https:\/\/paperandkraft.com\/shop\/votre-maquette-mariage-gratuite\/?nom_du_modele=Horses\" target=\"blank\" class=\"button secondary is-secondary is-medium hide-for-small\" >\n\t\t<span>Je demande ma maquette gratuite<\/span>\n\t<\/a>\n\n<a href=\"https:\/\/paperandkraft.com\/shop\/votre-maquette-mariage-gratuite\/?nom_du_modele=Horses\" target=\"_blank\" class=\"button secondary is-medium expand sticky-footer-button show-for-small\" rel=\"noopener\" >\n\t\t<span>Je demande<br \/>\nma maquette gratuite<\/span>\n\t<\/a>\n\n","protected":false},"featured_media":16338,"comment_status":"open","ping_status":"closed","template":"","meta":{"_acf_changed":false,"inline_featured_image":false},"product_brand":[],"product_cat":[227,228,14,26],"product_tag":[],"class_list":{"0":"post-204","1":"product","2":"type-product","3":"status-publish","4":"has-post-thumbnail","6":"product_cat-faire-part-mariage-boheme","7":"product_cat-faire-part-mariage-nature","8":"product_cat-faire-part-mariage-theme-champetre","9":"product_cat-faire-part-mariage-kraft","11":"first","12":"instock","13":"taxable","14":"shipping-taxable","15":"purchasable","16":"product-type-simple"},"acf":[],"yoast_head":"<!-- This site is optimized with the Yoast SEO Premium plugin v24.6 (Yoast SEO v27.4) - https:\/\/yoast.com\/product\/yoast-seo-premium-wordpress\/ -->\n<title>Faire-part mariage cheval \u00e9quitation - Paperandkraft<\/title>\n<meta name=\"description\" content=\"Faire-part de mariage en papier recycl\u00e9 sur le th\u00e8me des chevaux et et de la nature. Compos\u00e9 d&#039;une couverture en kraft avec motif chevaux et 2 feuillets internes personnalisables.\" \/>\n<meta name=\"robots\" content=\"index, follow, max-snippet:-1, max-image-preview:large, max-video-preview:-1\" \/>\n<link rel=\"canonical\" href=\"https:\/\/paperandkraft.com\/shop\/produit\/faire-part-mariage-kraft-horses\/\" \/>\n<meta property=\"og:locale\" content=\"fr_FR\" \/>\n<meta property=\"og:type\" content=\"article\" \/>\n<meta property=\"og:title\" content=\"Faire-part mariage Horses\" \/>\n<meta property=\"og:url\" content=\"https:\/\/paperandkraft.com\/shop\/produit\/faire-part-mariage-kraft-horses\/\" \/>\n<meta property=\"og:site_name\" content=\"PaperAndKraft\" \/>\n<meta property=\"article:publisher\" content=\"https:\/\/www.facebook.com\/paperandkraft\" \/>\n<meta property=\"article:modified_time\" content=\"2022-02-25T05:35:28+00:00\" \/>\n<meta property=\"og:image\" content=\"https:\/\/paperandkraft.com\/shop\/wp-content\/uploads\/2020\/03\/faire-part-mariage-en-papier-recycl\u00e9-theme-cheval-1.jpg\" \/>\n\t<meta property=\"og:image:width\" content=\"700\" \/>\n\t<meta property=\"og:image:height\" content=\"700\" \/>\n\t<meta property=\"og:image:type\" content=\"image\/jpeg\" \/>\n<meta name=\"twitter:card\" content=\"summary_large_image\" \/>\n<meta name=\"twitter:label1\" content=\"Prix\" \/>\n\t<meta name=\"twitter:data1\" content=\"6.00&euro;\" \/>\n\t<meta name=\"twitter:label2\" content=\"Disponibilit\u00e9\" \/>\n\t<meta name=\"twitter:data2\" content=\"En stock\" \/>\n<meta property=\"product:price:amount\" content=\"6.00\" \/>\n<meta property=\"product:price:currency\" content=\"EUR\" \/>\n<meta property=\"og:availability\" content=\"instock\" \/>\n<meta property=\"product:availability\" content=\"instock\" \/>\n<meta property=\"product:condition\" content=\"new\" \/>\n<!-- \/ Yoast SEO Premium plugin. -->","yoast_head_json":{"title":"Faire-part mariage cheval \u00e9quitation - Paperandkraft","description":"Faire-part de mariage en papier recycl\u00e9 sur le th\u00e8me des chevaux et et de la nature. Compos\u00e9 d'une couverture en kraft avec motif chevaux et 2 feuillets internes personnalisables.","robots":{"index":"index","follow":"follow","max-snippet":"max-snippet:-1","max-image-preview":"max-image-preview:large","max-video-preview":"max-video-preview:-1"},"canonical":"https:\/\/paperandkraft.com\/shop\/produit\/faire-part-mariage-kraft-horses\/","og_locale":"fr_FR","og_type":"article","og_title":"Faire-part mariage Horses","og_url":"https:\/\/paperandkraft.com\/shop\/produit\/faire-part-mariage-kraft-horses\/","og_site_name":"PaperAndKraft","article_publisher":"https:\/\/www.facebook.com\/paperandkraft","article_modified_time":"2022-02-25T05:35:28+00:00","og_image":[{"width":700,"height":700,"url":"https:\/\/paperandkraft.com\/shop\/wp-content\/uploads\/2020\/03\/faire-part-mariage-en-papier-recycl\u00e9-theme-cheval-1.jpg","type":"image\/jpeg"}],"twitter_card":"summary_large_image","twitter_misc":{"Prix":"6.00&euro;","Disponibilit\u00e9":"En stock"},"schema":{"@context":"https:\/\/schema.org","@graph":[{"@type":"WebPage","@id":"https:\/\/paperandkraft.com\/shop\/produit\/faire-part-mariage-kraft-horses\/","url":"https:\/\/paperandkraft.com\/shop\/produit\/faire-part-mariage-kraft-horses\/","name":"Faire-part mariage cheval \u00e9quitation - Paperandkraft","isPartOf":{"@id":"https:\/\/paperandkraft.com\/shop\/#website"},"primaryImageOfPage":{"@id":"https:\/\/paperandkraft.com\/shop\/produit\/faire-part-mariage-kraft-horses\/#primaryimage"},"image":{"@id":"https:\/\/paperandkraft.com\/shop\/produit\/faire-part-mariage-kraft-horses\/#primaryimage"},"thumbnailUrl":"https:\/\/paperandkraft.com\/shop\/wp-content\/uploads\/2020\/03\/faire-part-mariage-en-papier-recycl\u00e9-theme-cheval-1.jpg","datePublished":"2015-09-21T12:36:23+00:00","dateModified":"2022-02-25T05:35:28+00:00","description":"Faire-part de mariage en papier recycl\u00e9 sur le th\u00e8me des chevaux et et de la nature. Compos\u00e9 d'une couverture en kraft avec motif chevaux et 2 feuillets internes personnalisables.","breadcrumb":{"@id":"https:\/\/paperandkraft.com\/shop\/produit\/faire-part-mariage-kraft-horses\/#breadcrumb"},"inLanguage":"fr-FR","potentialAction":[{"@type":"ReadAction","target":["https:\/\/paperandkraft.com\/shop\/produit\/faire-part-mariage-kraft-horses\/"]}]},{"@type":"ImageObject","inLanguage":"fr-FR","@id":"https:\/\/paperandkraft.com\/shop\/produit\/faire-part-mariage-kraft-horses\/#primaryimage","url":"https:\/\/paperandkraft.com\/shop\/wp-content\/uploads\/2020\/03\/faire-part-mariage-en-papier-recycl\u00e9-theme-cheval-1.jpg","contentUrl":"https:\/\/paperandkraft.com\/shop\/wp-content\/uploads\/2020\/03\/faire-part-mariage-en-papier-recycl\u00e9-theme-cheval-1.jpg","width":700,"height":700},{"@type":"BreadcrumbList","@id":"https:\/\/paperandkraft.com\/shop\/produit\/faire-part-mariage-kraft-horses\/#breadcrumb","itemListElement":[{"@type":"ListItem","position":1,"name":"Accueil","item":"https:\/\/paperandkraft.com\/shop\/"},{"@type":"ListItem","position":2,"name":"Boutique","item":"https:\/\/paperandkraft.com\/shop\/boutique\/"},{"@type":"ListItem","position":3,"name":"Faire-part mariage Horses"}]},{"@type":"WebSite","@id":"https:\/\/paperandkraft.com\/shop\/#website","url":"https:\/\/paperandkraft.com\/shop\/","name":"PaperAndKraft","description":"Faire-part de mariage et naissance en papier recycl\u00e9","publisher":{"@id":"https:\/\/paperandkraft.com\/shop\/#organization"},"potentialAction":[{"@type":"SearchAction","target":{"@type":"EntryPoint","urlTemplate":"https:\/\/paperandkraft.com\/shop\/?s={search_term_string}"},"query-input":{"@type":"PropertyValueSpecification","valueRequired":true,"valueName":"search_term_string"}}],"inLanguage":"fr-FR"},{"@type":"Organization","@id":"https:\/\/paperandkraft.com\/shop\/#organization","name":"Paper And Kraft : Faire-Part","url":"https:\/\/paperandkraft.com\/shop\/","logo":{"@type":"ImageObject","inLanguage":"fr-FR","@id":"https:\/\/paperandkraft.com\/shop\/#\/schema\/logo\/image\/","url":"https:\/\/paperandkraft.com\/shop\/wp-content\/uploads\/2020\/03\/logo-2020-noir-1.png","contentUrl":"https:\/\/paperandkraft.com\/shop\/wp-content\/uploads\/2020\/03\/logo-2020-noir-1.png","width":350,"height":76,"caption":"Paper And Kraft : Faire-Part"},"image":{"@id":"https:\/\/paperandkraft.com\/shop\/#\/schema\/logo\/image\/"},"sameAs":["https:\/\/www.facebook.com\/paperandkraft","https:\/\/www.instagram.com\/paper_and_kraft\/","https:\/\/www.pinterest.fr\/paperandkraft\/"]}]},"product_price_amount":"6.00","product_price_currency":"EUR","og_availability":"instock","product_availability":"instock","product_condition":"new"},"_links":{"self":[{"href":"https:\/\/paperandkraft.com\/shop\/wp-json\/wp\/v2\/product\/204","targetHints":{"allow":["GET"]}}],"collection":[{"href":"https:\/\/paperandkraft.com\/shop\/wp-json\/wp\/v2\/product"}],"about":[{"href":"https:\/\/paperandkraft.com\/shop\/wp-json\/wp\/v2\/types\/product"}],"replies":[{"embeddable":true,"href":"https:\/\/paperandkraft.com\/shop\/wp-json\/wp\/v2\/comments?post=204"}],"wp:featuredmedia":[{"embeddable":true,"href":"https:\/\/paperandkraft.com\/shop\/wp-json\/wp\/v2\/media\/16338"}],"wp:attachment":[{"href":"https:\/\/paperandkraft.com\/shop\/wp-json\/wp\/v2\/media?parent=204"}],"wp:term":[{"taxonomy":"product_brand","embeddable":true,"href":"https:\/\/paperandkraft.com\/shop\/wp-json\/wp\/v2\/product_brand?post=204"},{"taxonomy":"product_cat","embeddable":true,"href":"https:\/\/paperandkraft.com\/shop\/wp-json\/wp\/v2\/product_cat?post=204"},{"taxonomy":"product_tag","embeddable":true,"href":"https:\/\/paperandkraft.com\/shop\/wp-json\/wp\/v2\/product_tag?post=204"}],"curies":[{"name":"wp","href":"https:\/\/api.w.org\/{rel}","templated":true}]}}