{"id":20219,"date":"2021-08-03T10:07:31","date_gmt":"2021-08-03T10:07:31","guid":{"rendered":"https:\/\/paperandkraft.com\/shop\/?post_type=product&#038;p=20219"},"modified":"2024-11-05T18:02:40","modified_gmt":"2024-11-05T17:02:40","slug":"carte-de-remerciements-naissance-seigneur-des-anneaux","status":"publish","type":"product","link":"https:\/\/paperandkraft.com\/shop\/produit\/carte-de-remerciements-naissance-seigneur-des-anneaux\/","title":{"rendered":"Le Hobbit"},"content":{"rendered":"<p>Feuillet suppl\u00e9mentaire pour les faire-part de naissance. Utilisez le comme bon vous semble : Carton de remerciements,\u00a0 photo suppl\u00e9mentaire, ou texte suppl\u00e9mentaire. YOU ARE THE BOSS<\/p>\n","protected":false},"excerpt":{"rendered":"<p>Feuillet suppl\u00e9mentaire pour les faire-part de naissance. Utilisez le comme bon vous semble : Carton de remerciements,\u00a0 photo suppl\u00e9mentaire, ou texte suppl\u00e9mentaire. YOU ARE THE BOSS<\/p>\n","protected":false},"featured_media":20232,"comment_status":"open","ping_status":"closed","template":"","meta":{"_acf_changed":false,"inline_featured_image":false},"product_brand":[],"product_cat":[202],"product_tag":[],"class_list":{"0":"post-20219","1":"product","2":"type-product","3":"status-publish","4":"has-post-thumbnail","6":"product_cat-carte-de-remerciements-naissance","8":"first","9":"instock","10":"taxable","11":"shipping-taxable","12":"purchasable","13":"product-type-variable","14":"has-default-attributes"},"acf":[],"yoast_head":"<!-- This site is optimized with the Yoast SEO Premium plugin v24.6 (Yoast SEO v27.4) - https:\/\/yoast.com\/product\/yoast-seo-premium-wordpress\/ -->\n<title>Carton de remerciements naissance seigneur des anneaux - Paperandkraft<\/title>\n<meta name=\"description\" content=\"fan de fantasy et tout particuli\u00e8rement de l&#039;incontournable seigneur des anneaux de JRR Tolkien, Remerciez avec Magie vos proches pour leurs d\u00e9licates attentions lorsque votre petit Hobbit est n\u00e9 en envoyant cette carte de remerciements tres ... elfique ... :)\" \/>\n<meta name=\"robots\" content=\"index, follow, max-snippet:-1, max-image-preview:large, max-video-preview:-1\" \/>\n<link rel=\"canonical\" href=\"https:\/\/paperandkraft.com\/shop\/produit\/carte-de-remerciements-naissance-seigneur-des-anneaux\/\" \/>\n<meta property=\"og:locale\" content=\"fr_FR\" \/>\n<meta property=\"og:type\" content=\"article\" \/>\n<meta property=\"og:title\" content=\"Le Hobbit\" \/>\n<meta property=\"og:description\" content=\"Feuillet suppl\u00e9mentaire pour les faire-part de naissance. Utilisez le comme bon vous semble : Carton de remerciements,\u00a0 photo suppl\u00e9mentaire, ou texte\" \/>\n<meta property=\"og:url\" content=\"https:\/\/paperandkraft.com\/shop\/produit\/carte-de-remerciements-naissance-seigneur-des-anneaux\/\" \/>\n<meta property=\"og:site_name\" content=\"PaperAndKraft\" \/>\n<meta property=\"article:publisher\" content=\"https:\/\/www.facebook.com\/paperandkraft\" \/>\n<meta property=\"article:modified_time\" content=\"2024-11-05T17:02:40+00:00\" \/>\n<meta property=\"og:image\" content=\"https:\/\/paperandkraft.com\/shop\/wp-content\/uploads\/2021\/08\/carte-remerciement-naissance-seigneur-des-anneaux-1.jpg\" \/>\n\t<meta property=\"og:image:width\" content=\"1000\" \/>\n\t<meta property=\"og:image:height\" content=\"1000\" \/>\n\t<meta property=\"og:image:type\" content=\"image\/jpeg\" \/>\n<meta name=\"twitter:card\" content=\"summary_large_image\" \/>\n<meta name=\"twitter:label1\" content=\"Disponibilit\u00e9\" \/>\n\t<meta name=\"twitter:data1\" content=\"En stock\" \/>\n<meta property=\"og:availability\" content=\"instock\" \/>\n<meta property=\"product:availability\" content=\"instock\" \/>\n<meta property=\"product:condition\" content=\"new\" \/>\n<!-- \/ Yoast SEO Premium plugin. -->","yoast_head_json":{"title":"Carton de remerciements naissance seigneur des anneaux - Paperandkraft","description":"fan de fantasy et tout particuli\u00e8rement de l'incontournable seigneur des anneaux de JRR Tolkien, Remerciez avec Magie vos proches pour leurs d\u00e9licates attentions lorsque votre petit Hobbit est n\u00e9 en envoyant cette carte de remerciements tres ... elfique ... :)","robots":{"index":"index","follow":"follow","max-snippet":"max-snippet:-1","max-image-preview":"max-image-preview:large","max-video-preview":"max-video-preview:-1"},"canonical":"https:\/\/paperandkraft.com\/shop\/produit\/carte-de-remerciements-naissance-seigneur-des-anneaux\/","og_locale":"fr_FR","og_type":"article","og_title":"Le Hobbit","og_description":"Feuillet suppl\u00e9mentaire pour les faire-part de naissance. Utilisez le comme bon vous semble : Carton de remerciements,\u00a0 photo suppl\u00e9mentaire, ou texte","og_url":"https:\/\/paperandkraft.com\/shop\/produit\/carte-de-remerciements-naissance-seigneur-des-anneaux\/","og_site_name":"PaperAndKraft","article_publisher":"https:\/\/www.facebook.com\/paperandkraft","article_modified_time":"2024-11-05T17:02:40+00:00","og_image":[{"width":1000,"height":1000,"url":"https:\/\/paperandkraft.com\/shop\/wp-content\/uploads\/2021\/08\/carte-remerciement-naissance-seigneur-des-anneaux-1.jpg","type":"image\/jpeg"}],"twitter_card":"summary_large_image","twitter_misc":{"Disponibilit\u00e9":"En stock"},"schema":{"@context":"https:\/\/schema.org","@graph":[{"@type":"WebPage","@id":"https:\/\/paperandkraft.com\/shop\/produit\/carte-de-remerciements-naissance-seigneur-des-anneaux\/","url":"https:\/\/paperandkraft.com\/shop\/produit\/carte-de-remerciements-naissance-seigneur-des-anneaux\/","name":"Carton de remerciements naissance seigneur des anneaux - Paperandkraft","isPartOf":{"@id":"https:\/\/paperandkraft.com\/shop\/#website"},"primaryImageOfPage":{"@id":"https:\/\/paperandkraft.com\/shop\/produit\/carte-de-remerciements-naissance-seigneur-des-anneaux\/#primaryimage"},"image":{"@id":"https:\/\/paperandkraft.com\/shop\/produit\/carte-de-remerciements-naissance-seigneur-des-anneaux\/#primaryimage"},"thumbnailUrl":"https:\/\/paperandkraft.com\/shop\/wp-content\/uploads\/2021\/08\/carte-remerciement-naissance-seigneur-des-anneaux-1.jpg","datePublished":"2021-08-03T10:07:31+00:00","dateModified":"2024-11-05T17:02:40+00:00","description":"fan de fantasy et tout particuli\u00e8rement de l'incontournable seigneur des anneaux de JRR Tolkien, Remerciez avec Magie vos proches pour leurs d\u00e9licates attentions lorsque votre petit Hobbit est n\u00e9 en envoyant cette carte de remerciements tres ... elfique ... :)","breadcrumb":{"@id":"https:\/\/paperandkraft.com\/shop\/produit\/carte-de-remerciements-naissance-seigneur-des-anneaux\/#breadcrumb"},"inLanguage":"fr-FR","potentialAction":[{"@type":"ReadAction","target":["https:\/\/paperandkraft.com\/shop\/produit\/carte-de-remerciements-naissance-seigneur-des-anneaux\/"]}]},{"@type":"ImageObject","inLanguage":"fr-FR","@id":"https:\/\/paperandkraft.com\/shop\/produit\/carte-de-remerciements-naissance-seigneur-des-anneaux\/#primaryimage","url":"https:\/\/paperandkraft.com\/shop\/wp-content\/uploads\/2021\/08\/carte-remerciement-naissance-seigneur-des-anneaux-1.jpg","contentUrl":"https:\/\/paperandkraft.com\/shop\/wp-content\/uploads\/2021\/08\/carte-remerciement-naissance-seigneur-des-anneaux-1.jpg","width":1000,"height":1000},{"@type":"BreadcrumbList","@id":"https:\/\/paperandkraft.com\/shop\/produit\/carte-de-remerciements-naissance-seigneur-des-anneaux\/#breadcrumb","itemListElement":[{"@type":"ListItem","position":1,"name":"Accueil","item":"https:\/\/paperandkraft.com\/shop\/"},{"@type":"ListItem","position":2,"name":"Boutique","item":"https:\/\/paperandkraft.com\/shop\/boutique\/"},{"@type":"ListItem","position":3,"name":"Le Hobbit"}]},{"@type":"WebSite","@id":"https:\/\/paperandkraft.com\/shop\/#website","url":"https:\/\/paperandkraft.com\/shop\/","name":"PaperAndKraft","description":"Faire-part de mariage et naissance en papier recycl\u00e9","publisher":{"@id":"https:\/\/paperandkraft.com\/shop\/#organization"},"potentialAction":[{"@type":"SearchAction","target":{"@type":"EntryPoint","urlTemplate":"https:\/\/paperandkraft.com\/shop\/?s={search_term_string}"},"query-input":{"@type":"PropertyValueSpecification","valueRequired":true,"valueName":"search_term_string"}}],"inLanguage":"fr-FR"},{"@type":"Organization","@id":"https:\/\/paperandkraft.com\/shop\/#organization","name":"Paper And Kraft : Faire-Part","url":"https:\/\/paperandkraft.com\/shop\/","logo":{"@type":"ImageObject","inLanguage":"fr-FR","@id":"https:\/\/paperandkraft.com\/shop\/#\/schema\/logo\/image\/","url":"https:\/\/paperandkraft.com\/shop\/wp-content\/uploads\/2020\/03\/logo-2020-noir-1.png","contentUrl":"https:\/\/paperandkraft.com\/shop\/wp-content\/uploads\/2020\/03\/logo-2020-noir-1.png","width":350,"height":76,"caption":"Paper And Kraft : Faire-Part"},"image":{"@id":"https:\/\/paperandkraft.com\/shop\/#\/schema\/logo\/image\/"},"sameAs":["https:\/\/www.facebook.com\/paperandkraft","https:\/\/www.instagram.com\/paper_and_kraft\/","https:\/\/www.pinterest.fr\/paperandkraft\/"]}]},"og_availability":"instock","product_availability":"instock","product_condition":"new"},"_links":{"self":[{"href":"https:\/\/paperandkraft.com\/shop\/wp-json\/wp\/v2\/product\/20219","targetHints":{"allow":["GET"]}}],"collection":[{"href":"https:\/\/paperandkraft.com\/shop\/wp-json\/wp\/v2\/product"}],"about":[{"href":"https:\/\/paperandkraft.com\/shop\/wp-json\/wp\/v2\/types\/product"}],"replies":[{"embeddable":true,"href":"https:\/\/paperandkraft.com\/shop\/wp-json\/wp\/v2\/comments?post=20219"}],"wp:featuredmedia":[{"embeddable":true,"href":"https:\/\/paperandkraft.com\/shop\/wp-json\/wp\/v2\/media\/20232"}],"wp:attachment":[{"href":"https:\/\/paperandkraft.com\/shop\/wp-json\/wp\/v2\/media?parent=20219"}],"wp:term":[{"taxonomy":"product_brand","embeddable":true,"href":"https:\/\/paperandkraft.com\/shop\/wp-json\/wp\/v2\/product_brand?post=20219"},{"taxonomy":"product_cat","embeddable":true,"href":"https:\/\/paperandkraft.com\/shop\/wp-json\/wp\/v2\/product_cat?post=20219"},{"taxonomy":"product_tag","embeddable":true,"href":"https:\/\/paperandkraft.com\/shop\/wp-json\/wp\/v2\/product_tag?post=20219"}],"curies":[{"name":"wp","href":"https:\/\/api.w.org\/{rel}","templated":true}]}}