{"id":20064,"date":"2021-07-24T00:01:46","date_gmt":"2021-07-24T00:01:46","guid":{"rendered":"https:\/\/paperandkraft.com\/shop\/?post_type=product&#038;p=20064"},"modified":"2024-03-16T00:16:06","modified_gmt":"2024-03-15T23:16:06","slug":"fairepart-bapteme-papillons","status":"publish","type":"product","link":"https:\/\/paperandkraft.com\/shop\/produit\/fairepart-bapteme-papillons\/","title":{"rendered":"Rebecca"},"content":{"rendered":"<p>Joli Faire-part de bapt\u00eame tout en douceur avec ce fond fait de graine de pissenlit. Une grand photo de votre b\u00e9b\u00e9 en recto et un texte compl\u00e8tement personnalisable en verso avec des rappels de graines de pissenlits.<\/p>\n<p>A personnaliser selon vos envies<\/p>\n","protected":false},"excerpt":{"rendered":"<p>Joli Faire-part de bapt\u00eame tout en douceur avec ce fond fait de graine de pissenlit. Une grand photo de votre b\u00e9b\u00e9 en recto et un texte compl\u00e8tement personnalisable en verso avec des rappels de graines de pissenlits. A personnaliser selon vos envies<\/p>\n","protected":false},"featured_media":20065,"comment_status":"open","ping_status":"closed","template":"","meta":{"_acf_changed":false,"inline_featured_image":false},"product_brand":[],"product_cat":[232],"product_tag":[],"class_list":{"0":"post-20064","1":"product","2":"type-product","3":"status-publish","4":"has-post-thumbnail","6":"product_cat-faire-part-de-bapteme","8":"first","9":"instock","10":"taxable","11":"shipping-taxable","12":"purchasable","13":"product-type-simple"},"acf":[],"yoast_head":"<!-- This site is optimized with the Yoast SEO Premium plugin v24.6 (Yoast SEO v27.4) - https:\/\/yoast.com\/product\/yoast-seo-premium-wordpress\/ -->\n<title>faire-part bapt\u00eame fille papillons rose - paperandkraft.com<\/title>\n<meta name=\"description\" content=\"Joli Faire-part de bapt\u00eame tout en douceur avec ce fond fait de graine de pissenlit. Une grand photo de votre b\u00e9b\u00e9 en recto et un texte compl\u00e8tement personnalisable en verso avec des rappels de graines de pissenlits...\" \/>\n<meta name=\"robots\" content=\"index, follow, max-snippet:-1, max-image-preview:large, max-video-preview:-1\" \/>\n<link rel=\"canonical\" href=\"https:\/\/paperandkraft.com\/shop\/produit\/fairepart-bapteme-papillons\/\" \/>\n<meta property=\"og:locale\" content=\"fr_FR\" \/>\n<meta property=\"og:type\" content=\"article\" \/>\n<meta property=\"og:title\" content=\"Rebecca\" \/>\n<meta property=\"og:description\" content=\"Joli Faire-part de bapt\u00eame tout en douceur avec ce fond fait de graine de pissenlit. Une grand photo de votre b\u00e9b\u00e9 en recto et un texte compl\u00e8tement\" \/>\n<meta property=\"og:url\" content=\"https:\/\/paperandkraft.com\/shop\/produit\/fairepart-bapteme-papillons\/\" \/>\n<meta property=\"og:site_name\" content=\"PaperAndKraft\" \/>\n<meta property=\"article:publisher\" content=\"https:\/\/www.facebook.com\/paperandkraft\" \/>\n<meta property=\"article:modified_time\" content=\"2024-03-15T23:16:06+00:00\" \/>\n<meta property=\"og:image\" content=\"https:\/\/paperandkraft.com\/shop\/wp-content\/uploads\/2021\/07\/faire-part-de-bapteme-rebecca.jpg\" \/>\n\t<meta property=\"og:image:width\" content=\"1000\" \/>\n\t<meta property=\"og:image:height\" content=\"1000\" \/>\n\t<meta property=\"og:image:type\" content=\"image\/jpeg\" \/>\n<meta name=\"twitter:card\" content=\"summary_large_image\" \/>\n<meta name=\"twitter:label1\" content=\"Prix\" \/>\n\t<meta name=\"twitter:data1\" content=\"3.00&euro;\" \/>\n\t<meta name=\"twitter:label2\" content=\"Disponibilit\u00e9\" \/>\n\t<meta name=\"twitter:data2\" content=\"En stock\" \/>\n<meta property=\"product:price:amount\" content=\"3.00\" \/>\n<meta property=\"product:price:currency\" content=\"EUR\" \/>\n<meta property=\"og:availability\" content=\"instock\" \/>\n<meta property=\"product:availability\" content=\"instock\" \/>\n<meta property=\"product:condition\" content=\"new\" \/>\n<!-- \/ Yoast SEO Premium plugin. -->","yoast_head_json":{"title":"faire-part bapt\u00eame fille papillons rose - paperandkraft.com","description":"Joli Faire-part de bapt\u00eame tout en douceur avec ce fond fait de graine de pissenlit. Une grand photo de votre b\u00e9b\u00e9 en recto et un texte compl\u00e8tement personnalisable en verso avec des rappels de graines de pissenlits...","robots":{"index":"index","follow":"follow","max-snippet":"max-snippet:-1","max-image-preview":"max-image-preview:large","max-video-preview":"max-video-preview:-1"},"canonical":"https:\/\/paperandkraft.com\/shop\/produit\/fairepart-bapteme-papillons\/","og_locale":"fr_FR","og_type":"article","og_title":"Rebecca","og_description":"Joli Faire-part de bapt\u00eame tout en douceur avec ce fond fait de graine de pissenlit. Une grand photo de votre b\u00e9b\u00e9 en recto et un texte compl\u00e8tement","og_url":"https:\/\/paperandkraft.com\/shop\/produit\/fairepart-bapteme-papillons\/","og_site_name":"PaperAndKraft","article_publisher":"https:\/\/www.facebook.com\/paperandkraft","article_modified_time":"2024-03-15T23:16:06+00:00","og_image":[{"width":1000,"height":1000,"url":"https:\/\/paperandkraft.com\/shop\/wp-content\/uploads\/2021\/07\/faire-part-de-bapteme-rebecca.jpg","type":"image\/jpeg"}],"twitter_card":"summary_large_image","twitter_misc":{"Prix":"3.00&euro;","Disponibilit\u00e9":"En stock"},"schema":{"@context":"https:\/\/schema.org","@graph":[{"@type":"WebPage","@id":"https:\/\/paperandkraft.com\/shop\/produit\/fairepart-bapteme-papillons\/","url":"https:\/\/paperandkraft.com\/shop\/produit\/fairepart-bapteme-papillons\/","name":"faire-part bapt\u00eame fille papillons rose - paperandkraft.com","isPartOf":{"@id":"https:\/\/paperandkraft.com\/shop\/#website"},"primaryImageOfPage":{"@id":"https:\/\/paperandkraft.com\/shop\/produit\/fairepart-bapteme-papillons\/#primaryimage"},"image":{"@id":"https:\/\/paperandkraft.com\/shop\/produit\/fairepart-bapteme-papillons\/#primaryimage"},"thumbnailUrl":"https:\/\/paperandkraft.com\/shop\/wp-content\/uploads\/2021\/07\/faire-part-de-bapteme-rebecca.jpg","datePublished":"2021-07-24T00:01:46+00:00","dateModified":"2024-03-15T23:16:06+00:00","description":"Joli Faire-part de bapt\u00eame tout en douceur avec ce fond fait de graine de pissenlit. Une grand photo de votre b\u00e9b\u00e9 en recto et un texte compl\u00e8tement personnalisable en verso avec des rappels de graines de pissenlits...","breadcrumb":{"@id":"https:\/\/paperandkraft.com\/shop\/produit\/fairepart-bapteme-papillons\/#breadcrumb"},"inLanguage":"fr-FR","potentialAction":[{"@type":"ReadAction","target":["https:\/\/paperandkraft.com\/shop\/produit\/fairepart-bapteme-papillons\/"]}]},{"@type":"ImageObject","inLanguage":"fr-FR","@id":"https:\/\/paperandkraft.com\/shop\/produit\/fairepart-bapteme-papillons\/#primaryimage","url":"https:\/\/paperandkraft.com\/shop\/wp-content\/uploads\/2021\/07\/faire-part-de-bapteme-rebecca.jpg","contentUrl":"https:\/\/paperandkraft.com\/shop\/wp-content\/uploads\/2021\/07\/faire-part-de-bapteme-rebecca.jpg","width":1000,"height":1000,"caption":"faire-part bapteme fille papillons"},{"@type":"BreadcrumbList","@id":"https:\/\/paperandkraft.com\/shop\/produit\/fairepart-bapteme-papillons\/#breadcrumb","itemListElement":[{"@type":"ListItem","position":1,"name":"Accueil","item":"https:\/\/paperandkraft.com\/shop\/"},{"@type":"ListItem","position":2,"name":"Boutique","item":"https:\/\/paperandkraft.com\/shop\/boutique\/"},{"@type":"ListItem","position":3,"name":"Rebecca"}]},{"@type":"WebSite","@id":"https:\/\/paperandkraft.com\/shop\/#website","url":"https:\/\/paperandkraft.com\/shop\/","name":"PaperAndKraft","description":"Faire-part de mariage et naissance en papier recycl\u00e9","publisher":{"@id":"https:\/\/paperandkraft.com\/shop\/#organization"},"potentialAction":[{"@type":"SearchAction","target":{"@type":"EntryPoint","urlTemplate":"https:\/\/paperandkraft.com\/shop\/?s={search_term_string}"},"query-input":{"@type":"PropertyValueSpecification","valueRequired":true,"valueName":"search_term_string"}}],"inLanguage":"fr-FR"},{"@type":"Organization","@id":"https:\/\/paperandkraft.com\/shop\/#organization","name":"Paper And Kraft : Faire-Part","url":"https:\/\/paperandkraft.com\/shop\/","logo":{"@type":"ImageObject","inLanguage":"fr-FR","@id":"https:\/\/paperandkraft.com\/shop\/#\/schema\/logo\/image\/","url":"https:\/\/paperandkraft.com\/shop\/wp-content\/uploads\/2020\/03\/logo-2020-noir-1.png","contentUrl":"https:\/\/paperandkraft.com\/shop\/wp-content\/uploads\/2020\/03\/logo-2020-noir-1.png","width":350,"height":76,"caption":"Paper And Kraft : Faire-Part"},"image":{"@id":"https:\/\/paperandkraft.com\/shop\/#\/schema\/logo\/image\/"},"sameAs":["https:\/\/www.facebook.com\/paperandkraft","https:\/\/www.instagram.com\/paper_and_kraft\/","https:\/\/www.pinterest.fr\/paperandkraft\/"]}]},"product_price_amount":"3.00","product_price_currency":"EUR","og_availability":"instock","product_availability":"instock","product_condition":"new"},"_links":{"self":[{"href":"https:\/\/paperandkraft.com\/shop\/wp-json\/wp\/v2\/product\/20064","targetHints":{"allow":["GET"]}}],"collection":[{"href":"https:\/\/paperandkraft.com\/shop\/wp-json\/wp\/v2\/product"}],"about":[{"href":"https:\/\/paperandkraft.com\/shop\/wp-json\/wp\/v2\/types\/product"}],"replies":[{"embeddable":true,"href":"https:\/\/paperandkraft.com\/shop\/wp-json\/wp\/v2\/comments?post=20064"}],"wp:featuredmedia":[{"embeddable":true,"href":"https:\/\/paperandkraft.com\/shop\/wp-json\/wp\/v2\/media\/20065"}],"wp:attachment":[{"href":"https:\/\/paperandkraft.com\/shop\/wp-json\/wp\/v2\/media?parent=20064"}],"wp:term":[{"taxonomy":"product_brand","embeddable":true,"href":"https:\/\/paperandkraft.com\/shop\/wp-json\/wp\/v2\/product_brand?post=20064"},{"taxonomy":"product_cat","embeddable":true,"href":"https:\/\/paperandkraft.com\/shop\/wp-json\/wp\/v2\/product_cat?post=20064"},{"taxonomy":"product_tag","embeddable":true,"href":"https:\/\/paperandkraft.com\/shop\/wp-json\/wp\/v2\/product_tag?post=20064"}],"curies":[{"name":"wp","href":"https:\/\/api.w.org\/{rel}","templated":true}]}}