{"id":19592,"date":"2021-06-15T14:52:04","date_gmt":"2021-06-15T14:52:04","guid":{"rendered":"https:\/\/paperandkraft.com\/shop\/?post_type=product&#038;p=19592"},"modified":"2022-06-08T11:34:18","modified_gmt":"2022-06-08T11:34:18","slug":"faire-part-naissance-renard-garcon","status":"publish","type":"product","link":"https:\/\/paperandkraft.com\/shop\/produit\/faire-part-naissance-renard-garcon\/","title":{"rendered":"Gaspard"},"content":{"rendered":"<p>&nbsp;<\/p>\n<p>Votre tribu s&#8217;agrandit, il vous faut donc annoncer la bonne nouvelle et la naissance de votre enfant. Tr\u00e8s tendance, ce faire-part original renard pour fille ou gar\u00e7on saura annoncer cette merveilleuse nouvelle avec tendresse, po\u00e9sie et \u00e9motion. De plus ses couleurs toutes douces ce petit renard mettra en valeur les photos de votre petite merveille. Aussi, ce joli faire-part de naissance plaira \u00e0 tous les amoureux de la for\u00eat.<\/p>\n<p>Vous pouvez commander en option les magnifiques macarons autocollants assortis pour embellir les enveloppes kraft fournies avec les faire-part.<\/p>\n","protected":false},"excerpt":{"rendered":"<p style=\"text-align: center;\"><a href=\"https:\/\/paperandkraft.com\/shop\/votre-maquette-naissance-gratuite-2\/?nom_du_modele=GaSPARD\" target=\"blank\" class=\"button primary is-primary expand\" >\n\t\t<span>Je pref\u00e8re que Paper &amp; Kraft me fasse la maquette<\/span>\n\t<\/a>\n\n","protected":false},"featured_media":19593,"comment_status":"open","ping_status":"closed","template":"","meta":{"_acf_changed":false,"inline_featured_image":false},"product_brand":[],"product_cat":[223,222,225,8,172,66,70,67,194,110],"product_tag":[],"class_list":{"0":"post-19592","1":"product","2":"type-product","3":"status-publish","4":"has-post-thumbnail","6":"product_cat-annonce-naissance","7":"product_cat-carte-de-naissance","8":"product_cat-faire-part-naissance-mixte","9":"product_cat-faire-part-de-naissance","10":"product_cat-faire-part-naissance-animaux","11":"product_cat-faire-part-naissance-garcon","12":"product_cat-faire-part-kids","13":"product_cat-faire-part-naissance-fille","14":"product_cat-faire-part-naissance-nature","15":"product_cat-faire-part-naissance-original","17":"first","18":"instock","19":"featured","20":"taxable","21":"shipping-taxable","22":"purchasable","23":"product-type-simple"},"acf":[],"yoast_head":"<!-- This site is optimized with the Yoast SEO Premium plugin v24.6 (Yoast SEO v27.4) - https:\/\/yoast.com\/product\/yoast-seo-premium-wordpress\/ -->\n<title>faire-part naissance original renard gar\u00e7on - Paperandkraft<\/title>\n<meta name=\"description\" content=\"Le petit renard est dans la place ! Annoncer la bonne nouvelle avec ce joli faire-part de naissance original th\u00e8me renard en papier recycl\u00e9.\" \/>\n<meta name=\"robots\" content=\"index, follow, max-snippet:-1, max-image-preview:large, max-video-preview:-1\" \/>\n<link rel=\"canonical\" href=\"https:\/\/paperandkraft.com\/shop\/produit\/faire-part-naissance-renard-garcon\/\" \/>\n<meta property=\"og:locale\" content=\"fr_FR\" \/>\n<meta property=\"og:type\" content=\"article\" \/>\n<meta property=\"og:title\" content=\"Gaspard\" \/>\n<meta property=\"og:url\" content=\"https:\/\/paperandkraft.com\/shop\/produit\/faire-part-naissance-renard-garcon\/\" \/>\n<meta property=\"og:site_name\" content=\"PaperAndKraft\" \/>\n<meta property=\"article:publisher\" content=\"https:\/\/www.facebook.com\/paperandkraft\" \/>\n<meta property=\"article:modified_time\" content=\"2022-06-08T11:34:18+00:00\" \/>\n<meta property=\"og:image\" content=\"https:\/\/paperandkraft.com\/shop\/wp-content\/uploads\/2021\/06\/faire-part-de-naissance-GAspard.jpg\" \/>\n\t<meta property=\"og:image:width\" content=\"800\" \/>\n\t<meta property=\"og:image:height\" content=\"800\" \/>\n\t<meta property=\"og:image:type\" content=\"image\/jpeg\" \/>\n<meta name=\"twitter:card\" content=\"summary_large_image\" \/>\n<meta name=\"twitter:label1\" content=\"Prix\" \/>\n\t<meta name=\"twitter:data1\" content=\"4.00&euro;\" \/>\n\t<meta name=\"twitter:label2\" content=\"Disponibilit\u00e9\" \/>\n\t<meta name=\"twitter:data2\" content=\"En stock\" \/>\n<meta property=\"product:price:amount\" content=\"4.00\" \/>\n<meta property=\"product:price:currency\" content=\"EUR\" \/>\n<meta property=\"og:availability\" content=\"instock\" \/>\n<meta property=\"product:availability\" content=\"instock\" \/>\n<meta property=\"product:condition\" content=\"new\" \/>\n<!-- \/ Yoast SEO Premium plugin. -->","yoast_head_json":{"title":"faire-part naissance original renard gar\u00e7on - Paperandkraft","description":"Le petit renard est dans la place ! Annoncer la bonne nouvelle avec ce joli faire-part de naissance original th\u00e8me renard en papier recycl\u00e9.","robots":{"index":"index","follow":"follow","max-snippet":"max-snippet:-1","max-image-preview":"max-image-preview:large","max-video-preview":"max-video-preview:-1"},"canonical":"https:\/\/paperandkraft.com\/shop\/produit\/faire-part-naissance-renard-garcon\/","og_locale":"fr_FR","og_type":"article","og_title":"Gaspard","og_url":"https:\/\/paperandkraft.com\/shop\/produit\/faire-part-naissance-renard-garcon\/","og_site_name":"PaperAndKraft","article_publisher":"https:\/\/www.facebook.com\/paperandkraft","article_modified_time":"2022-06-08T11:34:18+00:00","og_image":[{"width":800,"height":800,"url":"https:\/\/paperandkraft.com\/shop\/wp-content\/uploads\/2021\/06\/faire-part-de-naissance-GAspard.jpg","type":"image\/jpeg"}],"twitter_card":"summary_large_image","twitter_misc":{"Prix":"4.00&euro;","Disponibilit\u00e9":"En stock"},"schema":{"@context":"https:\/\/schema.org","@graph":[{"@type":"WebPage","@id":"https:\/\/paperandkraft.com\/shop\/produit\/faire-part-naissance-renard-garcon\/","url":"https:\/\/paperandkraft.com\/shop\/produit\/faire-part-naissance-renard-garcon\/","name":"faire-part naissance original renard gar\u00e7on - Paperandkraft","isPartOf":{"@id":"https:\/\/paperandkraft.com\/shop\/#website"},"primaryImageOfPage":{"@id":"https:\/\/paperandkraft.com\/shop\/produit\/faire-part-naissance-renard-garcon\/#primaryimage"},"image":{"@id":"https:\/\/paperandkraft.com\/shop\/produit\/faire-part-naissance-renard-garcon\/#primaryimage"},"thumbnailUrl":"https:\/\/paperandkraft.com\/shop\/wp-content\/uploads\/2021\/06\/faire-part-de-naissance-GAspard.jpg","datePublished":"2021-06-15T14:52:04+00:00","dateModified":"2022-06-08T11:34:18+00:00","description":"Le petit renard est dans la place ! Annoncer la bonne nouvelle avec ce joli faire-part de naissance original th\u00e8me renard en papier recycl\u00e9.","breadcrumb":{"@id":"https:\/\/paperandkraft.com\/shop\/produit\/faire-part-naissance-renard-garcon\/#breadcrumb"},"inLanguage":"fr-FR","potentialAction":[{"@type":"ReadAction","target":["https:\/\/paperandkraft.com\/shop\/produit\/faire-part-naissance-renard-garcon\/"]}]},{"@type":"ImageObject","inLanguage":"fr-FR","@id":"https:\/\/paperandkraft.com\/shop\/produit\/faire-part-naissance-renard-garcon\/#primaryimage","url":"https:\/\/paperandkraft.com\/shop\/wp-content\/uploads\/2021\/06\/faire-part-de-naissance-GAspard.jpg","contentUrl":"https:\/\/paperandkraft.com\/shop\/wp-content\/uploads\/2021\/06\/faire-part-de-naissance-GAspard.jpg","width":800,"height":800,"caption":"faire-part naissance renard garcon"},{"@type":"BreadcrumbList","@id":"https:\/\/paperandkraft.com\/shop\/produit\/faire-part-naissance-renard-garcon\/#breadcrumb","itemListElement":[{"@type":"ListItem","position":1,"name":"Accueil","item":"https:\/\/paperandkraft.com\/shop\/"},{"@type":"ListItem","position":2,"name":"Boutique","item":"https:\/\/paperandkraft.com\/shop\/boutique\/"},{"@type":"ListItem","position":3,"name":"Gaspard"}]},{"@type":"WebSite","@id":"https:\/\/paperandkraft.com\/shop\/#website","url":"https:\/\/paperandkraft.com\/shop\/","name":"PaperAndKraft","description":"Faire-part de mariage et naissance en papier recycl\u00e9","publisher":{"@id":"https:\/\/paperandkraft.com\/shop\/#organization"},"potentialAction":[{"@type":"SearchAction","target":{"@type":"EntryPoint","urlTemplate":"https:\/\/paperandkraft.com\/shop\/?s={search_term_string}"},"query-input":{"@type":"PropertyValueSpecification","valueRequired":true,"valueName":"search_term_string"}}],"inLanguage":"fr-FR"},{"@type":"Organization","@id":"https:\/\/paperandkraft.com\/shop\/#organization","name":"Paper And Kraft : Faire-Part","url":"https:\/\/paperandkraft.com\/shop\/","logo":{"@type":"ImageObject","inLanguage":"fr-FR","@id":"https:\/\/paperandkraft.com\/shop\/#\/schema\/logo\/image\/","url":"https:\/\/paperandkraft.com\/shop\/wp-content\/uploads\/2020\/03\/logo-2020-noir-1.png","contentUrl":"https:\/\/paperandkraft.com\/shop\/wp-content\/uploads\/2020\/03\/logo-2020-noir-1.png","width":350,"height":76,"caption":"Paper And Kraft : Faire-Part"},"image":{"@id":"https:\/\/paperandkraft.com\/shop\/#\/schema\/logo\/image\/"},"sameAs":["https:\/\/www.facebook.com\/paperandkraft","https:\/\/www.instagram.com\/paper_and_kraft\/","https:\/\/www.pinterest.fr\/paperandkraft\/"]}]},"product_price_amount":"4.00","product_price_currency":"EUR","og_availability":"instock","product_availability":"instock","product_condition":"new"},"_links":{"self":[{"href":"https:\/\/paperandkraft.com\/shop\/wp-json\/wp\/v2\/product\/19592","targetHints":{"allow":["GET"]}}],"collection":[{"href":"https:\/\/paperandkraft.com\/shop\/wp-json\/wp\/v2\/product"}],"about":[{"href":"https:\/\/paperandkraft.com\/shop\/wp-json\/wp\/v2\/types\/product"}],"replies":[{"embeddable":true,"href":"https:\/\/paperandkraft.com\/shop\/wp-json\/wp\/v2\/comments?post=19592"}],"wp:featuredmedia":[{"embeddable":true,"href":"https:\/\/paperandkraft.com\/shop\/wp-json\/wp\/v2\/media\/19593"}],"wp:attachment":[{"href":"https:\/\/paperandkraft.com\/shop\/wp-json\/wp\/v2\/media?parent=19592"}],"wp:term":[{"taxonomy":"product_brand","embeddable":true,"href":"https:\/\/paperandkraft.com\/shop\/wp-json\/wp\/v2\/product_brand?post=19592"},{"taxonomy":"product_cat","embeddable":true,"href":"https:\/\/paperandkraft.com\/shop\/wp-json\/wp\/v2\/product_cat?post=19592"},{"taxonomy":"product_tag","embeddable":true,"href":"https:\/\/paperandkraft.com\/shop\/wp-json\/wp\/v2\/product_tag?post=19592"}],"curies":[{"name":"wp","href":"https:\/\/api.w.org\/{rel}","templated":true}]}}