{"id":19581,"date":"2021-06-14T16:17:04","date_gmt":"2021-06-14T16:17:04","guid":{"rendered":"https:\/\/paperandkraft.com\/shop\/?post_type=product&#038;p=19581"},"modified":"2024-01-04T19:45:53","modified_gmt":"2024-01-04T18:45:53","slug":"faire-part-naissance-petit-lapin","status":"publish","type":"product","link":"https:\/\/paperandkraft.com\/shop\/produit\/faire-part-naissance-petit-lapin\/","title":{"rendered":"Faire-part naissance Mathilde"},"content":{"rendered":"<div class=\"su-youtube su-u-responsive-media-yes\"><iframe loading=\"lazy\" width=\"600\" height=\"400\" src=\"https:\/\/www.youtube.com\/embed\/PB2FczUC43E?autohide=2&amp;autoplay=1&amp;mute=1&amp;controls=1&amp;fs=1&amp;loop=1&amp;modestbranding=0&amp;playlist=PB2FczUC43E&amp;rel=0&amp;showinfo=1&amp;theme=dark&amp;wmode=&amp;playsinline=0\" frameborder=\"0\" allowfullscreen allow=\"autoplay; encrypted-media; picture-in-picture\" title=\"\"><\/iframe><\/div>\n<p>Joli faire part de naissance avec un joli lapin tout doux qui donne envie de caresser. La tendresse des couleurs de ce petit lapin \u00e9voque les doux c\u00e2lins \u00e0 votre nouveau n\u00e9. Ainsi les couleurs de ce faire-part de naissance Lapin mettront en valeur les photos de votre petit bout. Avec ses 4 pages ce faire-part de naissance en papier recycl\u00e9 th\u00e8me lapin annoncera avec douceur et \u00e9motion la naissance de votre petite fille ou de votre petit gar\u00e7on.<\/p>\n<p>&nbsp;<\/p>\n","protected":false},"excerpt":{"rendered":"<p style=\"text-align: center;\"><a href=\"https:\/\/paperandkraft.com\/shop\/votre-maquette-naissance-gratuite-2\/?nom_du_modele=Mathilde\" target=\"blank\" class=\"button primary is-primary is-xx-large expand hide-for-small\" >\n\t\t<span>Je pr\u00e9f\u00e8re que Paper&amp;Kraft me fasse la maquette<\/span>\n\t<\/a>\n\n<p style=\"text-align: center;\">\n","protected":false},"featured_media":19582,"comment_status":"open","ping_status":"closed","template":"","meta":{"_acf_changed":false,"inline_featured_image":false},"product_brand":[],"product_cat":[223,222,225,172,66,70,67,194,110],"product_tag":[],"class_list":{"0":"post-19581","1":"product","2":"type-product","3":"status-publish","4":"has-post-thumbnail","6":"product_cat-annonce-naissance","7":"product_cat-carte-de-naissance","8":"product_cat-faire-part-naissance-mixte","9":"product_cat-faire-part-naissance-animaux","10":"product_cat-faire-part-naissance-garcon","11":"product_cat-faire-part-kids","12":"product_cat-faire-part-naissance-fille","13":"product_cat-faire-part-naissance-nature","14":"product_cat-faire-part-naissance-original","16":"first","17":"instock","18":"featured","19":"taxable","20":"shipping-taxable","21":"purchasable","22":"product-type-simple"},"acf":[],"yoast_head":"<!-- This site is optimized with the Yoast SEO Premium plugin v24.6 (Yoast SEO v27.4) - https:\/\/yoast.com\/product\/yoast-seo-premium-wordpress\/ -->\n<title>Faire-part naissance petit lapin tout doux - Paperandkraft<\/title>\n<meta name=\"description\" content=\"Annoncez la bonne nouvelle \u00e0 vos proches et \u00e0 vos amis avec ce craquant petit lapin personnalisable. Tout doux pour plus de tendresse.\" \/>\n<meta name=\"robots\" content=\"index, follow, max-snippet:-1, max-image-preview:large, max-video-preview:-1\" \/>\n<link rel=\"canonical\" href=\"https:\/\/paperandkraft.com\/shop\/produit\/faire-part-naissance-petit-lapin\/\" \/>\n<meta property=\"og:locale\" content=\"fr_FR\" \/>\n<meta property=\"og:type\" content=\"article\" \/>\n<meta property=\"og:title\" content=\"Faire-part naissance Mathilde\" \/>\n<meta property=\"og:url\" content=\"https:\/\/paperandkraft.com\/shop\/produit\/faire-part-naissance-petit-lapin\/\" \/>\n<meta property=\"og:site_name\" content=\"PaperAndKraft\" \/>\n<meta property=\"article:publisher\" content=\"https:\/\/www.facebook.com\/paperandkraft\" \/>\n<meta property=\"article:modified_time\" content=\"2024-01-04T18:45:53+00:00\" \/>\n<meta property=\"og:image\" content=\"https:\/\/paperandkraft.com\/shop\/wp-content\/uploads\/2021\/06\/faire-part-de-naissance-Mathilde.jpg\" \/>\n\t<meta property=\"og:image:width\" content=\"800\" \/>\n\t<meta property=\"og:image:height\" content=\"800\" \/>\n\t<meta property=\"og:image:type\" content=\"image\/jpeg\" \/>\n<meta name=\"twitter:card\" content=\"summary_large_image\" \/>\n<meta name=\"twitter:label1\" content=\"Prix\" \/>\n\t<meta name=\"twitter:data1\" content=\"4.00&euro;\" \/>\n\t<meta name=\"twitter:label2\" content=\"Disponibilit\u00e9\" \/>\n\t<meta name=\"twitter:data2\" content=\"En stock\" \/>\n<meta property=\"product:price:amount\" content=\"4.00\" \/>\n<meta property=\"product:price:currency\" content=\"EUR\" \/>\n<meta property=\"og:availability\" content=\"instock\" \/>\n<meta property=\"product:availability\" content=\"instock\" \/>\n<meta property=\"product:condition\" content=\"new\" \/>\n<!-- \/ Yoast SEO Premium plugin. -->","yoast_head_json":{"title":"Faire-part naissance petit lapin tout doux - Paperandkraft","description":"Annoncez la bonne nouvelle \u00e0 vos proches et \u00e0 vos amis avec ce craquant petit lapin personnalisable. Tout doux pour plus de tendresse.","robots":{"index":"index","follow":"follow","max-snippet":"max-snippet:-1","max-image-preview":"max-image-preview:large","max-video-preview":"max-video-preview:-1"},"canonical":"https:\/\/paperandkraft.com\/shop\/produit\/faire-part-naissance-petit-lapin\/","og_locale":"fr_FR","og_type":"article","og_title":"Faire-part naissance Mathilde","og_url":"https:\/\/paperandkraft.com\/shop\/produit\/faire-part-naissance-petit-lapin\/","og_site_name":"PaperAndKraft","article_publisher":"https:\/\/www.facebook.com\/paperandkraft","article_modified_time":"2024-01-04T18:45:53+00:00","og_image":[{"width":800,"height":800,"url":"https:\/\/paperandkraft.com\/shop\/wp-content\/uploads\/2021\/06\/faire-part-de-naissance-Mathilde.jpg","type":"image\/jpeg"}],"twitter_card":"summary_large_image","twitter_misc":{"Prix":"4.00&euro;","Disponibilit\u00e9":"En stock"},"schema":{"@context":"https:\/\/schema.org","@graph":[{"@type":"WebPage","@id":"https:\/\/paperandkraft.com\/shop\/produit\/faire-part-naissance-petit-lapin\/","url":"https:\/\/paperandkraft.com\/shop\/produit\/faire-part-naissance-petit-lapin\/","name":"Faire-part naissance petit lapin tout doux - Paperandkraft","isPartOf":{"@id":"https:\/\/paperandkraft.com\/shop\/#website"},"primaryImageOfPage":{"@id":"https:\/\/paperandkraft.com\/shop\/produit\/faire-part-naissance-petit-lapin\/#primaryimage"},"image":{"@id":"https:\/\/paperandkraft.com\/shop\/produit\/faire-part-naissance-petit-lapin\/#primaryimage"},"thumbnailUrl":"https:\/\/paperandkraft.com\/shop\/wp-content\/uploads\/2021\/06\/faire-part-de-naissance-Mathilde.jpg","datePublished":"2021-06-14T16:17:04+00:00","dateModified":"2024-01-04T18:45:53+00:00","description":"Annoncez la bonne nouvelle \u00e0 vos proches et \u00e0 vos amis avec ce craquant petit lapin personnalisable. Tout doux pour plus de tendresse.","breadcrumb":{"@id":"https:\/\/paperandkraft.com\/shop\/produit\/faire-part-naissance-petit-lapin\/#breadcrumb"},"inLanguage":"fr-FR","potentialAction":[{"@type":"ReadAction","target":["https:\/\/paperandkraft.com\/shop\/produit\/faire-part-naissance-petit-lapin\/"]}]},{"@type":"ImageObject","inLanguage":"fr-FR","@id":"https:\/\/paperandkraft.com\/shop\/produit\/faire-part-naissance-petit-lapin\/#primaryimage","url":"https:\/\/paperandkraft.com\/shop\/wp-content\/uploads\/2021\/06\/faire-part-de-naissance-Mathilde.jpg","contentUrl":"https:\/\/paperandkraft.com\/shop\/wp-content\/uploads\/2021\/06\/faire-part-de-naissance-Mathilde.jpg","width":800,"height":800,"caption":"faire-part de naissance petit lapin"},{"@type":"BreadcrumbList","@id":"https:\/\/paperandkraft.com\/shop\/produit\/faire-part-naissance-petit-lapin\/#breadcrumb","itemListElement":[{"@type":"ListItem","position":1,"name":"Accueil","item":"https:\/\/paperandkraft.com\/shop\/"},{"@type":"ListItem","position":2,"name":"Boutique","item":"https:\/\/paperandkraft.com\/shop\/boutique\/"},{"@type":"ListItem","position":3,"name":"Faire-part naissance Mathilde"}]},{"@type":"WebSite","@id":"https:\/\/paperandkraft.com\/shop\/#website","url":"https:\/\/paperandkraft.com\/shop\/","name":"PaperAndKraft","description":"Faire-part de mariage et naissance en papier recycl\u00e9","publisher":{"@id":"https:\/\/paperandkraft.com\/shop\/#organization"},"potentialAction":[{"@type":"SearchAction","target":{"@type":"EntryPoint","urlTemplate":"https:\/\/paperandkraft.com\/shop\/?s={search_term_string}"},"query-input":{"@type":"PropertyValueSpecification","valueRequired":true,"valueName":"search_term_string"}}],"inLanguage":"fr-FR"},{"@type":"Organization","@id":"https:\/\/paperandkraft.com\/shop\/#organization","name":"Paper And Kraft : Faire-Part","url":"https:\/\/paperandkraft.com\/shop\/","logo":{"@type":"ImageObject","inLanguage":"fr-FR","@id":"https:\/\/paperandkraft.com\/shop\/#\/schema\/logo\/image\/","url":"https:\/\/paperandkraft.com\/shop\/wp-content\/uploads\/2020\/03\/logo-2020-noir-1.png","contentUrl":"https:\/\/paperandkraft.com\/shop\/wp-content\/uploads\/2020\/03\/logo-2020-noir-1.png","width":350,"height":76,"caption":"Paper And Kraft : Faire-Part"},"image":{"@id":"https:\/\/paperandkraft.com\/shop\/#\/schema\/logo\/image\/"},"sameAs":["https:\/\/www.facebook.com\/paperandkraft","https:\/\/www.instagram.com\/paper_and_kraft\/","https:\/\/www.pinterest.fr\/paperandkraft\/"]}]},"product_price_amount":"4.00","product_price_currency":"EUR","og_availability":"instock","product_availability":"instock","product_condition":"new"},"_links":{"self":[{"href":"https:\/\/paperandkraft.com\/shop\/wp-json\/wp\/v2\/product\/19581","targetHints":{"allow":["GET"]}}],"collection":[{"href":"https:\/\/paperandkraft.com\/shop\/wp-json\/wp\/v2\/product"}],"about":[{"href":"https:\/\/paperandkraft.com\/shop\/wp-json\/wp\/v2\/types\/product"}],"replies":[{"embeddable":true,"href":"https:\/\/paperandkraft.com\/shop\/wp-json\/wp\/v2\/comments?post=19581"}],"wp:featuredmedia":[{"embeddable":true,"href":"https:\/\/paperandkraft.com\/shop\/wp-json\/wp\/v2\/media\/19582"}],"wp:attachment":[{"href":"https:\/\/paperandkraft.com\/shop\/wp-json\/wp\/v2\/media?parent=19581"}],"wp:term":[{"taxonomy":"product_brand","embeddable":true,"href":"https:\/\/paperandkraft.com\/shop\/wp-json\/wp\/v2\/product_brand?post=19581"},{"taxonomy":"product_cat","embeddable":true,"href":"https:\/\/paperandkraft.com\/shop\/wp-json\/wp\/v2\/product_cat?post=19581"},{"taxonomy":"product_tag","embeddable":true,"href":"https:\/\/paperandkraft.com\/shop\/wp-json\/wp\/v2\/product_tag?post=19581"}],"curies":[{"name":"wp","href":"https:\/\/api.w.org\/{rel}","templated":true}]}}