{"id":178,"date":"2015-09-21T12:16:22","date_gmt":"2015-09-21T12:16:22","guid":{"rendered":"http:\/\/paperandkraft.com\/shop\/?product=dolce-vita"},"modified":"2024-05-15T20:45:32","modified_gmt":"2024-05-15T19:45:32","slug":"faire-part-mariage-kraft-dolce-vita","status":"publish","type":"product","link":"https:\/\/paperandkraft.com\/shop\/produit\/faire-part-mariage-kraft-dolce-vita\/","title":{"rendered":"Faire-part mariage Dolce Vita"},"content":{"rendered":"<h4><strong>Vous avez des racines italiennes, et votre th\u00e9matique de mariage vous transportera en Sicile ?<\/strong><\/h4>\n<p>Mamamia\u00a0! Votre th\u00e8me de mariage vous propulsera sur les rives du Tibre, au milieu du colis\u00e9e ou dans la baie de Naples\u00a0? On a tous en nous quelque chose de m\u00e9diterran\u00e9en, nous ne pouvions donc passer \u00e0 c\u00f4t\u00e9 d\u2019un th\u00e8me mariage sur l\u2019Italie avec son patrimoine artistique et architectural riche de plusieurs si\u00e8cles\u00a0!<\/p>\n<h4><strong>Avez-vous envie de faire un mariage sous le th\u00e8me de l\u2019Italie\u00a0?<\/strong><\/h4>\n<p>En \u00e9tant conscients de l\u2019importance du mariage, et l\u2019amour que vous voulez partager, <strong>nous avons con\u00e7u le mod\u00e8le Dolce Vita pour \u00e9pater vos invit\u00e9s<\/strong>. Mais outre les monuments l\u2019autre h\u00e9ritage que nous laisse le pays en forme de botte est bien s\u00fbr le c\u00e9l\u00e8bre scooter Vespa et aussi l\u2019incontournable Fiat 500 ou \u00ab pot de yaourt \u00bb. C\u2019est pourquoi nous avons imagin\u00e9 un faire-part unique autour de ces 2 ic\u00f4nes italiennes ! Ainsi sur la couverture en papier kraft c\u2019est le scooter qui est \u00e0 l\u2019honneur et pour illustrer l\u2019annonce que vous aurez compos\u00e9e pour l\u2019occasion sur les 2 feuillets \u00e0 votre disposition nous avons choisi des dessins de fiat 500. Si votre mariage <strong>adoptera le th\u00e8me du pays du romantisme qu\u2019est l\u2019Italie<\/strong>, Dolce Vita est certainement le faire-part qui conviendra au mieux \u00e0 vos attentes<strong>.<\/strong> Nous pouvons ajouter des pages suppl\u00e9mentaires \u00e0 la demande puisque comme les mariages ne sont pas tous les m\u00eames, nous vous donnons carte blanche. Paper and Kraft ne fait pas que concevoir vos faire-part, il vous accompagne jusqu\u2019\u00e0 la fin de l\u2019\u00e9v\u00e9nement.<\/p>\n<h4>Un mariage tel une musique italienne mais \u00e9coresponsable !<\/h4>\n<p>Si l\u2019existence d\u2019une r\u00e9elle complicit\u00e9 vous incite \u00e0 passer au mariage, faites en sorte que cet \u00e9v\u00e9nement soit le meilleur de votre vie. Pour ce fait, <strong>nous allons vous assister dans la confection d\u2019un faire-part unique<\/strong>.<\/p>\n<p><strong>Nous confectionnons nos faire-part \u00e0 partir de papiers 100% recycl\u00e9s<\/strong>. <strong>Si vous voulez vous inscrire dans une d\u00e9marche \u00e9coresponsable et prot\u00e9ger les arbres,<\/strong> commandez vos faire-part de mariage th\u00e8me Italie chez Paper and Kraft et d\u00e9couvrez la douceur du papier Kraft. Toujours h\u00e9sitant\u00a0? Faites l\u2019exp\u00e9rience par vous-m\u00eame.<\/p>\n","protected":false},"excerpt":{"rendered":"<p style=\"text-align: center;\"><a href=\"https:\/\/paperandkraft.com\/shop\/votre-maquette-mariage-gratuite\/?nom_du_modele=Dolce%20Vita\" target=\"blank\" class=\"button primary is-primary is-xx-large expand\" >\n\t\t<span>faites moi ma maquette<\/span>\n\t<\/a>\n\n","protected":false},"featured_media":21068,"comment_status":"open","ping_status":"closed","template":"","meta":{"_acf_changed":false,"inline_featured_image":false},"product_brand":[],"product_cat":[230,227,26,15,16],"product_tag":[],"class_list":{"0":"post-178","1":"product","2":"type-product","3":"status-publish","4":"has-post-thumbnail","6":"product_cat-faire-part-creatif-mariage","7":"product_cat-faire-part-mariage-boheme","8":"product_cat-faire-part-mariage-kraft","9":"product_cat-faire-part-mariage-theme-voyage","10":"product_cat-faire-part-mariage-theme-vintage","12":"first","13":"instock","14":"taxable","15":"shipping-taxable","16":"purchasable","17":"product-type-simple"},"acf":[],"yoast_head":"<!-- This site is optimized with the Yoast SEO Premium plugin v24.6 (Yoast SEO v27.4) - https:\/\/yoast.com\/product\/yoast-seo-premium-wordpress\/ -->\n<title>Faire-part mariage Dolce Vita th\u00e8me Italie - Paperandkraft<\/title>\n<meta name=\"description\" content=\"Magnifique faire-part de mariage en papier recycl\u00e9 sur le th\u00e8me de l&#039;Italie, et des scooters, ou vielles vespa et fiat 500\" \/>\n<meta name=\"robots\" content=\"index, follow, max-snippet:-1, max-image-preview:large, max-video-preview:-1\" \/>\n<link rel=\"canonical\" href=\"https:\/\/paperandkraft.com\/shop\/produit\/faire-part-mariage-kraft-dolce-vita\/\" \/>\n<meta property=\"og:locale\" content=\"fr_FR\" \/>\n<meta property=\"og:type\" content=\"article\" \/>\n<meta property=\"og:title\" content=\"Faire-part mariage Dolce Vita\" \/>\n<meta property=\"og:url\" content=\"https:\/\/paperandkraft.com\/shop\/produit\/faire-part-mariage-kraft-dolce-vita\/\" \/>\n<meta property=\"og:site_name\" content=\"PaperAndKraft\" \/>\n<meta property=\"article:publisher\" content=\"https:\/\/www.facebook.com\/paperandkraft\" \/>\n<meta property=\"article:modified_time\" content=\"2024-05-15T19:45:32+00:00\" \/>\n<meta property=\"og:image\" content=\"https:\/\/paperandkraft.com\/shop\/wp-content\/uploads\/2015\/09\/faire-part-mariage-theme-italie-en-papier-recycle\u0301.jpg\" \/>\n\t<meta property=\"og:image:width\" content=\"1200\" \/>\n\t<meta property=\"og:image:height\" content=\"1219\" \/>\n\t<meta property=\"og:image:type\" content=\"image\/jpeg\" \/>\n<meta name=\"twitter:card\" content=\"summary_large_image\" \/>\n<meta name=\"twitter:label1\" content=\"Prix\" \/>\n\t<meta name=\"twitter:data1\" content=\"6.00&euro;\" \/>\n\t<meta name=\"twitter:label2\" content=\"Disponibilit\u00e9\" \/>\n\t<meta name=\"twitter:data2\" content=\"En stock\" \/>\n<meta property=\"product:price:amount\" content=\"6.00\" \/>\n<meta property=\"product:price:currency\" content=\"EUR\" \/>\n<meta property=\"og:availability\" content=\"instock\" \/>\n<meta property=\"product:availability\" content=\"instock\" \/>\n<meta property=\"product:condition\" content=\"new\" \/>\n<!-- \/ Yoast SEO Premium plugin. -->","yoast_head_json":{"title":"Faire-part mariage Dolce Vita th\u00e8me Italie - Paperandkraft","description":"Magnifique faire-part de mariage en papier recycl\u00e9 sur le th\u00e8me de l'Italie, et des scooters, ou vielles vespa et fiat 500","robots":{"index":"index","follow":"follow","max-snippet":"max-snippet:-1","max-image-preview":"max-image-preview:large","max-video-preview":"max-video-preview:-1"},"canonical":"https:\/\/paperandkraft.com\/shop\/produit\/faire-part-mariage-kraft-dolce-vita\/","og_locale":"fr_FR","og_type":"article","og_title":"Faire-part mariage Dolce Vita","og_url":"https:\/\/paperandkraft.com\/shop\/produit\/faire-part-mariage-kraft-dolce-vita\/","og_site_name":"PaperAndKraft","article_publisher":"https:\/\/www.facebook.com\/paperandkraft","article_modified_time":"2024-05-15T19:45:32+00:00","og_image":[{"width":1200,"height":1219,"url":"https:\/\/paperandkraft.com\/shop\/wp-content\/uploads\/2015\/09\/faire-part-mariage-theme-italie-en-papier-recycle\u0301.jpg","type":"image\/jpeg"}],"twitter_card":"summary_large_image","twitter_misc":{"Prix":"6.00&euro;","Disponibilit\u00e9":"En stock"},"schema":{"@context":"https:\/\/schema.org","@graph":[{"@type":"WebPage","@id":"https:\/\/paperandkraft.com\/shop\/produit\/faire-part-mariage-kraft-dolce-vita\/","url":"https:\/\/paperandkraft.com\/shop\/produit\/faire-part-mariage-kraft-dolce-vita\/","name":"Faire-part mariage Dolce Vita th\u00e8me Italie - Paperandkraft","isPartOf":{"@id":"https:\/\/paperandkraft.com\/shop\/#website"},"primaryImageOfPage":{"@id":"https:\/\/paperandkraft.com\/shop\/produit\/faire-part-mariage-kraft-dolce-vita\/#primaryimage"},"image":{"@id":"https:\/\/paperandkraft.com\/shop\/produit\/faire-part-mariage-kraft-dolce-vita\/#primaryimage"},"thumbnailUrl":"https:\/\/paperandkraft.com\/shop\/wp-content\/uploads\/2015\/09\/faire-part-mariage-theme-italie-en-papier-recycle\u0301.jpg","datePublished":"2015-09-21T12:16:22+00:00","dateModified":"2024-05-15T19:45:32+00:00","description":"Magnifique faire-part de mariage en papier recycl\u00e9 sur le th\u00e8me de l'Italie, et des scooters, ou vielles vespa et fiat 500","breadcrumb":{"@id":"https:\/\/paperandkraft.com\/shop\/produit\/faire-part-mariage-kraft-dolce-vita\/#breadcrumb"},"inLanguage":"fr-FR","potentialAction":[{"@type":"ReadAction","target":["https:\/\/paperandkraft.com\/shop\/produit\/faire-part-mariage-kraft-dolce-vita\/"]}]},{"@type":"ImageObject","inLanguage":"fr-FR","@id":"https:\/\/paperandkraft.com\/shop\/produit\/faire-part-mariage-kraft-dolce-vita\/#primaryimage","url":"https:\/\/paperandkraft.com\/shop\/wp-content\/uploads\/2015\/09\/faire-part-mariage-theme-italie-en-papier-recycle\u0301.jpg","contentUrl":"https:\/\/paperandkraft.com\/shop\/wp-content\/uploads\/2015\/09\/faire-part-mariage-theme-italie-en-papier-recycle\u0301.jpg","width":1200,"height":1219,"caption":"faire-part de mariage theme italie"},{"@type":"BreadcrumbList","@id":"https:\/\/paperandkraft.com\/shop\/produit\/faire-part-mariage-kraft-dolce-vita\/#breadcrumb","itemListElement":[{"@type":"ListItem","position":1,"name":"Accueil","item":"https:\/\/paperandkraft.com\/shop\/"},{"@type":"ListItem","position":2,"name":"Boutique","item":"https:\/\/paperandkraft.com\/shop\/boutique\/"},{"@type":"ListItem","position":3,"name":"Faire-part mariage Dolce Vita"}]},{"@type":"WebSite","@id":"https:\/\/paperandkraft.com\/shop\/#website","url":"https:\/\/paperandkraft.com\/shop\/","name":"PaperAndKraft","description":"Faire-part de mariage et naissance en papier recycl\u00e9","publisher":{"@id":"https:\/\/paperandkraft.com\/shop\/#organization"},"potentialAction":[{"@type":"SearchAction","target":{"@type":"EntryPoint","urlTemplate":"https:\/\/paperandkraft.com\/shop\/?s={search_term_string}"},"query-input":{"@type":"PropertyValueSpecification","valueRequired":true,"valueName":"search_term_string"}}],"inLanguage":"fr-FR"},{"@type":"Organization","@id":"https:\/\/paperandkraft.com\/shop\/#organization","name":"Paper And Kraft : Faire-Part","url":"https:\/\/paperandkraft.com\/shop\/","logo":{"@type":"ImageObject","inLanguage":"fr-FR","@id":"https:\/\/paperandkraft.com\/shop\/#\/schema\/logo\/image\/","url":"https:\/\/paperandkraft.com\/shop\/wp-content\/uploads\/2020\/03\/logo-2020-noir-1.png","contentUrl":"https:\/\/paperandkraft.com\/shop\/wp-content\/uploads\/2020\/03\/logo-2020-noir-1.png","width":350,"height":76,"caption":"Paper And Kraft : Faire-Part"},"image":{"@id":"https:\/\/paperandkraft.com\/shop\/#\/schema\/logo\/image\/"},"sameAs":["https:\/\/www.facebook.com\/paperandkraft","https:\/\/www.instagram.com\/paper_and_kraft\/","https:\/\/www.pinterest.fr\/paperandkraft\/"]}]},"product_price_amount":"6.00","product_price_currency":"EUR","og_availability":"instock","product_availability":"instock","product_condition":"new"},"_links":{"self":[{"href":"https:\/\/paperandkraft.com\/shop\/wp-json\/wp\/v2\/product\/178","targetHints":{"allow":["GET"]}}],"collection":[{"href":"https:\/\/paperandkraft.com\/shop\/wp-json\/wp\/v2\/product"}],"about":[{"href":"https:\/\/paperandkraft.com\/shop\/wp-json\/wp\/v2\/types\/product"}],"replies":[{"embeddable":true,"href":"https:\/\/paperandkraft.com\/shop\/wp-json\/wp\/v2\/comments?post=178"}],"wp:featuredmedia":[{"embeddable":true,"href":"https:\/\/paperandkraft.com\/shop\/wp-json\/wp\/v2\/media\/21068"}],"wp:attachment":[{"href":"https:\/\/paperandkraft.com\/shop\/wp-json\/wp\/v2\/media?parent=178"}],"wp:term":[{"taxonomy":"product_brand","embeddable":true,"href":"https:\/\/paperandkraft.com\/shop\/wp-json\/wp\/v2\/product_brand?post=178"},{"taxonomy":"product_cat","embeddable":true,"href":"https:\/\/paperandkraft.com\/shop\/wp-json\/wp\/v2\/product_cat?post=178"},{"taxonomy":"product_tag","embeddable":true,"href":"https:\/\/paperandkraft.com\/shop\/wp-json\/wp\/v2\/product_tag?post=178"}],"curies":[{"name":"wp","href":"https:\/\/api.w.org\/{rel}","templated":true}]}}