{"id":17463,"date":"2020-05-29T11:29:38","date_gmt":"2020-05-29T11:29:38","guid":{"rendered":"https:\/\/paperandkraft.com\/shop\/?post_type=product&#038;p=17463"},"modified":"2022-02-18T08:05:40","modified_gmt":"2022-02-18T08:05:40","slug":"faire-part-mariage-plumes","status":"publish","type":"product","link":"https:\/\/paperandkraft.com\/shop\/produit\/faire-part-mariage-plumes\/","title":{"rendered":"Mariage Plume"},"content":{"rendered":"<h4><strong>Vous en qu\u00eate d\u2019un mod\u00e8le de faire-part unique pour votre mariage<\/strong><\/h4>\n<p>Plus qu\u2019un simple \u00e9v\u00e8nement, <strong>le mariage est une \u00e9tape marquante<\/strong> dans la vie de deux personnes. Les futurs mari\u00e9s ont envie que cette journ\u00e9e soit inoubliable et chaque d\u00e9tail compte, avant, pendant et apr\u00e8s le mariage. <b>Les faire-part en plus de leur fonction d\u2019invitation vont \u00e9clairer vos invit\u00e9s sur le d\u00e9roulement des festivit\u00e9s<\/b>. effectivement, ils donneront un <strong>premier aper\u00e7u du th\u00e8me choisi<\/strong> pour le mariage. Et face \u00e0 la pluralit\u00e9 des faire-part modernes mis en vente actuellement, <strong>l\u2019id\u00e9al est de choisir des faire-part simples, chics et \u00e9l\u00e9gants.<\/strong><\/p>\n<h4><strong>Vous pensez organiser votre mariage dans l&#8217;univers de la douceur<\/strong><\/h4>\n<p>Parce que vous \u00eates Amateurs de nature et de douceur, nous vous pr\u00e9sentons notre <strong>mod\u00e8le Mariage Plume<\/strong>. Chez Paper and Kraft nous vous donnons l\u2019opportunit\u00e9 de cr\u00e9er <strong>le faire-part de mariage parfait entre \u00e9l\u00e9gance et champ\u00eatre.<\/strong>\u00a0Cette p\u00e9tillante invitation d\u00e9voile d\u2019abord une magnifique couverture en papier kraft o\u00f9 plane la douceur des jolies plumes qui donnent le ton du th\u00e8me \u00e0 ce faire-part de mariage mais aussi un charme surann\u00e9 et tr\u00e8s po\u00e9tique. L\u2019annonce que vous pouvez r\u00e9partir sur 2 pages illustr\u00e9es, aura aussi de jolies esquisses de plumes fa\u00e7on gouache et color\u00e9es. Si vous voulez ajouter d\u2019autres options ou si les deux feuillets ne suffisent pas, nous pouvons ajouter des pages suppl\u00e9mentaires. Vous pouvez tout ins\u00e9rer dans votre faire-part. Et, avec l\u2019assistance de vrais professionnels, vous aurez l\u2019occasion de le personnaliser \u00e0 vos go\u00fbts.<\/p>\n<p>Des Plumes de couleurs emport\u00e9es par le vent ornent la couverture en papier kraft de ce magnifique faire-part mariage th\u00e8me douceur et volupt\u00e9. &#8220;Parce que le bonheur se partage&#8221;, c&#8217;est par cette phrase joliment calligraphi\u00e9e que commence votre histoire. Violet, parme, roses, retrouvez cette poign\u00e9e de plumes sur chacun des feuillets internes qui composent ce faire-part et qui vient embellir votre annonce.<\/p>\n<h4><strong>Un mariage th\u00e8me douceur et volupt\u00e9 se doit d\u2019\u00eatre beau mais aussi \u00e9cologique<\/strong><\/h4>\n<p>Puisque le th\u00e8me de votre mariage tourne autour de la nature, Paper and Kraft s\u2019engage \u00e0 vos c\u00f4t\u00e9s en utilisant des <strong>papiers 100% recycl\u00e9s<\/strong>. Ainsi l<strong>a douceur du papier Kraft<\/strong> offre un aspect unique \u00e0 votre faire-part. <strong>La protection de l\u2019environnement et la confection de faire-part d&#8217;excellente qualit\u00e9 <\/strong>sont devenues chose possible aujourd\u2019hui<strong>. Gr\u00e2ce \u00e0 notre savoir-faire et notre d\u00e9marche r\u00e9solument \u00e9coresponsable vous aurez non seulement un faire-part s\u00e9duisant et de plus qui r\u00e9pond \u00e0 vos envies de nature mais aussi d&#8217;\u00e9cologie.<\/strong><\/p>\n","protected":false},"excerpt":{"rendered":"<p style=\"text-align: center;\"><a href=\"https:\/\/paperandkraft.com\/shop\/votre-maquette-mariage-gratuite\/?nom_du_modele=Les%20Plumes%20Kraft\" target=\"blank\" class=\"button secondary is-secondary is-medium hide-for-small\" >\n\t\t<span>Je demande ma maquette gratuite<\/span>\n\t<\/a>\n\n<a href=\"https:\/\/paperandkraft.com\/shop\/votre-maquette-mariage-gratuite\/?nom_du_modele=Les%20Plumes%20Kraft\" target=\"_blank\" class=\"button secondary is-medium expand sticky-footer-button show-for-small\" rel=\"noopener\" >\n\t\t<span>Je demande<br \/>\nma maquette gratuite<\/span>\n\t<\/a>\n\n","protected":false},"featured_media":17464,"comment_status":"open","ping_status":"closed","template":"","meta":{"_acf_changed":false,"inline_featured_image":false},"product_brand":[],"product_cat":[230,227,228,229,14,26],"product_tag":[],"class_list":{"0":"post-17463","1":"product","2":"type-product","3":"status-publish","4":"has-post-thumbnail","6":"product_cat-faire-part-creatif-mariage","7":"product_cat-faire-part-mariage-boheme","8":"product_cat-faire-part-mariage-nature","9":"product_cat-faire-part-mariage-rouge-et-blanc","10":"product_cat-faire-part-mariage-theme-champetre","11":"product_cat-faire-part-mariage-kraft","13":"first","14":"instock","15":"taxable","16":"shipping-taxable","17":"purchasable","18":"product-type-simple"},"acf":[],"yoast_head":"<!-- This site is optimized with the Yoast SEO Premium plugin v24.6 (Yoast SEO v27.4) - https:\/\/yoast.com\/product\/yoast-seo-premium-wordpress\/ -->\n<title>Faire-part de mariage plumes - paperandkraft.com<\/title>\n<meta name=\"description\" content=\"Faire-part mariage \u00e9coresponsable avec ses couleurs chatoyantes et une poign\u00e9e de plumes emport\u00e9es par le vent couvre la couverture en kraft.\" \/>\n<meta name=\"robots\" content=\"index, follow, max-snippet:-1, max-image-preview:large, max-video-preview:-1\" \/>\n<link rel=\"canonical\" href=\"https:\/\/paperandkraft.com\/shop\/produit\/faire-part-mariage-plumes\/\" \/>\n<meta property=\"og:locale\" content=\"fr_FR\" \/>\n<meta property=\"og:type\" content=\"article\" \/>\n<meta property=\"og:title\" content=\"Mariage Plume\" \/>\n<meta property=\"og:url\" content=\"https:\/\/paperandkraft.com\/shop\/produit\/faire-part-mariage-plumes\/\" \/>\n<meta property=\"og:site_name\" content=\"PaperAndKraft\" \/>\n<meta property=\"article:publisher\" content=\"https:\/\/www.facebook.com\/paperandkraft\" \/>\n<meta property=\"article:modified_time\" content=\"2022-02-18T08:05:40+00:00\" \/>\n<meta property=\"og:image\" content=\"https:\/\/paperandkraft.com\/shop\/wp-content\/uploads\/2020\/05\/faire-part-de-mariage-plume.jpg\" \/>\n\t<meta property=\"og:image:width\" content=\"700\" \/>\n\t<meta property=\"og:image:height\" content=\"875\" \/>\n\t<meta property=\"og:image:type\" content=\"image\/jpeg\" \/>\n<meta name=\"twitter:card\" content=\"summary_large_image\" \/>\n<meta name=\"twitter:label1\" content=\"Prix\" \/>\n\t<meta name=\"twitter:data1\" content=\"3.50&euro;\" \/>\n\t<meta name=\"twitter:label2\" content=\"Disponibilit\u00e9\" \/>\n\t<meta name=\"twitter:data2\" content=\"En stock\" \/>\n<meta property=\"product:price:amount\" content=\"3.50\" \/>\n<meta property=\"product:price:currency\" content=\"EUR\" \/>\n<meta property=\"og:availability\" content=\"instock\" \/>\n<meta property=\"product:availability\" content=\"instock\" \/>\n<meta property=\"product:condition\" content=\"new\" \/>\n<!-- \/ Yoast SEO Premium plugin. -->","yoast_head_json":{"title":"Faire-part de mariage plumes - paperandkraft.com","description":"Faire-part mariage \u00e9coresponsable avec ses couleurs chatoyantes et une poign\u00e9e de plumes emport\u00e9es par le vent couvre la couverture en kraft.","robots":{"index":"index","follow":"follow","max-snippet":"max-snippet:-1","max-image-preview":"max-image-preview:large","max-video-preview":"max-video-preview:-1"},"canonical":"https:\/\/paperandkraft.com\/shop\/produit\/faire-part-mariage-plumes\/","og_locale":"fr_FR","og_type":"article","og_title":"Mariage Plume","og_url":"https:\/\/paperandkraft.com\/shop\/produit\/faire-part-mariage-plumes\/","og_site_name":"PaperAndKraft","article_publisher":"https:\/\/www.facebook.com\/paperandkraft","article_modified_time":"2022-02-18T08:05:40+00:00","og_image":[{"width":700,"height":875,"url":"https:\/\/paperandkraft.com\/shop\/wp-content\/uploads\/2020\/05\/faire-part-de-mariage-plume.jpg","type":"image\/jpeg"}],"twitter_card":"summary_large_image","twitter_misc":{"Prix":"3.50&euro;","Disponibilit\u00e9":"En stock"},"schema":{"@context":"https:\/\/schema.org","@graph":[{"@type":"WebPage","@id":"https:\/\/paperandkraft.com\/shop\/produit\/faire-part-mariage-plumes\/","url":"https:\/\/paperandkraft.com\/shop\/produit\/faire-part-mariage-plumes\/","name":"Faire-part de mariage plumes - paperandkraft.com","isPartOf":{"@id":"https:\/\/paperandkraft.com\/shop\/#website"},"primaryImageOfPage":{"@id":"https:\/\/paperandkraft.com\/shop\/produit\/faire-part-mariage-plumes\/#primaryimage"},"image":{"@id":"https:\/\/paperandkraft.com\/shop\/produit\/faire-part-mariage-plumes\/#primaryimage"},"thumbnailUrl":"https:\/\/paperandkraft.com\/shop\/wp-content\/uploads\/2020\/05\/faire-part-de-mariage-plume.jpg","datePublished":"2020-05-29T11:29:38+00:00","dateModified":"2022-02-18T08:05:40+00:00","description":"Faire-part mariage \u00e9coresponsable avec ses couleurs chatoyantes et une poign\u00e9e de plumes emport\u00e9es par le vent couvre la couverture en kraft.","breadcrumb":{"@id":"https:\/\/paperandkraft.com\/shop\/produit\/faire-part-mariage-plumes\/#breadcrumb"},"inLanguage":"fr-FR","potentialAction":[{"@type":"ReadAction","target":["https:\/\/paperandkraft.com\/shop\/produit\/faire-part-mariage-plumes\/"]}]},{"@type":"ImageObject","inLanguage":"fr-FR","@id":"https:\/\/paperandkraft.com\/shop\/produit\/faire-part-mariage-plumes\/#primaryimage","url":"https:\/\/paperandkraft.com\/shop\/wp-content\/uploads\/2020\/05\/faire-part-de-mariage-plume.jpg","contentUrl":"https:\/\/paperandkraft.com\/shop\/wp-content\/uploads\/2020\/05\/faire-part-de-mariage-plume.jpg","width":700,"height":875,"caption":"faire-par tde mariage theme plume"},{"@type":"BreadcrumbList","@id":"https:\/\/paperandkraft.com\/shop\/produit\/faire-part-mariage-plumes\/#breadcrumb","itemListElement":[{"@type":"ListItem","position":1,"name":"Accueil","item":"https:\/\/paperandkraft.com\/shop\/"},{"@type":"ListItem","position":2,"name":"Boutique","item":"https:\/\/paperandkraft.com\/shop\/boutique\/"},{"@type":"ListItem","position":3,"name":"Mariage Plume"}]},{"@type":"WebSite","@id":"https:\/\/paperandkraft.com\/shop\/#website","url":"https:\/\/paperandkraft.com\/shop\/","name":"PaperAndKraft","description":"Faire-part de mariage et naissance en papier recycl\u00e9","publisher":{"@id":"https:\/\/paperandkraft.com\/shop\/#organization"},"potentialAction":[{"@type":"SearchAction","target":{"@type":"EntryPoint","urlTemplate":"https:\/\/paperandkraft.com\/shop\/?s={search_term_string}"},"query-input":{"@type":"PropertyValueSpecification","valueRequired":true,"valueName":"search_term_string"}}],"inLanguage":"fr-FR"},{"@type":"Organization","@id":"https:\/\/paperandkraft.com\/shop\/#organization","name":"Paper And Kraft : Faire-Part","url":"https:\/\/paperandkraft.com\/shop\/","logo":{"@type":"ImageObject","inLanguage":"fr-FR","@id":"https:\/\/paperandkraft.com\/shop\/#\/schema\/logo\/image\/","url":"https:\/\/paperandkraft.com\/shop\/wp-content\/uploads\/2020\/03\/logo-2020-noir-1.png","contentUrl":"https:\/\/paperandkraft.com\/shop\/wp-content\/uploads\/2020\/03\/logo-2020-noir-1.png","width":350,"height":76,"caption":"Paper And Kraft : Faire-Part"},"image":{"@id":"https:\/\/paperandkraft.com\/shop\/#\/schema\/logo\/image\/"},"sameAs":["https:\/\/www.facebook.com\/paperandkraft","https:\/\/www.instagram.com\/paper_and_kraft\/","https:\/\/www.pinterest.fr\/paperandkraft\/"]}]},"product_price_amount":"3.50","product_price_currency":"EUR","og_availability":"instock","product_availability":"instock","product_condition":"new"},"_links":{"self":[{"href":"https:\/\/paperandkraft.com\/shop\/wp-json\/wp\/v2\/product\/17463","targetHints":{"allow":["GET"]}}],"collection":[{"href":"https:\/\/paperandkraft.com\/shop\/wp-json\/wp\/v2\/product"}],"about":[{"href":"https:\/\/paperandkraft.com\/shop\/wp-json\/wp\/v2\/types\/product"}],"replies":[{"embeddable":true,"href":"https:\/\/paperandkraft.com\/shop\/wp-json\/wp\/v2\/comments?post=17463"}],"wp:featuredmedia":[{"embeddable":true,"href":"https:\/\/paperandkraft.com\/shop\/wp-json\/wp\/v2\/media\/17464"}],"wp:attachment":[{"href":"https:\/\/paperandkraft.com\/shop\/wp-json\/wp\/v2\/media?parent=17463"}],"wp:term":[{"taxonomy":"product_brand","embeddable":true,"href":"https:\/\/paperandkraft.com\/shop\/wp-json\/wp\/v2\/product_brand?post=17463"},{"taxonomy":"product_cat","embeddable":true,"href":"https:\/\/paperandkraft.com\/shop\/wp-json\/wp\/v2\/product_cat?post=17463"},{"taxonomy":"product_tag","embeddable":true,"href":"https:\/\/paperandkraft.com\/shop\/wp-json\/wp\/v2\/product_tag?post=17463"}],"curies":[{"name":"wp","href":"https:\/\/api.w.org\/{rel}","templated":true}]}}