{"id":17371,"date":"2020-05-10T09:09:18","date_gmt":"2020-05-10T09:09:18","guid":{"rendered":"https:\/\/paperandkraft.com\/shop\/?post_type=product&#038;p=17371"},"modified":"2022-05-18T01:28:45","modified_gmt":"2022-05-18T01:28:45","slug":"le-padawan","status":"publish","type":"product","link":"https:\/\/paperandkraft.com\/shop\/produit\/le-padawan\/","title":{"rendered":"Le Padawan"},"content":{"rendered":"<p>Parce que la force en lui s&#8217;est r\u00e9veill\u00e9e ce faire-part de naissance en papier recycl\u00e9 sera parfait pour un petit gar\u00e7on.Fan de Star Wars !<\/p>\n","protected":false},"excerpt":{"rendered":"<p style=\"text-align: center;\"><a href=\"https:\/\/paperandkraft.com\/shop\/votre-maquette-naissance-gratuite\/?nom_du_modele=Le%20Padawan\" target=\"blank\" class=\"button primary is-primary\" >\n\t\t<span>Je pref\u00e8re que Paper &amp; Kraft me fasse la maquette<\/span>\n\t<\/a>\n\n","protected":false},"featured_media":17703,"comment_status":"open","ping_status":"closed","template":"","meta":{"_acf_changed":false,"inline_featured_image":false},"product_brand":[],"product_cat":[222,66,63,110],"product_tag":[],"class_list":{"0":"post-17371","1":"product","2":"type-product","3":"status-publish","4":"has-post-thumbnail","6":"product_cat-carte-de-naissance","7":"product_cat-faire-part-naissance-garcon","8":"product_cat-faire-part-little-gaia","9":"product_cat-faire-part-naissance-original","11":"first","12":"instock","13":"taxable","14":"shipping-taxable","15":"purchasable","16":"product-type-simple"},"acf":[],"yoast_head":"<!-- This site is optimized with the Yoast SEO Premium plugin v24.6 (Yoast SEO v27.2) - https:\/\/yoast.com\/product\/yoast-seo-premium-wordpress\/ -->\n<title>Faire-part naissance Padawan, pour petit garcon - Paperandkraft<\/title>\n<meta name=\"description\" content=\"faire-part de naissance inspir\u00e9 de la saga de science Fiction Star Wars\" \/>\n<meta name=\"robots\" content=\"index, follow, max-snippet:-1, max-image-preview:large, max-video-preview:-1\" \/>\n<link rel=\"canonical\" href=\"https:\/\/paperandkraft.com\/shop\/produit\/le-padawan\/\" \/>\n<meta property=\"og:locale\" content=\"fr_FR\" \/>\n<meta property=\"og:type\" content=\"article\" \/>\n<meta property=\"og:title\" content=\"Le Padawan\" \/>\n<meta property=\"og:url\" content=\"https:\/\/paperandkraft.com\/shop\/produit\/le-padawan\/\" \/>\n<meta property=\"og:site_name\" content=\"PaperAndKraft\" \/>\n<meta property=\"article:publisher\" content=\"https:\/\/www.facebook.com\/paperandkraft\" \/>\n<meta property=\"article:modified_time\" content=\"2022-05-18T01:28:45+00:00\" \/>\n<meta property=\"og:image\" content=\"https:\/\/paperandkraft.com\/shop\/wp-content\/uploads\/2020\/05\/faire-part-de-naissance-la-guerre-des-etoiles.jpg\" \/>\n\t<meta property=\"og:image:width\" content=\"700\" \/>\n\t<meta property=\"og:image:height\" content=\"1245\" \/>\n\t<meta property=\"og:image:type\" content=\"image\/jpeg\" \/>\n<meta name=\"twitter:card\" content=\"summary_large_image\" \/>\n<meta name=\"twitter:label1\" content=\"Prix\" \/>\n\t<meta name=\"twitter:data1\" content=\"3.50&euro;\" \/>\n\t<meta name=\"twitter:label2\" content=\"Disponibilit\u00e9\" \/>\n\t<meta name=\"twitter:data2\" content=\"En stock\" \/>\n<meta property=\"product:price:amount\" content=\"3.50\" \/>\n<meta property=\"product:price:currency\" content=\"EUR\" \/>\n<meta property=\"og:availability\" content=\"instock\" \/>\n<meta property=\"product:availability\" content=\"instock\" \/>\n<meta property=\"product:condition\" content=\"new\" \/>\n<!-- \/ Yoast SEO Premium plugin. -->","yoast_head_json":{"title":"Faire-part naissance Padawan, pour petit garcon - Paperandkraft","description":"faire-part de naissance inspir\u00e9 de la saga de science Fiction Star Wars","robots":{"index":"index","follow":"follow","max-snippet":"max-snippet:-1","max-image-preview":"max-image-preview:large","max-video-preview":"max-video-preview:-1"},"canonical":"https:\/\/paperandkraft.com\/shop\/produit\/le-padawan\/","og_locale":"fr_FR","og_type":"article","og_title":"Le Padawan","og_url":"https:\/\/paperandkraft.com\/shop\/produit\/le-padawan\/","og_site_name":"PaperAndKraft","article_publisher":"https:\/\/www.facebook.com\/paperandkraft","article_modified_time":"2022-05-18T01:28:45+00:00","og_image":[{"width":700,"height":1245,"url":"https:\/\/paperandkraft.com\/shop\/wp-content\/uploads\/2020\/05\/faire-part-de-naissance-la-guerre-des-etoiles.jpg","type":"image\/jpeg"}],"twitter_card":"summary_large_image","twitter_misc":{"Prix":"3.50&euro;","Disponibilit\u00e9":"En stock"},"schema":{"@context":"https:\/\/schema.org","@graph":[{"@type":"WebPage","@id":"https:\/\/paperandkraft.com\/shop\/produit\/le-padawan\/","url":"https:\/\/paperandkraft.com\/shop\/produit\/le-padawan\/","name":"Faire-part naissance Padawan, pour petit garcon - Paperandkraft","isPartOf":{"@id":"https:\/\/paperandkraft.com\/shop\/#website"},"primaryImageOfPage":{"@id":"https:\/\/paperandkraft.com\/shop\/produit\/le-padawan\/#primaryimage"},"image":{"@id":"https:\/\/paperandkraft.com\/shop\/produit\/le-padawan\/#primaryimage"},"thumbnailUrl":"https:\/\/paperandkraft.com\/shop\/wp-content\/uploads\/2020\/05\/faire-part-de-naissance-la-guerre-des-etoiles.jpg","datePublished":"2020-05-10T09:09:18+00:00","dateModified":"2022-05-18T01:28:45+00:00","description":"faire-part de naissance inspir\u00e9 de la saga de science Fiction Star Wars","breadcrumb":{"@id":"https:\/\/paperandkraft.com\/shop\/produit\/le-padawan\/#breadcrumb"},"inLanguage":"fr-FR","potentialAction":[{"@type":"ReadAction","target":["https:\/\/paperandkraft.com\/shop\/produit\/le-padawan\/"]}]},{"@type":"ImageObject","inLanguage":"fr-FR","@id":"https:\/\/paperandkraft.com\/shop\/produit\/le-padawan\/#primaryimage","url":"https:\/\/paperandkraft.com\/shop\/wp-content\/uploads\/2020\/05\/faire-part-de-naissance-la-guerre-des-etoiles.jpg","contentUrl":"https:\/\/paperandkraft.com\/shop\/wp-content\/uploads\/2020\/05\/faire-part-de-naissance-la-guerre-des-etoiles.jpg","width":700,"height":1245,"caption":"faire-part de naissance garcon star wars"},{"@type":"BreadcrumbList","@id":"https:\/\/paperandkraft.com\/shop\/produit\/le-padawan\/#breadcrumb","itemListElement":[{"@type":"ListItem","position":1,"name":"Accueil","item":"https:\/\/paperandkraft.com\/shop\/"},{"@type":"ListItem","position":2,"name":"Boutique","item":"https:\/\/paperandkraft.com\/shop\/boutique\/"},{"@type":"ListItem","position":3,"name":"Le Padawan"}]},{"@type":"WebSite","@id":"https:\/\/paperandkraft.com\/shop\/#website","url":"https:\/\/paperandkraft.com\/shop\/","name":"PaperAndKraft","description":"Faire-part de mariage et naissance en papier recycl\u00e9","publisher":{"@id":"https:\/\/paperandkraft.com\/shop\/#organization"},"potentialAction":[{"@type":"SearchAction","target":{"@type":"EntryPoint","urlTemplate":"https:\/\/paperandkraft.com\/shop\/?s={search_term_string}"},"query-input":{"@type":"PropertyValueSpecification","valueRequired":true,"valueName":"search_term_string"}}],"inLanguage":"fr-FR"},{"@type":"Organization","@id":"https:\/\/paperandkraft.com\/shop\/#organization","name":"Paper And Kraft : Faire-Part","url":"https:\/\/paperandkraft.com\/shop\/","logo":{"@type":"ImageObject","inLanguage":"fr-FR","@id":"https:\/\/paperandkraft.com\/shop\/#\/schema\/logo\/image\/","url":"https:\/\/paperandkraft.com\/shop\/wp-content\/uploads\/2020\/03\/logo-2020-noir-1.png","contentUrl":"https:\/\/paperandkraft.com\/shop\/wp-content\/uploads\/2020\/03\/logo-2020-noir-1.png","width":350,"height":76,"caption":"Paper And Kraft : Faire-Part"},"image":{"@id":"https:\/\/paperandkraft.com\/shop\/#\/schema\/logo\/image\/"},"sameAs":["https:\/\/www.facebook.com\/paperandkraft","https:\/\/www.instagram.com\/paper_and_kraft\/","https:\/\/www.pinterest.fr\/paperandkraft\/"]}]},"product_price_amount":"3.50","product_price_currency":"EUR","og_availability":"instock","product_availability":"instock","product_condition":"new"},"_links":{"self":[{"href":"https:\/\/paperandkraft.com\/shop\/wp-json\/wp\/v2\/product\/17371","targetHints":{"allow":["GET"]}}],"collection":[{"href":"https:\/\/paperandkraft.com\/shop\/wp-json\/wp\/v2\/product"}],"about":[{"href":"https:\/\/paperandkraft.com\/shop\/wp-json\/wp\/v2\/types\/product"}],"replies":[{"embeddable":true,"href":"https:\/\/paperandkraft.com\/shop\/wp-json\/wp\/v2\/comments?post=17371"}],"wp:featuredmedia":[{"embeddable":true,"href":"https:\/\/paperandkraft.com\/shop\/wp-json\/wp\/v2\/media\/17703"}],"wp:attachment":[{"href":"https:\/\/paperandkraft.com\/shop\/wp-json\/wp\/v2\/media?parent=17371"}],"wp:term":[{"taxonomy":"product_brand","embeddable":true,"href":"https:\/\/paperandkraft.com\/shop\/wp-json\/wp\/v2\/product_brand?post=17371"},{"taxonomy":"product_cat","embeddable":true,"href":"https:\/\/paperandkraft.com\/shop\/wp-json\/wp\/v2\/product_cat?post=17371"},{"taxonomy":"product_tag","embeddable":true,"href":"https:\/\/paperandkraft.com\/shop\/wp-json\/wp\/v2\/product_tag?post=17371"}],"curies":[{"name":"wp","href":"https:\/\/api.w.org\/{rel}","templated":true}]}}