{"id":1642,"date":"2015-11-27T14:05:11","date_gmt":"2015-11-27T14:05:11","guid":{"rendered":"http:\/\/paperandkraft.com\/shop\/produit\/rsvp-winter-color-copier\/"},"modified":"2021-08-09T20:17:10","modified_gmt":"2021-08-09T20:17:10","slug":"rsvp-winter-color-copier","status":"publish","type":"product","link":"https:\/\/paperandkraft.com\/shop\/produit\/rsvp-winter-color-copier\/","title":{"rendered":"RSVP Winter Color"},"content":{"rendered":"<p>Carton r\u00e9ponse assorti au faire-part Winter-color. Il permet \u00e0 vos invit\u00e9s de vous informer sur le pr\u00e9sence ou non \u00e0 votre mariage. Il sera personnalis\u00e9 en respectant la mise en page du faire-part auquel il est associ\u00e9.<\/p>\n<p>Vous pouvez l&#8217;utiliser aussi comme une invitation suppl\u00e9mentaire, une liste d&#8217;h\u00f4tel, un plan.<br \/>\nle carton est imprim\u00e9 Recto et livr\u00e9 avec son enveloppe<\/p>\n","protected":false},"excerpt":{"rendered":"<p>Carton r\u00e9ponse assorti au faire-part Winter-color. il permet \u00e0 vos invit\u00e9 s de vous informer sur le pr\u00e9sence ou non \u00e0 votre mariage. Il sera personnaliser en respectant la mise en page du faire-part auquel il est associ\u00e9. Vous pouvez l&#8217;utiliser aussi comme\u00a0une invitation supplementaire, une liste d&#8217;h\u00f4tel, un plan etc..<br \/>\nle carton est imprim\u00e9 Recto et livr\u00e9 avec son enveloppe<\/p>\n","protected":false},"featured_media":16575,"comment_status":"open","ping_status":"closed","template":"","meta":{"_acf_changed":false,"inline_featured_image":false},"product_brand":[],"product_cat":[14],"product_tag":[],"class_list":{"0":"post-1642","1":"product","2":"type-product","3":"status-publish","4":"has-post-thumbnail","6":"product_cat-faire-part-mariage-theme-champetre","8":"first","9":"instock","10":"taxable","11":"shipping-taxable","12":"purchasable","13":"product-type-simple"},"acf":[],"yoast_head":"<!-- This site is optimized with the Yoast SEO Premium plugin v24.6 (Yoast SEO v27.4) - https:\/\/yoast.com\/product\/yoast-seo-premium-wordpress\/ -->\n<title>Carton d&#039;invitation th\u00e8me hiver - paperandkraft.com<\/title>\n<meta name=\"description\" content=\"Carton d&#039;invitation d\u00eener ou cocktail pour le faire-part de mariage winter color. Personnalisable selon vos envies\" \/>\n<meta name=\"robots\" content=\"index, follow, max-snippet:-1, max-image-preview:large, max-video-preview:-1\" \/>\n<link rel=\"canonical\" href=\"https:\/\/paperandkraft.com\/shop\/produit\/rsvp-winter-color-copier\/\" \/>\n<meta property=\"og:locale\" content=\"fr_FR\" \/>\n<meta property=\"og:type\" content=\"article\" \/>\n<meta property=\"og:title\" content=\"RSVP Winter Color\" \/>\n<meta property=\"og:description\" content=\"Carton r\u00e9ponse assorti au faire-part Winter-color. il permet \u00e0 vos invit\u00e9 s de vous informer sur le pr\u00e9sence ou non \u00e0 votre mariage. Il sera personnaliser en respectant la mise en page du faire-part auquel il est associ\u00e9. Vous pouvez l&#039;utiliser aussi comme\u00a0une invitation supplementaire, une liste d&#039;h\u00f4tel, un plan etc.. le carton est imprim\u00e9 Recto et livr\u00e9 avec son enveloppe\" \/>\n<meta property=\"og:url\" content=\"https:\/\/paperandkraft.com\/shop\/produit\/rsvp-winter-color-copier\/\" \/>\n<meta property=\"og:site_name\" content=\"PaperAndKraft\" \/>\n<meta property=\"article:publisher\" content=\"https:\/\/www.facebook.com\/paperandkraft\" \/>\n<meta property=\"article:modified_time\" content=\"2021-08-09T20:17:10+00:00\" \/>\n<meta property=\"og:image\" content=\"https:\/\/paperandkraft.com\/shop\/wp-content\/uploads\/2020\/03\/winter-rsvp1.jpg\" \/>\n\t<meta property=\"og:image:width\" content=\"837\" \/>\n\t<meta property=\"og:image:height\" content=\"583\" \/>\n\t<meta property=\"og:image:type\" content=\"image\/jpeg\" \/>\n<meta name=\"twitter:card\" content=\"summary_large_image\" \/>\n<meta name=\"twitter:label1\" content=\"Prix\" \/>\n\t<meta name=\"twitter:data1\" content=\"1.50&euro;\" \/>\n\t<meta name=\"twitter:label2\" content=\"Disponibilit\u00e9\" \/>\n\t<meta name=\"twitter:data2\" content=\"En stock\" \/>\n<meta property=\"product:price:amount\" content=\"1.50\" \/>\n<meta property=\"product:price:currency\" content=\"EUR\" \/>\n<meta property=\"og:availability\" content=\"instock\" \/>\n<meta property=\"product:availability\" content=\"instock\" \/>\n<meta property=\"product:condition\" content=\"new\" \/>\n<!-- \/ Yoast SEO Premium plugin. -->","yoast_head_json":{"title":"Carton d'invitation th\u00e8me hiver - paperandkraft.com","description":"Carton d'invitation d\u00eener ou cocktail pour le faire-part de mariage winter color. Personnalisable selon vos envies","robots":{"index":"index","follow":"follow","max-snippet":"max-snippet:-1","max-image-preview":"max-image-preview:large","max-video-preview":"max-video-preview:-1"},"canonical":"https:\/\/paperandkraft.com\/shop\/produit\/rsvp-winter-color-copier\/","og_locale":"fr_FR","og_type":"article","og_title":"RSVP Winter Color","og_description":"Carton r\u00e9ponse assorti au faire-part Winter-color. il permet \u00e0 vos invit\u00e9 s de vous informer sur le pr\u00e9sence ou non \u00e0 votre mariage. Il sera personnaliser en respectant la mise en page du faire-part auquel il est associ\u00e9. Vous pouvez l'utiliser aussi comme\u00a0une invitation supplementaire, une liste d'h\u00f4tel, un plan etc.. le carton est imprim\u00e9 Recto et livr\u00e9 avec son enveloppe","og_url":"https:\/\/paperandkraft.com\/shop\/produit\/rsvp-winter-color-copier\/","og_site_name":"PaperAndKraft","article_publisher":"https:\/\/www.facebook.com\/paperandkraft","article_modified_time":"2021-08-09T20:17:10+00:00","og_image":[{"width":837,"height":583,"url":"https:\/\/paperandkraft.com\/shop\/wp-content\/uploads\/2020\/03\/winter-rsvp1.jpg","type":"image\/jpeg"}],"twitter_card":"summary_large_image","twitter_misc":{"Prix":"1.50&euro;","Disponibilit\u00e9":"En stock"},"schema":{"@context":"https:\/\/schema.org","@graph":[{"@type":"WebPage","@id":"https:\/\/paperandkraft.com\/shop\/produit\/rsvp-winter-color-copier\/","url":"https:\/\/paperandkraft.com\/shop\/produit\/rsvp-winter-color-copier\/","name":"Carton d'invitation th\u00e8me hiver - paperandkraft.com","isPartOf":{"@id":"https:\/\/paperandkraft.com\/shop\/#website"},"primaryImageOfPage":{"@id":"https:\/\/paperandkraft.com\/shop\/produit\/rsvp-winter-color-copier\/#primaryimage"},"image":{"@id":"https:\/\/paperandkraft.com\/shop\/produit\/rsvp-winter-color-copier\/#primaryimage"},"thumbnailUrl":"https:\/\/paperandkraft.com\/shop\/wp-content\/uploads\/2020\/03\/winter-rsvp1.jpg","datePublished":"2015-11-27T14:05:11+00:00","dateModified":"2021-08-09T20:17:10+00:00","description":"Carton d'invitation d\u00eener ou cocktail pour le faire-part de mariage winter color. Personnalisable selon vos envies","breadcrumb":{"@id":"https:\/\/paperandkraft.com\/shop\/produit\/rsvp-winter-color-copier\/#breadcrumb"},"inLanguage":"fr-FR","potentialAction":[{"@type":"ReadAction","target":["https:\/\/paperandkraft.com\/shop\/produit\/rsvp-winter-color-copier\/"]}]},{"@type":"ImageObject","inLanguage":"fr-FR","@id":"https:\/\/paperandkraft.com\/shop\/produit\/rsvp-winter-color-copier\/#primaryimage","url":"https:\/\/paperandkraft.com\/shop\/wp-content\/uploads\/2020\/03\/winter-rsvp1.jpg","contentUrl":"https:\/\/paperandkraft.com\/shop\/wp-content\/uploads\/2020\/03\/winter-rsvp1.jpg","width":837,"height":583},{"@type":"BreadcrumbList","@id":"https:\/\/paperandkraft.com\/shop\/produit\/rsvp-winter-color-copier\/#breadcrumb","itemListElement":[{"@type":"ListItem","position":1,"name":"Accueil","item":"https:\/\/paperandkraft.com\/shop\/"},{"@type":"ListItem","position":2,"name":"Boutique","item":"https:\/\/paperandkraft.com\/shop\/boutique\/"},{"@type":"ListItem","position":3,"name":"RSVP Winter Color"}]},{"@type":"WebSite","@id":"https:\/\/paperandkraft.com\/shop\/#website","url":"https:\/\/paperandkraft.com\/shop\/","name":"PaperAndKraft","description":"Faire-part de mariage et naissance en papier recycl\u00e9","publisher":{"@id":"https:\/\/paperandkraft.com\/shop\/#organization"},"potentialAction":[{"@type":"SearchAction","target":{"@type":"EntryPoint","urlTemplate":"https:\/\/paperandkraft.com\/shop\/?s={search_term_string}"},"query-input":{"@type":"PropertyValueSpecification","valueRequired":true,"valueName":"search_term_string"}}],"inLanguage":"fr-FR"},{"@type":"Organization","@id":"https:\/\/paperandkraft.com\/shop\/#organization","name":"Paper And Kraft : Faire-Part","url":"https:\/\/paperandkraft.com\/shop\/","logo":{"@type":"ImageObject","inLanguage":"fr-FR","@id":"https:\/\/paperandkraft.com\/shop\/#\/schema\/logo\/image\/","url":"https:\/\/paperandkraft.com\/shop\/wp-content\/uploads\/2020\/03\/logo-2020-noir-1.png","contentUrl":"https:\/\/paperandkraft.com\/shop\/wp-content\/uploads\/2020\/03\/logo-2020-noir-1.png","width":350,"height":76,"caption":"Paper And Kraft : Faire-Part"},"image":{"@id":"https:\/\/paperandkraft.com\/shop\/#\/schema\/logo\/image\/"},"sameAs":["https:\/\/www.facebook.com\/paperandkraft","https:\/\/www.instagram.com\/paper_and_kraft\/","https:\/\/www.pinterest.fr\/paperandkraft\/"]}]},"product_price_amount":"1.50","product_price_currency":"EUR","og_availability":"instock","product_availability":"instock","product_condition":"new"},"_links":{"self":[{"href":"https:\/\/paperandkraft.com\/shop\/wp-json\/wp\/v2\/product\/1642","targetHints":{"allow":["GET"]}}],"collection":[{"href":"https:\/\/paperandkraft.com\/shop\/wp-json\/wp\/v2\/product"}],"about":[{"href":"https:\/\/paperandkraft.com\/shop\/wp-json\/wp\/v2\/types\/product"}],"replies":[{"embeddable":true,"href":"https:\/\/paperandkraft.com\/shop\/wp-json\/wp\/v2\/comments?post=1642"}],"wp:featuredmedia":[{"embeddable":true,"href":"https:\/\/paperandkraft.com\/shop\/wp-json\/wp\/v2\/media\/16575"}],"wp:attachment":[{"href":"https:\/\/paperandkraft.com\/shop\/wp-json\/wp\/v2\/media?parent=1642"}],"wp:term":[{"taxonomy":"product_brand","embeddable":true,"href":"https:\/\/paperandkraft.com\/shop\/wp-json\/wp\/v2\/product_brand?post=1642"},{"taxonomy":"product_cat","embeddable":true,"href":"https:\/\/paperandkraft.com\/shop\/wp-json\/wp\/v2\/product_cat?post=1642"},{"taxonomy":"product_tag","embeddable":true,"href":"https:\/\/paperandkraft.com\/shop\/wp-json\/wp\/v2\/product_tag?post=1642"}],"curies":[{"name":"wp","href":"https:\/\/api.w.org\/{rel}","templated":true}]}}