{"id":1632,"date":"2015-11-27T13:55:57","date_gmt":"2015-11-27T13:55:57","guid":{"rendered":"http:\/\/paperandkraft.com\/shop\/produit\/winter-color\/"},"modified":"2022-02-24T20:14:38","modified_gmt":"2022-02-24T20:14:38","slug":"winter-color","status":"publish","type":"product","link":"https:\/\/paperandkraft.com\/shop\/produit\/winter-color\/","title":{"rendered":"faire-part mariage Winter"},"content":{"rendered":"<p>De couleur rouille bleu ou violet la carte d&#8217;invitation au mariage Winter se part de l\u00e9gers flocons de neige virevoltant autour des silhouettes des fiers sapins illustrant \u00e0 merveille votre th\u00e8me hiver.<\/p>\n<p>Notre \u00e9quipe de designer se fera un plaisir de vous proposer une mise en page originale selon vos envies.<\/p>\n<p>Et parce que cette saison hivernale est magique et souvent synonyme de puret\u00e9 le faire-part Winter est imprim\u00e9 sur une papier \u00e9co-responsable.<\/p>\n<p>A personnaliser selon vos envies<\/p>\n","protected":false},"excerpt":{"rendered":"<p>Paysages montagneux, pins ployant sous l&#8217;amas de neige, raquette chauss\u00e9e et doudoune enfil\u00e9e, vous vous appr\u00eatez \u00e0 c\u00e9l\u00e9brer votre c\u00e9r\u00e9monie au mileu de l&#8217;hiver \u00e0 la lueur des bougies, une fois les voeux \u00e9chang\u00e9s direction le chalets pour un cocktail cosy au coin du feu.., L&#8217;hiver, par\u00e9 de son manteau blanc offre un cadre magique et original \u00e0 un mariage.\u00a0 Paper And Kraft vous d\u00e9voile son faire-part d\u00e9di\u00e9 \u00e0 cette saison pleine de surprise et d&#8217;audace.<\/p>\n<p>&nbsp;<\/p>\n<p style=\"text-align: center;\"><div class=\"container section-title-container\" ><h3 class=\"section-title section-title-center\"><b aria-hidden=\"true\"><\/b><span class=\"section-title-main\" >TARIFS<\/span><b aria-hidden=\"true\"><\/b><\/h3><\/div>\n<div class=\"ywdpd-table-discounts-wrapper-sh\"><table id=\"ywdpd-table-discounts\" class=\"horizontal\">\n\t\t\t<tr class=\"quantity_row\">\n\t\t\t<th>Quantiti\u00e9<\/th>\n\t\t\t\t\t\t\t<td class=\"qty-info\" data-qtymin=\"1\"\n\t\t\t\t\tdata-qtymax=\"20\">\n\t\t\t\t\t1-20\n\t\t\t\t<\/td>\n\t\t\t\t\t\t\t<td class=\"qty-info\" data-qtymin=\"21\"\n\t\t\t\t\tdata-qtymax=\"30\">\n\t\t\t\t\t21-30\n\t\t\t\t<\/td>\n\t\t\t\t\t\t\t<td class=\"qty-info\" data-qtymin=\"41\"\n\t\t\t\t\tdata-qtymax=\"50\">\n\t\t\t\t\t41-50\n\t\t\t\t<\/td>\n\t\t\t\t\t\t\t<td class=\"qty-info\" data-qtymin=\"51\"\n\t\t\t\t\tdata-qtymax=\"60\">\n\t\t\t\t\t51-60\n\t\t\t\t<\/td>\n\t\t\t\t\t\t\t<td class=\"qty-info\" data-qtymin=\"61\"\n\t\t\t\t\tdata-qtymax=\"70\">\n\t\t\t\t\t61-70\n\t\t\t\t<\/td>\n\t\t\t\t\t\t\t<td class=\"qty-info\" data-qtymin=\"71\"\n\t\t\t\t\tdata-qtymax=\"80\">\n\t\t\t\t\t71-80\n\t\t\t\t<\/td>\n\t\t\t\t\t\t\t<td class=\"qty-info\" data-qtymin=\"81\"\n\t\t\t\t\tdata-qtymax=\"90\">\n\t\t\t\t\t81-90\n\t\t\t\t<\/td>\n\t\t\t\t\t\t\t<td class=\"qty-info\" data-qtymin=\"91\"\n\t\t\t\t\tdata-qtymax=\"100\">\n\t\t\t\t\t91-100\n\t\t\t\t<\/td>\n\t\t\t\t\t\t\t<td class=\"qty-info\" data-qtymin=\"101\"\n\t\t\t\t\tdata-qtymax=\"110\">\n\t\t\t\t\t101-110\n\t\t\t\t<\/td>\n\t\t\t\t\t\t\t<td class=\"qty-info\" data-qtymin=\"111\"\n\t\t\t\t\tdata-qtymax=\"120\">\n\t\t\t\t\t111-120\n\t\t\t\t<\/td>\n\t\t\t\t\t\t\t<td class=\"qty-info\" data-qtymin=\"121\"\n\t\t\t\t\tdata-qtymax=\"130\">\n\t\t\t\t\t121-130\n\t\t\t\t<\/td>\n\t\t\t\t\t\t\t<td class=\"qty-info\" data-qtymin=\"131\"\n\t\t\t\t\tdata-qtymax=\"140\">\n\t\t\t\t\t131-140\n\t\t\t\t<\/td>\n\t\t\t\t\t\t\t<td class=\"qty-info\" data-qtymin=\"141\"\n\t\t\t\t\tdata-qtymax=\"150\">\n\t\t\t\t\t141-150\n\t\t\t\t<\/td>\n\t\t\t\t\t\t\t<td class=\"qty-info\" data-qtymin=\"151\"\n\t\t\t\t\tdata-qtymax=\"160\">\n\t\t\t\t\t151-160\n\t\t\t\t<\/td>\n\t\t\t\t\t\t\t<td class=\"qty-info\" data-qtymin=\"161\"\n\t\t\t\t\tdata-qtymax=\"170\">\n\t\t\t\t\t161-170\n\t\t\t\t<\/td>\n\t\t\t\t\t\t\t<td class=\"qty-info\" data-qtymin=\"31\"\n\t\t\t\t\tdata-qtymax=\"40\">\n\t\t\t\t\t31-40\n\t\t\t\t<\/td>\n\t\t\t\t\t\t\t<td class=\"qty-info\" data-qtymin=\"171\"\n\t\t\t\t\tdata-qtymax=\"180\">\n\t\t\t\t\t171-180\n\t\t\t\t<\/td>\n\t\t\t\t\t\t\t<td class=\"qty-info\" data-qtymin=\"181\"\n\t\t\t\t\tdata-qtymax=\"190\">\n\t\t\t\t\t181-190\n\t\t\t\t<\/td>\n\t\t\t\t\t\t\t<td class=\"qty-info\" data-qtymin=\"191\"\n\t\t\t\t\tdata-qtymax=\"200\">\n\t\t\t\t\t191-200\n\t\t\t\t<\/td>\n\t\t\t\t\t\t\t<td class=\"qty-info\" data-qtymin=\"201\"\n\t\t\t\t\tdata-qtymax=\"230\">\n\t\t\t\t\t201-230\n\t\t\t\t<\/td>\n\t\t\t\t\t\t\t<td class=\"qty-info\" data-qtymin=\"231\"\n\t\t\t\t\tdata-qtymax=\"*\">\n\t\t\t\t\t231+\n\t\t\t\t<\/td>\n\t\t\t\t\t<\/tr>\n\t\t<tr class=\"price_row\">\n\t\t\t<th>Prix<\/th>\n\t\t\t\t\t\t\t<td data-qtymin=\"1\"\n\t\t\t\t\tdata-qtymax=\"20\"\n\t\t\t\t\tclass=\"qty-price-info\"><span class=\"woocommerce-Price-amount amount\"><bdi>4.00<span class=\"woocommerce-Price-currencySymbol\">&euro;<\/span><\/bdi><\/span>\t\t\t\t<\/td>\n\t\t\t\t\t\t\t<td data-qtymin=\"21\"\n\t\t\t\t\tdata-qtymax=\"30\"\n\t\t\t\t\tclass=\"qty-price-info\"><span class=\"woocommerce-Price-amount amount\"><bdi>3.00<span class=\"woocommerce-Price-currencySymbol\">&euro;<\/span><\/bdi><\/span>\t\t\t\t<\/td>\n\t\t\t\t\t\t\t<td data-qtymin=\"41\"\n\t\t\t\t\tdata-qtymax=\"50\"\n\t\t\t\t\tclass=\"qty-price-info\"><span class=\"woocommerce-Price-amount amount\"><bdi>2.90<span class=\"woocommerce-Price-currencySymbol\">&euro;<\/span><\/bdi><\/span>\t\t\t\t<\/td>\n\t\t\t\t\t\t\t<td data-qtymin=\"51\"\n\t\t\t\t\tdata-qtymax=\"60\"\n\t\t\t\t\tclass=\"qty-price-info\"><span class=\"woocommerce-Price-amount amount\"><bdi>2.80<span class=\"woocommerce-Price-currencySymbol\">&euro;<\/span><\/bdi><\/span>\t\t\t\t<\/td>\n\t\t\t\t\t\t\t<td data-qtymin=\"61\"\n\t\t\t\t\tdata-qtymax=\"70\"\n\t\t\t\t\tclass=\"qty-price-info\"><span class=\"woocommerce-Price-amount amount\"><bdi>2.70<span class=\"woocommerce-Price-currencySymbol\">&euro;<\/span><\/bdi><\/span>\t\t\t\t<\/td>\n\t\t\t\t\t\t\t<td data-qtymin=\"71\"\n\t\t\t\t\tdata-qtymax=\"80\"\n\t\t\t\t\tclass=\"qty-price-info\"><span class=\"woocommerce-Price-amount amount\"><bdi>2.60<span class=\"woocommerce-Price-currencySymbol\">&euro;<\/span><\/bdi><\/span>\t\t\t\t<\/td>\n\t\t\t\t\t\t\t<td data-qtymin=\"81\"\n\t\t\t\t\tdata-qtymax=\"90\"\n\t\t\t\t\tclass=\"qty-price-info\"><span class=\"woocommerce-Price-amount amount\"><bdi>2.50<span class=\"woocommerce-Price-currencySymbol\">&euro;<\/span><\/bdi><\/span>\t\t\t\t<\/td>\n\t\t\t\t\t\t\t<td data-qtymin=\"91\"\n\t\t\t\t\tdata-qtymax=\"100\"\n\t\t\t\t\tclass=\"qty-price-info\"><span class=\"woocommerce-Price-amount amount\"><bdi>2.50<span class=\"woocommerce-Price-currencySymbol\">&euro;<\/span><\/bdi><\/span>\t\t\t\t<\/td>\n\t\t\t\t\t\t\t<td data-qtymin=\"101\"\n\t\t\t\t\tdata-qtymax=\"110\"\n\t\t\t\t\tclass=\"qty-price-info\"><span class=\"woocommerce-Price-amount amount\"><bdi>2.50<span class=\"woocommerce-Price-currencySymbol\">&euro;<\/span><\/bdi><\/span>\t\t\t\t<\/td>\n\t\t\t\t\t\t\t<td data-qtymin=\"111\"\n\t\t\t\t\tdata-qtymax=\"120\"\n\t\t\t\t\tclass=\"qty-price-info\"><span class=\"woocommerce-Price-amount amount\"><bdi>2.50<span class=\"woocommerce-Price-currencySymbol\">&euro;<\/span><\/bdi><\/span>\t\t\t\t<\/td>\n\t\t\t\t\t\t\t<td data-qtymin=\"121\"\n\t\t\t\t\tdata-qtymax=\"130\"\n\t\t\t\t\tclass=\"qty-price-info\"><span class=\"woocommerce-Price-amount amount\"><bdi>2.40<span class=\"woocommerce-Price-currencySymbol\">&euro;<\/span><\/bdi><\/span>\t\t\t\t<\/td>\n\t\t\t\t\t\t\t<td data-qtymin=\"131\"\n\t\t\t\t\tdata-qtymax=\"140\"\n\t\t\t\t\tclass=\"qty-price-info\"><span class=\"woocommerce-Price-amount amount\"><bdi>2.30<span class=\"woocommerce-Price-currencySymbol\">&euro;<\/span><\/bdi><\/span>\t\t\t\t<\/td>\n\t\t\t\t\t\t\t<td data-qtymin=\"141\"\n\t\t\t\t\tdata-qtymax=\"150\"\n\t\t\t\t\tclass=\"qty-price-info\"><span class=\"woocommerce-Price-amount amount\"><bdi>2.20<span class=\"woocommerce-Price-currencySymbol\">&euro;<\/span><\/bdi><\/span>\t\t\t\t<\/td>\n\t\t\t\t\t\t\t<td data-qtymin=\"151\"\n\t\t\t\t\tdata-qtymax=\"160\"\n\t\t\t\t\tclass=\"qty-price-info\"><span class=\"woocommerce-Price-amount amount\"><bdi>2.10<span class=\"woocommerce-Price-currencySymbol\">&euro;<\/span><\/bdi><\/span>\t\t\t\t<\/td>\n\t\t\t\t\t\t\t<td data-qtymin=\"161\"\n\t\t\t\t\tdata-qtymax=\"170\"\n\t\t\t\t\tclass=\"qty-price-info\"><span class=\"woocommerce-Price-amount amount\"><bdi>2.00<span class=\"woocommerce-Price-currencySymbol\">&euro;<\/span><\/bdi><\/span>\t\t\t\t<\/td>\n\t\t\t\t\t\t\t<td data-qtymin=\"31\"\n\t\t\t\t\tdata-qtymax=\"40\"\n\t\t\t\t\tclass=\"qty-price-info\"><span class=\"woocommerce-Price-amount amount\"><bdi>2.90<span class=\"woocommerce-Price-currencySymbol\">&euro;<\/span><\/bdi><\/span>\t\t\t\t<\/td>\n\t\t\t\t\t\t\t<td data-qtymin=\"171\"\n\t\t\t\t\tdata-qtymax=\"180\"\n\t\t\t\t\tclass=\"qty-price-info\"><span class=\"woocommerce-Price-amount amount\"><bdi>1.90<span class=\"woocommerce-Price-currencySymbol\">&euro;<\/span><\/bdi><\/span>\t\t\t\t<\/td>\n\t\t\t\t\t\t\t<td data-qtymin=\"181\"\n\t\t\t\t\tdata-qtymax=\"190\"\n\t\t\t\t\tclass=\"qty-price-info\"><span class=\"woocommerce-Price-amount amount\"><bdi>1.85<span class=\"woocommerce-Price-currencySymbol\">&euro;<\/span><\/bdi><\/span>\t\t\t\t<\/td>\n\t\t\t\t\t\t\t<td data-qtymin=\"191\"\n\t\t\t\t\tdata-qtymax=\"200\"\n\t\t\t\t\tclass=\"qty-price-info\"><span class=\"woocommerce-Price-amount amount\"><bdi>1.70<span class=\"woocommerce-Price-currencySymbol\">&euro;<\/span><\/bdi><\/span>\t\t\t\t<\/td>\n\t\t\t\t\t\t\t<td data-qtymin=\"201\"\n\t\t\t\t\tdata-qtymax=\"230\"\n\t\t\t\t\tclass=\"qty-price-info\"><span class=\"woocommerce-Price-amount amount\"><bdi>1.65<span class=\"woocommerce-Price-currencySymbol\">&euro;<\/span><\/bdi><\/span>\t\t\t\t<\/td>\n\t\t\t\t\t\t\t<td data-qtymin=\"231\"\n\t\t\t\t\tdata-qtymax=\"*\"\n\t\t\t\t\tclass=\"qty-price-info\"><span class=\"woocommerce-Price-amount amount\"><bdi>1.60<span class=\"woocommerce-Price-currencySymbol\">&euro;<\/span><\/bdi><\/span>\t\t\t\t<\/td>\n\t\t\t\t\t<\/tr>\n\t<\/table>\n\n\n<\/div>\n<div class=\"row\"  id=\"row-884923485\">\n\n\n\t<div id=\"col-2042315364\" class=\"col medium-4 small-12 large-4\"  >\n\t\t\t\t<div class=\"col-inner\"  >\n\t\t\t\n\t\t\t\n\n\n\t\t<\/div>\n\t\t\t\t\t<\/div>\n\n\t\n\n\t<div id=\"col-226926810\" class=\"col medium-4 small-12 large-4\"  >\n\t\t\t\t<div class=\"col-inner text-center\"  >\n\t\t\t\n\t\t\t\n\n<a href=\"https:\/\/paperandkraft.com\/shop\/votre-maquette-mariage-gratuite\/\" class=\"button white\" style=\"border-radius:8px;\">\n\t\t<span>DEmandez votre Maquette Gratuite<\/span>\n\t<\/a>\n\n\n\n\t\t<\/div>\n\t\t\t\t\t<\/div>\n\n\t\n\n\t<div id=\"col-1561631722\" class=\"col medium-4 small-12 large-4\"  >\n\t\t\t\t<div class=\"col-inner\"  >\n\t\t\t\n\t\t\t\n\n\n\t\t<\/div>\n\t\t\t\t\t<\/div>\n\n\t\n\n<\/div>\n","protected":false},"featured_media":16572,"comment_status":"open","ping_status":"closed","template":"","meta":{"_acf_changed":false,"inline_featured_image":false},"product_brand":[],"product_cat":[231,227,228,14,114],"product_tag":[],"class_list":{"0":"post-1632","1":"product","2":"type-product","3":"status-publish","4":"has-post-thumbnail","6":"product_cat-faire-part-mariage-bleu","7":"product_cat-faire-part-mariage-boheme","8":"product_cat-faire-part-mariage-nature","9":"product_cat-faire-part-mariage-theme-champetre","10":"product_cat-collection-atelier","12":"first","13":"instock","14":"taxable","15":"shipping-taxable","16":"purchasable","17":"product-type-simple"},"acf":[],"yoast_head":"<!-- This site is optimized with the Yoast SEO Premium plugin v24.6 (Yoast SEO v27.4) - https:\/\/yoast.com\/product\/yoast-seo-premium-wordpress\/ -->\n<title>Faire-part mariage th\u00e8me hiver Winter - Paperandkraft<\/title>\n<meta name=\"description\" content=\"Vous vous mariez en Hiver ? alors ce Magnifique faire-part pour une mariage sur le th\u00e8me de l&#039;hiver est fait pour vous ! A commander avec l&#039;invitation et le RSVP assorti.\" \/>\n<meta name=\"robots\" content=\"index, follow, max-snippet:-1, max-image-preview:large, max-video-preview:-1\" \/>\n<link rel=\"canonical\" href=\"https:\/\/paperandkraft.com\/shop\/produit\/winter-color\/\" \/>\n<meta property=\"og:locale\" content=\"fr_FR\" \/>\n<meta property=\"og:type\" content=\"article\" \/>\n<meta property=\"og:title\" content=\"faire-part mariage Winter\" \/>\n<meta property=\"og:description\" content=\"Paysages montagneux, pins ployant sous l&#039;amas de neige, raquette chauss\u00e9e et doudoune enfil\u00e9e, vous vous appr\u00eatez \u00e0 c\u00e9l\u00e9brer votre c\u00e9r\u00e9monie au mileu de l&#039;hiver \u00e0 la lueur des bougies, une fois les voeux \u00e9chang\u00e9s direction le chalets pour un cocktail cosy au coin du feu.., L&#039;hiver, par\u00e9 de son manteau blanc offre un cadre magique et original \u00e0 un mariage.\u00a0 Paper And Kraft vous d\u00e9voile son faire-part d\u00e9di\u00e9 \u00e0 cette saison pleine de surprise et d&#039;audace.  &nbsp;\" \/>\n<meta property=\"og:url\" content=\"https:\/\/paperandkraft.com\/shop\/produit\/winter-color\/\" \/>\n<meta property=\"og:site_name\" content=\"PaperAndKraft\" \/>\n<meta property=\"article:publisher\" content=\"https:\/\/www.facebook.com\/paperandkraft\" \/>\n<meta property=\"article:modified_time\" content=\"2022-02-24T20:14:38+00:00\" \/>\n<meta property=\"og:image\" content=\"https:\/\/paperandkraft.com\/shop\/wp-content\/uploads\/2020\/03\/faire-part-mariage-theme-hiver.jpg\" \/>\n\t<meta property=\"og:image:width\" content=\"700\" \/>\n\t<meta property=\"og:image:height\" content=\"900\" \/>\n\t<meta property=\"og:image:type\" content=\"image\/jpeg\" \/>\n<meta name=\"twitter:card\" content=\"summary_large_image\" \/>\n<meta name=\"twitter:label1\" content=\"Prix\" \/>\n\t<meta name=\"twitter:data1\" content=\"2.00&euro;\" \/>\n\t<meta name=\"twitter:label2\" content=\"Disponibilit\u00e9\" \/>\n\t<meta name=\"twitter:data2\" content=\"En stock\" \/>\n<meta property=\"product:price:amount\" content=\"2.00\" \/>\n<meta property=\"product:price:currency\" content=\"EUR\" \/>\n<meta property=\"og:availability\" content=\"instock\" \/>\n<meta property=\"product:availability\" content=\"instock\" \/>\n<meta property=\"product:condition\" content=\"new\" \/>\n<!-- \/ Yoast SEO Premium plugin. -->","yoast_head_json":{"title":"Faire-part mariage th\u00e8me hiver Winter - Paperandkraft","description":"Vous vous mariez en Hiver ? alors ce Magnifique faire-part pour une mariage sur le th\u00e8me de l'hiver est fait pour vous ! A commander avec l'invitation et le RSVP assorti.","robots":{"index":"index","follow":"follow","max-snippet":"max-snippet:-1","max-image-preview":"max-image-preview:large","max-video-preview":"max-video-preview:-1"},"canonical":"https:\/\/paperandkraft.com\/shop\/produit\/winter-color\/","og_locale":"fr_FR","og_type":"article","og_title":"faire-part mariage Winter","og_description":"Paysages montagneux, pins ployant sous l'amas de neige, raquette chauss\u00e9e et doudoune enfil\u00e9e, vous vous appr\u00eatez \u00e0 c\u00e9l\u00e9brer votre c\u00e9r\u00e9monie au mileu de l'hiver \u00e0 la lueur des bougies, une fois les voeux \u00e9chang\u00e9s direction le chalets pour un cocktail cosy au coin du feu.., L'hiver, par\u00e9 de son manteau blanc offre un cadre magique et original \u00e0 un mariage.\u00a0 Paper And Kraft vous d\u00e9voile son faire-part d\u00e9di\u00e9 \u00e0 cette saison pleine de surprise et d'audace.  &nbsp;","og_url":"https:\/\/paperandkraft.com\/shop\/produit\/winter-color\/","og_site_name":"PaperAndKraft","article_publisher":"https:\/\/www.facebook.com\/paperandkraft","article_modified_time":"2022-02-24T20:14:38+00:00","og_image":[{"width":700,"height":900,"url":"https:\/\/paperandkraft.com\/shop\/wp-content\/uploads\/2020\/03\/faire-part-mariage-theme-hiver.jpg","type":"image\/jpeg"}],"twitter_card":"summary_large_image","twitter_misc":{"Prix":"2.00&euro;","Disponibilit\u00e9":"En stock"},"schema":{"@context":"https:\/\/schema.org","@graph":[{"@type":"WebPage","@id":"https:\/\/paperandkraft.com\/shop\/produit\/winter-color\/","url":"https:\/\/paperandkraft.com\/shop\/produit\/winter-color\/","name":"Faire-part mariage th\u00e8me hiver Winter - Paperandkraft","isPartOf":{"@id":"https:\/\/paperandkraft.com\/shop\/#website"},"primaryImageOfPage":{"@id":"https:\/\/paperandkraft.com\/shop\/produit\/winter-color\/#primaryimage"},"image":{"@id":"https:\/\/paperandkraft.com\/shop\/produit\/winter-color\/#primaryimage"},"thumbnailUrl":"https:\/\/paperandkraft.com\/shop\/wp-content\/uploads\/2020\/03\/faire-part-mariage-theme-hiver.jpg","datePublished":"2015-11-27T13:55:57+00:00","dateModified":"2022-02-24T20:14:38+00:00","description":"Vous vous mariez en Hiver ? alors ce Magnifique faire-part pour une mariage sur le th\u00e8me de l'hiver est fait pour vous ! A commander avec l'invitation et le RSVP assorti.","breadcrumb":{"@id":"https:\/\/paperandkraft.com\/shop\/produit\/winter-color\/#breadcrumb"},"inLanguage":"fr-FR","potentialAction":[{"@type":"ReadAction","target":["https:\/\/paperandkraft.com\/shop\/produit\/winter-color\/"]}]},{"@type":"ImageObject","inLanguage":"fr-FR","@id":"https:\/\/paperandkraft.com\/shop\/produit\/winter-color\/#primaryimage","url":"https:\/\/paperandkraft.com\/shop\/wp-content\/uploads\/2020\/03\/faire-part-mariage-theme-hiver.jpg","contentUrl":"https:\/\/paperandkraft.com\/shop\/wp-content\/uploads\/2020\/03\/faire-part-mariage-theme-hiver.jpg","width":700,"height":900},{"@type":"BreadcrumbList","@id":"https:\/\/paperandkraft.com\/shop\/produit\/winter-color\/#breadcrumb","itemListElement":[{"@type":"ListItem","position":1,"name":"Accueil","item":"https:\/\/paperandkraft.com\/shop\/"},{"@type":"ListItem","position":2,"name":"Boutique","item":"https:\/\/paperandkraft.com\/shop\/boutique\/"},{"@type":"ListItem","position":3,"name":"faire-part mariage Winter"}]},{"@type":"WebSite","@id":"https:\/\/paperandkraft.com\/shop\/#website","url":"https:\/\/paperandkraft.com\/shop\/","name":"PaperAndKraft","description":"Faire-part de mariage et naissance en papier recycl\u00e9","publisher":{"@id":"https:\/\/paperandkraft.com\/shop\/#organization"},"potentialAction":[{"@type":"SearchAction","target":{"@type":"EntryPoint","urlTemplate":"https:\/\/paperandkraft.com\/shop\/?s={search_term_string}"},"query-input":{"@type":"PropertyValueSpecification","valueRequired":true,"valueName":"search_term_string"}}],"inLanguage":"fr-FR"},{"@type":"Organization","@id":"https:\/\/paperandkraft.com\/shop\/#organization","name":"Paper And Kraft : Faire-Part","url":"https:\/\/paperandkraft.com\/shop\/","logo":{"@type":"ImageObject","inLanguage":"fr-FR","@id":"https:\/\/paperandkraft.com\/shop\/#\/schema\/logo\/image\/","url":"https:\/\/paperandkraft.com\/shop\/wp-content\/uploads\/2020\/03\/logo-2020-noir-1.png","contentUrl":"https:\/\/paperandkraft.com\/shop\/wp-content\/uploads\/2020\/03\/logo-2020-noir-1.png","width":350,"height":76,"caption":"Paper And Kraft : Faire-Part"},"image":{"@id":"https:\/\/paperandkraft.com\/shop\/#\/schema\/logo\/image\/"},"sameAs":["https:\/\/www.facebook.com\/paperandkraft","https:\/\/www.instagram.com\/paper_and_kraft\/","https:\/\/www.pinterest.fr\/paperandkraft\/"]}]},"product_price_amount":"2.00","product_price_currency":"EUR","og_availability":"instock","product_availability":"instock","product_condition":"new"},"_links":{"self":[{"href":"https:\/\/paperandkraft.com\/shop\/wp-json\/wp\/v2\/product\/1632","targetHints":{"allow":["GET"]}}],"collection":[{"href":"https:\/\/paperandkraft.com\/shop\/wp-json\/wp\/v2\/product"}],"about":[{"href":"https:\/\/paperandkraft.com\/shop\/wp-json\/wp\/v2\/types\/product"}],"replies":[{"embeddable":true,"href":"https:\/\/paperandkraft.com\/shop\/wp-json\/wp\/v2\/comments?post=1632"}],"wp:featuredmedia":[{"embeddable":true,"href":"https:\/\/paperandkraft.com\/shop\/wp-json\/wp\/v2\/media\/16572"}],"wp:attachment":[{"href":"https:\/\/paperandkraft.com\/shop\/wp-json\/wp\/v2\/media?parent=1632"}],"wp:term":[{"taxonomy":"product_brand","embeddable":true,"href":"https:\/\/paperandkraft.com\/shop\/wp-json\/wp\/v2\/product_brand?post=1632"},{"taxonomy":"product_cat","embeddable":true,"href":"https:\/\/paperandkraft.com\/shop\/wp-json\/wp\/v2\/product_cat?post=1632"},{"taxonomy":"product_tag","embeddable":true,"href":"https:\/\/paperandkraft.com\/shop\/wp-json\/wp\/v2\/product_tag?post=1632"}],"curies":[{"name":"wp","href":"https:\/\/api.w.org\/{rel}","templated":true}]}}