{"id":1619,"date":"2015-11-24T11:11:46","date_gmt":"2015-11-24T11:11:46","guid":{"rendered":"http:\/\/paperandkraft.com\/shop\/produit\/bird-2-2\/"},"modified":"2022-02-15T23:51:39","modified_gmt":"2022-02-15T23:51:39","slug":"faire-part-naissance-kraft-bird","status":"publish","type":"product","link":"https:\/\/paperandkraft.com\/shop\/produit\/faire-part-naissance-kraft-bird\/","title":{"rendered":"Bird"},"content":{"rendered":"<p>Un oiseau tout dodu cr\u00e2ne fi\u00e8rement sur la couverture en regardant avec tendresse le pr\u00e9nom de votre petit ange \u00e9crit dans une typographie tr\u00e8s soign\u00e9e.<\/p>\n<p>Voici l&#8217;un des best seller de Paper And kraft, pour gar\u00e7on ou fille, une faire-part\u00a0 naissance kraft th\u00e8me nature.<\/p>\n<p>La Naissance d&#8217;un b\u00e9b\u00e9 est unique, alors notre faire-part aussi, vous pouvez le personnaliser comme bon vous semble<\/p>\n<p>Changez la couleur du rebondi volatile \u00e0 votre guise ou le style de caract\u00e8re utilis\u00e9. Sur le premier feuillet interne reli\u00e9 par une jolie ficelle de lin c&#8217;est une superposition de piafs potel\u00e9s qui vient d\u00e9corer le joli texte que vous aurez imagin\u00e9 pour pr\u00e9senter au monde votre nouveau n\u00e9. Ensuite un dernier feuillet pour conclure ce faire-part sur lequel la photo de votre petit ange sera chaperonn\u00e9 par les ventripotents volatiles.<\/p>\n","protected":false},"excerpt":{"rendered":"<p style=\"text-align: center;\"><a href=\"https:\/\/paperandkraft.com\/shop\/votre-maquette-naissance-gratuite\/?nom_du_modele=Birds\" target=\"blank\" class=\"button primary is-primary expand\" >\n\t\t<span>Nous vous faisons la maquette gratuite <\/span>\n\t<\/a>\n\n","protected":false},"featured_media":16570,"comment_status":"open","ping_status":"closed","template":"","meta":{"_acf_changed":false,"inline_featured_image":false},"product_brand":[],"product_cat":[225,172,66,67,63,110],"product_tag":[],"class_list":{"0":"post-1619","1":"product","2":"type-product","3":"status-publish","4":"has-post-thumbnail","6":"product_cat-faire-part-naissance-mixte","7":"product_cat-faire-part-naissance-animaux","8":"product_cat-faire-part-naissance-garcon","9":"product_cat-faire-part-naissance-fille","10":"product_cat-faire-part-little-gaia","11":"product_cat-faire-part-naissance-original","13":"first","14":"instock","15":"taxable","16":"shipping-taxable","17":"purchasable","18":"product-type-simple"},"acf":[],"yoast_head":"<!-- This site is optimized with the Yoast SEO Premium plugin v24.6 (Yoast SEO v27.4) - https:\/\/yoast.com\/product\/yoast-seo-premium-wordpress\/ -->\n<title>Faire-part de naissance Oiseau - Paperandkraft.com<\/title>\n<meta name=\"description\" content=\"Faire-part de naissance gar\u00e7on ou fille sur le th\u00e8me des oiseaux, imprim\u00e9 sur du papier kraft recycl\u00e9, en 3 feuillets.\" \/>\n<meta name=\"robots\" content=\"index, follow, max-snippet:-1, max-image-preview:large, max-video-preview:-1\" \/>\n<link rel=\"canonical\" href=\"https:\/\/paperandkraft.com\/shop\/produit\/faire-part-naissance-kraft-bird\/\" \/>\n<meta property=\"og:locale\" content=\"fr_FR\" \/>\n<meta property=\"og:type\" content=\"article\" \/>\n<meta property=\"og:title\" content=\"Bird\" \/>\n<meta property=\"og:url\" content=\"https:\/\/paperandkraft.com\/shop\/produit\/faire-part-naissance-kraft-bird\/\" \/>\n<meta property=\"og:site_name\" content=\"PaperAndKraft\" \/>\n<meta property=\"article:publisher\" content=\"https:\/\/www.facebook.com\/paperandkraft\" \/>\n<meta property=\"article:modified_time\" content=\"2022-02-15T23:51:39+00:00\" \/>\n<meta property=\"og:image\" content=\"https:\/\/paperandkraft.com\/shop\/wp-content\/uploads\/2020\/03\/faire-part-naissance-mixte-e-npapier-kraft-avec-petit-oiseua-sur-la-couverture-1.jpg\" \/>\n\t<meta property=\"og:image:width\" content=\"700\" \/>\n\t<meta property=\"og:image:height\" content=\"700\" \/>\n\t<meta property=\"og:image:type\" content=\"image\/jpeg\" \/>\n<meta name=\"twitter:card\" content=\"summary_large_image\" \/>\n<meta name=\"twitter:label1\" content=\"Prix\" \/>\n\t<meta name=\"twitter:data1\" content=\"3.50&euro;\" \/>\n\t<meta name=\"twitter:label2\" content=\"Disponibilit\u00e9\" \/>\n\t<meta name=\"twitter:data2\" content=\"En stock\" \/>\n<meta property=\"product:price:amount\" content=\"3.50\" \/>\n<meta property=\"product:price:currency\" content=\"EUR\" \/>\n<meta property=\"og:availability\" content=\"instock\" \/>\n<meta property=\"product:availability\" content=\"instock\" \/>\n<meta property=\"product:condition\" content=\"new\" \/>\n<!-- \/ Yoast SEO Premium plugin. -->","yoast_head_json":{"title":"Faire-part de naissance Oiseau - Paperandkraft.com","description":"Faire-part de naissance gar\u00e7on ou fille sur le th\u00e8me des oiseaux, imprim\u00e9 sur du papier kraft recycl\u00e9, en 3 feuillets.","robots":{"index":"index","follow":"follow","max-snippet":"max-snippet:-1","max-image-preview":"max-image-preview:large","max-video-preview":"max-video-preview:-1"},"canonical":"https:\/\/paperandkraft.com\/shop\/produit\/faire-part-naissance-kraft-bird\/","og_locale":"fr_FR","og_type":"article","og_title":"Bird","og_url":"https:\/\/paperandkraft.com\/shop\/produit\/faire-part-naissance-kraft-bird\/","og_site_name":"PaperAndKraft","article_publisher":"https:\/\/www.facebook.com\/paperandkraft","article_modified_time":"2022-02-15T23:51:39+00:00","og_image":[{"width":700,"height":700,"url":"https:\/\/paperandkraft.com\/shop\/wp-content\/uploads\/2020\/03\/faire-part-naissance-mixte-e-npapier-kraft-avec-petit-oiseua-sur-la-couverture-1.jpg","type":"image\/jpeg"}],"twitter_card":"summary_large_image","twitter_misc":{"Prix":"3.50&euro;","Disponibilit\u00e9":"En stock"},"schema":{"@context":"https:\/\/schema.org","@graph":[{"@type":"WebPage","@id":"https:\/\/paperandkraft.com\/shop\/produit\/faire-part-naissance-kraft-bird\/","url":"https:\/\/paperandkraft.com\/shop\/produit\/faire-part-naissance-kraft-bird\/","name":"Faire-part de naissance Oiseau - Paperandkraft.com","isPartOf":{"@id":"https:\/\/paperandkraft.com\/shop\/#website"},"primaryImageOfPage":{"@id":"https:\/\/paperandkraft.com\/shop\/produit\/faire-part-naissance-kraft-bird\/#primaryimage"},"image":{"@id":"https:\/\/paperandkraft.com\/shop\/produit\/faire-part-naissance-kraft-bird\/#primaryimage"},"thumbnailUrl":"https:\/\/paperandkraft.com\/shop\/wp-content\/uploads\/2020\/03\/faire-part-naissance-mixte-e-npapier-kraft-avec-petit-oiseua-sur-la-couverture-1.jpg","datePublished":"2015-11-24T11:11:46+00:00","dateModified":"2022-02-15T23:51:39+00:00","description":"Faire-part de naissance gar\u00e7on ou fille sur le th\u00e8me des oiseaux, imprim\u00e9 sur du papier kraft recycl\u00e9, en 3 feuillets.","breadcrumb":{"@id":"https:\/\/paperandkraft.com\/shop\/produit\/faire-part-naissance-kraft-bird\/#breadcrumb"},"inLanguage":"fr-FR","potentialAction":[{"@type":"ReadAction","target":["https:\/\/paperandkraft.com\/shop\/produit\/faire-part-naissance-kraft-bird\/"]}]},{"@type":"ImageObject","inLanguage":"fr-FR","@id":"https:\/\/paperandkraft.com\/shop\/produit\/faire-part-naissance-kraft-bird\/#primaryimage","url":"https:\/\/paperandkraft.com\/shop\/wp-content\/uploads\/2020\/03\/faire-part-naissance-mixte-e-npapier-kraft-avec-petit-oiseua-sur-la-couverture-1.jpg","contentUrl":"https:\/\/paperandkraft.com\/shop\/wp-content\/uploads\/2020\/03\/faire-part-naissance-mixte-e-npapier-kraft-avec-petit-oiseua-sur-la-couverture-1.jpg","width":700,"height":700},{"@type":"BreadcrumbList","@id":"https:\/\/paperandkraft.com\/shop\/produit\/faire-part-naissance-kraft-bird\/#breadcrumb","itemListElement":[{"@type":"ListItem","position":1,"name":"Accueil","item":"https:\/\/paperandkraft.com\/shop\/"},{"@type":"ListItem","position":2,"name":"Boutique","item":"https:\/\/paperandkraft.com\/shop\/boutique\/"},{"@type":"ListItem","position":3,"name":"Bird"}]},{"@type":"WebSite","@id":"https:\/\/paperandkraft.com\/shop\/#website","url":"https:\/\/paperandkraft.com\/shop\/","name":"PaperAndKraft","description":"Faire-part de mariage et naissance en papier recycl\u00e9","publisher":{"@id":"https:\/\/paperandkraft.com\/shop\/#organization"},"potentialAction":[{"@type":"SearchAction","target":{"@type":"EntryPoint","urlTemplate":"https:\/\/paperandkraft.com\/shop\/?s={search_term_string}"},"query-input":{"@type":"PropertyValueSpecification","valueRequired":true,"valueName":"search_term_string"}}],"inLanguage":"fr-FR"},{"@type":"Organization","@id":"https:\/\/paperandkraft.com\/shop\/#organization","name":"Paper And Kraft : Faire-Part","url":"https:\/\/paperandkraft.com\/shop\/","logo":{"@type":"ImageObject","inLanguage":"fr-FR","@id":"https:\/\/paperandkraft.com\/shop\/#\/schema\/logo\/image\/","url":"https:\/\/paperandkraft.com\/shop\/wp-content\/uploads\/2020\/03\/logo-2020-noir-1.png","contentUrl":"https:\/\/paperandkraft.com\/shop\/wp-content\/uploads\/2020\/03\/logo-2020-noir-1.png","width":350,"height":76,"caption":"Paper And Kraft : Faire-Part"},"image":{"@id":"https:\/\/paperandkraft.com\/shop\/#\/schema\/logo\/image\/"},"sameAs":["https:\/\/www.facebook.com\/paperandkraft","https:\/\/www.instagram.com\/paper_and_kraft\/","https:\/\/www.pinterest.fr\/paperandkraft\/"]}]},"product_price_amount":"3.50","product_price_currency":"EUR","og_availability":"instock","product_availability":"instock","product_condition":"new"},"_links":{"self":[{"href":"https:\/\/paperandkraft.com\/shop\/wp-json\/wp\/v2\/product\/1619","targetHints":{"allow":["GET"]}}],"collection":[{"href":"https:\/\/paperandkraft.com\/shop\/wp-json\/wp\/v2\/product"}],"about":[{"href":"https:\/\/paperandkraft.com\/shop\/wp-json\/wp\/v2\/types\/product"}],"replies":[{"embeddable":true,"href":"https:\/\/paperandkraft.com\/shop\/wp-json\/wp\/v2\/comments?post=1619"}],"wp:featuredmedia":[{"embeddable":true,"href":"https:\/\/paperandkraft.com\/shop\/wp-json\/wp\/v2\/media\/16570"}],"wp:attachment":[{"href":"https:\/\/paperandkraft.com\/shop\/wp-json\/wp\/v2\/media?parent=1619"}],"wp:term":[{"taxonomy":"product_brand","embeddable":true,"href":"https:\/\/paperandkraft.com\/shop\/wp-json\/wp\/v2\/product_brand?post=1619"},{"taxonomy":"product_cat","embeddable":true,"href":"https:\/\/paperandkraft.com\/shop\/wp-json\/wp\/v2\/product_cat?post=1619"},{"taxonomy":"product_tag","embeddable":true,"href":"https:\/\/paperandkraft.com\/shop\/wp-json\/wp\/v2\/product_tag?post=1619"}],"curies":[{"name":"wp","href":"https:\/\/api.w.org\/{rel}","templated":true}]}}