{"id":1613,"date":"2015-11-24T11:09:14","date_gmt":"2015-11-24T11:09:14","guid":{"rendered":"http:\/\/paperandkraft.com\/shop\/produit\/rhino\/"},"modified":"2022-06-08T11:34:18","modified_gmt":"2022-06-08T11:34:18","slug":"faire-part-naissance-kraft-rhinoceros","status":"publish","type":"product","link":"https:\/\/paperandkraft.com\/shop\/produit\/faire-part-naissance-kraft-rhinoceros\/","title":{"rendered":"Rhino"},"content":{"rendered":"<p>Dans la famille des faire-part rigolos, je demande le Rhinoc\u00e9ros ! tout rond tout dodu, un rhinoc\u00e9ros attendrissant est assis fi\u00e8rement sur la couverture du faire-part naissance th\u00e8me animaux. Il est trop rigolo avec son pull trop petit pour son bidou grassouillet. Selon vos envies, jouez sur les couleurs pour en faire un sp\u00e9cial fille ou un sp\u00e9cial gar\u00e7on. Puis choisissez la typographie pour inscrire le pr\u00e9nom de votre petit ange ainsi que la date de sa naissance.<\/p>\n<p>Une fois reli\u00e9e par une jolie ficelle de lin cette couverture en papier kraft laisse place \u00e0 un premier feuillet avec le texte que vous aurez imagin\u00e9 et notre \u00e9quipe de graphistes viendra l&#8217;embellir avec de jolies illustrations comme une frise liberty et un rappel du ventripotent rhinoc\u00e9ros. Puis Le deuxi\u00e8me feuillet de v\u00e9lin blanc recycl\u00e9 est quant \u00e0 lui consacr\u00e9 si vous le d\u00e9sirez \u00e0 la photo de votre b\u00e9b\u00e9.<\/p>\n<p>Le faire-part est livr\u00e9 avec son enveloppe kraft.<\/p>\n<p>Et en option, nous vous proposons une \u00e9tiquette sur le th\u00e8me de la carte naissance c&#8217;est \u00e0 dire illustr\u00e9e avec des dessins de l&#8217;univers du rhinoc\u00e9ros afin que vous puissiez inscrire facilement et de fa\u00e7on originale les adresses de vos proches.<\/p>\n<p>Lorsque vos destinataires recevront la pr\u00e9cieuse lettre ils seront sans nul doute \u00e9blouis par l&#8217;originalit\u00e9 et la tendresse de l&#8217;enveloppe et son \u00e9tiquette !<\/p>\n","protected":false},"excerpt":{"rendered":"<p style=\"text-align: center;\"><a href=\"https:\/\/paperandkraft.com\/shop\/votre-maquette-naissance-gratuite\/?nom_du_modele=Rhino\" target=\"blank\" class=\"button secondary is-secondary is-medium hide-for-small\" >\n\t\t<span>Je demande ma maquette gratuite<\/span>\n\t<\/a>\n\n<a href=\"https:\/\/paperandkraft.com\/shop\/votre-maquette-naissance-gratuite\/?nom_du_modele=Le%20Rhino\" target=\"_blank\" class=\"button secondary is-medium expand sticky-footer-button show-for-small\" rel=\"noopener\" >\n\t\t<span>Je demande<br \/>\nma maquette gratuite<\/span>\n\t<\/a>\n\n","protected":false},"featured_media":16566,"comment_status":"open","ping_status":"closed","template":"","meta":{"_acf_changed":false,"inline_featured_image":false},"product_brand":[],"product_cat":[222,225,172,67,63],"product_tag":[],"class_list":{"0":"post-1613","1":"product","2":"type-product","3":"status-publish","4":"has-post-thumbnail","6":"product_cat-carte-de-naissance","7":"product_cat-faire-part-naissance-mixte","8":"product_cat-faire-part-naissance-animaux","9":"product_cat-faire-part-naissance-fille","10":"product_cat-faire-part-little-gaia","12":"first","13":"instock","14":"taxable","15":"shipping-taxable","16":"purchasable","17":"product-type-simple"},"acf":[],"yoast_head":"<!-- This site is optimized with the Yoast SEO Premium plugin v24.6 (Yoast SEO v27.5) - https:\/\/yoast.com\/product\/yoast-seo-premium-wordpress\/ -->\n<title>Faire-part naissance Rhinoc\u00e9ros - Paperandkraft.com<\/title>\n<meta name=\"description\" content=\"Faire-part de naissance en papier recycl\u00e9 th\u00e8me animaux avec un rhinoc\u00e9ros rigolo sur la couverture. Personnalisable pour gar\u00e7on ou fille.\" \/>\n<meta name=\"robots\" content=\"index, follow, max-snippet:-1, max-image-preview:large, max-video-preview:-1\" \/>\n<link rel=\"canonical\" href=\"https:\/\/paperandkraft.com\/shop\/produit\/faire-part-naissance-kraft-rhinoceros\/\" \/>\n<meta property=\"og:locale\" content=\"fr_FR\" \/>\n<meta property=\"og:type\" content=\"article\" \/>\n<meta property=\"og:title\" content=\"Rhino\" \/>\n<meta property=\"og:url\" content=\"https:\/\/paperandkraft.com\/shop\/produit\/faire-part-naissance-kraft-rhinoceros\/\" \/>\n<meta property=\"og:site_name\" content=\"PaperAndKraft\" \/>\n<meta property=\"article:publisher\" content=\"https:\/\/www.facebook.com\/paperandkraft\" \/>\n<meta property=\"article:modified_time\" content=\"2022-06-08T11:34:18+00:00\" \/>\n<meta property=\"og:image\" content=\"https:\/\/paperandkraft.com\/shop\/wp-content\/uploads\/2020\/03\/faire-part-naissance-fille-en-papier-kraft.jpg\" \/>\n\t<meta property=\"og:image:width\" content=\"700\" \/>\n\t<meta property=\"og:image:height\" content=\"700\" \/>\n\t<meta property=\"og:image:type\" content=\"image\/jpeg\" \/>\n<meta name=\"twitter:card\" content=\"summary_large_image\" \/>\n<meta name=\"twitter:label1\" content=\"Prix\" \/>\n\t<meta name=\"twitter:data1\" content=\"3.50&euro;\" \/>\n\t<meta name=\"twitter:label2\" content=\"Disponibilit\u00e9\" \/>\n\t<meta name=\"twitter:data2\" content=\"En stock\" \/>\n<meta property=\"product:price:amount\" content=\"3.50\" \/>\n<meta property=\"product:price:currency\" content=\"EUR\" \/>\n<meta property=\"og:availability\" content=\"instock\" \/>\n<meta property=\"product:availability\" content=\"instock\" \/>\n<meta property=\"product:condition\" content=\"new\" \/>\n<!-- \/ Yoast SEO Premium plugin. -->","yoast_head_json":{"title":"Faire-part naissance Rhinoc\u00e9ros - Paperandkraft.com","description":"Faire-part de naissance en papier recycl\u00e9 th\u00e8me animaux avec un rhinoc\u00e9ros rigolo sur la couverture. Personnalisable pour gar\u00e7on ou fille.","robots":{"index":"index","follow":"follow","max-snippet":"max-snippet:-1","max-image-preview":"max-image-preview:large","max-video-preview":"max-video-preview:-1"},"canonical":"https:\/\/paperandkraft.com\/shop\/produit\/faire-part-naissance-kraft-rhinoceros\/","og_locale":"fr_FR","og_type":"article","og_title":"Rhino","og_url":"https:\/\/paperandkraft.com\/shop\/produit\/faire-part-naissance-kraft-rhinoceros\/","og_site_name":"PaperAndKraft","article_publisher":"https:\/\/www.facebook.com\/paperandkraft","article_modified_time":"2022-06-08T11:34:18+00:00","og_image":[{"width":700,"height":700,"url":"https:\/\/paperandkraft.com\/shop\/wp-content\/uploads\/2020\/03\/faire-part-naissance-fille-en-papier-kraft.jpg","type":"image\/jpeg"}],"twitter_card":"summary_large_image","twitter_misc":{"Prix":"3.50&euro;","Disponibilit\u00e9":"En stock"},"schema":{"@context":"https:\/\/schema.org","@graph":[{"@type":"WebPage","@id":"https:\/\/paperandkraft.com\/shop\/produit\/faire-part-naissance-kraft-rhinoceros\/","url":"https:\/\/paperandkraft.com\/shop\/produit\/faire-part-naissance-kraft-rhinoceros\/","name":"Faire-part naissance Rhinoc\u00e9ros - Paperandkraft.com","isPartOf":{"@id":"https:\/\/paperandkraft.com\/shop\/#website"},"primaryImageOfPage":{"@id":"https:\/\/paperandkraft.com\/shop\/produit\/faire-part-naissance-kraft-rhinoceros\/#primaryimage"},"image":{"@id":"https:\/\/paperandkraft.com\/shop\/produit\/faire-part-naissance-kraft-rhinoceros\/#primaryimage"},"thumbnailUrl":"https:\/\/paperandkraft.com\/shop\/wp-content\/uploads\/2020\/03\/faire-part-naissance-fille-en-papier-kraft.jpg","datePublished":"2015-11-24T11:09:14+00:00","dateModified":"2022-06-08T11:34:18+00:00","description":"Faire-part de naissance en papier recycl\u00e9 th\u00e8me animaux avec un rhinoc\u00e9ros rigolo sur la couverture. Personnalisable pour gar\u00e7on ou fille.","breadcrumb":{"@id":"https:\/\/paperandkraft.com\/shop\/produit\/faire-part-naissance-kraft-rhinoceros\/#breadcrumb"},"inLanguage":"fr-FR","potentialAction":[{"@type":"ReadAction","target":["https:\/\/paperandkraft.com\/shop\/produit\/faire-part-naissance-kraft-rhinoceros\/"]}]},{"@type":"ImageObject","inLanguage":"fr-FR","@id":"https:\/\/paperandkraft.com\/shop\/produit\/faire-part-naissance-kraft-rhinoceros\/#primaryimage","url":"https:\/\/paperandkraft.com\/shop\/wp-content\/uploads\/2020\/03\/faire-part-naissance-fille-en-papier-kraft.jpg","contentUrl":"https:\/\/paperandkraft.com\/shop\/wp-content\/uploads\/2020\/03\/faire-part-naissance-fille-en-papier-kraft.jpg","width":700,"height":700},{"@type":"BreadcrumbList","@id":"https:\/\/paperandkraft.com\/shop\/produit\/faire-part-naissance-kraft-rhinoceros\/#breadcrumb","itemListElement":[{"@type":"ListItem","position":1,"name":"Accueil","item":"https:\/\/paperandkraft.com\/shop\/"},{"@type":"ListItem","position":2,"name":"Boutique","item":"https:\/\/paperandkraft.com\/shop\/boutique\/"},{"@type":"ListItem","position":3,"name":"Rhino"}]},{"@type":"WebSite","@id":"https:\/\/paperandkraft.com\/shop\/#website","url":"https:\/\/paperandkraft.com\/shop\/","name":"PaperAndKraft","description":"Faire-part de mariage et naissance en papier recycl\u00e9","publisher":{"@id":"https:\/\/paperandkraft.com\/shop\/#organization"},"potentialAction":[{"@type":"SearchAction","target":{"@type":"EntryPoint","urlTemplate":"https:\/\/paperandkraft.com\/shop\/?s={search_term_string}"},"query-input":{"@type":"PropertyValueSpecification","valueRequired":true,"valueName":"search_term_string"}}],"inLanguage":"fr-FR"},{"@type":"Organization","@id":"https:\/\/paperandkraft.com\/shop\/#organization","name":"Paper And Kraft : Faire-Part","url":"https:\/\/paperandkraft.com\/shop\/","logo":{"@type":"ImageObject","inLanguage":"fr-FR","@id":"https:\/\/paperandkraft.com\/shop\/#\/schema\/logo\/image\/","url":"https:\/\/paperandkraft.com\/shop\/wp-content\/uploads\/2020\/03\/logo-2020-noir-1.png","contentUrl":"https:\/\/paperandkraft.com\/shop\/wp-content\/uploads\/2020\/03\/logo-2020-noir-1.png","width":350,"height":76,"caption":"Paper And Kraft : Faire-Part"},"image":{"@id":"https:\/\/paperandkraft.com\/shop\/#\/schema\/logo\/image\/"},"sameAs":["https:\/\/www.facebook.com\/paperandkraft","https:\/\/www.instagram.com\/paper_and_kraft\/","https:\/\/www.pinterest.fr\/paperandkraft\/"]}]},"product_price_amount":"3.50","product_price_currency":"EUR","og_availability":"instock","product_availability":"instock","product_condition":"new"},"_links":{"self":[{"href":"https:\/\/paperandkraft.com\/shop\/wp-json\/wp\/v2\/product\/1613","targetHints":{"allow":["GET"]}}],"collection":[{"href":"https:\/\/paperandkraft.com\/shop\/wp-json\/wp\/v2\/product"}],"about":[{"href":"https:\/\/paperandkraft.com\/shop\/wp-json\/wp\/v2\/types\/product"}],"replies":[{"embeddable":true,"href":"https:\/\/paperandkraft.com\/shop\/wp-json\/wp\/v2\/comments?post=1613"}],"wp:featuredmedia":[{"embeddable":true,"href":"https:\/\/paperandkraft.com\/shop\/wp-json\/wp\/v2\/media\/16566"}],"wp:attachment":[{"href":"https:\/\/paperandkraft.com\/shop\/wp-json\/wp\/v2\/media?parent=1613"}],"wp:term":[{"taxonomy":"product_brand","embeddable":true,"href":"https:\/\/paperandkraft.com\/shop\/wp-json\/wp\/v2\/product_brand?post=1613"},{"taxonomy":"product_cat","embeddable":true,"href":"https:\/\/paperandkraft.com\/shop\/wp-json\/wp\/v2\/product_cat?post=1613"},{"taxonomy":"product_tag","embeddable":true,"href":"https:\/\/paperandkraft.com\/shop\/wp-json\/wp\/v2\/product_tag?post=1613"}],"curies":[{"name":"wp","href":"https:\/\/api.w.org\/{rel}","templated":true}]}}