{"id":1562,"date":"2015-11-14T17:46:01","date_gmt":"2015-11-14T17:46:01","guid":{"rendered":"http:\/\/paperandkraft.com\/shop\/fr\/produit\/invitation-beverly-hills\/"},"modified":"2021-08-10T07:29:38","modified_gmt":"2021-08-10T07:29:38","slug":"invitation-beverly-hills","status":"publish","type":"product","link":"https:\/\/paperandkraft.com\/shop\/produit\/invitation-beverly-hills\/","title":{"rendered":"Invitation Beverly Hills"},"content":{"rendered":"<p>Le carton est \u00e0 ins\u00e9rer avec le faire-part. Aussi il sera personnalis\u00e9 en respectant la mise en page du th\u00e8me du faire-part choisi<\/p>\n<p>Ainsi vous pouvez l&#8217;utiliser comme une invitation, un RSVP, une liste d&#8217;h\u00f4tel, un plan.<\/p>\n<p>Le carton est imprim\u00e9 Recto.<\/p>\n","protected":false},"excerpt":{"rendered":"<p>Le carton \u00e0 ins\u00e8rer dans le faire-part\u00a0sera personnaliser en respectant la mise en page du faire-part auquel il est associ\u00e9. Vous pouvez l&#8217;utiliser comme\u00a0une invitation, un RSVP, une liste d&#8217;h\u00f4tel, un plan etc..<br \/>\nle carton est imprim\u00e9 Recto.<\/p>\n","protected":false},"featured_media":16558,"comment_status":"open","ping_status":"closed","template":"","meta":{"_acf_changed":false,"inline_featured_image":false},"product_brand":[],"product_cat":[181],"product_tag":[],"class_list":{"0":"post-1562","1":"product","2":"type-product","3":"status-publish","4":"has-post-thumbnail","6":"product_cat-uncategorized","8":"first","9":"instock","10":"taxable","11":"shipping-taxable","12":"purchasable","13":"product-type-simple"},"acf":[],"yoast_head":"<!-- This site is optimized with the Yoast SEO Premium plugin v24.6 (Yoast SEO v27.4) - https:\/\/yoast.com\/product\/yoast-seo-premium-wordpress\/ -->\n<title>Carton d&#039;invitation mariage chic et moderne - Paperandkraft.com<\/title>\n<meta name=\"description\" content=\"Carton d&#039;invitation d\u00e9clin\u00e9 du faire-part &quot;berverly Hills&quot; Toujours tr\u00e8s sobre et chic, il est imprim\u00e9 sur du papier ivoire iris\u00e9\" \/>\n<meta name=\"robots\" content=\"index, follow, max-snippet:-1, max-image-preview:large, max-video-preview:-1\" \/>\n<link rel=\"canonical\" href=\"https:\/\/paperandkraft.com\/shop\/produit\/invitation-beverly-hills\/\" \/>\n<meta property=\"og:locale\" content=\"fr_FR\" \/>\n<meta property=\"og:type\" content=\"article\" \/>\n<meta property=\"og:title\" content=\"Invitation Beverly Hills\" \/>\n<meta property=\"og:description\" content=\"Le carton \u00e0 ins\u00e8rer dans le faire-part\u00a0sera personnaliser en respectant la mise en page du faire-part auquel il est associ\u00e9. Vous pouvez l&#039;utiliser comme\u00a0une invitation, un RSVP, une liste d&#039;h\u00f4tel, un plan etc.. le carton est imprim\u00e9 Recto.\" \/>\n<meta property=\"og:url\" content=\"https:\/\/paperandkraft.com\/shop\/produit\/invitation-beverly-hills\/\" \/>\n<meta property=\"og:site_name\" content=\"PaperAndKraft\" \/>\n<meta property=\"article:publisher\" content=\"https:\/\/www.facebook.com\/paperandkraft\" \/>\n<meta property=\"article:modified_time\" content=\"2021-08-10T07:29:38+00:00\" \/>\n<meta property=\"og:image\" content=\"https:\/\/paperandkraft.com\/shop\/wp-content\/uploads\/2020\/03\/invitation-beautiful-places.jpg\" \/>\n\t<meta property=\"og:image:width\" content=\"867\" \/>\n\t<meta property=\"og:image:height\" content=\"625\" \/>\n\t<meta property=\"og:image:type\" content=\"image\/jpeg\" \/>\n<meta name=\"twitter:card\" content=\"summary_large_image\" \/>\n<meta name=\"twitter:label1\" content=\"Prix\" \/>\n\t<meta name=\"twitter:data1\" content=\"1.50&euro;\" \/>\n\t<meta name=\"twitter:label2\" content=\"Disponibilit\u00e9\" \/>\n\t<meta name=\"twitter:data2\" content=\"En stock\" \/>\n<meta property=\"product:price:amount\" content=\"1.50\" \/>\n<meta property=\"product:price:currency\" content=\"EUR\" \/>\n<meta property=\"og:availability\" content=\"instock\" \/>\n<meta property=\"product:availability\" content=\"instock\" \/>\n<meta property=\"product:condition\" content=\"new\" \/>\n<!-- \/ Yoast SEO Premium plugin. -->","yoast_head_json":{"title":"Carton d'invitation mariage chic et moderne - Paperandkraft.com","description":"Carton d'invitation d\u00e9clin\u00e9 du faire-part \"berverly Hills\" Toujours tr\u00e8s sobre et chic, il est imprim\u00e9 sur du papier ivoire iris\u00e9","robots":{"index":"index","follow":"follow","max-snippet":"max-snippet:-1","max-image-preview":"max-image-preview:large","max-video-preview":"max-video-preview:-1"},"canonical":"https:\/\/paperandkraft.com\/shop\/produit\/invitation-beverly-hills\/","og_locale":"fr_FR","og_type":"article","og_title":"Invitation Beverly Hills","og_description":"Le carton \u00e0 ins\u00e8rer dans le faire-part\u00a0sera personnaliser en respectant la mise en page du faire-part auquel il est associ\u00e9. Vous pouvez l'utiliser comme\u00a0une invitation, un RSVP, une liste d'h\u00f4tel, un plan etc.. le carton est imprim\u00e9 Recto.","og_url":"https:\/\/paperandkraft.com\/shop\/produit\/invitation-beverly-hills\/","og_site_name":"PaperAndKraft","article_publisher":"https:\/\/www.facebook.com\/paperandkraft","article_modified_time":"2021-08-10T07:29:38+00:00","og_image":[{"width":867,"height":625,"url":"https:\/\/paperandkraft.com\/shop\/wp-content\/uploads\/2020\/03\/invitation-beautiful-places.jpg","type":"image\/jpeg"}],"twitter_card":"summary_large_image","twitter_misc":{"Prix":"1.50&euro;","Disponibilit\u00e9":"En stock"},"schema":{"@context":"https:\/\/schema.org","@graph":[{"@type":"WebPage","@id":"https:\/\/paperandkraft.com\/shop\/produit\/invitation-beverly-hills\/","url":"https:\/\/paperandkraft.com\/shop\/produit\/invitation-beverly-hills\/","name":"Carton d'invitation mariage chic et moderne - Paperandkraft.com","isPartOf":{"@id":"https:\/\/paperandkraft.com\/shop\/#website"},"primaryImageOfPage":{"@id":"https:\/\/paperandkraft.com\/shop\/produit\/invitation-beverly-hills\/#primaryimage"},"image":{"@id":"https:\/\/paperandkraft.com\/shop\/produit\/invitation-beverly-hills\/#primaryimage"},"thumbnailUrl":"https:\/\/paperandkraft.com\/shop\/wp-content\/uploads\/2020\/03\/invitation-beautiful-places.jpg","datePublished":"2015-11-14T17:46:01+00:00","dateModified":"2021-08-10T07:29:38+00:00","description":"Carton d'invitation d\u00e9clin\u00e9 du faire-part \"berverly Hills\" Toujours tr\u00e8s sobre et chic, il est imprim\u00e9 sur du papier ivoire iris\u00e9","breadcrumb":{"@id":"https:\/\/paperandkraft.com\/shop\/produit\/invitation-beverly-hills\/#breadcrumb"},"inLanguage":"fr-FR","potentialAction":[{"@type":"ReadAction","target":["https:\/\/paperandkraft.com\/shop\/produit\/invitation-beverly-hills\/"]}]},{"@type":"ImageObject","inLanguage":"fr-FR","@id":"https:\/\/paperandkraft.com\/shop\/produit\/invitation-beverly-hills\/#primaryimage","url":"https:\/\/paperandkraft.com\/shop\/wp-content\/uploads\/2020\/03\/invitation-beautiful-places.jpg","contentUrl":"https:\/\/paperandkraft.com\/shop\/wp-content\/uploads\/2020\/03\/invitation-beautiful-places.jpg","width":867,"height":625},{"@type":"BreadcrumbList","@id":"https:\/\/paperandkraft.com\/shop\/produit\/invitation-beverly-hills\/#breadcrumb","itemListElement":[{"@type":"ListItem","position":1,"name":"Accueil","item":"https:\/\/paperandkraft.com\/shop\/"},{"@type":"ListItem","position":2,"name":"Boutique","item":"https:\/\/paperandkraft.com\/shop\/boutique\/"},{"@type":"ListItem","position":3,"name":"Invitation Beverly Hills"}]},{"@type":"WebSite","@id":"https:\/\/paperandkraft.com\/shop\/#website","url":"https:\/\/paperandkraft.com\/shop\/","name":"PaperAndKraft","description":"Faire-part de mariage et naissance en papier recycl\u00e9","publisher":{"@id":"https:\/\/paperandkraft.com\/shop\/#organization"},"potentialAction":[{"@type":"SearchAction","target":{"@type":"EntryPoint","urlTemplate":"https:\/\/paperandkraft.com\/shop\/?s={search_term_string}"},"query-input":{"@type":"PropertyValueSpecification","valueRequired":true,"valueName":"search_term_string"}}],"inLanguage":"fr-FR"},{"@type":"Organization","@id":"https:\/\/paperandkraft.com\/shop\/#organization","name":"Paper And Kraft : Faire-Part","url":"https:\/\/paperandkraft.com\/shop\/","logo":{"@type":"ImageObject","inLanguage":"fr-FR","@id":"https:\/\/paperandkraft.com\/shop\/#\/schema\/logo\/image\/","url":"https:\/\/paperandkraft.com\/shop\/wp-content\/uploads\/2020\/03\/logo-2020-noir-1.png","contentUrl":"https:\/\/paperandkraft.com\/shop\/wp-content\/uploads\/2020\/03\/logo-2020-noir-1.png","width":350,"height":76,"caption":"Paper And Kraft : Faire-Part"},"image":{"@id":"https:\/\/paperandkraft.com\/shop\/#\/schema\/logo\/image\/"},"sameAs":["https:\/\/www.facebook.com\/paperandkraft","https:\/\/www.instagram.com\/paper_and_kraft\/","https:\/\/www.pinterest.fr\/paperandkraft\/"]}]},"product_price_amount":"1.50","product_price_currency":"EUR","og_availability":"instock","product_availability":"instock","product_condition":"new"},"_links":{"self":[{"href":"https:\/\/paperandkraft.com\/shop\/wp-json\/wp\/v2\/product\/1562","targetHints":{"allow":["GET"]}}],"collection":[{"href":"https:\/\/paperandkraft.com\/shop\/wp-json\/wp\/v2\/product"}],"about":[{"href":"https:\/\/paperandkraft.com\/shop\/wp-json\/wp\/v2\/types\/product"}],"replies":[{"embeddable":true,"href":"https:\/\/paperandkraft.com\/shop\/wp-json\/wp\/v2\/comments?post=1562"}],"wp:featuredmedia":[{"embeddable":true,"href":"https:\/\/paperandkraft.com\/shop\/wp-json\/wp\/v2\/media\/16558"}],"wp:attachment":[{"href":"https:\/\/paperandkraft.com\/shop\/wp-json\/wp\/v2\/media?parent=1562"}],"wp:term":[{"taxonomy":"product_brand","embeddable":true,"href":"https:\/\/paperandkraft.com\/shop\/wp-json\/wp\/v2\/product_brand?post=1562"},{"taxonomy":"product_cat","embeddable":true,"href":"https:\/\/paperandkraft.com\/shop\/wp-json\/wp\/v2\/product_cat?post=1562"},{"taxonomy":"product_tag","embeddable":true,"href":"https:\/\/paperandkraft.com\/shop\/wp-json\/wp\/v2\/product_tag?post=1562"}],"curies":[{"name":"wp","href":"https:\/\/api.w.org\/{rel}","templated":true}]}}