{"id":14322,"date":"2020-01-23T12:24:37","date_gmt":"2020-01-23T12:24:37","guid":{"rendered":"https:\/\/paperandkraft.com\/shop\/?post_type=product&#038;p=14322"},"modified":"2026-04-28T12:23:53","modified_gmt":"2026-04-28T11:23:53","slug":"faire-part-de-mariage-rustique","status":"publish","type":"product","link":"https:\/\/paperandkraft.com\/shop\/produit\/faire-part-de-mariage-rustique\/","title":{"rendered":"Faire-part de Mariage Rustique"},"content":{"rendered":"<p>Faire-part de mariage rustique sur le th\u00e8me de l&#8217;\u00e9t\u00e9 et des moissons<\/p>\n","protected":false},"excerpt":{"rendered":"<p style=\"text-align: center;\"><a href=\"https:\/\/paperandkraft.com\/shop\/votre-maquette-naissance-gratuite-2\/?nom_du_modele=Rustique\" target=\"blank\" class=\"button secondary is-secondary is-medium hide-for-small\" >\n\t\t<span>Je demande ma maquette gratuite<\/span>\n\t<\/a>\n\n<a href=\"https:\/\/paperandkraft.com\/shop\/votre-maquette-naissance-gratuite-2\/?nom_du_modele=Rustique\" target=\"_blank\" class=\"button secondary is-medium expand sticky-footer-button show-for-small\" rel=\"noopener\" >\n\t\t<span>Je demande<br \/>\nma maquette gratuite<\/span>\n\t<\/a>\n\n","protected":false},"featured_media":16808,"comment_status":"open","ping_status":"closed","template":"","meta":{"_acf_changed":false,"inline_featured_image":false},"product_brand":[],"product_cat":[227,228,229,14,71],"product_tag":[],"class_list":{"0":"post-14322","1":"product","2":"type-product","3":"status-publish","4":"has-post-thumbnail","6":"product_cat-faire-part-mariage-boheme","7":"product_cat-faire-part-mariage-nature","8":"product_cat-faire-part-mariage-rouge-et-blanc","9":"product_cat-faire-part-mariage-theme-champetre","10":"product_cat-faire-part-mariage-frais-colores","12":"first","13":"instock","14":"taxable","15":"shipping-taxable","16":"purchasable","17":"product-type-simple"},"acf":[],"yoast_head":"<!-- This site is optimized with the Yoast SEO Premium plugin v24.6 (Yoast SEO v27.4) - https:\/\/yoast.com\/product\/yoast-seo-premium-wordpress\/ -->\n<title>Faire-part mariage rustique et campagne - Paperandkraft<\/title>\n<meta name=\"description\" content=\"faire-part de mariage nature et rustique imprim\u00e9 sur du papier recycl\u00e9 certifi\u00e9 FSC. Accompagn\u00e9 d&#039;invitation tr\u00e8s nature et de son enveloppe en papier Kraft il sera parfait pour illustrer votre mariage \u00e0 la campagne.\" \/>\n<meta name=\"robots\" content=\"index, follow, max-snippet:-1, max-image-preview:large, max-video-preview:-1\" \/>\n<link rel=\"canonical\" href=\"https:\/\/paperandkraft.com\/shop\/produit\/faire-part-de-mariage-rustique\/\" \/>\n<meta property=\"og:locale\" content=\"fr_FR\" \/>\n<meta property=\"og:type\" content=\"article\" \/>\n<meta property=\"og:title\" content=\"Faire-part de Mariage Rustique\" \/>\n<meta property=\"og:url\" content=\"https:\/\/paperandkraft.com\/shop\/produit\/faire-part-de-mariage-rustique\/\" \/>\n<meta property=\"og:site_name\" content=\"PaperAndKraft\" \/>\n<meta property=\"article:publisher\" content=\"https:\/\/www.facebook.com\/paperandkraft\" \/>\n<meta property=\"article:modified_time\" content=\"2026-04-28T11:23:53+00:00\" \/>\n<meta property=\"og:image\" content=\"https:\/\/paperandkraft.com\/shop\/wp-content\/uploads\/2020\/03\/MOCKUP-FP-MARIAGE-ET-NAISSANCE-PLIES-AVEC-INVITATION.jpg\" \/>\n\t<meta property=\"og:image:width\" content=\"800\" \/>\n\t<meta property=\"og:image:height\" content=\"1200\" \/>\n\t<meta property=\"og:image:type\" content=\"image\/jpeg\" \/>\n<meta name=\"twitter:card\" content=\"summary_large_image\" \/>\n<meta name=\"twitter:label1\" content=\"Prix\" \/>\n\t<meta name=\"twitter:data1\" content=\"5.00&euro;\" \/>\n\t<meta name=\"twitter:label2\" content=\"Disponibilit\u00e9\" \/>\n\t<meta name=\"twitter:data2\" content=\"En stock\" \/>\n<meta property=\"product:price:amount\" content=\"5.00\" \/>\n<meta property=\"product:price:currency\" content=\"EUR\" \/>\n<meta property=\"og:availability\" content=\"instock\" \/>\n<meta property=\"product:availability\" content=\"instock\" \/>\n<meta property=\"product:condition\" content=\"new\" \/>\n<!-- \/ Yoast SEO Premium plugin. -->","yoast_head_json":{"title":"Faire-part mariage rustique et campagne - Paperandkraft","description":"faire-part de mariage nature et rustique imprim\u00e9 sur du papier recycl\u00e9 certifi\u00e9 FSC. Accompagn\u00e9 d'invitation tr\u00e8s nature et de son enveloppe en papier Kraft il sera parfait pour illustrer votre mariage \u00e0 la campagne.","robots":{"index":"index","follow":"follow","max-snippet":"max-snippet:-1","max-image-preview":"max-image-preview:large","max-video-preview":"max-video-preview:-1"},"canonical":"https:\/\/paperandkraft.com\/shop\/produit\/faire-part-de-mariage-rustique\/","og_locale":"fr_FR","og_type":"article","og_title":"Faire-part de Mariage Rustique","og_url":"https:\/\/paperandkraft.com\/shop\/produit\/faire-part-de-mariage-rustique\/","og_site_name":"PaperAndKraft","article_publisher":"https:\/\/www.facebook.com\/paperandkraft","article_modified_time":"2026-04-28T11:23:53+00:00","og_image":[{"width":800,"height":1200,"url":"https:\/\/paperandkraft.com\/shop\/wp-content\/uploads\/2020\/03\/MOCKUP-FP-MARIAGE-ET-NAISSANCE-PLIES-AVEC-INVITATION.jpg","type":"image\/jpeg"}],"twitter_card":"summary_large_image","twitter_misc":{"Prix":"5.00&euro;","Disponibilit\u00e9":"En stock"},"schema":{"@context":"https:\/\/schema.org","@graph":[{"@type":"WebPage","@id":"https:\/\/paperandkraft.com\/shop\/produit\/faire-part-de-mariage-rustique\/","url":"https:\/\/paperandkraft.com\/shop\/produit\/faire-part-de-mariage-rustique\/","name":"Faire-part mariage rustique et campagne - Paperandkraft","isPartOf":{"@id":"https:\/\/paperandkraft.com\/shop\/#website"},"primaryImageOfPage":{"@id":"https:\/\/paperandkraft.com\/shop\/produit\/faire-part-de-mariage-rustique\/#primaryimage"},"image":{"@id":"https:\/\/paperandkraft.com\/shop\/produit\/faire-part-de-mariage-rustique\/#primaryimage"},"thumbnailUrl":"https:\/\/paperandkraft.com\/shop\/wp-content\/uploads\/2020\/03\/MOCKUP-FP-MARIAGE-ET-NAISSANCE-PLIES-AVEC-INVITATION.jpg","datePublished":"2020-01-23T12:24:37+00:00","dateModified":"2026-04-28T11:23:53+00:00","description":"faire-part de mariage nature et rustique imprim\u00e9 sur du papier recycl\u00e9 certifi\u00e9 FSC. Accompagn\u00e9 d'invitation tr\u00e8s nature et de son enveloppe en papier Kraft il sera parfait pour illustrer votre mariage \u00e0 la campagne.","breadcrumb":{"@id":"https:\/\/paperandkraft.com\/shop\/produit\/faire-part-de-mariage-rustique\/#breadcrumb"},"inLanguage":"fr-FR","potentialAction":[{"@type":"ReadAction","target":["https:\/\/paperandkraft.com\/shop\/produit\/faire-part-de-mariage-rustique\/"]}]},{"@type":"ImageObject","inLanguage":"fr-FR","@id":"https:\/\/paperandkraft.com\/shop\/produit\/faire-part-de-mariage-rustique\/#primaryimage","url":"https:\/\/paperandkraft.com\/shop\/wp-content\/uploads\/2020\/03\/MOCKUP-FP-MARIAGE-ET-NAISSANCE-PLIES-AVEC-INVITATION.jpg","contentUrl":"https:\/\/paperandkraft.com\/shop\/wp-content\/uploads\/2020\/03\/MOCKUP-FP-MARIAGE-ET-NAISSANCE-PLIES-AVEC-INVITATION.jpg","width":800,"height":1200},{"@type":"BreadcrumbList","@id":"https:\/\/paperandkraft.com\/shop\/produit\/faire-part-de-mariage-rustique\/#breadcrumb","itemListElement":[{"@type":"ListItem","position":1,"name":"Accueil","item":"https:\/\/paperandkraft.com\/shop\/"},{"@type":"ListItem","position":2,"name":"Boutique","item":"https:\/\/paperandkraft.com\/shop\/boutique\/"},{"@type":"ListItem","position":3,"name":"Faire-part de Mariage Rustique"}]},{"@type":"WebSite","@id":"https:\/\/paperandkraft.com\/shop\/#website","url":"https:\/\/paperandkraft.com\/shop\/","name":"PaperAndKraft","description":"Faire-part de mariage et naissance en papier recycl\u00e9","publisher":{"@id":"https:\/\/paperandkraft.com\/shop\/#organization"},"potentialAction":[{"@type":"SearchAction","target":{"@type":"EntryPoint","urlTemplate":"https:\/\/paperandkraft.com\/shop\/?s={search_term_string}"},"query-input":{"@type":"PropertyValueSpecification","valueRequired":true,"valueName":"search_term_string"}}],"inLanguage":"fr-FR"},{"@type":"Organization","@id":"https:\/\/paperandkraft.com\/shop\/#organization","name":"Paper And Kraft : Faire-Part","url":"https:\/\/paperandkraft.com\/shop\/","logo":{"@type":"ImageObject","inLanguage":"fr-FR","@id":"https:\/\/paperandkraft.com\/shop\/#\/schema\/logo\/image\/","url":"https:\/\/paperandkraft.com\/shop\/wp-content\/uploads\/2020\/03\/logo-2020-noir-1.png","contentUrl":"https:\/\/paperandkraft.com\/shop\/wp-content\/uploads\/2020\/03\/logo-2020-noir-1.png","width":350,"height":76,"caption":"Paper And Kraft : Faire-Part"},"image":{"@id":"https:\/\/paperandkraft.com\/shop\/#\/schema\/logo\/image\/"},"sameAs":["https:\/\/www.facebook.com\/paperandkraft","https:\/\/www.instagram.com\/paper_and_kraft\/","https:\/\/www.pinterest.fr\/paperandkraft\/"]}]},"product_price_amount":"5.00","product_price_currency":"EUR","og_availability":"instock","product_availability":"instock","product_condition":"new"},"_links":{"self":[{"href":"https:\/\/paperandkraft.com\/shop\/wp-json\/wp\/v2\/product\/14322","targetHints":{"allow":["GET"]}}],"collection":[{"href":"https:\/\/paperandkraft.com\/shop\/wp-json\/wp\/v2\/product"}],"about":[{"href":"https:\/\/paperandkraft.com\/shop\/wp-json\/wp\/v2\/types\/product"}],"replies":[{"embeddable":true,"href":"https:\/\/paperandkraft.com\/shop\/wp-json\/wp\/v2\/comments?post=14322"}],"wp:featuredmedia":[{"embeddable":true,"href":"https:\/\/paperandkraft.com\/shop\/wp-json\/wp\/v2\/media\/16808"}],"wp:attachment":[{"href":"https:\/\/paperandkraft.com\/shop\/wp-json\/wp\/v2\/media?parent=14322"}],"wp:term":[{"taxonomy":"product_brand","embeddable":true,"href":"https:\/\/paperandkraft.com\/shop\/wp-json\/wp\/v2\/product_brand?post=14322"},{"taxonomy":"product_cat","embeddable":true,"href":"https:\/\/paperandkraft.com\/shop\/wp-json\/wp\/v2\/product_cat?post=14322"},{"taxonomy":"product_tag","embeddable":true,"href":"https:\/\/paperandkraft.com\/shop\/wp-json\/wp\/v2\/product_tag?post=14322"}],"curies":[{"name":"wp","href":"https:\/\/api.w.org\/{rel}","templated":true}]}}