{"id":138,"date":"2015-09-18T08:13:02","date_gmt":"2015-09-18T08:13:02","guid":{"rendered":"http:\/\/paperandkraft.com\/shop\/?product=bird-of-paradise"},"modified":"2022-01-25T22:36:26","modified_gmt":"2022-01-25T22:36:26","slug":"faire-part-mariage-kraft-theme-champetre","status":"publish","type":"product","link":"https:\/\/paperandkraft.com\/shop\/produit\/faire-part-mariage-kraft-theme-champetre\/","title":{"rendered":"faire-part mariage Bird of paradise"},"content":{"rendered":"<p><strong>Pensez-vous organiser un mariage champ\u00eatre\u00a0?<\/strong><\/p>\n<p><strong>\u00cates-vous \u00e0 la recherche d\u2019un faire-part r\u00e9pondant \u00e0 toutes vos exigences\u00a0?<\/strong><\/p>\n<p><strong>Le mariage est une \u00e9tape cruciale dans l\u2019\u00e9panouissement et la long\u00e9vit\u00e9 d\u2019un couple.<\/strong> Plus qu\u2019une simple tradition, le mariage r\u00e9sume le succ\u00e8s d\u2019un couple et repr\u00e9sente la lutte de toute une vie. Mais avant le mariage proprement dit, <strong>les pr\u00e9paratifs occuperont une grande partie de votre temps<\/strong>. <strong>Si votre premi\u00e8re pr\u00e9occupation est de trouver un faire-part adapt\u00e9 \u00e0 votre mariage, nous sommes la perle rare.<\/strong><\/p>\n<p><b>Chez Paper and Kraft \u00a0nous sommes tr\u00e8s attach\u00e9s \u00e0 la nature nous nous en inspirons <\/b><span style=\"font-size: 14.4px;\"><b>tr\u00e8s<\/b><\/span><b> largement dans la confection de nos faire-part.<\/b> Nous savons qu\u2019il y a un engouement certain \u00e0 organiser un <strong>mariage champ\u00eatre<\/strong>, alors nous avons confectionn\u00e9 le mod\u00e8le <strong>\u00ab\u00a0Bird of Paradise\u00a0\u00bb.<\/strong> Comme <strong>ce th\u00e8me ne se limite plus \u00e0 un mariage \u00e0 la campagne<\/strong>, nous avons ajout\u00e9 <strong>une touche de modernit\u00e9, mais sans n\u00e9gliger le c\u00f4t\u00e9 vintage et romantique du th\u00e8me<\/strong>. Paper and Kraft vous donne \u00e9galement l\u2019occasion de <b>personnaliser votre faire-part, en int\u00e9grant <\/b><span style=\"font-size: 14.4px;\"><b>\u00e9videmment<\/b><\/span><b> vos textes personnalis\u00e9s.<\/b> Et puis comme il est mentionn\u00e9 dans les lignes pr\u00e9c\u00e9dentes, <strong>votre th\u00e8me sera mis en valeur gr\u00e2ce \u00e0 la couverture magnifique et minimaliste<\/strong>, ainsi que <strong>les deux feuillets internes<\/strong> que vous pourrez utiliser selon vos envies. Et <strong>comme votre mariage est un \u00e9v\u00e8nement unique, nous vous donnons la libert\u00e9 d\u2019ajouter des feuillets suppl\u00e9mentaires dans votre faire-part<\/strong>. Vos invit\u00e9s ne rateront rien des d\u00e9tails concernant votre mariage.<\/p>\n<p>Paper and Kraft est <strong>une entreprise responsable<\/strong> qui, <strong>malgr\u00e9 la qualit\u00e9 de ses travaux, n\u2019oublie pas la pr\u00e9servation de l\u2019environnement.<\/strong> Nous adoptons un comportement \u00e9cologique en utilisant uniquement des <strong>papiers 100% recycl\u00e9s<\/strong>. <strong>La finesse de l\u2019illustration et la douceur du papier Kraft offrent le r\u00e9sultat id\u00e9al et mettent en valeur votre th\u00e8me.<\/strong><\/p>\n","protected":false},"excerpt":{"rendered":"<p style=\"text-align: center;\"><a href=\"https:\/\/paperandkraft.com\/shop\/votre-maquette-mariage-gratuite\/?nom_du_modele=Birds%20of%20paradise\" target=\"blank\" class=\"button secondary is-secondary is-medium hide-for-small\" >\n\t\t<span>Je demande ma maquette gratuite<\/span>\n\t<\/a>\n\n<a href=\"https:\/\/paperandkraft.com\/shop\/votre-maquette-mariage-gratuite\/?nom_du_modele=Birds%20of%20paradise\" target=\"_blank\" class=\"button secondary is-medium expand sticky-footer-button show-for-small\" rel=\"noopener\" >\n\t\t<span>Je demande<br \/>\nma maquette gratuite<\/span>\n\t<\/a>\n\n","protected":false},"featured_media":16332,"comment_status":"open","ping_status":"closed","template":"","meta":{"_acf_changed":false,"inline_featured_image":false},"product_brand":[],"product_cat":[228,229,14,26,114],"product_tag":[],"class_list":{"0":"post-138","1":"product","2":"type-product","3":"status-publish","4":"has-post-thumbnail","6":"product_cat-faire-part-mariage-nature","7":"product_cat-faire-part-mariage-rouge-et-blanc","8":"product_cat-faire-part-mariage-theme-champetre","9":"product_cat-faire-part-mariage-kraft","10":"product_cat-collection-atelier","12":"first","13":"instock","14":"taxable","15":"shipping-taxable","16":"purchasable","17":"product-type-simple"},"acf":[],"yoast_head":"<!-- This site is optimized with the Yoast SEO Premium plugin v24.6 (Yoast SEO v27.4) - https:\/\/yoast.com\/product\/yoast-seo-premium-wordpress\/ -->\n<title>Faire-part mariage oiseaux Bird of paradise - Paperandkraft.com<\/title>\n<meta name=\"description\" content=\"Faire-part \u00e9co-responsable imprim\u00e9 sur papier kraft sur le th\u00e8me des oiseaux et de l&#039;amour. Totalement personnalisable et imprim\u00e9 sur du papier kraft. Osez le papier recycl\u00e9 !\" \/>\n<meta name=\"robots\" content=\"index, follow, max-snippet:-1, max-image-preview:large, max-video-preview:-1\" \/>\n<link rel=\"canonical\" href=\"https:\/\/paperandkraft.com\/shop\/produit\/faire-part-mariage-kraft-theme-champetre\/\" \/>\n<meta property=\"og:locale\" content=\"fr_FR\" \/>\n<meta property=\"og:type\" content=\"article\" \/>\n<meta property=\"og:title\" content=\"faire-part mariage Bird of paradise\" \/>\n<meta property=\"og:url\" content=\"https:\/\/paperandkraft.com\/shop\/produit\/faire-part-mariage-kraft-theme-champetre\/\" \/>\n<meta property=\"og:site_name\" content=\"PaperAndKraft\" \/>\n<meta property=\"article:publisher\" content=\"https:\/\/www.facebook.com\/paperandkraft\" \/>\n<meta property=\"article:modified_time\" content=\"2022-01-25T22:36:26+00:00\" \/>\n<meta property=\"og:image\" content=\"https:\/\/paperandkraft.com\/shop\/wp-content\/uploads\/2020\/03\/faire-part-mariage-ecoresponsable-theme-champetre-1.jpg\" \/>\n\t<meta property=\"og:image:width\" content=\"700\" \/>\n\t<meta property=\"og:image:height\" content=\"700\" \/>\n\t<meta property=\"og:image:type\" content=\"image\/jpeg\" \/>\n<meta name=\"twitter:card\" content=\"summary_large_image\" \/>\n<meta name=\"twitter:label1\" content=\"Prix\" \/>\n\t<meta name=\"twitter:data1\" content=\"6.00&euro;\" \/>\n\t<meta name=\"twitter:label2\" content=\"Disponibilit\u00e9\" \/>\n\t<meta name=\"twitter:data2\" content=\"En stock\" \/>\n<meta property=\"product:price:amount\" content=\"6.00\" \/>\n<meta property=\"product:price:currency\" content=\"EUR\" \/>\n<meta property=\"og:availability\" content=\"instock\" \/>\n<meta property=\"product:availability\" content=\"instock\" \/>\n<meta property=\"product:condition\" content=\"new\" \/>\n<!-- \/ Yoast SEO Premium plugin. -->","yoast_head_json":{"title":"Faire-part mariage oiseaux Bird of paradise - Paperandkraft.com","description":"Faire-part \u00e9co-responsable imprim\u00e9 sur papier kraft sur le th\u00e8me des oiseaux et de l'amour. Totalement personnalisable et imprim\u00e9 sur du papier kraft. Osez le papier recycl\u00e9 !","robots":{"index":"index","follow":"follow","max-snippet":"max-snippet:-1","max-image-preview":"max-image-preview:large","max-video-preview":"max-video-preview:-1"},"canonical":"https:\/\/paperandkraft.com\/shop\/produit\/faire-part-mariage-kraft-theme-champetre\/","og_locale":"fr_FR","og_type":"article","og_title":"faire-part mariage Bird of paradise","og_url":"https:\/\/paperandkraft.com\/shop\/produit\/faire-part-mariage-kraft-theme-champetre\/","og_site_name":"PaperAndKraft","article_publisher":"https:\/\/www.facebook.com\/paperandkraft","article_modified_time":"2022-01-25T22:36:26+00:00","og_image":[{"width":700,"height":700,"url":"https:\/\/paperandkraft.com\/shop\/wp-content\/uploads\/2020\/03\/faire-part-mariage-ecoresponsable-theme-champetre-1.jpg","type":"image\/jpeg"}],"twitter_card":"summary_large_image","twitter_misc":{"Prix":"6.00&euro;","Disponibilit\u00e9":"En stock"},"schema":{"@context":"https:\/\/schema.org","@graph":[{"@type":"WebPage","@id":"https:\/\/paperandkraft.com\/shop\/produit\/faire-part-mariage-kraft-theme-champetre\/","url":"https:\/\/paperandkraft.com\/shop\/produit\/faire-part-mariage-kraft-theme-champetre\/","name":"Faire-part mariage oiseaux Bird of paradise - Paperandkraft.com","isPartOf":{"@id":"https:\/\/paperandkraft.com\/shop\/#website"},"primaryImageOfPage":{"@id":"https:\/\/paperandkraft.com\/shop\/produit\/faire-part-mariage-kraft-theme-champetre\/#primaryimage"},"image":{"@id":"https:\/\/paperandkraft.com\/shop\/produit\/faire-part-mariage-kraft-theme-champetre\/#primaryimage"},"thumbnailUrl":"https:\/\/paperandkraft.com\/shop\/wp-content\/uploads\/2020\/03\/faire-part-mariage-ecoresponsable-theme-champetre-1.jpg","datePublished":"2015-09-18T08:13:02+00:00","dateModified":"2022-01-25T22:36:26+00:00","description":"Faire-part \u00e9co-responsable imprim\u00e9 sur papier kraft sur le th\u00e8me des oiseaux et de l'amour. Totalement personnalisable et imprim\u00e9 sur du papier kraft. Osez le papier recycl\u00e9 !","breadcrumb":{"@id":"https:\/\/paperandkraft.com\/shop\/produit\/faire-part-mariage-kraft-theme-champetre\/#breadcrumb"},"inLanguage":"fr-FR","potentialAction":[{"@type":"ReadAction","target":["https:\/\/paperandkraft.com\/shop\/produit\/faire-part-mariage-kraft-theme-champetre\/"]}]},{"@type":"ImageObject","inLanguage":"fr-FR","@id":"https:\/\/paperandkraft.com\/shop\/produit\/faire-part-mariage-kraft-theme-champetre\/#primaryimage","url":"https:\/\/paperandkraft.com\/shop\/wp-content\/uploads\/2020\/03\/faire-part-mariage-ecoresponsable-theme-champetre-1.jpg","contentUrl":"https:\/\/paperandkraft.com\/shop\/wp-content\/uploads\/2020\/03\/faire-part-mariage-ecoresponsable-theme-champetre-1.jpg","width":700,"height":700},{"@type":"BreadcrumbList","@id":"https:\/\/paperandkraft.com\/shop\/produit\/faire-part-mariage-kraft-theme-champetre\/#breadcrumb","itemListElement":[{"@type":"ListItem","position":1,"name":"Accueil","item":"https:\/\/paperandkraft.com\/shop\/"},{"@type":"ListItem","position":2,"name":"Boutique","item":"https:\/\/paperandkraft.com\/shop\/boutique\/"},{"@type":"ListItem","position":3,"name":"faire-part mariage Bird of paradise"}]},{"@type":"WebSite","@id":"https:\/\/paperandkraft.com\/shop\/#website","url":"https:\/\/paperandkraft.com\/shop\/","name":"PaperAndKraft","description":"Faire-part de mariage et naissance en papier recycl\u00e9","publisher":{"@id":"https:\/\/paperandkraft.com\/shop\/#organization"},"potentialAction":[{"@type":"SearchAction","target":{"@type":"EntryPoint","urlTemplate":"https:\/\/paperandkraft.com\/shop\/?s={search_term_string}"},"query-input":{"@type":"PropertyValueSpecification","valueRequired":true,"valueName":"search_term_string"}}],"inLanguage":"fr-FR"},{"@type":"Organization","@id":"https:\/\/paperandkraft.com\/shop\/#organization","name":"Paper And Kraft : Faire-Part","url":"https:\/\/paperandkraft.com\/shop\/","logo":{"@type":"ImageObject","inLanguage":"fr-FR","@id":"https:\/\/paperandkraft.com\/shop\/#\/schema\/logo\/image\/","url":"https:\/\/paperandkraft.com\/shop\/wp-content\/uploads\/2020\/03\/logo-2020-noir-1.png","contentUrl":"https:\/\/paperandkraft.com\/shop\/wp-content\/uploads\/2020\/03\/logo-2020-noir-1.png","width":350,"height":76,"caption":"Paper And Kraft : Faire-Part"},"image":{"@id":"https:\/\/paperandkraft.com\/shop\/#\/schema\/logo\/image\/"},"sameAs":["https:\/\/www.facebook.com\/paperandkraft","https:\/\/www.instagram.com\/paper_and_kraft\/","https:\/\/www.pinterest.fr\/paperandkraft\/"]}]},"product_price_amount":"6.00","product_price_currency":"EUR","og_availability":"instock","product_availability":"instock","product_condition":"new"},"_links":{"self":[{"href":"https:\/\/paperandkraft.com\/shop\/wp-json\/wp\/v2\/product\/138","targetHints":{"allow":["GET"]}}],"collection":[{"href":"https:\/\/paperandkraft.com\/shop\/wp-json\/wp\/v2\/product"}],"about":[{"href":"https:\/\/paperandkraft.com\/shop\/wp-json\/wp\/v2\/types\/product"}],"replies":[{"embeddable":true,"href":"https:\/\/paperandkraft.com\/shop\/wp-json\/wp\/v2\/comments?post=138"}],"wp:featuredmedia":[{"embeddable":true,"href":"https:\/\/paperandkraft.com\/shop\/wp-json\/wp\/v2\/media\/16332"}],"wp:attachment":[{"href":"https:\/\/paperandkraft.com\/shop\/wp-json\/wp\/v2\/media?parent=138"}],"wp:term":[{"taxonomy":"product_brand","embeddable":true,"href":"https:\/\/paperandkraft.com\/shop\/wp-json\/wp\/v2\/product_brand?post=138"},{"taxonomy":"product_cat","embeddable":true,"href":"https:\/\/paperandkraft.com\/shop\/wp-json\/wp\/v2\/product_cat?post=138"},{"taxonomy":"product_tag","embeddable":true,"href":"https:\/\/paperandkraft.com\/shop\/wp-json\/wp\/v2\/product_tag?post=138"}],"curies":[{"name":"wp","href":"https:\/\/api.w.org\/{rel}","templated":true}]}}