{"id":130,"date":"2015-09-18T07:47:53","date_gmt":"2015-09-18T07:47:53","guid":{"rendered":"http:\/\/paperandkraft.com\/shop\/?product=bicycle"},"modified":"2021-08-11T20:49:49","modified_gmt":"2021-08-11T20:49:49","slug":"faire-par-mariage-kraft-bicycle","status":"publish","type":"product","link":"https:\/\/paperandkraft.com\/shop\/produit\/faire-par-mariage-kraft-bicycle\/","title":{"rendered":"faire-part mariage Bicycle"},"content":{"rendered":"<p><strong>\u00cates-vous \u00e0 la recherche du faire-part qui correspond \u00e0 votre passion du v\u00e9lo\u00a0?<\/strong><\/p>\n<p><strong>Pourquoi faire confiance \u00e0 Paper and Kraft\u00a0?<\/strong><\/p>\n<p><strong>Nombreuses sont les raisons qui poussent les gens \u00e0 franchir la fameuse \u00e9tape du mariage<\/strong>. Que ce soit pour fonder une famille ou juste pour \u00eatre encore plus heureux \u00e0 deux et se fixer de nouveaux objectifs, <strong>le mariage est un engagement important que deux personnes sont pr\u00eates \u00e0 respecter \u00e0 vie.<\/strong> L\u2019\u00e9tape des pr\u00e9paratifs est d\u00e9terminante dans le succ\u00e8s de votre c\u00e9r\u00e9monie. <strong>Paper and Kraft est pr\u00eat \u00e0 vous assister en confectionnant des faire-part uniques et r\u00e9pondant aux exigences actuelles.<\/strong><\/p>\n<p><strong>Vous vous aim\u00e9s et r\u00eavez de longues balades romantiques avec votre \u00e2me-s\u0153ur ? Alors pourquoi \u00a0ne pas opter pour un mariage po\u00e9tique et romanesque \u00ab \u00e0 bicyclette \u00bb. <\/strong><\/p>\n<p><strong>Paper and kraft <\/strong>est fier de vous proposer<strong> un faire-part de mariage <\/strong>sur ce th\u00e8me qui saura vous faire voyager dans le temps et l\u2019espace.<\/p>\n<p><strong>Romantiques que vous \u00eates, vous avez choisi le th\u00e8me du v\u00e9lo <\/strong>pour vivre le jour le plus important de votre vie. Nous avons donc concoct\u00e9 un mod\u00e8le qui saura illustr\u00e9 \u00e0 votre th\u00e8me tout en respectant son c\u00f4t\u00e9 tendance et \u00e9colo ! V<strong>oici le faire-part Bicycle<\/strong>. <strong>Sur sa couverture en papier kraft,<\/strong> on retrouve l\u2019id\u00e9e m\u00eame du th\u00e8me avec 2 bicyclettes d\u00e9licieusement r\u00e9tro l\u2019une en face de l\u2019autre, une pour madame et une pour monsieur ! Votre faire-part saura \u00e9pater sans aucun doute vos invit\u00e9s. En plus de cela, nous mettrons tout en \u0153uvre pour vous proposer une mise en page originale avec le texte que vous aurez soigneusement et amoureusement<strong> composer.<\/strong><\/p>\n<p><strong> En plus de sa couverture rigolote et authentique vous retrouverez <\/strong><strong>deux<\/strong> <strong>feuillets internes avec un tandem pour illustrer votre amour, toujours en papier recycl\u00e9, afin de vous laisser la place pour d\u00e9crire les moments fort de votre journ\u00e9e.<\/strong> Mais aussi, vous aurez la possibilit\u00e9 d\u2019augmenter le nombre de pages si jamais d\u2019autres d\u00e9tails doivent \u00eatre pr\u00e9cis\u00e9s dans le faire-part. <strong>Paper and Kraft reste \u00e0 votre \u00e9coute si d\u2019autres suggestions vous viennent \u00e0 l\u2019esprit.<\/strong><\/p>\n<p><strong>Paper and Kraft est une entreprise tr\u00e8s attach\u00e9e \u00e0 la protection de l\u2019environnement et la pr\u00e9servation des arbres. Tous nos<\/strong> faire-part sont <strong>imprim\u00e9s uniquement \u00e0 partir de papiers 100% recyclables.<\/strong> Si vous aussi vous voulez faire partie de ce mouvement, Optez pour des faire-part beaux, originaux et \u00e9coresponsables !<\/p>\n","protected":false},"excerpt":{"rendered":"<p style=\"text-align: center;\"><a href=\"https:\/\/paperandkraft.com\/shop\/votre-maquette-mariage-gratuite\/?nom_du_modele=Bicycle\" target=\"blank\" class=\"button secondary is-secondary is-medium hide-for-small\" >\n\t\t<span>Je demande ma maquette gratuite<\/span>\n\t<\/a>\n\n<a href=\"https:\/\/paperandkraft.com\/shop\/votre-maquette-mariage-gratuite\/?nom_du_modele=Bicycle\" target=\"_blank\" class=\"button secondary is-medium expand sticky-footer-button show-for-small\" rel=\"noopener\" >\n\t\t<span>Je demande<br \/>\nma maquette gratuite<\/span>\n\t<\/a>\n\n","protected":false},"featured_media":16327,"comment_status":"open","ping_status":"closed","template":"","meta":{"_acf_changed":false,"inline_featured_image":false},"product_brand":[],"product_cat":[230,227,26,15,16],"product_tag":[],"class_list":{"0":"post-130","1":"product","2":"type-product","3":"status-publish","4":"has-post-thumbnail","6":"product_cat-faire-part-creatif-mariage","7":"product_cat-faire-part-mariage-boheme","8":"product_cat-faire-part-mariage-kraft","9":"product_cat-faire-part-mariage-theme-voyage","10":"product_cat-faire-part-mariage-theme-vintage","12":"first","13":"instock","14":"taxable","15":"shipping-taxable","16":"purchasable","17":"product-type-simple"},"acf":[],"yoast_head":"<!-- This site is optimized with the Yoast SEO Premium plugin v24.6 (Yoast SEO v27.4) - https:\/\/yoast.com\/product\/yoast-seo-premium-wordpress\/ -->\n<title>Faire-part mariage bicyclettes vintages - Paperandkraft.com<\/title>\n<meta name=\"description\" content=\"Un v\u00e9lo femme et un v\u00e9lo homme ... D\u00e9couvrez le reste de ce magnifique faire-part original en kraft !\" \/>\n<meta name=\"robots\" content=\"index, follow, max-snippet:-1, max-image-preview:large, max-video-preview:-1\" \/>\n<link rel=\"canonical\" href=\"https:\/\/paperandkraft.com\/shop\/produit\/faire-par-mariage-kraft-bicycle\/\" \/>\n<meta property=\"og:locale\" content=\"fr_FR\" \/>\n<meta property=\"og:type\" content=\"article\" \/>\n<meta property=\"og:title\" content=\"faire-part mariage Bicycle\" \/>\n<meta property=\"og:url\" content=\"https:\/\/paperandkraft.com\/shop\/produit\/faire-par-mariage-kraft-bicycle\/\" \/>\n<meta property=\"og:site_name\" content=\"PaperAndKraft\" \/>\n<meta property=\"article:publisher\" content=\"https:\/\/www.facebook.com\/paperandkraft\" \/>\n<meta property=\"article:modified_time\" content=\"2021-08-11T20:49:49+00:00\" \/>\n<meta property=\"og:image\" content=\"https:\/\/paperandkraft.com\/shop\/wp-content\/uploads\/2020\/03\/faire-part-mariage-tendance-et-ecologique-theme-velo-en-papier-recycl\u00e9-1-1.jpg\" \/>\n\t<meta property=\"og:image:width\" content=\"700\" \/>\n\t<meta property=\"og:image:height\" content=\"700\" \/>\n\t<meta property=\"og:image:type\" content=\"image\/jpeg\" \/>\n<meta name=\"twitter:card\" content=\"summary_large_image\" \/>\n<meta name=\"twitter:label1\" content=\"Prix\" \/>\n\t<meta name=\"twitter:data1\" content=\"6.00&euro;\" \/>\n\t<meta name=\"twitter:label2\" content=\"Disponibilit\u00e9\" \/>\n\t<meta name=\"twitter:data2\" content=\"En stock\" \/>\n<meta property=\"product:price:amount\" content=\"6.00\" \/>\n<meta property=\"product:price:currency\" content=\"EUR\" \/>\n<meta property=\"og:availability\" content=\"instock\" \/>\n<meta property=\"product:availability\" content=\"instock\" \/>\n<meta property=\"product:condition\" content=\"new\" \/>\n<!-- \/ Yoast SEO Premium plugin. -->","yoast_head_json":{"title":"Faire-part mariage bicyclettes vintages - Paperandkraft.com","description":"Un v\u00e9lo femme et un v\u00e9lo homme ... D\u00e9couvrez le reste de ce magnifique faire-part original en kraft !","robots":{"index":"index","follow":"follow","max-snippet":"max-snippet:-1","max-image-preview":"max-image-preview:large","max-video-preview":"max-video-preview:-1"},"canonical":"https:\/\/paperandkraft.com\/shop\/produit\/faire-par-mariage-kraft-bicycle\/","og_locale":"fr_FR","og_type":"article","og_title":"faire-part mariage Bicycle","og_url":"https:\/\/paperandkraft.com\/shop\/produit\/faire-par-mariage-kraft-bicycle\/","og_site_name":"PaperAndKraft","article_publisher":"https:\/\/www.facebook.com\/paperandkraft","article_modified_time":"2021-08-11T20:49:49+00:00","og_image":[{"width":700,"height":700,"url":"https:\/\/paperandkraft.com\/shop\/wp-content\/uploads\/2020\/03\/faire-part-mariage-tendance-et-ecologique-theme-velo-en-papier-recycl\u00e9-1-1.jpg","type":"image\/jpeg"}],"twitter_card":"summary_large_image","twitter_misc":{"Prix":"6.00&euro;","Disponibilit\u00e9":"En stock"},"schema":{"@context":"https:\/\/schema.org","@graph":[{"@type":"WebPage","@id":"https:\/\/paperandkraft.com\/shop\/produit\/faire-par-mariage-kraft-bicycle\/","url":"https:\/\/paperandkraft.com\/shop\/produit\/faire-par-mariage-kraft-bicycle\/","name":"Faire-part mariage bicyclettes vintages - Paperandkraft.com","isPartOf":{"@id":"https:\/\/paperandkraft.com\/shop\/#website"},"primaryImageOfPage":{"@id":"https:\/\/paperandkraft.com\/shop\/produit\/faire-par-mariage-kraft-bicycle\/#primaryimage"},"image":{"@id":"https:\/\/paperandkraft.com\/shop\/produit\/faire-par-mariage-kraft-bicycle\/#primaryimage"},"thumbnailUrl":"https:\/\/paperandkraft.com\/shop\/wp-content\/uploads\/2020\/03\/faire-part-mariage-tendance-et-ecologique-theme-velo-en-papier-recycl\u00e9-1-1.jpg","datePublished":"2015-09-18T07:47:53+00:00","dateModified":"2021-08-11T20:49:49+00:00","description":"Un v\u00e9lo femme et un v\u00e9lo homme ... D\u00e9couvrez le reste de ce magnifique faire-part original en kraft !","breadcrumb":{"@id":"https:\/\/paperandkraft.com\/shop\/produit\/faire-par-mariage-kraft-bicycle\/#breadcrumb"},"inLanguage":"fr-FR","potentialAction":[{"@type":"ReadAction","target":["https:\/\/paperandkraft.com\/shop\/produit\/faire-par-mariage-kraft-bicycle\/"]}]},{"@type":"ImageObject","inLanguage":"fr-FR","@id":"https:\/\/paperandkraft.com\/shop\/produit\/faire-par-mariage-kraft-bicycle\/#primaryimage","url":"https:\/\/paperandkraft.com\/shop\/wp-content\/uploads\/2020\/03\/faire-part-mariage-tendance-et-ecologique-theme-velo-en-papier-recycl\u00e9-1-1.jpg","contentUrl":"https:\/\/paperandkraft.com\/shop\/wp-content\/uploads\/2020\/03\/faire-part-mariage-tendance-et-ecologique-theme-velo-en-papier-recycl\u00e9-1-1.jpg","width":700,"height":700},{"@type":"BreadcrumbList","@id":"https:\/\/paperandkraft.com\/shop\/produit\/faire-par-mariage-kraft-bicycle\/#breadcrumb","itemListElement":[{"@type":"ListItem","position":1,"name":"Accueil","item":"https:\/\/paperandkraft.com\/shop\/"},{"@type":"ListItem","position":2,"name":"Boutique","item":"https:\/\/paperandkraft.com\/shop\/boutique\/"},{"@type":"ListItem","position":3,"name":"faire-part mariage Bicycle"}]},{"@type":"WebSite","@id":"https:\/\/paperandkraft.com\/shop\/#website","url":"https:\/\/paperandkraft.com\/shop\/","name":"PaperAndKraft","description":"Faire-part de mariage et naissance en papier recycl\u00e9","publisher":{"@id":"https:\/\/paperandkraft.com\/shop\/#organization"},"potentialAction":[{"@type":"SearchAction","target":{"@type":"EntryPoint","urlTemplate":"https:\/\/paperandkraft.com\/shop\/?s={search_term_string}"},"query-input":{"@type":"PropertyValueSpecification","valueRequired":true,"valueName":"search_term_string"}}],"inLanguage":"fr-FR"},{"@type":"Organization","@id":"https:\/\/paperandkraft.com\/shop\/#organization","name":"Paper And Kraft : Faire-Part","url":"https:\/\/paperandkraft.com\/shop\/","logo":{"@type":"ImageObject","inLanguage":"fr-FR","@id":"https:\/\/paperandkraft.com\/shop\/#\/schema\/logo\/image\/","url":"https:\/\/paperandkraft.com\/shop\/wp-content\/uploads\/2020\/03\/logo-2020-noir-1.png","contentUrl":"https:\/\/paperandkraft.com\/shop\/wp-content\/uploads\/2020\/03\/logo-2020-noir-1.png","width":350,"height":76,"caption":"Paper And Kraft : Faire-Part"},"image":{"@id":"https:\/\/paperandkraft.com\/shop\/#\/schema\/logo\/image\/"},"sameAs":["https:\/\/www.facebook.com\/paperandkraft","https:\/\/www.instagram.com\/paper_and_kraft\/","https:\/\/www.pinterest.fr\/paperandkraft\/"]}]},"product_price_amount":"6.00","product_price_currency":"EUR","og_availability":"instock","product_availability":"instock","product_condition":"new"},"_links":{"self":[{"href":"https:\/\/paperandkraft.com\/shop\/wp-json\/wp\/v2\/product\/130","targetHints":{"allow":["GET"]}}],"collection":[{"href":"https:\/\/paperandkraft.com\/shop\/wp-json\/wp\/v2\/product"}],"about":[{"href":"https:\/\/paperandkraft.com\/shop\/wp-json\/wp\/v2\/types\/product"}],"replies":[{"embeddable":true,"href":"https:\/\/paperandkraft.com\/shop\/wp-json\/wp\/v2\/comments?post=130"}],"wp:featuredmedia":[{"embeddable":true,"href":"https:\/\/paperandkraft.com\/shop\/wp-json\/wp\/v2\/media\/16327"}],"wp:attachment":[{"href":"https:\/\/paperandkraft.com\/shop\/wp-json\/wp\/v2\/media?parent=130"}],"wp:term":[{"taxonomy":"product_brand","embeddable":true,"href":"https:\/\/paperandkraft.com\/shop\/wp-json\/wp\/v2\/product_brand?post=130"},{"taxonomy":"product_cat","embeddable":true,"href":"https:\/\/paperandkraft.com\/shop\/wp-json\/wp\/v2\/product_cat?post=130"},{"taxonomy":"product_tag","embeddable":true,"href":"https:\/\/paperandkraft.com\/shop\/wp-json\/wp\/v2\/product_tag?post=130"}],"curies":[{"name":"wp","href":"https:\/\/api.w.org\/{rel}","templated":true}]}}