{"id":1233,"date":"2015-11-03T10:16:31","date_gmt":"2015-11-03T10:16:31","guid":{"rendered":"http:\/\/paperandkraft.com\/shop\/?product=watercolor-4"},"modified":"2021-08-10T20:00:47","modified_gmt":"2021-08-10T20:00:47","slug":"watercolor-4","status":"publish","type":"product","link":"https:\/\/paperandkraft.com\/shop\/produit\/watercolor-4\/","title":{"rendered":"faire-part mariage watercolor 4"},"content":{"rendered":"<p>Faire-part de mariage se composant d&#8217;un carton simple avec des impressions en aquarelle de couleur sur le recto et le verso. Il fait la part belle aux couleurs.<\/p>\n<p>A personnaliser selon vos envies<\/p>\n","protected":false},"excerpt":{"rendered":"<p>Faire-part de mariage sur le them douceur et couleurs. traiter fa\u00e7on gouache, on dirait que cette carte est une v\u00e9ritable peinture. \u00c9motion garantie avec ce faire part mariage tr\u00e8s color\u00e9.<\/p>\n<p style=\"text-align: center;\"><div class=\"container section-title-container\" ><h3 class=\"section-title section-title-center\"><b aria-hidden=\"true\"><\/b><span class=\"section-title-main\" >TARIFS<\/span><b aria-hidden=\"true\"><\/b><\/h3><\/div>\n<div class=\"ywdpd-table-discounts-wrapper-sh\"><table id=\"ywdpd-table-discounts\" class=\"horizontal\">\n\t\t\t<tr class=\"quantity_row\">\n\t\t\t<th>Quantiti\u00e9<\/th>\n\t\t\t\t\t\t\t<td class=\"qty-info\" data-qtymin=\"1\"\n\t\t\t\t\tdata-qtymax=\"20\">\n\t\t\t\t\t1-20\n\t\t\t\t<\/td>\n\t\t\t\t\t\t\t<td class=\"qty-info\" data-qtymin=\"21\"\n\t\t\t\t\tdata-qtymax=\"30\">\n\t\t\t\t\t21-30\n\t\t\t\t<\/td>\n\t\t\t\t\t\t\t<td class=\"qty-info\" data-qtymin=\"41\"\n\t\t\t\t\tdata-qtymax=\"50\">\n\t\t\t\t\t41-50\n\t\t\t\t<\/td>\n\t\t\t\t\t\t\t<td class=\"qty-info\" data-qtymin=\"51\"\n\t\t\t\t\tdata-qtymax=\"60\">\n\t\t\t\t\t51-60\n\t\t\t\t<\/td>\n\t\t\t\t\t\t\t<td class=\"qty-info\" data-qtymin=\"61\"\n\t\t\t\t\tdata-qtymax=\"70\">\n\t\t\t\t\t61-70\n\t\t\t\t<\/td>\n\t\t\t\t\t\t\t<td class=\"qty-info\" data-qtymin=\"71\"\n\t\t\t\t\tdata-qtymax=\"80\">\n\t\t\t\t\t71-80\n\t\t\t\t<\/td>\n\t\t\t\t\t\t\t<td class=\"qty-info\" data-qtymin=\"81\"\n\t\t\t\t\tdata-qtymax=\"90\">\n\t\t\t\t\t81-90\n\t\t\t\t<\/td>\n\t\t\t\t\t\t\t<td class=\"qty-info\" data-qtymin=\"91\"\n\t\t\t\t\tdata-qtymax=\"100\">\n\t\t\t\t\t91-100\n\t\t\t\t<\/td>\n\t\t\t\t\t\t\t<td class=\"qty-info\" data-qtymin=\"101\"\n\t\t\t\t\tdata-qtymax=\"110\">\n\t\t\t\t\t101-110\n\t\t\t\t<\/td>\n\t\t\t\t\t\t\t<td class=\"qty-info\" data-qtymin=\"111\"\n\t\t\t\t\tdata-qtymax=\"120\">\n\t\t\t\t\t111-120\n\t\t\t\t<\/td>\n\t\t\t\t\t\t\t<td class=\"qty-info\" data-qtymin=\"121\"\n\t\t\t\t\tdata-qtymax=\"130\">\n\t\t\t\t\t121-130\n\t\t\t\t<\/td>\n\t\t\t\t\t\t\t<td class=\"qty-info\" data-qtymin=\"131\"\n\t\t\t\t\tdata-qtymax=\"140\">\n\t\t\t\t\t131-140\n\t\t\t\t<\/td>\n\t\t\t\t\t\t\t<td class=\"qty-info\" data-qtymin=\"141\"\n\t\t\t\t\tdata-qtymax=\"150\">\n\t\t\t\t\t141-150\n\t\t\t\t<\/td>\n\t\t\t\t\t\t\t<td class=\"qty-info\" data-qtymin=\"151\"\n\t\t\t\t\tdata-qtymax=\"160\">\n\t\t\t\t\t151-160\n\t\t\t\t<\/td>\n\t\t\t\t\t\t\t<td class=\"qty-info\" data-qtymin=\"161\"\n\t\t\t\t\tdata-qtymax=\"170\">\n\t\t\t\t\t161-170\n\t\t\t\t<\/td>\n\t\t\t\t\t\t\t<td class=\"qty-info\" data-qtymin=\"31\"\n\t\t\t\t\tdata-qtymax=\"40\">\n\t\t\t\t\t31-40\n\t\t\t\t<\/td>\n\t\t\t\t\t\t\t<td class=\"qty-info\" data-qtymin=\"171\"\n\t\t\t\t\tdata-qtymax=\"180\">\n\t\t\t\t\t171-180\n\t\t\t\t<\/td>\n\t\t\t\t\t\t\t<td class=\"qty-info\" data-qtymin=\"181\"\n\t\t\t\t\tdata-qtymax=\"190\">\n\t\t\t\t\t181-190\n\t\t\t\t<\/td>\n\t\t\t\t\t\t\t<td class=\"qty-info\" data-qtymin=\"191\"\n\t\t\t\t\tdata-qtymax=\"200\">\n\t\t\t\t\t191-200\n\t\t\t\t<\/td>\n\t\t\t\t\t\t\t<td class=\"qty-info\" data-qtymin=\"201\"\n\t\t\t\t\tdata-qtymax=\"230\">\n\t\t\t\t\t201-230\n\t\t\t\t<\/td>\n\t\t\t\t\t\t\t<td class=\"qty-info\" data-qtymin=\"231\"\n\t\t\t\t\tdata-qtymax=\"*\">\n\t\t\t\t\t231+\n\t\t\t\t<\/td>\n\t\t\t\t\t<\/tr>\n\t\t<tr class=\"price_row\">\n\t\t\t<th>Prix<\/th>\n\t\t\t\t\t\t\t<td data-qtymin=\"1\"\n\t\t\t\t\tdata-qtymax=\"20\"\n\t\t\t\t\tclass=\"qty-price-info\"><span class=\"woocommerce-Price-amount amount\"><bdi>4.00<span class=\"woocommerce-Price-currencySymbol\">&euro;<\/span><\/bdi><\/span>\t\t\t\t<\/td>\n\t\t\t\t\t\t\t<td data-qtymin=\"21\"\n\t\t\t\t\tdata-qtymax=\"30\"\n\t\t\t\t\tclass=\"qty-price-info\"><span class=\"woocommerce-Price-amount amount\"><bdi>3.00<span class=\"woocommerce-Price-currencySymbol\">&euro;<\/span><\/bdi><\/span>\t\t\t\t<\/td>\n\t\t\t\t\t\t\t<td data-qtymin=\"41\"\n\t\t\t\t\tdata-qtymax=\"50\"\n\t\t\t\t\tclass=\"qty-price-info\"><span class=\"woocommerce-Price-amount amount\"><bdi>2.90<span class=\"woocommerce-Price-currencySymbol\">&euro;<\/span><\/bdi><\/span>\t\t\t\t<\/td>\n\t\t\t\t\t\t\t<td data-qtymin=\"51\"\n\t\t\t\t\tdata-qtymax=\"60\"\n\t\t\t\t\tclass=\"qty-price-info\"><span class=\"woocommerce-Price-amount amount\"><bdi>2.80<span class=\"woocommerce-Price-currencySymbol\">&euro;<\/span><\/bdi><\/span>\t\t\t\t<\/td>\n\t\t\t\t\t\t\t<td data-qtymin=\"61\"\n\t\t\t\t\tdata-qtymax=\"70\"\n\t\t\t\t\tclass=\"qty-price-info\"><span class=\"woocommerce-Price-amount amount\"><bdi>2.70<span class=\"woocommerce-Price-currencySymbol\">&euro;<\/span><\/bdi><\/span>\t\t\t\t<\/td>\n\t\t\t\t\t\t\t<td data-qtymin=\"71\"\n\t\t\t\t\tdata-qtymax=\"80\"\n\t\t\t\t\tclass=\"qty-price-info\"><span class=\"woocommerce-Price-amount amount\"><bdi>2.60<span class=\"woocommerce-Price-currencySymbol\">&euro;<\/span><\/bdi><\/span>\t\t\t\t<\/td>\n\t\t\t\t\t\t\t<td data-qtymin=\"81\"\n\t\t\t\t\tdata-qtymax=\"90\"\n\t\t\t\t\tclass=\"qty-price-info\"><span class=\"woocommerce-Price-amount amount\"><bdi>2.50<span class=\"woocommerce-Price-currencySymbol\">&euro;<\/span><\/bdi><\/span>\t\t\t\t<\/td>\n\t\t\t\t\t\t\t<td data-qtymin=\"91\"\n\t\t\t\t\tdata-qtymax=\"100\"\n\t\t\t\t\tclass=\"qty-price-info\"><span class=\"woocommerce-Price-amount amount\"><bdi>2.50<span class=\"woocommerce-Price-currencySymbol\">&euro;<\/span><\/bdi><\/span>\t\t\t\t<\/td>\n\t\t\t\t\t\t\t<td data-qtymin=\"101\"\n\t\t\t\t\tdata-qtymax=\"110\"\n\t\t\t\t\tclass=\"qty-price-info\"><span class=\"woocommerce-Price-amount amount\"><bdi>2.50<span class=\"woocommerce-Price-currencySymbol\">&euro;<\/span><\/bdi><\/span>\t\t\t\t<\/td>\n\t\t\t\t\t\t\t<td data-qtymin=\"111\"\n\t\t\t\t\tdata-qtymax=\"120\"\n\t\t\t\t\tclass=\"qty-price-info\"><span class=\"woocommerce-Price-amount amount\"><bdi>2.50<span class=\"woocommerce-Price-currencySymbol\">&euro;<\/span><\/bdi><\/span>\t\t\t\t<\/td>\n\t\t\t\t\t\t\t<td data-qtymin=\"121\"\n\t\t\t\t\tdata-qtymax=\"130\"\n\t\t\t\t\tclass=\"qty-price-info\"><span class=\"woocommerce-Price-amount amount\"><bdi>2.40<span class=\"woocommerce-Price-currencySymbol\">&euro;<\/span><\/bdi><\/span>\t\t\t\t<\/td>\n\t\t\t\t\t\t\t<td data-qtymin=\"131\"\n\t\t\t\t\tdata-qtymax=\"140\"\n\t\t\t\t\tclass=\"qty-price-info\"><span class=\"woocommerce-Price-amount amount\"><bdi>2.30<span class=\"woocommerce-Price-currencySymbol\">&euro;<\/span><\/bdi><\/span>\t\t\t\t<\/td>\n\t\t\t\t\t\t\t<td data-qtymin=\"141\"\n\t\t\t\t\tdata-qtymax=\"150\"\n\t\t\t\t\tclass=\"qty-price-info\"><span class=\"woocommerce-Price-amount amount\"><bdi>2.20<span class=\"woocommerce-Price-currencySymbol\">&euro;<\/span><\/bdi><\/span>\t\t\t\t<\/td>\n\t\t\t\t\t\t\t<td data-qtymin=\"151\"\n\t\t\t\t\tdata-qtymax=\"160\"\n\t\t\t\t\tclass=\"qty-price-info\"><span class=\"woocommerce-Price-amount amount\"><bdi>2.10<span class=\"woocommerce-Price-currencySymbol\">&euro;<\/span><\/bdi><\/span>\t\t\t\t<\/td>\n\t\t\t\t\t\t\t<td data-qtymin=\"161\"\n\t\t\t\t\tdata-qtymax=\"170\"\n\t\t\t\t\tclass=\"qty-price-info\"><span class=\"woocommerce-Price-amount amount\"><bdi>2.00<span class=\"woocommerce-Price-currencySymbol\">&euro;<\/span><\/bdi><\/span>\t\t\t\t<\/td>\n\t\t\t\t\t\t\t<td data-qtymin=\"31\"\n\t\t\t\t\tdata-qtymax=\"40\"\n\t\t\t\t\tclass=\"qty-price-info\"><span class=\"woocommerce-Price-amount amount\"><bdi>2.90<span class=\"woocommerce-Price-currencySymbol\">&euro;<\/span><\/bdi><\/span>\t\t\t\t<\/td>\n\t\t\t\t\t\t\t<td data-qtymin=\"171\"\n\t\t\t\t\tdata-qtymax=\"180\"\n\t\t\t\t\tclass=\"qty-price-info\"><span class=\"woocommerce-Price-amount amount\"><bdi>1.90<span class=\"woocommerce-Price-currencySymbol\">&euro;<\/span><\/bdi><\/span>\t\t\t\t<\/td>\n\t\t\t\t\t\t\t<td data-qtymin=\"181\"\n\t\t\t\t\tdata-qtymax=\"190\"\n\t\t\t\t\tclass=\"qty-price-info\"><span class=\"woocommerce-Price-amount amount\"><bdi>1.85<span class=\"woocommerce-Price-currencySymbol\">&euro;<\/span><\/bdi><\/span>\t\t\t\t<\/td>\n\t\t\t\t\t\t\t<td data-qtymin=\"191\"\n\t\t\t\t\tdata-qtymax=\"200\"\n\t\t\t\t\tclass=\"qty-price-info\"><span class=\"woocommerce-Price-amount amount\"><bdi>1.70<span class=\"woocommerce-Price-currencySymbol\">&euro;<\/span><\/bdi><\/span>\t\t\t\t<\/td>\n\t\t\t\t\t\t\t<td data-qtymin=\"201\"\n\t\t\t\t\tdata-qtymax=\"230\"\n\t\t\t\t\tclass=\"qty-price-info\"><span class=\"woocommerce-Price-amount amount\"><bdi>1.65<span class=\"woocommerce-Price-currencySymbol\">&euro;<\/span><\/bdi><\/span>\t\t\t\t<\/td>\n\t\t\t\t\t\t\t<td data-qtymin=\"231\"\n\t\t\t\t\tdata-qtymax=\"*\"\n\t\t\t\t\tclass=\"qty-price-info\"><span class=\"woocommerce-Price-amount amount\"><bdi>1.60<span class=\"woocommerce-Price-currencySymbol\">&euro;<\/span><\/bdi><\/span>\t\t\t\t<\/td>\n\t\t\t\t\t<\/tr>\n\t<\/table>\n\n\n<\/div>\n<div class=\"row\"  id=\"row-21578146\">\n\n\n\t<div id=\"col-200777893\" class=\"col medium-4 small-12 large-4\"  >\n\t\t\t\t<div class=\"col-inner\"  >\n\t\t\t\n\t\t\t\n\n\n\t\t<\/div>\n\t\t\t\t\t<\/div>\n\n\t\n\n\t<div id=\"col-2145479614\" class=\"col medium-4 small-12 large-4\"  >\n\t\t\t\t<div class=\"col-inner text-center\"  >\n\t\t\t\n\t\t\t\n\n<a href=\"https:\/\/paperandkraft.com\/shop\/votre-maquette-mariage-gratuite\/\" class=\"button white\" style=\"border-radius:8px;\">\n\t\t<span>DEmandez votre Maquette Gratuite<\/span>\n\t<\/a>\n\n\n\n\t\t<\/div>\n\t\t\t\t\t<\/div>\n\n\t\n\n\t<div id=\"col-684640198\" class=\"col medium-4 small-12 large-4\"  >\n\t\t\t\t<div class=\"col-inner\"  >\n\t\t\t\n\t\t\t\n\n\n\t\t<\/div>\n\t\t\t\t\t<\/div>\n\n\t\n\n<\/div>\n","protected":false},"featured_media":16542,"comment_status":"open","ping_status":"closed","template":"","meta":{"_acf_changed":false,"inline_featured_image":false},"product_brand":[],"product_cat":[230,227,229,114],"product_tag":[],"class_list":{"0":"post-1233","1":"product","2":"type-product","3":"status-publish","4":"has-post-thumbnail","6":"product_cat-faire-part-creatif-mariage","7":"product_cat-faire-part-mariage-boheme","8":"product_cat-faire-part-mariage-rouge-et-blanc","9":"product_cat-collection-atelier","11":"first","12":"instock","13":"taxable","14":"shipping-taxable","15":"purchasable","16":"product-type-simple"},"acf":[],"yoast_head":"<!-- This site is optimized with the Yoast SEO Premium plugin v24.6 (Yoast SEO v27.5) - https:\/\/yoast.com\/product\/yoast-seo-premium-wordpress\/ -->\n<title>Faire-part de mariage Watercolor 4 - Paperandkraft.com<\/title>\n<meta name=\"description\" content=\"Faire-part mariage compos\u00e9 d&#039;un carton avec impressions en aquarelle de couleur sur le recto et le verso. Il fait la part belle aux couleurs.\" \/>\n<meta name=\"robots\" content=\"index, follow, max-snippet:-1, max-image-preview:large, max-video-preview:-1\" \/>\n<link rel=\"canonical\" href=\"https:\/\/paperandkraft.com\/shop\/produit\/watercolor-4\/\" \/>\n<meta property=\"og:locale\" content=\"fr_FR\" \/>\n<meta property=\"og:type\" content=\"article\" \/>\n<meta property=\"og:title\" content=\"faire-part mariage watercolor 4\" \/>\n<meta property=\"og:description\" content=\"Faire-part de mariage sur le them douceur et couleurs. traiter fa\u00e7on gouache, on dirait que cette carte est une v\u00e9ritable peinture. \u00c9motion garantie avec ce faire part mariage tr\u00e8s color\u00e9.\" \/>\n<meta property=\"og:url\" content=\"https:\/\/paperandkraft.com\/shop\/produit\/watercolor-4\/\" \/>\n<meta property=\"og:site_name\" content=\"PaperAndKraft\" \/>\n<meta property=\"article:publisher\" content=\"https:\/\/www.facebook.com\/paperandkraft\" \/>\n<meta property=\"article:modified_time\" content=\"2021-08-10T20:00:47+00:00\" \/>\n<meta property=\"og:image\" content=\"https:\/\/paperandkraft.com\/shop\/wp-content\/uploads\/2020\/03\/watercolor4-recto.jpg\" \/>\n\t<meta property=\"og:image:width\" content=\"837\" \/>\n\t<meta property=\"og:image:height\" content=\"620\" \/>\n\t<meta property=\"og:image:type\" content=\"image\/jpeg\" \/>\n<meta name=\"twitter:card\" content=\"summary_large_image\" \/>\n<meta name=\"twitter:label1\" content=\"Prix\" \/>\n\t<meta name=\"twitter:data1\" content=\"2.50&euro;\" \/>\n\t<meta name=\"twitter:label2\" content=\"Disponibilit\u00e9\" \/>\n\t<meta name=\"twitter:data2\" content=\"En stock\" \/>\n<meta property=\"product:price:amount\" content=\"2.50\" \/>\n<meta property=\"product:price:currency\" content=\"EUR\" \/>\n<meta property=\"og:availability\" content=\"instock\" \/>\n<meta property=\"product:availability\" content=\"instock\" \/>\n<meta property=\"product:condition\" content=\"new\" \/>\n<!-- \/ Yoast SEO Premium plugin. -->","yoast_head_json":{"title":"Faire-part de mariage Watercolor 4 - Paperandkraft.com","description":"Faire-part mariage compos\u00e9 d'un carton avec impressions en aquarelle de couleur sur le recto et le verso. Il fait la part belle aux couleurs.","robots":{"index":"index","follow":"follow","max-snippet":"max-snippet:-1","max-image-preview":"max-image-preview:large","max-video-preview":"max-video-preview:-1"},"canonical":"https:\/\/paperandkraft.com\/shop\/produit\/watercolor-4\/","og_locale":"fr_FR","og_type":"article","og_title":"faire-part mariage watercolor 4","og_description":"Faire-part de mariage sur le them douceur et couleurs. traiter fa\u00e7on gouache, on dirait que cette carte est une v\u00e9ritable peinture. \u00c9motion garantie avec ce faire part mariage tr\u00e8s color\u00e9.","og_url":"https:\/\/paperandkraft.com\/shop\/produit\/watercolor-4\/","og_site_name":"PaperAndKraft","article_publisher":"https:\/\/www.facebook.com\/paperandkraft","article_modified_time":"2021-08-10T20:00:47+00:00","og_image":[{"width":837,"height":620,"url":"https:\/\/paperandkraft.com\/shop\/wp-content\/uploads\/2020\/03\/watercolor4-recto.jpg","type":"image\/jpeg"}],"twitter_card":"summary_large_image","twitter_misc":{"Prix":"2.50&euro;","Disponibilit\u00e9":"En stock"},"schema":{"@context":"https:\/\/schema.org","@graph":[{"@type":"WebPage","@id":"https:\/\/paperandkraft.com\/shop\/produit\/watercolor-4\/","url":"https:\/\/paperandkraft.com\/shop\/produit\/watercolor-4\/","name":"Faire-part de mariage Watercolor 4 - Paperandkraft.com","isPartOf":{"@id":"https:\/\/paperandkraft.com\/shop\/#website"},"primaryImageOfPage":{"@id":"https:\/\/paperandkraft.com\/shop\/produit\/watercolor-4\/#primaryimage"},"image":{"@id":"https:\/\/paperandkraft.com\/shop\/produit\/watercolor-4\/#primaryimage"},"thumbnailUrl":"https:\/\/paperandkraft.com\/shop\/wp-content\/uploads\/2020\/03\/watercolor4-recto.jpg","datePublished":"2015-11-03T10:16:31+00:00","dateModified":"2021-08-10T20:00:47+00:00","description":"Faire-part mariage compos\u00e9 d'un carton avec impressions en aquarelle de couleur sur le recto et le verso. Il fait la part belle aux couleurs.","breadcrumb":{"@id":"https:\/\/paperandkraft.com\/shop\/produit\/watercolor-4\/#breadcrumb"},"inLanguage":"fr-FR","potentialAction":[{"@type":"ReadAction","target":["https:\/\/paperandkraft.com\/shop\/produit\/watercolor-4\/"]}]},{"@type":"ImageObject","inLanguage":"fr-FR","@id":"https:\/\/paperandkraft.com\/shop\/produit\/watercolor-4\/#primaryimage","url":"https:\/\/paperandkraft.com\/shop\/wp-content\/uploads\/2020\/03\/watercolor4-recto.jpg","contentUrl":"https:\/\/paperandkraft.com\/shop\/wp-content\/uploads\/2020\/03\/watercolor4-recto.jpg","width":837,"height":620},{"@type":"BreadcrumbList","@id":"https:\/\/paperandkraft.com\/shop\/produit\/watercolor-4\/#breadcrumb","itemListElement":[{"@type":"ListItem","position":1,"name":"Accueil","item":"https:\/\/paperandkraft.com\/shop\/"},{"@type":"ListItem","position":2,"name":"Boutique","item":"https:\/\/paperandkraft.com\/shop\/boutique\/"},{"@type":"ListItem","position":3,"name":"faire-part mariage watercolor 4"}]},{"@type":"WebSite","@id":"https:\/\/paperandkraft.com\/shop\/#website","url":"https:\/\/paperandkraft.com\/shop\/","name":"PaperAndKraft","description":"Faire-part de mariage et naissance en papier recycl\u00e9","publisher":{"@id":"https:\/\/paperandkraft.com\/shop\/#organization"},"potentialAction":[{"@type":"SearchAction","target":{"@type":"EntryPoint","urlTemplate":"https:\/\/paperandkraft.com\/shop\/?s={search_term_string}"},"query-input":{"@type":"PropertyValueSpecification","valueRequired":true,"valueName":"search_term_string"}}],"inLanguage":"fr-FR"},{"@type":"Organization","@id":"https:\/\/paperandkraft.com\/shop\/#organization","name":"Paper And Kraft : Faire-Part","url":"https:\/\/paperandkraft.com\/shop\/","logo":{"@type":"ImageObject","inLanguage":"fr-FR","@id":"https:\/\/paperandkraft.com\/shop\/#\/schema\/logo\/image\/","url":"https:\/\/paperandkraft.com\/shop\/wp-content\/uploads\/2020\/03\/logo-2020-noir-1.png","contentUrl":"https:\/\/paperandkraft.com\/shop\/wp-content\/uploads\/2020\/03\/logo-2020-noir-1.png","width":350,"height":76,"caption":"Paper And Kraft : Faire-Part"},"image":{"@id":"https:\/\/paperandkraft.com\/shop\/#\/schema\/logo\/image\/"},"sameAs":["https:\/\/www.facebook.com\/paperandkraft","https:\/\/www.instagram.com\/paper_and_kraft\/","https:\/\/www.pinterest.fr\/paperandkraft\/"]}]},"product_price_amount":"2.50","product_price_currency":"EUR","og_availability":"instock","product_availability":"instock","product_condition":"new"},"_links":{"self":[{"href":"https:\/\/paperandkraft.com\/shop\/wp-json\/wp\/v2\/product\/1233","targetHints":{"allow":["GET"]}}],"collection":[{"href":"https:\/\/paperandkraft.com\/shop\/wp-json\/wp\/v2\/product"}],"about":[{"href":"https:\/\/paperandkraft.com\/shop\/wp-json\/wp\/v2\/types\/product"}],"replies":[{"embeddable":true,"href":"https:\/\/paperandkraft.com\/shop\/wp-json\/wp\/v2\/comments?post=1233"}],"wp:featuredmedia":[{"embeddable":true,"href":"https:\/\/paperandkraft.com\/shop\/wp-json\/wp\/v2\/media\/16542"}],"wp:attachment":[{"href":"https:\/\/paperandkraft.com\/shop\/wp-json\/wp\/v2\/media?parent=1233"}],"wp:term":[{"taxonomy":"product_brand","embeddable":true,"href":"https:\/\/paperandkraft.com\/shop\/wp-json\/wp\/v2\/product_brand?post=1233"},{"taxonomy":"product_cat","embeddable":true,"href":"https:\/\/paperandkraft.com\/shop\/wp-json\/wp\/v2\/product_cat?post=1233"},{"taxonomy":"product_tag","embeddable":true,"href":"https:\/\/paperandkraft.com\/shop\/wp-json\/wp\/v2\/product_tag?post=1233"}],"curies":[{"name":"wp","href":"https:\/\/api.w.org\/{rel}","templated":true}]}}