{"id":11765,"date":"2019-11-01T10:31:10","date_gmt":"2019-11-01T10:31:10","guid":{"rendered":"https:\/\/paperandkraft.com\/shop\/?post_type=product&#038;p=11765"},"modified":"2021-07-11T14:22:47","modified_gmt":"2021-07-11T14:22:47","slug":"carte-de-remerciement-season","status":"publish","type":"product","link":"https:\/\/paperandkraft.com\/shop\/produit\/carte-de-remerciement-season\/","title":{"rendered":"Carte de Remerciement Season"},"content":{"rendered":"<p>Remerciez vos convives avec votre plus belle plume sur cette carte de remerciement nature en papier recycl\u00e9.<\/p>\n","protected":false},"excerpt":{"rendered":"<p style=\"text-align: center;\">Carte de remerciement de mariage champ\u00eatre. Que vous choisissiez un format carte postale ou carr\u00e9e, nous vous proposerons une mise en page \u00e9l\u00e9gante avec vos photos et votre texte de remerciement<\/p>\n<p style=\"text-align: center;\">\n","protected":false},"featured_media":16754,"comment_status":"open","ping_status":"closed","template":"","meta":{"_acf_changed":false,"inline_featured_image":false},"product_brand":[],"product_cat":[170],"product_tag":[],"class_list":{"0":"post-11765","1":"product","2":"type-product","3":"status-publish","4":"has-post-thumbnail","6":"product_cat-carton-merci","8":"first","9":"instock","10":"taxable","11":"shipping-taxable","12":"purchasable","13":"product-type-simple"},"acf":[],"yoast_head":"<!-- This site is optimized with the Yoast SEO Premium plugin v24.6 (Yoast SEO v27.2) - https:\/\/yoast.com\/product\/yoast-seo-premium-wordpress\/ -->\n<title>carton de remerciement de mariage Season - Paperandkraft.com<\/title>\n<meta name=\"description\" content=\"Carte de remerciement de Mariage champ\u00eatre. Remerciez vos invit\u00e9s en choisissant le format de la carte, votre texte et vos photos.\" \/>\n<meta name=\"robots\" content=\"index, follow, max-snippet:-1, max-image-preview:large, max-video-preview:-1\" \/>\n<link rel=\"canonical\" href=\"https:\/\/paperandkraft.com\/shop\/produit\/carte-de-remerciement-season\/\" \/>\n<meta property=\"og:locale\" content=\"fr_FR\" \/>\n<meta property=\"og:type\" content=\"article\" \/>\n<meta property=\"og:title\" content=\"Carte de Remerciement Season\" \/>\n<meta property=\"og:description\" content=\"Carte de remerciement de mariage champ\u00eatre. Que vous choisissiez un format carte postale ou carr\u00e9e, nous vous proposerons une mise en page \u00e9l\u00e9gante avec vos photos et votre texte de remerciement\" \/>\n<meta property=\"og:url\" content=\"https:\/\/paperandkraft.com\/shop\/produit\/carte-de-remerciement-season\/\" \/>\n<meta property=\"og:site_name\" content=\"PaperAndKraft\" \/>\n<meta property=\"article:publisher\" content=\"https:\/\/www.facebook.com\/paperandkraft\" \/>\n<meta property=\"article:modified_time\" content=\"2021-07-11T14:22:47+00:00\" \/>\n<meta property=\"og:image\" content=\"https:\/\/paperandkraft.com\/shop\/wp-content\/uploads\/2020\/03\/carte-remerciements-season.jpg\" \/>\n\t<meta property=\"og:image:width\" content=\"800\" \/>\n\t<meta property=\"og:image:height\" content=\"800\" \/>\n\t<meta property=\"og:image:type\" content=\"image\/jpeg\" \/>\n<meta name=\"twitter:card\" content=\"summary_large_image\" \/>\n<meta name=\"twitter:label1\" content=\"Prix\" \/>\n\t<meta name=\"twitter:data1\" content=\"5.00&euro;\" \/>\n\t<meta name=\"twitter:label2\" content=\"Disponibilit\u00e9\" \/>\n\t<meta name=\"twitter:data2\" content=\"En stock\" \/>\n<meta property=\"product:price:amount\" content=\"5.00\" \/>\n<meta property=\"product:price:currency\" content=\"EUR\" \/>\n<meta property=\"og:availability\" content=\"instock\" \/>\n<meta property=\"product:availability\" content=\"instock\" \/>\n<meta property=\"product:condition\" content=\"new\" \/>\n<!-- \/ Yoast SEO Premium plugin. -->","yoast_head_json":{"title":"carton de remerciement de mariage Season - Paperandkraft.com","description":"Carte de remerciement de Mariage champ\u00eatre. Remerciez vos invit\u00e9s en choisissant le format de la carte, votre texte et vos photos.","robots":{"index":"index","follow":"follow","max-snippet":"max-snippet:-1","max-image-preview":"max-image-preview:large","max-video-preview":"max-video-preview:-1"},"canonical":"https:\/\/paperandkraft.com\/shop\/produit\/carte-de-remerciement-season\/","og_locale":"fr_FR","og_type":"article","og_title":"Carte de Remerciement Season","og_description":"Carte de remerciement de mariage champ\u00eatre. Que vous choisissiez un format carte postale ou carr\u00e9e, nous vous proposerons une mise en page \u00e9l\u00e9gante avec vos photos et votre texte de remerciement","og_url":"https:\/\/paperandkraft.com\/shop\/produit\/carte-de-remerciement-season\/","og_site_name":"PaperAndKraft","article_publisher":"https:\/\/www.facebook.com\/paperandkraft","article_modified_time":"2021-07-11T14:22:47+00:00","og_image":[{"width":800,"height":800,"url":"https:\/\/paperandkraft.com\/shop\/wp-content\/uploads\/2020\/03\/carte-remerciements-season.jpg","type":"image\/jpeg"}],"twitter_card":"summary_large_image","twitter_misc":{"Prix":"5.00&euro;","Disponibilit\u00e9":"En stock"},"schema":{"@context":"https:\/\/schema.org","@graph":[{"@type":"WebPage","@id":"https:\/\/paperandkraft.com\/shop\/produit\/carte-de-remerciement-season\/","url":"https:\/\/paperandkraft.com\/shop\/produit\/carte-de-remerciement-season\/","name":"carton de remerciement de mariage Season - Paperandkraft.com","isPartOf":{"@id":"https:\/\/paperandkraft.com\/shop\/#website"},"primaryImageOfPage":{"@id":"https:\/\/paperandkraft.com\/shop\/produit\/carte-de-remerciement-season\/#primaryimage"},"image":{"@id":"https:\/\/paperandkraft.com\/shop\/produit\/carte-de-remerciement-season\/#primaryimage"},"thumbnailUrl":"https:\/\/paperandkraft.com\/shop\/wp-content\/uploads\/2020\/03\/carte-remerciements-season.jpg","datePublished":"2019-11-01T10:31:10+00:00","dateModified":"2021-07-11T14:22:47+00:00","description":"Carte de remerciement de Mariage champ\u00eatre. Remerciez vos invit\u00e9s en choisissant le format de la carte, votre texte et vos photos.","breadcrumb":{"@id":"https:\/\/paperandkraft.com\/shop\/produit\/carte-de-remerciement-season\/#breadcrumb"},"inLanguage":"fr-FR","potentialAction":[{"@type":"ReadAction","target":["https:\/\/paperandkraft.com\/shop\/produit\/carte-de-remerciement-season\/"]}]},{"@type":"ImageObject","inLanguage":"fr-FR","@id":"https:\/\/paperandkraft.com\/shop\/produit\/carte-de-remerciement-season\/#primaryimage","url":"https:\/\/paperandkraft.com\/shop\/wp-content\/uploads\/2020\/03\/carte-remerciements-season.jpg","contentUrl":"https:\/\/paperandkraft.com\/shop\/wp-content\/uploads\/2020\/03\/carte-remerciements-season.jpg","width":800,"height":800},{"@type":"BreadcrumbList","@id":"https:\/\/paperandkraft.com\/shop\/produit\/carte-de-remerciement-season\/#breadcrumb","itemListElement":[{"@type":"ListItem","position":1,"name":"Accueil","item":"https:\/\/paperandkraft.com\/shop\/"},{"@type":"ListItem","position":2,"name":"Boutique","item":"https:\/\/paperandkraft.com\/shop\/boutique\/"},{"@type":"ListItem","position":3,"name":"Carte de Remerciement Season"}]},{"@type":"WebSite","@id":"https:\/\/paperandkraft.com\/shop\/#website","url":"https:\/\/paperandkraft.com\/shop\/","name":"PaperAndKraft","description":"Faire-part de mariage et naissance en papier recycl\u00e9","publisher":{"@id":"https:\/\/paperandkraft.com\/shop\/#organization"},"potentialAction":[{"@type":"SearchAction","target":{"@type":"EntryPoint","urlTemplate":"https:\/\/paperandkraft.com\/shop\/?s={search_term_string}"},"query-input":{"@type":"PropertyValueSpecification","valueRequired":true,"valueName":"search_term_string"}}],"inLanguage":"fr-FR"},{"@type":"Organization","@id":"https:\/\/paperandkraft.com\/shop\/#organization","name":"Paper And Kraft : Faire-Part","url":"https:\/\/paperandkraft.com\/shop\/","logo":{"@type":"ImageObject","inLanguage":"fr-FR","@id":"https:\/\/paperandkraft.com\/shop\/#\/schema\/logo\/image\/","url":"https:\/\/paperandkraft.com\/shop\/wp-content\/uploads\/2020\/03\/logo-2020-noir-1.png","contentUrl":"https:\/\/paperandkraft.com\/shop\/wp-content\/uploads\/2020\/03\/logo-2020-noir-1.png","width":350,"height":76,"caption":"Paper And Kraft : Faire-Part"},"image":{"@id":"https:\/\/paperandkraft.com\/shop\/#\/schema\/logo\/image\/"},"sameAs":["https:\/\/www.facebook.com\/paperandkraft","https:\/\/www.instagram.com\/paper_and_kraft\/","https:\/\/www.pinterest.fr\/paperandkraft\/"]}]},"product_price_amount":"5.00","product_price_currency":"EUR","og_availability":"instock","product_availability":"instock","product_condition":"new"},"_links":{"self":[{"href":"https:\/\/paperandkraft.com\/shop\/wp-json\/wp\/v2\/product\/11765","targetHints":{"allow":["GET"]}}],"collection":[{"href":"https:\/\/paperandkraft.com\/shop\/wp-json\/wp\/v2\/product"}],"about":[{"href":"https:\/\/paperandkraft.com\/shop\/wp-json\/wp\/v2\/types\/product"}],"replies":[{"embeddable":true,"href":"https:\/\/paperandkraft.com\/shop\/wp-json\/wp\/v2\/comments?post=11765"}],"wp:featuredmedia":[{"embeddable":true,"href":"https:\/\/paperandkraft.com\/shop\/wp-json\/wp\/v2\/media\/16754"}],"wp:attachment":[{"href":"https:\/\/paperandkraft.com\/shop\/wp-json\/wp\/v2\/media?parent=11765"}],"wp:term":[{"taxonomy":"product_brand","embeddable":true,"href":"https:\/\/paperandkraft.com\/shop\/wp-json\/wp\/v2\/product_brand?post=11765"},{"taxonomy":"product_cat","embeddable":true,"href":"https:\/\/paperandkraft.com\/shop\/wp-json\/wp\/v2\/product_cat?post=11765"},{"taxonomy":"product_tag","embeddable":true,"href":"https:\/\/paperandkraft.com\/shop\/wp-json\/wp\/v2\/product_tag?post=11765"}],"curies":[{"name":"wp","href":"https:\/\/api.w.org\/{rel}","templated":true}]}}