{"id":11761,"date":"2019-11-01T08:58:56","date_gmt":"2019-11-01T08:58:56","guid":{"rendered":"https:\/\/paperandkraft.com\/shop\/?post_type=product&#038;p=11761"},"modified":"2024-10-24T16:03:46","modified_gmt":"2024-10-24T15:03:46","slug":"carte-de-remerciement-peaky-blinders","status":"publish","type":"product","link":"https:\/\/paperandkraft.com\/shop\/produit\/carte-de-remerciement-peaky-blinders\/","title":{"rendered":"Carte de Remerciement Peaky Blinders"},"content":{"rendered":"<p>Remerciez vos convives avec cette jolie carte r\u00e9tro en papier recycl\u00e9.<\/p>\n<p>Vous pouvez la personnaliser avec vos photos et votre texte.<\/p>\n","protected":false},"excerpt":{"rendered":"<p style=\"text-align: center;\">Carte de remerciement de mariage r\u00e9tro inspir\u00e9e par le Londres des ann\u00e9es 20 et de la fameuse famille Shelby des Peaky Blinders<\/p>\n<p>&nbsp;<\/p>\n<p style=\"text-align: center;\">\n","protected":false},"featured_media":16752,"comment_status":"open","ping_status":"closed","template":"","meta":{"_acf_changed":false,"inline_featured_image":false},"product_brand":[],"product_cat":[170],"product_tag":[],"class_list":{"0":"post-11761","1":"product","2":"type-product","3":"status-publish","4":"has-post-thumbnail","6":"product_cat-carton-merci","8":"first","9":"instock","10":"taxable","11":"shipping-taxable","12":"purchasable","13":"product-type-simple"},"acf":[],"yoast_head":"<!-- This site is optimized with the Yoast SEO Premium plugin v24.6 (Yoast SEO v27.4) - https:\/\/yoast.com\/product\/yoast-seo-premium-wordpress\/ -->\n<title>carton de remerciement de mariage Peaky Blinders - paperandkraft.com<\/title>\n<meta name=\"description\" content=\"Carton de remerciement pour votre Mariage sur le th\u00e8me r\u00e9tro, ce joli carton est inspir\u00e9 par la s\u00e9rie Peaky Blinders.\" \/>\n<meta name=\"robots\" content=\"index, follow, max-snippet:-1, max-image-preview:large, max-video-preview:-1\" \/>\n<link rel=\"canonical\" href=\"https:\/\/paperandkraft.com\/shop\/produit\/carte-de-remerciement-peaky-blinders\/\" \/>\n<meta property=\"og:locale\" content=\"fr_FR\" \/>\n<meta property=\"og:type\" content=\"article\" \/>\n<meta property=\"og:title\" content=\"Carte de Remerciement Peaky Blinders\" \/>\n<meta property=\"og:description\" content=\"Carte de remerciement de mariage r\u00e9tro inspir\u00e9e par le Londres des ann\u00e9es 20 et de la fameuse famille Shelby des Peaky Blinders &nbsp;\" \/>\n<meta property=\"og:url\" content=\"https:\/\/paperandkraft.com\/shop\/produit\/carte-de-remerciement-peaky-blinders\/\" \/>\n<meta property=\"og:site_name\" content=\"PaperAndKraft\" \/>\n<meta property=\"article:publisher\" content=\"https:\/\/www.facebook.com\/paperandkraft\" \/>\n<meta property=\"article:modified_time\" content=\"2024-10-24T15:03:46+00:00\" \/>\n<meta property=\"og:image\" content=\"https:\/\/paperandkraft.com\/shop\/wp-content\/uploads\/2020\/03\/carte-remerciements-PEAKY-BLINDERS.jpg\" \/>\n\t<meta property=\"og:image:width\" content=\"700\" \/>\n\t<meta property=\"og:image:height\" content=\"591\" \/>\n\t<meta property=\"og:image:type\" content=\"image\/jpeg\" \/>\n<meta name=\"twitter:card\" content=\"summary_large_image\" \/>\n<meta name=\"twitter:label1\" content=\"Prix\" \/>\n\t<meta name=\"twitter:data1\" content=\"5.00&euro;\" \/>\n\t<meta name=\"twitter:label2\" content=\"Disponibilit\u00e9\" \/>\n\t<meta name=\"twitter:data2\" content=\"En stock\" \/>\n<meta property=\"product:price:amount\" content=\"5.00\" \/>\n<meta property=\"product:price:currency\" content=\"EUR\" \/>\n<meta property=\"og:availability\" content=\"instock\" \/>\n<meta property=\"product:availability\" content=\"instock\" \/>\n<meta property=\"product:condition\" content=\"new\" \/>\n<!-- \/ Yoast SEO Premium plugin. -->","yoast_head_json":{"title":"carton de remerciement de mariage Peaky Blinders - paperandkraft.com","description":"Carton de remerciement pour votre Mariage sur le th\u00e8me r\u00e9tro, ce joli carton est inspir\u00e9 par la s\u00e9rie Peaky Blinders.","robots":{"index":"index","follow":"follow","max-snippet":"max-snippet:-1","max-image-preview":"max-image-preview:large","max-video-preview":"max-video-preview:-1"},"canonical":"https:\/\/paperandkraft.com\/shop\/produit\/carte-de-remerciement-peaky-blinders\/","og_locale":"fr_FR","og_type":"article","og_title":"Carte de Remerciement Peaky Blinders","og_description":"Carte de remerciement de mariage r\u00e9tro inspir\u00e9e par le Londres des ann\u00e9es 20 et de la fameuse famille Shelby des Peaky Blinders &nbsp;","og_url":"https:\/\/paperandkraft.com\/shop\/produit\/carte-de-remerciement-peaky-blinders\/","og_site_name":"PaperAndKraft","article_publisher":"https:\/\/www.facebook.com\/paperandkraft","article_modified_time":"2024-10-24T15:03:46+00:00","og_image":[{"width":700,"height":591,"url":"https:\/\/paperandkraft.com\/shop\/wp-content\/uploads\/2020\/03\/carte-remerciements-PEAKY-BLINDERS.jpg","type":"image\/jpeg"}],"twitter_card":"summary_large_image","twitter_misc":{"Prix":"5.00&euro;","Disponibilit\u00e9":"En stock"},"schema":{"@context":"https:\/\/schema.org","@graph":[{"@type":"WebPage","@id":"https:\/\/paperandkraft.com\/shop\/produit\/carte-de-remerciement-peaky-blinders\/","url":"https:\/\/paperandkraft.com\/shop\/produit\/carte-de-remerciement-peaky-blinders\/","name":"carton de remerciement de mariage Peaky Blinders - paperandkraft.com","isPartOf":{"@id":"https:\/\/paperandkraft.com\/shop\/#website"},"primaryImageOfPage":{"@id":"https:\/\/paperandkraft.com\/shop\/produit\/carte-de-remerciement-peaky-blinders\/#primaryimage"},"image":{"@id":"https:\/\/paperandkraft.com\/shop\/produit\/carte-de-remerciement-peaky-blinders\/#primaryimage"},"thumbnailUrl":"https:\/\/paperandkraft.com\/shop\/wp-content\/uploads\/2020\/03\/carte-remerciements-PEAKY-BLINDERS.jpg","datePublished":"2019-11-01T08:58:56+00:00","dateModified":"2024-10-24T15:03:46+00:00","description":"Carton de remerciement pour votre Mariage sur le th\u00e8me r\u00e9tro, ce joli carton est inspir\u00e9 par la s\u00e9rie Peaky Blinders.","breadcrumb":{"@id":"https:\/\/paperandkraft.com\/shop\/produit\/carte-de-remerciement-peaky-blinders\/#breadcrumb"},"inLanguage":"fr-FR","potentialAction":[{"@type":"ReadAction","target":["https:\/\/paperandkraft.com\/shop\/produit\/carte-de-remerciement-peaky-blinders\/"]}]},{"@type":"ImageObject","inLanguage":"fr-FR","@id":"https:\/\/paperandkraft.com\/shop\/produit\/carte-de-remerciement-peaky-blinders\/#primaryimage","url":"https:\/\/paperandkraft.com\/shop\/wp-content\/uploads\/2020\/03\/carte-remerciements-PEAKY-BLINDERS.jpg","contentUrl":"https:\/\/paperandkraft.com\/shop\/wp-content\/uploads\/2020\/03\/carte-remerciements-PEAKY-BLINDERS.jpg","width":700,"height":591},{"@type":"BreadcrumbList","@id":"https:\/\/paperandkraft.com\/shop\/produit\/carte-de-remerciement-peaky-blinders\/#breadcrumb","itemListElement":[{"@type":"ListItem","position":1,"name":"Accueil","item":"https:\/\/paperandkraft.com\/shop\/"},{"@type":"ListItem","position":2,"name":"Boutique","item":"https:\/\/paperandkraft.com\/shop\/boutique\/"},{"@type":"ListItem","position":3,"name":"Carte de Remerciement Peaky Blinders"}]},{"@type":"WebSite","@id":"https:\/\/paperandkraft.com\/shop\/#website","url":"https:\/\/paperandkraft.com\/shop\/","name":"PaperAndKraft","description":"Faire-part de mariage et naissance en papier recycl\u00e9","publisher":{"@id":"https:\/\/paperandkraft.com\/shop\/#organization"},"potentialAction":[{"@type":"SearchAction","target":{"@type":"EntryPoint","urlTemplate":"https:\/\/paperandkraft.com\/shop\/?s={search_term_string}"},"query-input":{"@type":"PropertyValueSpecification","valueRequired":true,"valueName":"search_term_string"}}],"inLanguage":"fr-FR"},{"@type":"Organization","@id":"https:\/\/paperandkraft.com\/shop\/#organization","name":"Paper And Kraft : Faire-Part","url":"https:\/\/paperandkraft.com\/shop\/","logo":{"@type":"ImageObject","inLanguage":"fr-FR","@id":"https:\/\/paperandkraft.com\/shop\/#\/schema\/logo\/image\/","url":"https:\/\/paperandkraft.com\/shop\/wp-content\/uploads\/2020\/03\/logo-2020-noir-1.png","contentUrl":"https:\/\/paperandkraft.com\/shop\/wp-content\/uploads\/2020\/03\/logo-2020-noir-1.png","width":350,"height":76,"caption":"Paper And Kraft : Faire-Part"},"image":{"@id":"https:\/\/paperandkraft.com\/shop\/#\/schema\/logo\/image\/"},"sameAs":["https:\/\/www.facebook.com\/paperandkraft","https:\/\/www.instagram.com\/paper_and_kraft\/","https:\/\/www.pinterest.fr\/paperandkraft\/"]}]},"product_price_amount":"5.00","product_price_currency":"EUR","og_availability":"instock","product_availability":"instock","product_condition":"new"},"_links":{"self":[{"href":"https:\/\/paperandkraft.com\/shop\/wp-json\/wp\/v2\/product\/11761","targetHints":{"allow":["GET"]}}],"collection":[{"href":"https:\/\/paperandkraft.com\/shop\/wp-json\/wp\/v2\/product"}],"about":[{"href":"https:\/\/paperandkraft.com\/shop\/wp-json\/wp\/v2\/types\/product"}],"replies":[{"embeddable":true,"href":"https:\/\/paperandkraft.com\/shop\/wp-json\/wp\/v2\/comments?post=11761"}],"wp:featuredmedia":[{"embeddable":true,"href":"https:\/\/paperandkraft.com\/shop\/wp-json\/wp\/v2\/media\/16752"}],"wp:attachment":[{"href":"https:\/\/paperandkraft.com\/shop\/wp-json\/wp\/v2\/media?parent=11761"}],"wp:term":[{"taxonomy":"product_brand","embeddable":true,"href":"https:\/\/paperandkraft.com\/shop\/wp-json\/wp\/v2\/product_brand?post=11761"},{"taxonomy":"product_cat","embeddable":true,"href":"https:\/\/paperandkraft.com\/shop\/wp-json\/wp\/v2\/product_cat?post=11761"},{"taxonomy":"product_tag","embeddable":true,"href":"https:\/\/paperandkraft.com\/shop\/wp-json\/wp\/v2\/product_tag?post=11761"}],"curies":[{"name":"wp","href":"https:\/\/api.w.org\/{rel}","templated":true}]}}