{"id":11753,"date":"2019-11-01T08:11:39","date_gmt":"2019-11-01T08:11:39","guid":{"rendered":"https:\/\/paperandkraft.com\/shop\/?post_type=product&#038;p=11753"},"modified":"2021-07-12T18:50:12","modified_gmt":"2021-07-12T18:50:12","slug":"carte-de-remerciement-montgolfiere","status":"publish","type":"product","link":"https:\/\/paperandkraft.com\/shop\/produit\/carte-de-remerciement-montgolfiere\/","title":{"rendered":"Carte de Remerciement Montgolfi\u00e8re"},"content":{"rendered":"<p>Remerciez vos convives avec cette jolie carte en papier recycl\u00e9.<\/p>\n<p>Partez \u00e0 l&#8217;aventure dans le temps et l&#8217;espace en choisissant le format de votre carte.<\/p>\n<p>Vous pouvez aussi les photos que vous souhaitez faire appara\u00eetre !<\/p>\n","protected":false},"excerpt":{"rendered":"<p style=\"text-align: center;\">Carte de remerciement mariage th\u00e8me voyage. Partagez une derni\u00e8re fois le bonheur de votre mariage avec vos amis et vos proches en les remerciant avec cette carte qui rappellera votre th\u00e8me de mariage<\/p>\n<p>&nbsp;<\/p>\n<p style=\"text-align: center;\">\n","protected":false},"featured_media":16749,"comment_status":"open","ping_status":"closed","template":"","meta":{"_acf_changed":false,"inline_featured_image":false},"product_brand":[],"product_cat":[170],"product_tag":[],"class_list":{"0":"post-11753","1":"product","2":"type-product","3":"status-publish","4":"has-post-thumbnail","6":"product_cat-carton-merci","8":"first","9":"instock","10":"taxable","11":"shipping-taxable","12":"purchasable","13":"product-type-simple"},"acf":[],"yoast_head":"<!-- This site is optimized with the Yoast SEO Premium plugin v24.6 (Yoast SEO v27.4) - https:\/\/yoast.com\/product\/yoast-seo-premium-wordpress\/ -->\n<title>carton de remerciement de mariage Montgolfi\u00e8re - paperandkraft.com<\/title>\n<meta name=\"description\" content=\"Carton de remerciement Mariage th\u00e8me voyage ! Partez \u00e0 l&#039;aventure avec son carton et les photos que vous souhaitez faire appara\u00eetre sur le carton !\" \/>\n<meta name=\"robots\" content=\"index, follow, max-snippet:-1, max-image-preview:large, max-video-preview:-1\" \/>\n<link rel=\"canonical\" href=\"https:\/\/paperandkraft.com\/shop\/produit\/carte-de-remerciement-montgolfiere\/\" \/>\n<meta property=\"og:locale\" content=\"fr_FR\" \/>\n<meta property=\"og:type\" content=\"article\" \/>\n<meta property=\"og:title\" content=\"Carte de Remerciement Montgolfi\u00e8re\" \/>\n<meta property=\"og:description\" content=\"Carte de remerciement mariage th\u00e8me voyage. Partagez une derni\u00e8re fois le bonheur de votre mariage avec vos amis et vos proches en les remerciant avec cette carte qui rappellera votre th\u00e8me de mariage &nbsp;\" \/>\n<meta property=\"og:url\" content=\"https:\/\/paperandkraft.com\/shop\/produit\/carte-de-remerciement-montgolfiere\/\" \/>\n<meta property=\"og:site_name\" content=\"PaperAndKraft\" \/>\n<meta property=\"article:publisher\" content=\"https:\/\/www.facebook.com\/paperandkraft\" \/>\n<meta property=\"article:modified_time\" content=\"2021-07-12T18:50:12+00:00\" \/>\n<meta property=\"og:image\" content=\"https:\/\/paperandkraft.com\/shop\/wp-content\/uploads\/2020\/03\/carte-remerciements-montgolfiere.jpg\" \/>\n\t<meta property=\"og:image:width\" content=\"800\" \/>\n\t<meta property=\"og:image:height\" content=\"800\" \/>\n\t<meta property=\"og:image:type\" content=\"image\/jpeg\" \/>\n<meta name=\"twitter:card\" content=\"summary_large_image\" \/>\n<meta name=\"twitter:label1\" content=\"Prix\" \/>\n\t<meta name=\"twitter:data1\" content=\"5.00&euro;\" \/>\n\t<meta name=\"twitter:label2\" content=\"Disponibilit\u00e9\" \/>\n\t<meta name=\"twitter:data2\" content=\"En stock\" \/>\n<meta property=\"product:price:amount\" content=\"5.00\" \/>\n<meta property=\"product:price:currency\" content=\"EUR\" \/>\n<meta property=\"og:availability\" content=\"instock\" \/>\n<meta property=\"product:availability\" content=\"instock\" \/>\n<meta property=\"product:condition\" content=\"new\" \/>\n<!-- \/ Yoast SEO Premium plugin. -->","yoast_head_json":{"title":"carton de remerciement de mariage Montgolfi\u00e8re - paperandkraft.com","description":"Carton de remerciement Mariage th\u00e8me voyage ! Partez \u00e0 l'aventure avec son carton et les photos que vous souhaitez faire appara\u00eetre sur le carton !","robots":{"index":"index","follow":"follow","max-snippet":"max-snippet:-1","max-image-preview":"max-image-preview:large","max-video-preview":"max-video-preview:-1"},"canonical":"https:\/\/paperandkraft.com\/shop\/produit\/carte-de-remerciement-montgolfiere\/","og_locale":"fr_FR","og_type":"article","og_title":"Carte de Remerciement Montgolfi\u00e8re","og_description":"Carte de remerciement mariage th\u00e8me voyage. Partagez une derni\u00e8re fois le bonheur de votre mariage avec vos amis et vos proches en les remerciant avec cette carte qui rappellera votre th\u00e8me de mariage &nbsp;","og_url":"https:\/\/paperandkraft.com\/shop\/produit\/carte-de-remerciement-montgolfiere\/","og_site_name":"PaperAndKraft","article_publisher":"https:\/\/www.facebook.com\/paperandkraft","article_modified_time":"2021-07-12T18:50:12+00:00","og_image":[{"width":800,"height":800,"url":"https:\/\/paperandkraft.com\/shop\/wp-content\/uploads\/2020\/03\/carte-remerciements-montgolfiere.jpg","type":"image\/jpeg"}],"twitter_card":"summary_large_image","twitter_misc":{"Prix":"5.00&euro;","Disponibilit\u00e9":"En stock"},"schema":{"@context":"https:\/\/schema.org","@graph":[{"@type":"WebPage","@id":"https:\/\/paperandkraft.com\/shop\/produit\/carte-de-remerciement-montgolfiere\/","url":"https:\/\/paperandkraft.com\/shop\/produit\/carte-de-remerciement-montgolfiere\/","name":"carton de remerciement de mariage Montgolfi\u00e8re - paperandkraft.com","isPartOf":{"@id":"https:\/\/paperandkraft.com\/shop\/#website"},"primaryImageOfPage":{"@id":"https:\/\/paperandkraft.com\/shop\/produit\/carte-de-remerciement-montgolfiere\/#primaryimage"},"image":{"@id":"https:\/\/paperandkraft.com\/shop\/produit\/carte-de-remerciement-montgolfiere\/#primaryimage"},"thumbnailUrl":"https:\/\/paperandkraft.com\/shop\/wp-content\/uploads\/2020\/03\/carte-remerciements-montgolfiere.jpg","datePublished":"2019-11-01T08:11:39+00:00","dateModified":"2021-07-12T18:50:12+00:00","description":"Carton de remerciement Mariage th\u00e8me voyage ! Partez \u00e0 l'aventure avec son carton et les photos que vous souhaitez faire appara\u00eetre sur le carton !","breadcrumb":{"@id":"https:\/\/paperandkraft.com\/shop\/produit\/carte-de-remerciement-montgolfiere\/#breadcrumb"},"inLanguage":"fr-FR","potentialAction":[{"@type":"ReadAction","target":["https:\/\/paperandkraft.com\/shop\/produit\/carte-de-remerciement-montgolfiere\/"]}]},{"@type":"ImageObject","inLanguage":"fr-FR","@id":"https:\/\/paperandkraft.com\/shop\/produit\/carte-de-remerciement-montgolfiere\/#primaryimage","url":"https:\/\/paperandkraft.com\/shop\/wp-content\/uploads\/2020\/03\/carte-remerciements-montgolfiere.jpg","contentUrl":"https:\/\/paperandkraft.com\/shop\/wp-content\/uploads\/2020\/03\/carte-remerciements-montgolfiere.jpg","width":800,"height":800},{"@type":"BreadcrumbList","@id":"https:\/\/paperandkraft.com\/shop\/produit\/carte-de-remerciement-montgolfiere\/#breadcrumb","itemListElement":[{"@type":"ListItem","position":1,"name":"Accueil","item":"https:\/\/paperandkraft.com\/shop\/"},{"@type":"ListItem","position":2,"name":"Boutique","item":"https:\/\/paperandkraft.com\/shop\/boutique\/"},{"@type":"ListItem","position":3,"name":"Carte de Remerciement Montgolfi\u00e8re"}]},{"@type":"WebSite","@id":"https:\/\/paperandkraft.com\/shop\/#website","url":"https:\/\/paperandkraft.com\/shop\/","name":"PaperAndKraft","description":"Faire-part de mariage et naissance en papier recycl\u00e9","publisher":{"@id":"https:\/\/paperandkraft.com\/shop\/#organization"},"potentialAction":[{"@type":"SearchAction","target":{"@type":"EntryPoint","urlTemplate":"https:\/\/paperandkraft.com\/shop\/?s={search_term_string}"},"query-input":{"@type":"PropertyValueSpecification","valueRequired":true,"valueName":"search_term_string"}}],"inLanguage":"fr-FR"},{"@type":"Organization","@id":"https:\/\/paperandkraft.com\/shop\/#organization","name":"Paper And Kraft : Faire-Part","url":"https:\/\/paperandkraft.com\/shop\/","logo":{"@type":"ImageObject","inLanguage":"fr-FR","@id":"https:\/\/paperandkraft.com\/shop\/#\/schema\/logo\/image\/","url":"https:\/\/paperandkraft.com\/shop\/wp-content\/uploads\/2020\/03\/logo-2020-noir-1.png","contentUrl":"https:\/\/paperandkraft.com\/shop\/wp-content\/uploads\/2020\/03\/logo-2020-noir-1.png","width":350,"height":76,"caption":"Paper And Kraft : Faire-Part"},"image":{"@id":"https:\/\/paperandkraft.com\/shop\/#\/schema\/logo\/image\/"},"sameAs":["https:\/\/www.facebook.com\/paperandkraft","https:\/\/www.instagram.com\/paper_and_kraft\/","https:\/\/www.pinterest.fr\/paperandkraft\/"]}]},"product_price_amount":"5.00","product_price_currency":"EUR","og_availability":"instock","product_availability":"instock","product_condition":"new"},"_links":{"self":[{"href":"https:\/\/paperandkraft.com\/shop\/wp-json\/wp\/v2\/product\/11753","targetHints":{"allow":["GET"]}}],"collection":[{"href":"https:\/\/paperandkraft.com\/shop\/wp-json\/wp\/v2\/product"}],"about":[{"href":"https:\/\/paperandkraft.com\/shop\/wp-json\/wp\/v2\/types\/product"}],"replies":[{"embeddable":true,"href":"https:\/\/paperandkraft.com\/shop\/wp-json\/wp\/v2\/comments?post=11753"}],"wp:featuredmedia":[{"embeddable":true,"href":"https:\/\/paperandkraft.com\/shop\/wp-json\/wp\/v2\/media\/16749"}],"wp:attachment":[{"href":"https:\/\/paperandkraft.com\/shop\/wp-json\/wp\/v2\/media?parent=11753"}],"wp:term":[{"taxonomy":"product_brand","embeddable":true,"href":"https:\/\/paperandkraft.com\/shop\/wp-json\/wp\/v2\/product_brand?post=11753"},{"taxonomy":"product_cat","embeddable":true,"href":"https:\/\/paperandkraft.com\/shop\/wp-json\/wp\/v2\/product_cat?post=11753"},{"taxonomy":"product_tag","embeddable":true,"href":"https:\/\/paperandkraft.com\/shop\/wp-json\/wp\/v2\/product_tag?post=11753"}],"curies":[{"name":"wp","href":"https:\/\/api.w.org\/{rel}","templated":true}]}}