{"id":11408,"date":"2019-10-24T13:38:28","date_gmt":"2019-10-24T13:38:28","guid":{"rendered":"https:\/\/paperandkraft.com\/shop\/?post_type=product&#038;p=11408"},"modified":"2021-07-14T19:26:06","modified_gmt":"2021-07-14T19:26:06","slug":"menu-windflower","status":"publish","type":"product","link":"https:\/\/paperandkraft.com\/shop\/produit\/menu-windflower\/","title":{"rendered":"Menu Windflower"},"content":{"rendered":"<p>Menu de mariage th\u00e8me bucolique qui est personnalisable selon vos envies.<\/p>\n<p>Tout en douceur et simplicit\u00e9, il illustrera votre mariage th\u00e8me nature de la plus belle des fa\u00e7ons.<\/p>\n","protected":false},"excerpt":{"rendered":"<p>Menu de mariage tr\u00e8s bucolique avec ses Petites fleurs transport\u00e9es par le vent. Nous personnaliserons avec vous afin qu il vienne illuminer la d\u00e9coration de votre mariage.<\/p>\n<p style=\"text-align: center;\"><div class=\"container section-title-container\" ><h3 class=\"section-title section-title-center\"><b aria-hidden=\"true\"><\/b><span class=\"section-title-main\" >TARIFS<\/span><b aria-hidden=\"true\"><\/b><\/h3><\/div>\n<div class=\"ywdpd-table-discounts-wrapper\"><\/div>\n\t<div id=\"gap-967343408\" class=\"gap-element clearfix\" style=\"display:block; height:auto;\">\n\t\t\n<style>\n#gap-967343408 {\n  padding-top: 1px;\n}\n<\/style>\n\t<\/div>\n\t\n","protected":false},"featured_media":16733,"comment_status":"open","ping_status":"closed","template":"","meta":{"_acf_changed":false,"inline_featured_image":false},"product_brand":[],"product_cat":[182],"product_tag":[],"class_list":{"0":"post-11408","1":"product","2":"type-product","3":"status-publish","4":"has-post-thumbnail","6":"product_cat-menu-mariage","8":"first","9":"instock","10":"taxable","11":"shipping-taxable","12":"purchasable","13":"product-type-simple"},"acf":[],"yoast_head":"<!-- This site is optimized with the Yoast SEO Premium plugin v24.6 (Yoast SEO v27.4) - https:\/\/yoast.com\/product\/yoast-seo-premium-wordpress\/ -->\n<title>Menu de mariage bucolique et naturel - paperandkraft.com<\/title>\n<meta name=\"description\" content=\"Menu de mariage personnalisable sur le th\u00e8me bucolique. Simple et \u00e9cologique. il illustrera votre mariage nature de la plus belle des fa\u00e7ons.\" \/>\n<meta name=\"robots\" content=\"index, follow, max-snippet:-1, max-image-preview:large, max-video-preview:-1\" \/>\n<link rel=\"canonical\" href=\"https:\/\/paperandkraft.com\/shop\/produit\/menu-windflower\/\" \/>\n<meta property=\"og:locale\" content=\"fr_FR\" \/>\n<meta property=\"og:type\" content=\"article\" \/>\n<meta property=\"og:title\" content=\"Menu Windflower\" \/>\n<meta property=\"og:description\" content=\"Menu de mariage tr\u00e8s bucolique avec ses Petites fleurs transport\u00e9es par le vent. Nous personnaliserons avec vous afin qu il vienne illuminer la d\u00e9coration de votre mariage.\" \/>\n<meta property=\"og:url\" content=\"https:\/\/paperandkraft.com\/shop\/produit\/menu-windflower\/\" \/>\n<meta property=\"og:site_name\" content=\"PaperAndKraft\" \/>\n<meta property=\"article:publisher\" content=\"https:\/\/www.facebook.com\/paperandkraft\" \/>\n<meta property=\"article:modified_time\" content=\"2021-07-14T19:26:06+00:00\" \/>\n<meta property=\"og:image\" content=\"https:\/\/paperandkraft.com\/shop\/wp-content\/uploads\/2020\/03\/menu-mariage-theme-boheme-1.jpg\" \/>\n\t<meta property=\"og:image:width\" content=\"700\" \/>\n\t<meta property=\"og:image:height\" content=\"700\" \/>\n\t<meta property=\"og:image:type\" content=\"image\/jpeg\" \/>\n<meta name=\"twitter:card\" content=\"summary_large_image\" \/>\n<meta name=\"twitter:label1\" content=\"Prix\" \/>\n\t<meta name=\"twitter:data1\" content=\"3.00&euro;\" \/>\n\t<meta name=\"twitter:label2\" content=\"Disponibilit\u00e9\" \/>\n\t<meta name=\"twitter:data2\" content=\"En stock\" \/>\n<meta property=\"product:price:amount\" content=\"3.00\" \/>\n<meta property=\"product:price:currency\" content=\"EUR\" \/>\n<meta property=\"og:availability\" content=\"instock\" \/>\n<meta property=\"product:availability\" content=\"instock\" \/>\n<meta property=\"product:condition\" content=\"new\" \/>\n<!-- \/ Yoast SEO Premium plugin. -->","yoast_head_json":{"title":"Menu de mariage bucolique et naturel - paperandkraft.com","description":"Menu de mariage personnalisable sur le th\u00e8me bucolique. Simple et \u00e9cologique. il illustrera votre mariage nature de la plus belle des fa\u00e7ons.","robots":{"index":"index","follow":"follow","max-snippet":"max-snippet:-1","max-image-preview":"max-image-preview:large","max-video-preview":"max-video-preview:-1"},"canonical":"https:\/\/paperandkraft.com\/shop\/produit\/menu-windflower\/","og_locale":"fr_FR","og_type":"article","og_title":"Menu Windflower","og_description":"Menu de mariage tr\u00e8s bucolique avec ses Petites fleurs transport\u00e9es par le vent. Nous personnaliserons avec vous afin qu il vienne illuminer la d\u00e9coration de votre mariage.","og_url":"https:\/\/paperandkraft.com\/shop\/produit\/menu-windflower\/","og_site_name":"PaperAndKraft","article_publisher":"https:\/\/www.facebook.com\/paperandkraft","article_modified_time":"2021-07-14T19:26:06+00:00","og_image":[{"width":700,"height":700,"url":"https:\/\/paperandkraft.com\/shop\/wp-content\/uploads\/2020\/03\/menu-mariage-theme-boheme-1.jpg","type":"image\/jpeg"}],"twitter_card":"summary_large_image","twitter_misc":{"Prix":"3.00&euro;","Disponibilit\u00e9":"En stock"},"schema":{"@context":"https:\/\/schema.org","@graph":[{"@type":"WebPage","@id":"https:\/\/paperandkraft.com\/shop\/produit\/menu-windflower\/","url":"https:\/\/paperandkraft.com\/shop\/produit\/menu-windflower\/","name":"Menu de mariage bucolique et naturel - paperandkraft.com","isPartOf":{"@id":"https:\/\/paperandkraft.com\/shop\/#website"},"primaryImageOfPage":{"@id":"https:\/\/paperandkraft.com\/shop\/produit\/menu-windflower\/#primaryimage"},"image":{"@id":"https:\/\/paperandkraft.com\/shop\/produit\/menu-windflower\/#primaryimage"},"thumbnailUrl":"https:\/\/paperandkraft.com\/shop\/wp-content\/uploads\/2020\/03\/menu-mariage-theme-boheme-1.jpg","datePublished":"2019-10-24T13:38:28+00:00","dateModified":"2021-07-14T19:26:06+00:00","description":"Menu de mariage personnalisable sur le th\u00e8me bucolique. Simple et \u00e9cologique. il illustrera votre mariage nature de la plus belle des fa\u00e7ons.","breadcrumb":{"@id":"https:\/\/paperandkraft.com\/shop\/produit\/menu-windflower\/#breadcrumb"},"inLanguage":"fr-FR","potentialAction":[{"@type":"ReadAction","target":["https:\/\/paperandkraft.com\/shop\/produit\/menu-windflower\/"]}]},{"@type":"ImageObject","inLanguage":"fr-FR","@id":"https:\/\/paperandkraft.com\/shop\/produit\/menu-windflower\/#primaryimage","url":"https:\/\/paperandkraft.com\/shop\/wp-content\/uploads\/2020\/03\/menu-mariage-theme-boheme-1.jpg","contentUrl":"https:\/\/paperandkraft.com\/shop\/wp-content\/uploads\/2020\/03\/menu-mariage-theme-boheme-1.jpg","width":700,"height":700},{"@type":"BreadcrumbList","@id":"https:\/\/paperandkraft.com\/shop\/produit\/menu-windflower\/#breadcrumb","itemListElement":[{"@type":"ListItem","position":1,"name":"Accueil","item":"https:\/\/paperandkraft.com\/shop\/"},{"@type":"ListItem","position":2,"name":"Boutique","item":"https:\/\/paperandkraft.com\/shop\/boutique\/"},{"@type":"ListItem","position":3,"name":"Menu Windflower"}]},{"@type":"WebSite","@id":"https:\/\/paperandkraft.com\/shop\/#website","url":"https:\/\/paperandkraft.com\/shop\/","name":"PaperAndKraft","description":"Faire-part de mariage et naissance en papier recycl\u00e9","publisher":{"@id":"https:\/\/paperandkraft.com\/shop\/#organization"},"potentialAction":[{"@type":"SearchAction","target":{"@type":"EntryPoint","urlTemplate":"https:\/\/paperandkraft.com\/shop\/?s={search_term_string}"},"query-input":{"@type":"PropertyValueSpecification","valueRequired":true,"valueName":"search_term_string"}}],"inLanguage":"fr-FR"},{"@type":"Organization","@id":"https:\/\/paperandkraft.com\/shop\/#organization","name":"Paper And Kraft : Faire-Part","url":"https:\/\/paperandkraft.com\/shop\/","logo":{"@type":"ImageObject","inLanguage":"fr-FR","@id":"https:\/\/paperandkraft.com\/shop\/#\/schema\/logo\/image\/","url":"https:\/\/paperandkraft.com\/shop\/wp-content\/uploads\/2020\/03\/logo-2020-noir-1.png","contentUrl":"https:\/\/paperandkraft.com\/shop\/wp-content\/uploads\/2020\/03\/logo-2020-noir-1.png","width":350,"height":76,"caption":"Paper And Kraft : Faire-Part"},"image":{"@id":"https:\/\/paperandkraft.com\/shop\/#\/schema\/logo\/image\/"},"sameAs":["https:\/\/www.facebook.com\/paperandkraft","https:\/\/www.instagram.com\/paper_and_kraft\/","https:\/\/www.pinterest.fr\/paperandkraft\/"]}]},"product_price_amount":"3.00","product_price_currency":"EUR","og_availability":"instock","product_availability":"instock","product_condition":"new"},"_links":{"self":[{"href":"https:\/\/paperandkraft.com\/shop\/wp-json\/wp\/v2\/product\/11408","targetHints":{"allow":["GET"]}}],"collection":[{"href":"https:\/\/paperandkraft.com\/shop\/wp-json\/wp\/v2\/product"}],"about":[{"href":"https:\/\/paperandkraft.com\/shop\/wp-json\/wp\/v2\/types\/product"}],"replies":[{"embeddable":true,"href":"https:\/\/paperandkraft.com\/shop\/wp-json\/wp\/v2\/comments?post=11408"}],"wp:featuredmedia":[{"embeddable":true,"href":"https:\/\/paperandkraft.com\/shop\/wp-json\/wp\/v2\/media\/16733"}],"wp:attachment":[{"href":"https:\/\/paperandkraft.com\/shop\/wp-json\/wp\/v2\/media?parent=11408"}],"wp:term":[{"taxonomy":"product_brand","embeddable":true,"href":"https:\/\/paperandkraft.com\/shop\/wp-json\/wp\/v2\/product_brand?post=11408"},{"taxonomy":"product_cat","embeddable":true,"href":"https:\/\/paperandkraft.com\/shop\/wp-json\/wp\/v2\/product_cat?post=11408"},{"taxonomy":"product_tag","embeddable":true,"href":"https:\/\/paperandkraft.com\/shop\/wp-json\/wp\/v2\/product_tag?post=11408"}],"curies":[{"name":"wp","href":"https:\/\/api.w.org\/{rel}","templated":true}]}}