{"id":113,"date":"2015-08-27T08:11:59","date_gmt":"2015-08-27T08:11:59","guid":{"rendered":"http:\/\/paperandkraft.com\/shop\/?product=tree-of-life"},"modified":"2024-11-11T12:34:22","modified_gmt":"2024-11-11T11:34:22","slug":"faire-part-mariage-ecoresponsable-tree-of-life","status":"publish","type":"product","link":"https:\/\/paperandkraft.com\/shop\/produit\/faire-part-mariage-ecoresponsable-tree-of-life\/","title":{"rendered":"faire-part mariage Tree Of Life"},"content":{"rendered":"<h4><strong>Etes-vous \u00e0 la recherche du faire-part unique, celui que vous avez toujours r\u00eav\u00e9 pour votre mariage th\u00e8me champ\u00eatre\u00a0?<\/strong><\/h4>\n<p><strong>Paper and Kraft a satisfait les besoins de plusieurs dizaines de couples<\/strong> en mati\u00e8re de faire-part. Si votre mariage va se d\u00e9rouler dans un th\u00e8me <strong>simple et \u00e9l\u00e9gant de la campagne<\/strong>, nous avons le mod\u00e8le de faire-part id\u00e9al qui va convenir parfaitement \u00e0 la c\u00e9r\u00e9monie, <strong>le mod\u00e8le : Tree of Life<\/strong>. <strong>Con\u00e7u par des designers et graphistes professionnels<\/strong>, ce faire-part tapera \u00e0 l\u2019\u0153il de vos invit\u00e9s par son cot\u00e9 tres minimaliste et boh\u00e8me \u00e0 la fois. De plus, vous aurez <strong>l\u2019opportunit\u00e9 de nous le faire personnaliser avec les textes que vous aurez imagin\u00e9s<\/strong> dans les feuillets du faire-part. Et puis votre th\u00e8me sera mis en valeur gr\u00e2ce \u00e0 <strong>la couverture magnifique en kraft<\/strong>, ainsi que les <strong>deux feuillets internes<\/strong> que vous pourrez utiliser selon vos envies. Enfin, si jamais d\u2019autres d\u00e9tails doivent \u00eatre ins\u00e9r\u00e9s dans le faire-part, vous pouvez demander \u00e0 <strong>ajouter des feuillets suppl\u00e9mentaires<\/strong>.<\/p>\n<h4><strong>Faire confiance \u00e0 Paper and Kraft est-il la meilleure chose \u00e0 faire\u00a0?<\/strong><\/h4>\n<p>Le mariage est un <strong>\u00e9v\u00e8nement unique dans la vie de deux personnes<\/strong>. <strong>Une c\u00e9r\u00e9monie bas\u00e9e sur l\u2019amour, \u00a0la confiance et le don de soi<\/strong>, le mariage est un moment de complicit\u00e9 unique entre le couple. Mais avant le jour J, <strong>les pr\u00e9paratifs peuvent \u00eatre extr\u00eamement stressants pour les futurs mari\u00e9s<\/strong>. C\u2019est pour cela qu\u2019ils doivent <strong>faire appel aux professionnels<\/strong> afin de faire de cet \u00e9v\u00e8nement un succ\u00e8s. Parmi ces professionnels, <strong>Paper and Kraft se d\u00e9marque de tous par la qualit\u00e9 de ses faire-part et sa d\u00e9marche \u00e9coresponsable<\/strong>.<\/p>\n<h4><strong>Quel est le plus de Paper and Kraft\u00a0?<\/strong><\/h4>\n<p>Commander chez Paper and Kraft, c\u2019est avoir un geste \u00e9coresponsable et <strong>contribuer \u00e0 la protection de l\u2019environnement<\/strong>, ainsi qu\u2019\u00e0 la pr\u00e9servation des arbres. En effet chez Paper and kraft nous mettons un point d\u2019honneur \u00e0 n\u2019utiliser que des papiers <strong>100% recycl\u00e9s ou issus de foret g\u00e9r\u00e9es. Et ce n\u2019est pas par ce que nous utilisons du papier \u00ab 2\u00e8me mains \u00bb que vos faire-part n\u2019ont pas le droit d&#8217;\u00eatres beaux et de haute qualit\u00e9<\/strong>. Alors n\u2019h\u00e9sitez plus participez \u00e0 ce mouvement et optez pour du papier recycl\u00e9.<\/p>\n","protected":false},"excerpt":{"rendered":"<p style=\"text-align: center;\"><a href=\"https:\/\/paperandkraft.com\/shop\/votre-maquette-mariage-gratuite\/?nom_du_modele=Tree%20Of%20Life\" target=\"blank\" class=\"button secondary is-secondary is-medium hide-for-small\" >\n\t\t<span>Je demande ma maquette gratuite<\/span>\n\t<\/a>\n\n<a href=\"https:\/\/paperandkraft.com\/shop\/votre-maquette-mariage-gratuite\/?nom_du_modele=Tree%20Of%20Life\" target=\"_blank\" class=\"button secondary is-medium expand sticky-footer-button show-for-small\" rel=\"noopener\" >\n\t\t<span>Je demande<br \/>\nma maquette gratuite<\/span>\n\t<\/a>\n\n","protected":false},"featured_media":16318,"comment_status":"open","ping_status":"closed","template":"","meta":{"_acf_changed":false,"inline_featured_image":false},"product_brand":[],"product_cat":[227,228,14,26,114],"product_tag":[],"class_list":{"0":"post-113","1":"product","2":"type-product","3":"status-publish","4":"has-post-thumbnail","6":"product_cat-faire-part-mariage-boheme","7":"product_cat-faire-part-mariage-nature","8":"product_cat-faire-part-mariage-theme-champetre","9":"product_cat-faire-part-mariage-kraft","10":"product_cat-collection-atelier","12":"first","13":"instock","14":"taxable","15":"shipping-taxable","16":"purchasable","17":"product-type-simple"},"acf":[],"yoast_head":"<!-- This site is optimized with the Yoast SEO Premium plugin v24.6 (Yoast SEO v27.4) - https:\/\/yoast.com\/product\/yoast-seo-premium-wordpress\/ -->\n<title>Faire-part mariage Oiseaux Tree Of Life - Paperandkraft.com<\/title>\n<meta name=\"description\" content=\"Voici un faire-part th\u00e8me champ\u00eatre et minimaliste imprim\u00e9 sur papier recycl\u00e9. Chaque feuillet est personnalisable. Le faire-part est livr\u00e9 avec son enveloppe kraft ainsi que son \u00e9tiquette assortie.\" \/>\n<meta name=\"robots\" content=\"index, follow, max-snippet:-1, max-image-preview:large, max-video-preview:-1\" \/>\n<link rel=\"canonical\" href=\"https:\/\/paperandkraft.com\/shop\/produit\/faire-part-mariage-ecoresponsable-tree-of-life\/\" \/>\n<meta property=\"og:locale\" content=\"fr_FR\" \/>\n<meta property=\"og:type\" content=\"article\" \/>\n<meta property=\"og:title\" content=\"faire-part mariage Tree Of Life\" \/>\n<meta property=\"og:url\" content=\"https:\/\/paperandkraft.com\/shop\/produit\/faire-part-mariage-ecoresponsable-tree-of-life\/\" \/>\n<meta property=\"og:site_name\" content=\"PaperAndKraft\" \/>\n<meta property=\"article:publisher\" content=\"https:\/\/www.facebook.com\/paperandkraft\" \/>\n<meta property=\"article:modified_time\" content=\"2024-11-11T11:34:22+00:00\" \/>\n<meta property=\"og:image\" content=\"https:\/\/paperandkraft.com\/shop\/wp-content\/uploads\/2020\/03\/faire-part-m\u00f9ariage-theme-nature-en-papier-recycl\u00e9-1-1.jpg\" \/>\n\t<meta property=\"og:image:width\" content=\"700\" \/>\n\t<meta property=\"og:image:height\" content=\"700\" \/>\n\t<meta property=\"og:image:type\" content=\"image\/jpeg\" \/>\n<meta name=\"twitter:card\" content=\"summary_large_image\" \/>\n<meta name=\"twitter:label1\" content=\"Prix\" \/>\n\t<meta name=\"twitter:data1\" content=\"6.00&euro;\" \/>\n\t<meta name=\"twitter:label2\" content=\"Disponibilit\u00e9\" \/>\n\t<meta name=\"twitter:data2\" content=\"En stock\" \/>\n<meta property=\"product:price:amount\" content=\"6.00\" \/>\n<meta property=\"product:price:currency\" content=\"EUR\" \/>\n<meta property=\"og:availability\" content=\"instock\" \/>\n<meta property=\"product:availability\" content=\"instock\" \/>\n<meta property=\"product:condition\" content=\"new\" \/>\n<!-- \/ Yoast SEO Premium plugin. -->","yoast_head_json":{"title":"Faire-part mariage Oiseaux Tree Of Life - Paperandkraft.com","description":"Voici un faire-part th\u00e8me champ\u00eatre et minimaliste imprim\u00e9 sur papier recycl\u00e9. Chaque feuillet est personnalisable. Le faire-part est livr\u00e9 avec son enveloppe kraft ainsi que son \u00e9tiquette assortie.","robots":{"index":"index","follow":"follow","max-snippet":"max-snippet:-1","max-image-preview":"max-image-preview:large","max-video-preview":"max-video-preview:-1"},"canonical":"https:\/\/paperandkraft.com\/shop\/produit\/faire-part-mariage-ecoresponsable-tree-of-life\/","og_locale":"fr_FR","og_type":"article","og_title":"faire-part mariage Tree Of Life","og_url":"https:\/\/paperandkraft.com\/shop\/produit\/faire-part-mariage-ecoresponsable-tree-of-life\/","og_site_name":"PaperAndKraft","article_publisher":"https:\/\/www.facebook.com\/paperandkraft","article_modified_time":"2024-11-11T11:34:22+00:00","og_image":[{"width":700,"height":700,"url":"https:\/\/paperandkraft.com\/shop\/wp-content\/uploads\/2020\/03\/faire-part-m\u00f9ariage-theme-nature-en-papier-recycl\u00e9-1-1.jpg","type":"image\/jpeg"}],"twitter_card":"summary_large_image","twitter_misc":{"Prix":"6.00&euro;","Disponibilit\u00e9":"En stock"},"schema":{"@context":"https:\/\/schema.org","@graph":[{"@type":"WebPage","@id":"https:\/\/paperandkraft.com\/shop\/produit\/faire-part-mariage-ecoresponsable-tree-of-life\/","url":"https:\/\/paperandkraft.com\/shop\/produit\/faire-part-mariage-ecoresponsable-tree-of-life\/","name":"Faire-part mariage Oiseaux Tree Of Life - Paperandkraft.com","isPartOf":{"@id":"https:\/\/paperandkraft.com\/shop\/#website"},"primaryImageOfPage":{"@id":"https:\/\/paperandkraft.com\/shop\/produit\/faire-part-mariage-ecoresponsable-tree-of-life\/#primaryimage"},"image":{"@id":"https:\/\/paperandkraft.com\/shop\/produit\/faire-part-mariage-ecoresponsable-tree-of-life\/#primaryimage"},"thumbnailUrl":"https:\/\/paperandkraft.com\/shop\/wp-content\/uploads\/2020\/03\/faire-part-m\u00f9ariage-theme-nature-en-papier-recycl\u00e9-1-1.jpg","datePublished":"2015-08-27T08:11:59+00:00","dateModified":"2024-11-11T11:34:22+00:00","description":"Voici un faire-part th\u00e8me champ\u00eatre et minimaliste imprim\u00e9 sur papier recycl\u00e9. Chaque feuillet est personnalisable. Le faire-part est livr\u00e9 avec son enveloppe kraft ainsi que son \u00e9tiquette assortie.","breadcrumb":{"@id":"https:\/\/paperandkraft.com\/shop\/produit\/faire-part-mariage-ecoresponsable-tree-of-life\/#breadcrumb"},"inLanguage":"fr-FR","potentialAction":[{"@type":"ReadAction","target":["https:\/\/paperandkraft.com\/shop\/produit\/faire-part-mariage-ecoresponsable-tree-of-life\/"]}]},{"@type":"ImageObject","inLanguage":"fr-FR","@id":"https:\/\/paperandkraft.com\/shop\/produit\/faire-part-mariage-ecoresponsable-tree-of-life\/#primaryimage","url":"https:\/\/paperandkraft.com\/shop\/wp-content\/uploads\/2020\/03\/faire-part-m\u00f9ariage-theme-nature-en-papier-recycl\u00e9-1-1.jpg","contentUrl":"https:\/\/paperandkraft.com\/shop\/wp-content\/uploads\/2020\/03\/faire-part-m\u00f9ariage-theme-nature-en-papier-recycl\u00e9-1-1.jpg","width":700,"height":700},{"@type":"BreadcrumbList","@id":"https:\/\/paperandkraft.com\/shop\/produit\/faire-part-mariage-ecoresponsable-tree-of-life\/#breadcrumb","itemListElement":[{"@type":"ListItem","position":1,"name":"Accueil","item":"https:\/\/paperandkraft.com\/shop\/"},{"@type":"ListItem","position":2,"name":"Boutique","item":"https:\/\/paperandkraft.com\/shop\/boutique\/"},{"@type":"ListItem","position":3,"name":"faire-part mariage Tree Of Life"}]},{"@type":"WebSite","@id":"https:\/\/paperandkraft.com\/shop\/#website","url":"https:\/\/paperandkraft.com\/shop\/","name":"PaperAndKraft","description":"Faire-part de mariage et naissance en papier recycl\u00e9","publisher":{"@id":"https:\/\/paperandkraft.com\/shop\/#organization"},"potentialAction":[{"@type":"SearchAction","target":{"@type":"EntryPoint","urlTemplate":"https:\/\/paperandkraft.com\/shop\/?s={search_term_string}"},"query-input":{"@type":"PropertyValueSpecification","valueRequired":true,"valueName":"search_term_string"}}],"inLanguage":"fr-FR"},{"@type":"Organization","@id":"https:\/\/paperandkraft.com\/shop\/#organization","name":"Paper And Kraft : Faire-Part","url":"https:\/\/paperandkraft.com\/shop\/","logo":{"@type":"ImageObject","inLanguage":"fr-FR","@id":"https:\/\/paperandkraft.com\/shop\/#\/schema\/logo\/image\/","url":"https:\/\/paperandkraft.com\/shop\/wp-content\/uploads\/2020\/03\/logo-2020-noir-1.png","contentUrl":"https:\/\/paperandkraft.com\/shop\/wp-content\/uploads\/2020\/03\/logo-2020-noir-1.png","width":350,"height":76,"caption":"Paper And Kraft : Faire-Part"},"image":{"@id":"https:\/\/paperandkraft.com\/shop\/#\/schema\/logo\/image\/"},"sameAs":["https:\/\/www.facebook.com\/paperandkraft","https:\/\/www.instagram.com\/paper_and_kraft\/","https:\/\/www.pinterest.fr\/paperandkraft\/"]}]},"product_price_amount":"6.00","product_price_currency":"EUR","og_availability":"instock","product_availability":"instock","product_condition":"new"},"_links":{"self":[{"href":"https:\/\/paperandkraft.com\/shop\/wp-json\/wp\/v2\/product\/113","targetHints":{"allow":["GET"]}}],"collection":[{"href":"https:\/\/paperandkraft.com\/shop\/wp-json\/wp\/v2\/product"}],"about":[{"href":"https:\/\/paperandkraft.com\/shop\/wp-json\/wp\/v2\/types\/product"}],"replies":[{"embeddable":true,"href":"https:\/\/paperandkraft.com\/shop\/wp-json\/wp\/v2\/comments?post=113"}],"wp:featuredmedia":[{"embeddable":true,"href":"https:\/\/paperandkraft.com\/shop\/wp-json\/wp\/v2\/media\/16318"}],"wp:attachment":[{"href":"https:\/\/paperandkraft.com\/shop\/wp-json\/wp\/v2\/media?parent=113"}],"wp:term":[{"taxonomy":"product_brand","embeddable":true,"href":"https:\/\/paperandkraft.com\/shop\/wp-json\/wp\/v2\/product_brand?post=113"},{"taxonomy":"product_cat","embeddable":true,"href":"https:\/\/paperandkraft.com\/shop\/wp-json\/wp\/v2\/product_cat?post=113"},{"taxonomy":"product_tag","embeddable":true,"href":"https:\/\/paperandkraft.com\/shop\/wp-json\/wp\/v2\/product_tag?post=113"}],"curies":[{"name":"wp","href":"https:\/\/api.w.org\/{rel}","templated":true}]}}