{"id":1119,"date":"2015-10-28T09:19:22","date_gmt":"2015-10-28T09:19:22","guid":{"rendered":"http:\/\/paperandkraft.com\/shop\/?product=notting-hill"},"modified":"2024-08-16T00:49:16","modified_gmt":"2024-08-15T23:49:16","slug":"notting-hill","status":"publish","type":"product","link":"https:\/\/paperandkraft.com\/shop\/produit\/notting-hill\/","title":{"rendered":"Faire-part mariage Notting Hill"},"content":{"rendered":"<p>La couverture de ce faire-part Notting Hill est orn\u00e9e de la date de votre mariage en gros caract\u00e8re. Cela lui donne une v\u00e9ritable originalit\u00e9 !<\/p>\n<p>A personnaliser selon vos envies<\/p>\n","protected":false},"excerpt":{"rendered":"<p>Faire-part de mariage clairement diff\u00e9rent de ce qu on a l&#8217;habitude voir. Avec son format pourtant classique, il se veut tr\u00e8s original avec la date comme illustration principale de cette invitation.<\/p>\n<p>La mise en page pr\u00e9sent\u00e9e ici est personnalisable (comme tous nos faire-part) et se veut elle aussi tr\u00e8s moderne pour pour prendre un peu \u00e0 contre pied le mariage classique.<\/p>\n","protected":false},"featured_media":16474,"comment_status":"open","ping_status":"closed","template":"","meta":{"_acf_changed":false,"inline_featured_image":false},"product_brand":[],"product_cat":[62],"product_tag":[],"class_list":{"0":"post-1119","1":"product","2":"type-product","3":"status-publish","4":"has-post-thumbnail","6":"product_cat-faire-part-mariage-theme-chic","8":"first","9":"instock","10":"taxable","11":"shipping-taxable","12":"purchasable","13":"product-type-simple"},"acf":[],"yoast_head":"<!-- This site is optimized with the Yoast SEO Premium plugin v24.6 (Yoast SEO v27.4) - https:\/\/yoast.com\/product\/yoast-seo-premium-wordpress\/ -->\n<title>Faire-part mariage Notting Hill - Paperandkraft.com<\/title>\n<meta name=\"description\" content=\"La couverture de ce faire-part est orn\u00e9e de la date de votre mariage en gros caract\u00e8re ce qui lui donne une v\u00e9ritable originalit\u00e9 !\" \/>\n<meta name=\"robots\" content=\"index, follow, max-snippet:-1, max-image-preview:large, max-video-preview:-1\" \/>\n<link rel=\"canonical\" href=\"https:\/\/paperandkraft.com\/shop\/produit\/notting-hill\/\" \/>\n<meta property=\"og:locale\" content=\"fr_FR\" \/>\n<meta property=\"og:type\" content=\"article\" \/>\n<meta property=\"og:title\" content=\"Faire-part mariage Notting Hill\" \/>\n<meta property=\"og:description\" content=\"Faire-part de mariage clairement diff\u00e9rent de ce qu on a l&#039;habitude voir. Avec son format pourtant classique, il se veut tr\u00e8s original avec la date comme illustration principale de cette invitation.  La mise en page pr\u00e9sent\u00e9e ici est personnalisable (comme tous nos faire-part) et se veut elle aussi tr\u00e8s moderne pour pour prendre un peu \u00e0 contre pied le mariage classique.\" \/>\n<meta property=\"og:url\" content=\"https:\/\/paperandkraft.com\/shop\/produit\/notting-hill\/\" \/>\n<meta property=\"og:site_name\" content=\"PaperAndKraft\" \/>\n<meta property=\"article:publisher\" content=\"https:\/\/www.facebook.com\/paperandkraft\" \/>\n<meta property=\"article:modified_time\" content=\"2024-08-15T23:49:16+00:00\" \/>\n<meta property=\"og:image\" content=\"https:\/\/paperandkraft.com\/shop\/wp-content\/uploads\/2020\/03\/faire-par-mariage-date-notting-hill.jpg\" \/>\n\t<meta property=\"og:image:width\" content=\"700\" \/>\n\t<meta property=\"og:image:height\" content=\"500\" \/>\n\t<meta property=\"og:image:type\" content=\"image\/jpeg\" \/>\n<meta name=\"twitter:card\" content=\"summary_large_image\" \/>\n<meta name=\"twitter:label1\" content=\"Prix\" \/>\n\t<meta name=\"twitter:data1\" content=\"3.50&euro;\" \/>\n\t<meta name=\"twitter:label2\" content=\"Disponibilit\u00e9\" \/>\n\t<meta name=\"twitter:data2\" content=\"En stock\" \/>\n<meta property=\"product:price:amount\" content=\"3.50\" \/>\n<meta property=\"product:price:currency\" content=\"EUR\" \/>\n<meta property=\"og:availability\" content=\"instock\" \/>\n<meta property=\"product:availability\" content=\"instock\" \/>\n<meta property=\"product:condition\" content=\"new\" \/>\n<!-- \/ Yoast SEO Premium plugin. -->","yoast_head_json":{"title":"Faire-part mariage Notting Hill - Paperandkraft.com","description":"La couverture de ce faire-part est orn\u00e9e de la date de votre mariage en gros caract\u00e8re ce qui lui donne une v\u00e9ritable originalit\u00e9 !","robots":{"index":"index","follow":"follow","max-snippet":"max-snippet:-1","max-image-preview":"max-image-preview:large","max-video-preview":"max-video-preview:-1"},"canonical":"https:\/\/paperandkraft.com\/shop\/produit\/notting-hill\/","og_locale":"fr_FR","og_type":"article","og_title":"Faire-part mariage Notting Hill","og_description":"Faire-part de mariage clairement diff\u00e9rent de ce qu on a l'habitude voir. Avec son format pourtant classique, il se veut tr\u00e8s original avec la date comme illustration principale de cette invitation.  La mise en page pr\u00e9sent\u00e9e ici est personnalisable (comme tous nos faire-part) et se veut elle aussi tr\u00e8s moderne pour pour prendre un peu \u00e0 contre pied le mariage classique.","og_url":"https:\/\/paperandkraft.com\/shop\/produit\/notting-hill\/","og_site_name":"PaperAndKraft","article_publisher":"https:\/\/www.facebook.com\/paperandkraft","article_modified_time":"2024-08-15T23:49:16+00:00","og_image":[{"width":700,"height":500,"url":"https:\/\/paperandkraft.com\/shop\/wp-content\/uploads\/2020\/03\/faire-par-mariage-date-notting-hill.jpg","type":"image\/jpeg"}],"twitter_card":"summary_large_image","twitter_misc":{"Prix":"3.50&euro;","Disponibilit\u00e9":"En stock"},"schema":{"@context":"https:\/\/schema.org","@graph":[{"@type":"WebPage","@id":"https:\/\/paperandkraft.com\/shop\/produit\/notting-hill\/","url":"https:\/\/paperandkraft.com\/shop\/produit\/notting-hill\/","name":"Faire-part mariage Notting Hill - Paperandkraft.com","isPartOf":{"@id":"https:\/\/paperandkraft.com\/shop\/#website"},"primaryImageOfPage":{"@id":"https:\/\/paperandkraft.com\/shop\/produit\/notting-hill\/#primaryimage"},"image":{"@id":"https:\/\/paperandkraft.com\/shop\/produit\/notting-hill\/#primaryimage"},"thumbnailUrl":"https:\/\/paperandkraft.com\/shop\/wp-content\/uploads\/2020\/03\/faire-par-mariage-date-notting-hill.jpg","datePublished":"2015-10-28T09:19:22+00:00","dateModified":"2024-08-15T23:49:16+00:00","description":"La couverture de ce faire-part est orn\u00e9e de la date de votre mariage en gros caract\u00e8re ce qui lui donne une v\u00e9ritable originalit\u00e9 !","breadcrumb":{"@id":"https:\/\/paperandkraft.com\/shop\/produit\/notting-hill\/#breadcrumb"},"inLanguage":"fr-FR","potentialAction":[{"@type":"ReadAction","target":["https:\/\/paperandkraft.com\/shop\/produit\/notting-hill\/"]}]},{"@type":"ImageObject","inLanguage":"fr-FR","@id":"https:\/\/paperandkraft.com\/shop\/produit\/notting-hill\/#primaryimage","url":"https:\/\/paperandkraft.com\/shop\/wp-content\/uploads\/2020\/03\/faire-par-mariage-date-notting-hill.jpg","contentUrl":"https:\/\/paperandkraft.com\/shop\/wp-content\/uploads\/2020\/03\/faire-par-mariage-date-notting-hill.jpg","width":700,"height":500},{"@type":"BreadcrumbList","@id":"https:\/\/paperandkraft.com\/shop\/produit\/notting-hill\/#breadcrumb","itemListElement":[{"@type":"ListItem","position":1,"name":"Accueil","item":"https:\/\/paperandkraft.com\/shop\/"},{"@type":"ListItem","position":2,"name":"Boutique","item":"https:\/\/paperandkraft.com\/shop\/boutique\/"},{"@type":"ListItem","position":3,"name":"Faire-part mariage Notting Hill"}]},{"@type":"WebSite","@id":"https:\/\/paperandkraft.com\/shop\/#website","url":"https:\/\/paperandkraft.com\/shop\/","name":"PaperAndKraft","description":"Faire-part de mariage et naissance en papier recycl\u00e9","publisher":{"@id":"https:\/\/paperandkraft.com\/shop\/#organization"},"potentialAction":[{"@type":"SearchAction","target":{"@type":"EntryPoint","urlTemplate":"https:\/\/paperandkraft.com\/shop\/?s={search_term_string}"},"query-input":{"@type":"PropertyValueSpecification","valueRequired":true,"valueName":"search_term_string"}}],"inLanguage":"fr-FR"},{"@type":"Organization","@id":"https:\/\/paperandkraft.com\/shop\/#organization","name":"Paper And Kraft : Faire-Part","url":"https:\/\/paperandkraft.com\/shop\/","logo":{"@type":"ImageObject","inLanguage":"fr-FR","@id":"https:\/\/paperandkraft.com\/shop\/#\/schema\/logo\/image\/","url":"https:\/\/paperandkraft.com\/shop\/wp-content\/uploads\/2020\/03\/logo-2020-noir-1.png","contentUrl":"https:\/\/paperandkraft.com\/shop\/wp-content\/uploads\/2020\/03\/logo-2020-noir-1.png","width":350,"height":76,"caption":"Paper And Kraft : Faire-Part"},"image":{"@id":"https:\/\/paperandkraft.com\/shop\/#\/schema\/logo\/image\/"},"sameAs":["https:\/\/www.facebook.com\/paperandkraft","https:\/\/www.instagram.com\/paper_and_kraft\/","https:\/\/www.pinterest.fr\/paperandkraft\/"]}]},"product_price_amount":"3.50","product_price_currency":"EUR","og_availability":"instock","product_availability":"instock","product_condition":"new"},"_links":{"self":[{"href":"https:\/\/paperandkraft.com\/shop\/wp-json\/wp\/v2\/product\/1119","targetHints":{"allow":["GET"]}}],"collection":[{"href":"https:\/\/paperandkraft.com\/shop\/wp-json\/wp\/v2\/product"}],"about":[{"href":"https:\/\/paperandkraft.com\/shop\/wp-json\/wp\/v2\/types\/product"}],"replies":[{"embeddable":true,"href":"https:\/\/paperandkraft.com\/shop\/wp-json\/wp\/v2\/comments?post=1119"}],"wp:featuredmedia":[{"embeddable":true,"href":"https:\/\/paperandkraft.com\/shop\/wp-json\/wp\/v2\/media\/16474"}],"wp:attachment":[{"href":"https:\/\/paperandkraft.com\/shop\/wp-json\/wp\/v2\/media?parent=1119"}],"wp:term":[{"taxonomy":"product_brand","embeddable":true,"href":"https:\/\/paperandkraft.com\/shop\/wp-json\/wp\/v2\/product_brand?post=1119"},{"taxonomy":"product_cat","embeddable":true,"href":"https:\/\/paperandkraft.com\/shop\/wp-json\/wp\/v2\/product_cat?post=1119"},{"taxonomy":"product_tag","embeddable":true,"href":"https:\/\/paperandkraft.com\/shop\/wp-json\/wp\/v2\/product_tag?post=1119"}],"curies":[{"name":"wp","href":"https:\/\/api.w.org\/{rel}","templated":true}]}}